{"id":11000,"date":"2024-02-09T17:04:15","date_gmt":"2024-02-09T16:04:15","guid":{"rendered":"https:\/\/hushotellhunge.com\/aktivitaeten\/sommer\/wandern-in-mittelschweden\/"},"modified":"2025-03-28T15:51:28","modified_gmt":"2025-03-28T14:51:28","slug":"wandern-in-mittelschweden","status":"publish","type":"page","link":"https:\/\/hushotellhunge.com\/de\/aktivitaeten\/sommer\/wandern-in-mittelschweden\/","title":{"rendered":"Wandern in Mittelschweden J\u00e4mtland"},"content":{"rendered":"<div class=\"wpb-content-wrapper\"><p>[vc_section full_width=&#8220;stretch_row&#8220; css=&#8220;.vc_custom_1705059600041{background-image: url(https:\/\/hushotellhunge.com\/wp-content\/uploads\/2024\/01\/GS_20221004_MidSwe365_3079.jpg?id=10622) !important;background-position: center !important;background-repeat: no-repeat !important;background-size: cover !important;}&#8220; el_class=&#8220;topfoto smal&#8220;][vc_row gap=&#8220;35&#8243;][vc_column width=&#8220;2\/5&#8243; el_class=&#8220;titelbloktrans&#8220; css=&#8220;.vc_custom_1643105831789{padding-bottom: 20px !important;}&#8220;][vc_column_text]<\/p>\n<h1 style=\"text-align: center;\">Wandern in Mittelschweden J\u00e4mtland<\/h1>\n<p>[\/vc_column_text][\/vc_column][vc_column width=&#8220;3\/5&#8243;][\/vc_column][\/vc_row][\/vc_section][vc_section full_width=&#8220;stretch_row&#8220;][vc_row gap=&#8220;35&#8243; equal_height=&#8220;yes&#8220; content_placement=&#8220;middle&#8220;][vc_column width=&#8220;2\/3&#8243;][vc_column_text css=&#8220;&#8220;]<\/p>\n<h2>Wandern in Mittelschweden J\u00e4mtland<\/h2>\n<p>Holen Sie Ihre Wanderschuhe heraus. In J\u00e4mtland kann man eine Menge Schritte machen, f\u00fcr Jung und Alt!<\/p>\n<p>Die Wanderwege in der Gemeinde Br\u00e4cke f\u00fchren durch stille W\u00e4lder mit gesch\u00fctzten Pflanzen und Schmetterlingen, oft entlang von Seen und B\u00e4chen und mit Aussichtspunkten und Windschutz. F\u00fcr welche Route Sie sich auch entscheiden, es erwartet Sie ein wundersch\u00f6nes Naturerlebnis in den W\u00e4ldern und Feldern. Die beiden n\u00e4chstgelegenen sch\u00f6nen Wanderwege haben wir hier f\u00fcr Sie herausgesucht.<\/p>\n<p>Wenn Sie ein komfortables, gem\u00fctliches Hotel oder B&amp;B suchen, um sich zu entspannen und von Ihren Anstrengungen zu erholen, dann ist das Hus Hotell Hunge der richtige Ort. Das Hotel bietet ger\u00e4umige Wohnungen mit eigenem Bad, Kochnische und kostenlosem WLAN. Die freundlichen Besitzer des Hus Hotell Hunge helfen Ihnen gerne bei der Organisation Ihrer Wandertour und versorgen Sie mit allen notwendigen Informationen.<\/p>\n<p>Hus Hotell bietet in Verbindung mit der Unterkunft einen Fr\u00fchst\u00fccksservice sowie einen Hol- und Bringservice an.<\/p>\n<p>Klicken Sie <a href=\"https:\/\/hushotellhunge.com\/de\/aktivitaeten\/sommer\/sommererlebnis-in-hunge\/\" target=\"_blank\" rel=\"noopener\"><em><strong>hier<\/strong><\/em><\/a> f\u00fcr das Hung-Sommer-Paket.[\/vc_column_text][\/vc_column][vc_column width=&#8220;1\/3&#8243;][vc_btn title=&#8220;Aktivit\u00e4ten im Sommer&#8220; css=&#8220;&#8220; link=&#8220;url:https%3A%2F%2Fhushotellhunge.com%2Fde%2Faktivitaeten%2Fsommer%2F|title:Aktivit%C3%A4ten%20im%20Sommer&#8220;][vc_btn title=&#8220;Hunge Sommerpaket&#8220; css=&#8220;&#8220; link=&#8220;url:https%3A%2F%2Fhushotellhunge.com%2Fde%2Faktivitaeten%2Fsommer%2Fsommererlebnis-in-hunge%2F|title:Aktivit%C3%A4ten%20im%20Sommer&#8220;][\/vc_column][\/vc_row][\/vc_section][vc_section full_width=&#8220;stretch_row&#8220; content_placement=&#8220;middle&#8220; el_class=&#8220;rondfotodonkergroen rondfoto&#8220;][vc_row gap=&#8220;35&#8243; equal_height=&#8220;yes&#8220; rtl_reverse=&#8220;yes&#8220; content_placement=&#8220;middle&#8220;][vc_column width=&#8220;2\/3&#8243;][vc_column_text el_class=&#8220;introtekst&#8220;]<\/p>\n<h2>Forsaleden<\/h2>\n<p class=\"normal\">Der Forsaleden ist ein wahres Juwel, ein 7 km langer Wanderweg.<\/p>\n<p class=\"normal\">Die Gegend um Forsa ist faszinierend und geschichtstr\u00e4chtig, mit Kulturdenkm\u00e4lern, sch\u00f6ner Natur und einem von der Natur geformten Erlebnisbad.<\/p>\n<p class=\"normal\">Der Weg f\u00fchrt entlang des Forsa\u00e5n durch felsiges Gel\u00e4nde \u00fcber Br\u00fccken und Holzplanken. Entlang des Weges gibt es Wasserf\u00e4lle, Forsala-L\u00e4ufe, Lachsleitern und Badem\u00f6glichkeiten in frischen, nat\u00fcrlichen Becken und Rutschen, B\u00e4chen und Teichen. Start, Forsaleden S\u00fcdseite, ist 12 km von Hus Hotell Hunge entfernt.<\/p>\n<p><a href=\"https:\/\/www.brackenasta.se\/se--gora\/aventyr\/vandra\/forsaleden\" target=\"_blank\" rel=\"noopener\"><em><strong>Mehr Infos<\/strong> <\/em><\/a>[\/vc_column_text][\/vc_column][vc_column width=&#8220;1\/3&#8243;][vc_single_image image=&#8220;8406&#8243; img_size=&#8220;500 x 500&#8243; alignment=&#8220;right&#8220; style=&#8220;vc_box_border_circle&#8220; border_color=&#8220;white&#8220; el_class=&#8220;afbrondrechts&#8220;][\/vc_column][\/vc_row][\/vc_section][vc_section full_width=&#8220;stretch_row&#8220; content_placement=&#8220;middle&#8220; el_class=&#8220;rondfotolichtgroen rondfoto&#8220;][vc_row gap=&#8220;35&#8243; equal_height=&#8220;yes&#8220; content_placement=&#8220;middle&#8220;][vc_column width=&#8220;1\/3&#8243;][vc_single_image image=&#8220;10648&#8243; img_size=&#8220;500 x 500&#8243; alignment=&#8220;right&#8220; style=&#8220;vc_box_border_circle&#8220; border_color=&#8220;white&#8220; el_class=&#8220;afbrond&#8220;][\/vc_column][vc_column width=&#8220;2\/3&#8243;][vc_column_text css=&#8220;&#8220;]<\/p>\n<h2>Bodsj\u00f6leden<\/h2>\n<p class=\"normal\">Im westlichen Teil der Gemeinde Br\u00e4cke verl\u00e4uft der Wanderweg Bodsj\u00f6bygden, der Bodsj\u00f6leden. Die gesamte Strecke ist 80 km lang. Der Weg wird derzeit restauriert und soll bis Juni 2024 fertiggestellt sein.<\/p>\n<p class=\"normal\">Bodsj\u00f6leden, Forsaleden und J\u00e4mnorgev\u00e4gen treffen sich in Herrevadstr\u00f6mmen.<\/p>\n<p class=\"normal\">Der Weg f\u00fchrt durch das Dorf Hunge. Das Hus Hotell Hunge liegt etwa 1 km von diesem Weg entfernt und bietet einen Hol- und Bringservice f\u00fcr Wanderer, die im Hotel wohnen.<\/p>\n<p><a href=\"https:\/\/www.bodsjoleden.com\/\" target=\"_blank\" rel=\"noopener\"><em><strong>Mehr Infos<\/strong><\/em><\/a>[\/vc_column_text][\/vc_column][\/vc_row][\/vc_section][vc_section full_width=&#8220;stretch_row&#8220; content_placement=&#8220;middle&#8220; el_class=&#8220;rondfotodonkergroen rondfoto&#8220;][vc_row gap=&#8220;35&#8243; equal_height=&#8220;yes&#8220; rtl_reverse=&#8220;yes&#8220; content_placement=&#8220;middle&#8220;][vc_column width=&#8220;2\/3&#8243;][vc_column_text css=&#8220;&#8220; el_class=&#8220;introtekst&#8220;]<\/p>\n<h2>Br\u00e4cke n\u00e4sta<\/h2>\n<p>Die Website mit vielen weiteren sch\u00f6nen Wanderwegen in der Gemeinde Br\u00e4cke.<\/p>\n<p>Klicken <a href=\"https:\/\/www.brackenasta.se\/se--gora\/aventyr\/vandra\" target=\"_blank\" rel=\"noopener\"><em><strong>Sie<\/strong><\/em><\/a> f\u00fcr weitere Informationen.<\/p>\n<p>Klicken Sie <strong><em><a href=\"https:\/\/hushotellhunge.com\/de\/aktivitaeten\/sommer\/\" target=\"_blank\" rel=\"noopener\">hier<\/a><\/em><\/strong> f\u00fcr weitere Sommeraktivit\u00e4ten[\/vc_column_text][\/vc_column][vc_column width=&#8220;1\/3&#8243;][vc_single_image image=&#8220;7839&#8243; img_size=&#8220;500 x 500&#8243; alignment=&#8220;right&#8220; style=&#8220;vc_box_border_circle&#8220; border_color=&#8220;white&#8220; el_class=&#8220;afbrondrechts&#8220;][\/vc_column][\/vc_row][\/vc_section][vc_section full_width=&#8220;stretch_row&#8220; content_placement=&#8220;middle&#8220; el_class=&#8220;rondfotolichtgroen rondfoto&#8220;][vc_row gap=&#8220;35&#8243; equal_height=&#8220;yes&#8220; content_placement=&#8220;middle&#8220;][vc_column width=&#8220;1\/3&#8243;][vc_single_image image=&#8220;151&#8243; img_size=&#8220;500 x 500&#8243; alignment=&#8220;right&#8220; style=&#8220;vc_box_border_circle&#8220; border_color=&#8220;white&#8220; el_class=&#8220;afbrond&#8220;][\/vc_column][vc_column width=&#8220;2\/3&#8243;][vc_column_text css=&#8220;&#8220; el_class=&#8220;introtekst&#8220;]<\/p>\n<h3>Haal &amp; Breng Dienstleistungen<\/h3>\n<p>F\u00fcr unsere G\u00e4ste bieten wir nach Absprache einen Abhol- und Bringservice f\u00fcr Mitglieder von Forsaleden und Bodsjolen an.[\/vc_column_text][acf_vc_integrator get_field_data_from=&#8220;&#8220; field_group=&#8220;10726&#8243; field_from_10726=&#8220;field_65ae49887b95c&#8220; show_label=&#8220;yes_no&#8220; align=&#8220;default&#8220; gallery_columns=&#8220;1&#8243; gm_show_placecard=&#8220;default&#8220; gm_map_type_control=&#8220;default&#8220; gm_fullscreen_control=&#8220;default&#8220; gm_street_view_control=&#8220;default&#8220; gm_zoom_control=&#8220;default&#8220; gm_scale=&#8220;default&#8220; hidden_field_name=&#8220;Wandelroutes per km&#8220;][\/vc_column][\/vc_row][\/vc_section]<\/p>\n<\/div>","protected":false},"excerpt":{"rendered":"<p>[vc_section full_width=&#8220;stretch_row&#8220; css=&#8220;.vc_custom_1705059600041{background-image: url(https:\/\/hushotellhunge.com\/wp-content\/uploads\/2024\/01\/GS_20221004_MidSwe365_3079.jpg?id=10622) !important;background-position: center !important;background-repeat: no-repeat !important;background-size: cover !important;}&#8220; el_class=&#8220;topfoto smal&#8220;][vc_row gap=&#8220;35&#8243;][vc_column width=&#8220;2\/5&#8243; el_class=&#8220;titelbloktrans&#8220; css=&#8220;.vc_custom_1643105831789{padding-bottom: 20px !important;}&#8220;][vc_column_text] Wandern in Mittelschweden J\u00e4mtland [\/vc_column_text][\/vc_column][vc_column width=&#8220;3\/5&#8243;][\/vc_column][\/vc_row][\/vc_section][vc_section full_width=&#8220;stretch_row&#8220;][vc_row gap=&#8220;35&#8243; equal_height=&#8220;yes&#8220; content_placement=&#8220;middle&#8220;][vc_column width=&#8220;2\/3&#8243;][vc_column_text css=&#8220;&#8220;] Wandern in Mittelschweden J\u00e4mtland Holen Sie Ihre Wanderschuhe heraus. In J\u00e4mtland kann man eine Menge Schritte machen, f\u00fcr Jung und Alt! Die Wanderwege in [&hellip;]<\/p>\n","protected":false},"author":4,"featured_media":0,"parent":2269,"menu_order":0,"comment_status":"closed","ping_status":"closed","template":"","meta":{"_acf_changed":false,"footnotes":""},"class_list":["post-11000","page","type-page","status-publish","hentry"],"acf":[],"yoast_head":"<!-- This site is optimized with the Yoast SEO plugin v27.0 - https:\/\/yoast.com\/product\/yoast-seo-wordpress\/ -->\n<title>Wandern in Mittelschweden J\u00e4mtland - Hus Hotell Hunge<\/title>\n<meta name=\"description\" content=\"Wandern in der Provinz J\u00e4mtland in Mittelschweden. Holen Sie Ihre Wanderschuhe heraus. Die meisten Wanderwege sind f\u00fcr Jung und Alt geeignet!\" \/>\n<meta name=\"robots\" content=\"index, follow, max-snippet:-1, max-image-preview:large, max-video-preview:-1\" \/>\n<link rel=\"canonical\" href=\"https:\/\/hushotellhunge.com\/de\/aktivitaeten\/sommer\/wandern-in-mittelschweden\/\" \/>\n<meta property=\"og:locale\" content=\"de_DE\" \/>\n<meta property=\"og:type\" content=\"article\" \/>\n<meta property=\"og:title\" content=\"Wandern in Mittelschweden J\u00e4mtland - Hus Hotell Hunge\" \/>\n<meta property=\"og:description\" content=\"Wandern in der Provinz J\u00e4mtland in Mittelschweden. Holen Sie Ihre Wanderschuhe heraus. Die meisten Wanderwege sind f\u00fcr Jung und Alt geeignet!\" \/>\n<meta property=\"og:url\" content=\"https:\/\/hushotellhunge.com\/de\/aktivitaeten\/sommer\/wandern-in-mittelschweden\/\" \/>\n<meta property=\"og:site_name\" content=\"Hus Hotell Hunge\" \/>\n<meta property=\"article:modified_time\" content=\"2025-03-28T14:51:28+00:00\" \/>\n<meta name=\"twitter:card\" content=\"summary_large_image\" \/>\n<meta name=\"twitter:label1\" content=\"Gesch\u00e4tzte Lesezeit\" \/>\n\t<meta name=\"twitter:data1\" content=\"4\u00a0Minuten\" \/>\n<script type=\"application\/ld+json\" class=\"yoast-schema-graph\">{\"@context\":\"https:\/\/schema.org\",\"@graph\":[{\"@type\":\"WebPage\",\"@id\":\"https:\/\/hushotellhunge.com\/de\/aktivitaeten\/sommer\/wandern-in-mittelschweden\/\",\"url\":\"https:\/\/hushotellhunge.com\/de\/aktivitaeten\/sommer\/wandern-in-mittelschweden\/\",\"name\":\"Wandern in Mittelschweden J\u00e4mtland - Hus Hotell Hunge\",\"isPartOf\":{\"@id\":\"https:\/\/hushotellhunge.com\/de\/#website\"},\"datePublished\":\"2024-02-09T16:04:15+00:00\",\"dateModified\":\"2025-03-28T14:51:28+00:00\",\"description\":\"Wandern in der Provinz J\u00e4mtland in Mittelschweden. Holen Sie Ihre Wanderschuhe heraus. Die meisten Wanderwege sind f\u00fcr Jung und Alt geeignet!\",\"breadcrumb\":{\"@id\":\"https:\/\/hushotellhunge.com\/de\/aktivitaeten\/sommer\/wandern-in-mittelschweden\/#breadcrumb\"},\"inLanguage\":\"de\",\"potentialAction\":[{\"@type\":\"ReadAction\",\"target\":[\"https:\/\/hushotellhunge.com\/de\/aktivitaeten\/sommer\/wandern-in-mittelschweden\/\"]}]},{\"@type\":\"BreadcrumbList\",\"@id\":\"https:\/\/hushotellhunge.com\/de\/aktivitaeten\/sommer\/wandern-in-mittelschweden\/#breadcrumb\",\"itemListElement\":[{\"@type\":\"ListItem\",\"position\":1,\"name\":\"Home\",\"item\":\"https:\/\/hushotellhunge.com\/de\/\"},{\"@type\":\"ListItem\",\"position\":2,\"name\":\"Aktivit\u00e4ten\",\"item\":\"https:\/\/hushotellhunge.com\/de\/aktivitaeten\/\"},{\"@type\":\"ListItem\",\"position\":3,\"name\":\"Sommer\",\"item\":\"https:\/\/hushotellhunge.com\/de\/aktivitaeten\/sommer\/\"},{\"@type\":\"ListItem\",\"position\":4,\"name\":\"Wandern in Mittelschweden J\u00e4mtland\"}]},{\"@type\":\"WebSite\",\"@id\":\"https:\/\/hushotellhunge.com\/de\/#website\",\"url\":\"https:\/\/hushotellhunge.com\/de\/\",\"name\":\"Hus Hotell Hunge\",\"description\":\"Meet &amp; Adventure\",\"publisher\":{\"@id\":\"https:\/\/hushotellhunge.com\/de\/#organization\"},\"potentialAction\":[{\"@type\":\"SearchAction\",\"target\":{\"@type\":\"EntryPoint\",\"urlTemplate\":\"https:\/\/hushotellhunge.com\/de\/?s={search_term_string}\"},\"query-input\":{\"@type\":\"PropertyValueSpecification\",\"valueRequired\":true,\"valueName\":\"search_term_string\"}}],\"inLanguage\":\"de\"},{\"@type\":\"Organization\",\"@id\":\"https:\/\/hushotellhunge.com\/de\/#organization\",\"name\":\"Hus Hotell Hunge\",\"url\":\"https:\/\/hushotellhunge.com\/de\/\",\"logo\":{\"@type\":\"ImageObject\",\"inLanguage\":\"de\",\"@id\":\"https:\/\/hushotellhunge.com\/de\/#\/schema\/logo\/image\/\",\"url\":\"https:\/\/hushotellhunge.com\/wp-content\/uploads\/2022\/01\/Hus-Hotell-Hunge-logo-header.png\",\"contentUrl\":\"https:\/\/hushotellhunge.com\/wp-content\/uploads\/2022\/01\/Hus-Hotell-Hunge-logo-header.png\",\"width\":482,\"height\":302,\"caption\":\"Hus Hotell Hunge\"},\"image\":{\"@id\":\"https:\/\/hushotellhunge.com\/de\/#\/schema\/logo\/image\/\"}}]}<\/script>\n<!-- \/ Yoast SEO plugin. -->","yoast_head_json":{"title":"Wandern in Mittelschweden J\u00e4mtland - Hus Hotell Hunge","description":"Wandern in der Provinz J\u00e4mtland in Mittelschweden. Holen Sie Ihre Wanderschuhe heraus. Die meisten Wanderwege sind f\u00fcr Jung und Alt geeignet!","robots":{"index":"index","follow":"follow","max-snippet":"max-snippet:-1","max-image-preview":"max-image-preview:large","max-video-preview":"max-video-preview:-1"},"canonical":"https:\/\/hushotellhunge.com\/de\/aktivitaeten\/sommer\/wandern-in-mittelschweden\/","og_locale":"de_DE","og_type":"article","og_title":"Wandern in Mittelschweden J\u00e4mtland - Hus Hotell Hunge","og_description":"Wandern in der Provinz J\u00e4mtland in Mittelschweden. Holen Sie Ihre Wanderschuhe heraus. Die meisten Wanderwege sind f\u00fcr Jung und Alt geeignet!","og_url":"https:\/\/hushotellhunge.com\/de\/aktivitaeten\/sommer\/wandern-in-mittelschweden\/","og_site_name":"Hus Hotell Hunge","article_modified_time":"2025-03-28T14:51:28+00:00","twitter_card":"summary_large_image","twitter_misc":{"Gesch\u00e4tzte Lesezeit":"4\u00a0Minuten"},"schema":{"@context":"https:\/\/schema.org","@graph":[{"@type":"WebPage","@id":"https:\/\/hushotellhunge.com\/de\/aktivitaeten\/sommer\/wandern-in-mittelschweden\/","url":"https:\/\/hushotellhunge.com\/de\/aktivitaeten\/sommer\/wandern-in-mittelschweden\/","name":"Wandern in Mittelschweden J\u00e4mtland - Hus Hotell Hunge","isPartOf":{"@id":"https:\/\/hushotellhunge.com\/de\/#website"},"datePublished":"2024-02-09T16:04:15+00:00","dateModified":"2025-03-28T14:51:28+00:00","description":"Wandern in der Provinz J\u00e4mtland in Mittelschweden. Holen Sie Ihre Wanderschuhe heraus. Die meisten Wanderwege sind f\u00fcr Jung und Alt geeignet!","breadcrumb":{"@id":"https:\/\/hushotellhunge.com\/de\/aktivitaeten\/sommer\/wandern-in-mittelschweden\/#breadcrumb"},"inLanguage":"de","potentialAction":[{"@type":"ReadAction","target":["https:\/\/hushotellhunge.com\/de\/aktivitaeten\/sommer\/wandern-in-mittelschweden\/"]}]},{"@type":"BreadcrumbList","@id":"https:\/\/hushotellhunge.com\/de\/aktivitaeten\/sommer\/wandern-in-mittelschweden\/#breadcrumb","itemListElement":[{"@type":"ListItem","position":1,"name":"Home","item":"https:\/\/hushotellhunge.com\/de\/"},{"@type":"ListItem","position":2,"name":"Aktivit\u00e4ten","item":"https:\/\/hushotellhunge.com\/de\/aktivitaeten\/"},{"@type":"ListItem","position":3,"name":"Sommer","item":"https:\/\/hushotellhunge.com\/de\/aktivitaeten\/sommer\/"},{"@type":"ListItem","position":4,"name":"Wandern in Mittelschweden J\u00e4mtland"}]},{"@type":"WebSite","@id":"https:\/\/hushotellhunge.com\/de\/#website","url":"https:\/\/hushotellhunge.com\/de\/","name":"Hus Hotell Hunge","description":"Meet &amp; Adventure","publisher":{"@id":"https:\/\/hushotellhunge.com\/de\/#organization"},"potentialAction":[{"@type":"SearchAction","target":{"@type":"EntryPoint","urlTemplate":"https:\/\/hushotellhunge.com\/de\/?s={search_term_string}"},"query-input":{"@type":"PropertyValueSpecification","valueRequired":true,"valueName":"search_term_string"}}],"inLanguage":"de"},{"@type":"Organization","@id":"https:\/\/hushotellhunge.com\/de\/#organization","name":"Hus Hotell Hunge","url":"https:\/\/hushotellhunge.com\/de\/","logo":{"@type":"ImageObject","inLanguage":"de","@id":"https:\/\/hushotellhunge.com\/de\/#\/schema\/logo\/image\/","url":"https:\/\/hushotellhunge.com\/wp-content\/uploads\/2022\/01\/Hus-Hotell-Hunge-logo-header.png","contentUrl":"https:\/\/hushotellhunge.com\/wp-content\/uploads\/2022\/01\/Hus-Hotell-Hunge-logo-header.png","width":482,"height":302,"caption":"Hus Hotell Hunge"},"image":{"@id":"https:\/\/hushotellhunge.com\/de\/#\/schema\/logo\/image\/"}}]}},"_links":{"self":[{"href":"https:\/\/hushotellhunge.com\/de\/wp-json\/wp\/v2\/pages\/11000","targetHints":{"allow":["GET"]}}],"collection":[{"href":"https:\/\/hushotellhunge.com\/de\/wp-json\/wp\/v2\/pages"}],"about":[{"href":"https:\/\/hushotellhunge.com\/de\/wp-json\/wp\/v2\/types\/page"}],"author":[{"embeddable":true,"href":"https:\/\/hushotellhunge.com\/de\/wp-json\/wp\/v2\/users\/4"}],"replies":[{"embeddable":true,"href":"https:\/\/hushotellhunge.com\/de\/wp-json\/wp\/v2\/comments?post=11000"}],"version-history":[{"count":28,"href":"https:\/\/hushotellhunge.com\/de\/wp-json\/wp\/v2\/pages\/11000\/revisions"}],"predecessor-version":[{"id":15578,"href":"https:\/\/hushotellhunge.com\/de\/wp-json\/wp\/v2\/pages\/11000\/revisions\/15578"}],"up":[{"embeddable":true,"href":"https:\/\/hushotellhunge.com\/de\/wp-json\/wp\/v2\/pages\/2269"}],"wp:attachment":[{"href":"https:\/\/hushotellhunge.com\/de\/wp-json\/wp\/v2\/media?parent=11000"}],"curies":[{"name":"wp","href":"https:\/\/api.w.org\/{rel}","templated":true}]}}