{"id":2255,"date":"2022-03-12T12:16:12","date_gmt":"2022-03-12T11:16:12","guid":{"rendered":"https:\/\/hushotellhunge.com\/aktivitaeten\/herfst\/"},"modified":"2022-06-10T13:17:50","modified_gmt":"2022-06-10T11:17:50","slug":"herbst","status":"publish","type":"page","link":"https:\/\/hushotellhunge.com\/de\/aktivitaeten\/herbst\/","title":{"rendered":"Herbst"},"content":{"rendered":"<div class=\"wpb-content-wrapper\"><p>[vc_section full_width=&#8220;stretch_row&#8220; content_placement=&#8220;middle&#8220; css=&#8220;.vc_custom_1648755378458{background-image: url(https:\/\/hushotellhunge.com\/wp-content\/uploads\/2022\/03\/fence-g984adeafc_1280.jpg?id=1204) !important;background-position: center !important;background-repeat: no-repeat !important;background-size: cover !important;}&#8220; el_class=&#8220;topfoto bodem&#8220;][vc_row][vc_column width=&#8220;1\/12&#8243;][\/vc_column][vc_column el_class=&#8220;titelbloktrans&#8220; offset=&#8220;vc_col-lg-7 vc_col-md-7 vc_col-xs-12&#8243; css=&#8220;.vc_custom_1642686762497{margin-bottom: 20px !important;}&#8220;][vc_column_text]<\/p>\n<h1 style=\"text-align: left;\">Herbst<\/h1>\n<h1 style=\"text-align: left;\">Eine Explosion der Farben<\/h1>\n<p>[\/vc_column_text][vc_column_text el_class=&#8220;introtekst&#8220;]Im Herbst ist J\u00e4mtland eine Explosion der Farben: gelbe B\u00e4ume, orangefarbene Pflanzen und gr\u00fcnes Gras. Der Herbst ist auch die Zeit des Angelns, Jagens und Sammelns von Pilzen und Beeren, solange es noch m\u00f6glich ist.[\/vc_column_text][\/vc_column][vc_column width=&#8220;4\/12&#8243;][\/vc_column][\/vc_row][\/vc_section][vc_section full_width=&#8220;stretch_row&#8220; content_placement=&#8220;middle&#8220; el_class=&#8220;rondfotodonkergroen rondfoto&#8220;][vc_row gap=&#8220;35&#8243; equal_height=&#8220;yes&#8220; rtl_reverse=&#8220;yes&#8220; content_placement=&#8220;middle&#8220;][vc_column width=&#8220;2\/3&#8243;][vc_column_text el_class=&#8220;introtekst&#8220;]<\/p>\n<h3>Die Jagd, ein Abenteuer f\u00fcr sich<\/h3>\n<p>In der Gegend von Hunge jagt man Gro\u00df- und Kleinwild gleicherma\u00dfen. Elche und Hirsche, aber auch F\u00fcchse, Dachse, G\u00e4nse, Enten und Biber. Gr\u00f6\u00dfere Raubtiere wie Luchse, W\u00f6lfe und Vielfra\u00dfe werden nur dann gejagt, wenn sie zu einer Plage f\u00fcr das Gebiet werden. F\u00fcr B\u00e4ren wird jedes Jahr eine Abschussquote festgelegt. Die Tierpopulation in unserer Provinz ist gro\u00df und nimmt weiter zu. M\u00f6chten Sie eine Jagd erleben? Einzeln, mit einer Gruppe von Freunden oder mit der Familie? F\u00fcllen Sie das Kontaktformular aus, und wir werden Sie \u00fcber die M\u00f6glichkeiten informieren.[\/vc_column_text][\/vc_column][vc_column width=&#8220;1\/3&#8243;][vc_single_image image=&#8220;1221&#8243; img_size=&#8220;500 x 500&#8243; alignment=&#8220;right&#8220; style=&#8220;vc_box_border_circle&#8220; border_color=&#8220;white&#8220; el_class=&#8220;afbrondrechts&#8220;][\/vc_column][\/vc_row][\/vc_section][vc_section full_width=&#8220;stretch_row&#8220; content_placement=&#8220;middle&#8220; el_class=&#8220;rondfotolichtgroen rondfoto&#8220;][vc_row gap=&#8220;35&#8243; equal_height=&#8220;yes&#8220; content_placement=&#8220;middle&#8220;][vc_column width=&#8220;1\/3&#8243;][vc_single_image image=&#8220;1216&#8243; img_size=&#8220;500 x 500&#8243; alignment=&#8220;right&#8220; style=&#8220;vc_box_border_circle&#8220; border_color=&#8220;white&#8220; el_class=&#8220;afbrond&#8220;][\/vc_column][vc_column width=&#8220;2\/3&#8243;][vc_column_text el_class=&#8220;introtekst&#8220;]<\/p>\n<h3>Pilze sammeln<\/h3>\n<p>Das Sammeln von wilden Pfifferlingen ist f\u00fcr die Einwohner von J\u00e4mtland eine Tradition. Am ersten Wochenende im September ziehen sie los, um ihren Vorrat an Pfifferlingen f\u00fcr die Wintermonate zu sammeln. An einem Tag sammeln sie etwa 8 bis 10 kg Pfifferlinge, die sie den ganzen Winter \u00fcber f\u00fcr die Zubereitung aller m\u00f6glichen Gerichte verwenden. Das Pilzesammeln ist ein ganz besonderes Erlebnis, wenn man die Herbstfarben um sich herum wahrnimmt: rote Moose, orangefarbene Bl\u00e4tter auf dem Boden, gelbe Bl\u00e4tter an den B\u00e4umen und gr\u00fcne Gr\u00e4ser, w\u00e4hrend man ein besonders Gef\u00fchl der Ruhe versp\u00fcrt. Das schwedische Jedermannsrecht (allemansr\u00e4tt) auf freie Entfaltung und Nutzung bedeutet, dass Sie \u00fcberall im Wald Pilze sammeln d\u00fcrfen, solange Sie den Wald und seine Tierwelt respektieren. Kommen Sie und erleben Sie es selbst![\/vc_column_text][\/vc_column][\/vc_row][\/vc_section][vc_section full_width=&#8220;stretch_row&#8220; content_placement=&#8220;middle&#8220; el_class=&#8220;rondfotodonkergroen rondfoto&#8220;][vc_row gap=&#8220;35&#8243; equal_height=&#8220;yes&#8220; rtl_reverse=&#8220;yes&#8220; content_placement=&#8220;middle&#8220;][vc_column width=&#8220;2\/3&#8243;][vc_column_text el_class=&#8220;introtekst&#8220;]<\/p>\n<div id=\"afa8da0a-fe14-41b9-a852-3dbddbce9822\" class=\"StreamField__Component StreamField__Component--RichText\">\n<div class=\"RawHtml\">\n<div class=\"rah-static rah-static--height-auto\" aria-hidden=\"false\">\n<div>\n<div class=\"RawHtml__Html\">\n<div class=\"rich-text\">\n<h3>Die W\u00e4lder von Schweden: Eine Oase von Beeren<\/h3>\n<p>Gehen Sie in die W\u00e4lder! Da halb Schweden von W\u00e4ldern bedeckt ist, m\u00fcssen Sie nicht lange suchen. Sie werden von Heidelbeeren und Preiselbeeren (oder Fuchsbeeren) umgeben sein. Sie gedeihen alle in der gleichen Umgebung. Je weiter man nach Norden kommt, desto h\u00e4ufiger trifft man sie an. In diesen arktischen Klimazonen findet man auch die vitaminreiche Bergbrombeere. Wilde Himbeeren wachsen in den meisten Teilen des Landes, ebenso wie Hagebutten und Brennnesseln. Walderdbeeren findet man oft an offenen und sonnigen Stellen in W\u00e4ldern, an Landstra\u00dfen oder an den R\u00e4ndern von Blumenwiesen. Man kann sie sofort nach dem Pfl\u00fccken genie\u00dfen oder eine k\u00f6stliche Marmelade daraus machen!<\/p>\n<\/div>\n<\/div>\n<\/div>\n<\/div>\n<\/div>\n<\/div>\n<p>[\/vc_column_text][\/vc_column][vc_column width=&#8220;1\/3&#8243;][vc_single_image image=&#8220;1212&#8243; img_size=&#8220;500 x 500&#8243; alignment=&#8220;right&#8220; style=&#8220;vc_box_border_circle&#8220; border_color=&#8220;white&#8220; el_class=&#8220;afbrondrechts&#8220;][\/vc_column][\/vc_row][\/vc_section]<\/p>\n<\/div>","protected":false},"excerpt":{"rendered":"<p>[vc_section full_width=&#8220;stretch_row&#8220; content_placement=&#8220;middle&#8220; css=&#8220;.vc_custom_1648755378458{background-image: url(https:\/\/hushotellhunge.com\/wp-content\/uploads\/2022\/03\/fence-g984adeafc_1280.jpg?id=1204) !important;background-position: center !important;background-repeat: no-repeat !important;background-size: cover !important;}&#8220; el_class=&#8220;topfoto bodem&#8220;][vc_row][vc_column width=&#8220;1\/12&#8243;][\/vc_column][vc_column el_class=&#8220;titelbloktrans&#8220; offset=&#8220;vc_col-lg-7 vc_col-md-7 vc_col-xs-12&#8243; css=&#8220;.vc_custom_1642686762497{margin-bottom: 20px !important;}&#8220;][vc_column_text] Herbst Eine Explosion der Farben [\/vc_column_text][vc_column_text el_class=&#8220;introtekst&#8220;]Im Herbst ist J\u00e4mtland eine Explosion der Farben: gelbe B\u00e4ume, orangefarbene Pflanzen und gr\u00fcnes Gras. Der Herbst ist auch die Zeit des Angelns, Jagens und Sammelns von [&hellip;]<\/p>\n","protected":false},"author":1,"featured_media":0,"parent":2237,"menu_order":0,"comment_status":"closed","ping_status":"closed","template":"","meta":{"_acf_changed":false,"footnotes":""},"class_list":["post-2255","page","type-page","status-publish","hentry"],"acf":[],"yoast_head":"<!-- This site is optimized with the Yoast SEO plugin v27.0 - https:\/\/yoast.com\/product\/yoast-seo-wordpress\/ -->\n<title>Herbst - Hus Hotell Hunge<\/title>\n<meta name=\"robots\" content=\"index, follow, max-snippet:-1, max-image-preview:large, max-video-preview:-1\" \/>\n<link rel=\"canonical\" href=\"https:\/\/hushotellhunge.com\/de\/aktivitaeten\/herbst\/\" \/>\n<meta property=\"og:locale\" content=\"de_DE\" \/>\n<meta property=\"og:type\" content=\"article\" \/>\n<meta property=\"og:title\" content=\"Herbst - Hus Hotell Hunge\" \/>\n<meta property=\"og:description\" content=\"[vc_section full_width=&#8220;stretch_row&#8220; content_placement=&#8220;middle&#8220; css=&#8220;.vc_custom_1648755378458{background-image: url(https:\/\/hushotellhunge.com\/wp-content\/uploads\/2022\/03\/fence-g984adeafc_1280.jpg?id=1204) !important;background-position: center !important;background-repeat: no-repeat !important;background-size: cover !important;}&#8220; el_class=&#8220;topfoto bodem&#8220;][vc_row][vc_column width=&#8220;1\/12&#8243;][\/vc_column][vc_column el_class=&#8220;titelbloktrans&#8220; offset=&#8220;vc_col-lg-7 vc_col-md-7 vc_col-xs-12&#8243; css=&#8220;.vc_custom_1642686762497{margin-bottom: 20px !important;}&#8220;][vc_column_text] Herbst Eine Explosion der Farben [\/vc_column_text][vc_column_text el_class=&#8220;introtekst&#8220;]Im Herbst ist J\u00e4mtland eine Explosion der Farben: gelbe B\u00e4ume, orangefarbene Pflanzen und gr\u00fcnes Gras. Der Herbst ist auch die Zeit des Angelns, Jagens und Sammelns von [&hellip;]\" \/>\n<meta property=\"og:url\" content=\"https:\/\/hushotellhunge.com\/de\/aktivitaeten\/herbst\/\" \/>\n<meta property=\"og:site_name\" content=\"Hus Hotell Hunge\" \/>\n<meta property=\"article:modified_time\" content=\"2022-06-10T11:17:50+00:00\" \/>\n<meta name=\"twitter:card\" content=\"summary_large_image\" \/>\n<meta name=\"twitter:label1\" content=\"Gesch\u00e4tzte Lesezeit\" \/>\n\t<meta name=\"twitter:data1\" content=\"3\u00a0Minuten\" \/>\n<script type=\"application\/ld+json\" class=\"yoast-schema-graph\">{\"@context\":\"https:\/\/schema.org\",\"@graph\":[{\"@type\":\"WebPage\",\"@id\":\"https:\/\/hushotellhunge.com\/de\/aktivitaeten\/herbst\/\",\"url\":\"https:\/\/hushotellhunge.com\/de\/aktivitaeten\/herbst\/\",\"name\":\"Herbst - Hus Hotell Hunge\",\"isPartOf\":{\"@id\":\"https:\/\/hushotellhunge.com\/de\/#website\"},\"datePublished\":\"2022-03-12T11:16:12+00:00\",\"dateModified\":\"2022-06-10T11:17:50+00:00\",\"breadcrumb\":{\"@id\":\"https:\/\/hushotellhunge.com\/de\/aktivitaeten\/herbst\/#breadcrumb\"},\"inLanguage\":\"de\",\"potentialAction\":[{\"@type\":\"ReadAction\",\"target\":[\"https:\/\/hushotellhunge.com\/de\/aktivitaeten\/herbst\/\"]}]},{\"@type\":\"BreadcrumbList\",\"@id\":\"https:\/\/hushotellhunge.com\/de\/aktivitaeten\/herbst\/#breadcrumb\",\"itemListElement\":[{\"@type\":\"ListItem\",\"position\":1,\"name\":\"Home\",\"item\":\"https:\/\/hushotellhunge.com\/de\/\"},{\"@type\":\"ListItem\",\"position\":2,\"name\":\"Aktivit\u00e4ten\",\"item\":\"https:\/\/hushotellhunge.com\/de\/aktivitaeten\/\"},{\"@type\":\"ListItem\",\"position\":3,\"name\":\"Herbst\"}]},{\"@type\":\"WebSite\",\"@id\":\"https:\/\/hushotellhunge.com\/de\/#website\",\"url\":\"https:\/\/hushotellhunge.com\/de\/\",\"name\":\"Hus Hotell Hunge\",\"description\":\"Meet &amp; Adventure\",\"publisher\":{\"@id\":\"https:\/\/hushotellhunge.com\/de\/#organization\"},\"potentialAction\":[{\"@type\":\"SearchAction\",\"target\":{\"@type\":\"EntryPoint\",\"urlTemplate\":\"https:\/\/hushotellhunge.com\/de\/?s={search_term_string}\"},\"query-input\":{\"@type\":\"PropertyValueSpecification\",\"valueRequired\":true,\"valueName\":\"search_term_string\"}}],\"inLanguage\":\"de\"},{\"@type\":\"Organization\",\"@id\":\"https:\/\/hushotellhunge.com\/de\/#organization\",\"name\":\"Hus Hotell Hunge\",\"url\":\"https:\/\/hushotellhunge.com\/de\/\",\"logo\":{\"@type\":\"ImageObject\",\"inLanguage\":\"de\",\"@id\":\"https:\/\/hushotellhunge.com\/de\/#\/schema\/logo\/image\/\",\"url\":\"https:\/\/hushotellhunge.com\/wp-content\/uploads\/2022\/01\/Hus-Hotell-Hunge-logo-header.png\",\"contentUrl\":\"https:\/\/hushotellhunge.com\/wp-content\/uploads\/2022\/01\/Hus-Hotell-Hunge-logo-header.png\",\"width\":482,\"height\":302,\"caption\":\"Hus Hotell Hunge\"},\"image\":{\"@id\":\"https:\/\/hushotellhunge.com\/de\/#\/schema\/logo\/image\/\"}}]}<\/script>\n<!-- \/ Yoast SEO plugin. -->","yoast_head_json":{"title":"Herbst - Hus Hotell Hunge","robots":{"index":"index","follow":"follow","max-snippet":"max-snippet:-1","max-image-preview":"max-image-preview:large","max-video-preview":"max-video-preview:-1"},"canonical":"https:\/\/hushotellhunge.com\/de\/aktivitaeten\/herbst\/","og_locale":"de_DE","og_type":"article","og_title":"Herbst - Hus Hotell Hunge","og_description":"[vc_section full_width=&#8220;stretch_row&#8220; content_placement=&#8220;middle&#8220; css=&#8220;.vc_custom_1648755378458{background-image: url(https:\/\/hushotellhunge.com\/wp-content\/uploads\/2022\/03\/fence-g984adeafc_1280.jpg?id=1204) !important;background-position: center !important;background-repeat: no-repeat !important;background-size: cover !important;}&#8220; el_class=&#8220;topfoto bodem&#8220;][vc_row][vc_column width=&#8220;1\/12&#8243;][\/vc_column][vc_column el_class=&#8220;titelbloktrans&#8220; offset=&#8220;vc_col-lg-7 vc_col-md-7 vc_col-xs-12&#8243; css=&#8220;.vc_custom_1642686762497{margin-bottom: 20px !important;}&#8220;][vc_column_text] Herbst Eine Explosion der Farben [\/vc_column_text][vc_column_text el_class=&#8220;introtekst&#8220;]Im Herbst ist J\u00e4mtland eine Explosion der Farben: gelbe B\u00e4ume, orangefarbene Pflanzen und gr\u00fcnes Gras. Der Herbst ist auch die Zeit des Angelns, Jagens und Sammelns von [&hellip;]","og_url":"https:\/\/hushotellhunge.com\/de\/aktivitaeten\/herbst\/","og_site_name":"Hus Hotell Hunge","article_modified_time":"2022-06-10T11:17:50+00:00","twitter_card":"summary_large_image","twitter_misc":{"Gesch\u00e4tzte Lesezeit":"3\u00a0Minuten"},"schema":{"@context":"https:\/\/schema.org","@graph":[{"@type":"WebPage","@id":"https:\/\/hushotellhunge.com\/de\/aktivitaeten\/herbst\/","url":"https:\/\/hushotellhunge.com\/de\/aktivitaeten\/herbst\/","name":"Herbst - Hus Hotell Hunge","isPartOf":{"@id":"https:\/\/hushotellhunge.com\/de\/#website"},"datePublished":"2022-03-12T11:16:12+00:00","dateModified":"2022-06-10T11:17:50+00:00","breadcrumb":{"@id":"https:\/\/hushotellhunge.com\/de\/aktivitaeten\/herbst\/#breadcrumb"},"inLanguage":"de","potentialAction":[{"@type":"ReadAction","target":["https:\/\/hushotellhunge.com\/de\/aktivitaeten\/herbst\/"]}]},{"@type":"BreadcrumbList","@id":"https:\/\/hushotellhunge.com\/de\/aktivitaeten\/herbst\/#breadcrumb","itemListElement":[{"@type":"ListItem","position":1,"name":"Home","item":"https:\/\/hushotellhunge.com\/de\/"},{"@type":"ListItem","position":2,"name":"Aktivit\u00e4ten","item":"https:\/\/hushotellhunge.com\/de\/aktivitaeten\/"},{"@type":"ListItem","position":3,"name":"Herbst"}]},{"@type":"WebSite","@id":"https:\/\/hushotellhunge.com\/de\/#website","url":"https:\/\/hushotellhunge.com\/de\/","name":"Hus Hotell Hunge","description":"Meet &amp; Adventure","publisher":{"@id":"https:\/\/hushotellhunge.com\/de\/#organization"},"potentialAction":[{"@type":"SearchAction","target":{"@type":"EntryPoint","urlTemplate":"https:\/\/hushotellhunge.com\/de\/?s={search_term_string}"},"query-input":{"@type":"PropertyValueSpecification","valueRequired":true,"valueName":"search_term_string"}}],"inLanguage":"de"},{"@type":"Organization","@id":"https:\/\/hushotellhunge.com\/de\/#organization","name":"Hus Hotell Hunge","url":"https:\/\/hushotellhunge.com\/de\/","logo":{"@type":"ImageObject","inLanguage":"de","@id":"https:\/\/hushotellhunge.com\/de\/#\/schema\/logo\/image\/","url":"https:\/\/hushotellhunge.com\/wp-content\/uploads\/2022\/01\/Hus-Hotell-Hunge-logo-header.png","contentUrl":"https:\/\/hushotellhunge.com\/wp-content\/uploads\/2022\/01\/Hus-Hotell-Hunge-logo-header.png","width":482,"height":302,"caption":"Hus Hotell Hunge"},"image":{"@id":"https:\/\/hushotellhunge.com\/de\/#\/schema\/logo\/image\/"}}]}},"_links":{"self":[{"href":"https:\/\/hushotellhunge.com\/de\/wp-json\/wp\/v2\/pages\/2255","targetHints":{"allow":["GET"]}}],"collection":[{"href":"https:\/\/hushotellhunge.com\/de\/wp-json\/wp\/v2\/pages"}],"about":[{"href":"https:\/\/hushotellhunge.com\/de\/wp-json\/wp\/v2\/types\/page"}],"author":[{"embeddable":true,"href":"https:\/\/hushotellhunge.com\/de\/wp-json\/wp\/v2\/users\/1"}],"replies":[{"embeddable":true,"href":"https:\/\/hushotellhunge.com\/de\/wp-json\/wp\/v2\/comments?post=2255"}],"version-history":[{"count":3,"href":"https:\/\/hushotellhunge.com\/de\/wp-json\/wp\/v2\/pages\/2255\/revisions"}],"predecessor-version":[{"id":2258,"href":"https:\/\/hushotellhunge.com\/de\/wp-json\/wp\/v2\/pages\/2255\/revisions\/2258"}],"up":[{"embeddable":true,"href":"https:\/\/hushotellhunge.com\/de\/wp-json\/wp\/v2\/pages\/2237"}],"wp:attachment":[{"href":"https:\/\/hushotellhunge.com\/de\/wp-json\/wp\/v2\/media?parent=2255"}],"curies":[{"name":"wp","href":"https:\/\/api.w.org\/{rel}","templated":true}]}}