{"id":2259,"date":"2022-03-12T12:14:05","date_gmt":"2022-03-12T11:14:05","guid":{"rendered":"https:\/\/hushotellhunge.com\/aktivitaeten\/lente\/"},"modified":"2022-06-10T13:48:22","modified_gmt":"2022-06-10T11:48:22","slug":"fruhling","status":"publish","type":"page","link":"https:\/\/hushotellhunge.com\/de\/aktivitaeten\/fruhling\/","title":{"rendered":"Fr\u00fchling"},"content":{"rendered":"<div class=\"wpb-content-wrapper\"><p>[vc_section full_width=&#8220;stretch_row&#8220; content_placement=&#8220;middle&#8220; css=&#8220;.vc_custom_1648671273315{background-image: url(https:\/\/hushotellhunge.com\/wp-content\/uploads\/2022\/03\/HusHotellHunge-ronde-foto-website-4-1000&#215;1000-piksels-kamers-2.jpg?id=941) !important;background-position: center !important;background-repeat: no-repeat !important;background-size: cover !important;}&#8220; el_class=&#8220;topfoto bodem&#8220;][vc_row][vc_column width=&#8220;1\/12&#8243;][\/vc_column][vc_column el_class=&#8220;titelbloktrans&#8220; offset=&#8220;vc_col-lg-7 vc_col-md-7 vc_col-xs-12&#8243; css=&#8220;.vc_custom_1642686762497{margin-bottom: 20px !important;}&#8220;][vc_column_text]<\/p>\n<h1>Fr\u00fchling: Tauchen Sie ein in die frischen D\u00fcfte der Natur<\/h1>\n<p>[\/vc_column_text][vc_column_text el_class=&#8220;introtekst&#8220;]Wenn der Schnee gerade geschmolzen ist und der Boden zu tauen beginnt, k\u00f6nnen Sie bei Ihren Fr\u00fchlingsspazierg\u00e4ngen den Gesang der vielen V\u00f6gel, die langen Abende und die Ger\u00e4usche der wundersch\u00f6nen Natur genie\u00dfen.<\/p>\n<p>Aufgrund des trockenen Kontinentalklimas k\u00f6nnen Sie in Schweden einen herrlichen Fr\u00fchling erleben, mit angenehmen Temperaturen am Tag und k\u00fchlen Abenden. Die Maiferien k\u00f6nnen daher sehr angenehm sein.[\/vc_column_text][\/vc_column][vc_column width=&#8220;4\/12&#8243;][\/vc_column][\/vc_row][\/vc_section][vc_section full_width=&#8220;stretch_row&#8220; content_placement=&#8220;middle&#8220; el_class=&#8220;rondfotodonkergroen rondfoto&#8220;][vc_row gap=&#8220;35&#8243; equal_height=&#8220;yes&#8220; rtl_reverse=&#8220;yes&#8220; content_placement=&#8220;middle&#8220;][vc_column width=&#8220;2\/3&#8243;][vc_column_text el_class=&#8220;introtekst&#8220;]<\/p>\n<h3>Wandern<\/h3>\n<p>Entdecken Sie den Zauber des Waldes.<\/p>\n<p>Ein Waldspaziergang ist eine Wohltat f\u00fcr alle Sinne, ein Weg, sich eins mit der Natur zu f\u00fchlen. Schweden ist das Land mit endlosen und sch\u00f6nen W\u00e4ldern. In der Gegend um Hunge kann man noch wahre Stille erleben. Keine Autos, nur das Rauschen der B\u00e4ume, das Pfeifen der V\u00f6gel und das Zwitschern der Spechte. Und wer wei\u00df, vielleicht sehen Sie ein Reh, einen Elch oder eine der vielen Vogelarten.<\/p>\n<p><strong>M\u00f6chten Sie sich die Beine vertreten und einen Spaziergang entlang der t\u00fcrkisfarbenen Wasserf\u00e4lle machen? <\/strong>Dann sollten Sie einen Spaziergang entlang des Forsaleden unternehmen, der etwa 12 km vom Hus Hotell Hunge entfernt ist. Eine der absoluten Perlen unserer Gegend! Dort hat man die M\u00f6glichkeit zum Verweilen auf einer Sommerwiese, zum Angeln, oder zum Schwimmen in nat\u00fcrlichen Becken mit t\u00fcrkisfarbenem Wasser. Ein 7 km langer Waldweg entlang des Forsa\u00e5n, teilweise felsiges Gel\u00e4nde \u00fcber Holzstege. Entlang des Weges gibt es Wasserf\u00e4lle, B\u00e4che und Teiche.<\/p>\n<p><strong>Der St. Olavsleden i<\/strong>st ein Pilgerweg, der etwa 25 km vom Hus Hotell Hunge entfernt ist und von Sel\u00e5nger bei Sundsvall (= am Bottnischen Meerbusen), Schweden, zur Norwegischen See nach Trondheim, Norwegen, f\u00fchrt. Der Weg folgt den Spuren des Heiligen Olav, der nach seiner Verbannung nach Schweden kam, um den norwegischen Thron zur\u00fcckzuerobern.<\/p>\n<p>J\u00e4mtland bietet viele Wanderm\u00f6glichkeiten sowohl f\u00fcr erfahrene Wanderer als auch f\u00fcr Anf\u00e4nger.<\/p>\n<p>Vom Hus Hotell Hunge aus gibt es auch verschiedene Wanderm\u00f6glichkeiten.<\/p>\n<p>[\/vc_column_text][\/vc_column][vc_column width=&#8220;1\/3&#8243;][vc_single_image image=&#8220;939&#8243; img_size=&#8220;500 x 500&#8243; alignment=&#8220;right&#8220; style=&#8220;vc_box_border_circle&#8220; border_color=&#8220;white&#8220; el_class=&#8220;afbrondrechts&#8220;][\/vc_column][\/vc_row][\/vc_section][vc_row gap=&#8220;35&#8243; equal_height=&#8220;yes&#8220; content_placement=&#8220;middle&#8220;][vc_column width=&#8220;1\/3&#8243;][vc_single_image image=&#8220;967&#8243; img_size=&#8220;500 x 500&#8243; alignment=&#8220;right&#8220; style=&#8220;vc_box_border_circle&#8220; border_color=&#8220;white&#8220; el_class=&#8220;afbrond&#8220;][\/vc_column][vc_column width=&#8220;2\/3&#8243;][vc_column_text el_class=&#8220;introtekst&#8220;]<\/p>\n<h3>Angeln, was will man mehr&#8230;<\/h3>\n<p>Was gibt es Sch\u00f6neres, als am Ende eines Tages seinen selbst gefangenen Fisch auf dem Grill zu grillen? In Schweden kann dieser Traum Wirklichkeit werden. Der Hungesj\u00f6n und viele andere Seen in der Umgebung sind reich an Fischen. Sie k\u00f6nnen Forellen, Barsche, Pl\u00f6tzen (= Rotaugen) und Hechte fangen. Allerdings brauchen Sie einen Angelschein, und f\u00fcr einige Fische gibt es bestimmte Regeln. Den Angelschein erhalten Sie etwa 100 Meter vom Hus Hotell Hunge entfernt und \u00fcber die iFISKE-App. Sie k\u00f6nnen ein Boot oder ein Angelkajak 4 km vom Hus Hotell Hunge aus entfernt mieten.[\/vc_column_text][\/vc_column][\/vc_row][vc_section full_width=&#8220;stretch_row&#8220; content_placement=&#8220;middle&#8220; el_class=&#8220;rondfotodonkergroen rondfoto&#8220;][vc_row gap=&#8220;35&#8243; equal_height=&#8220;yes&#8220; rtl_reverse=&#8220;yes&#8220; content_placement=&#8220;middle&#8220;][vc_column width=&#8220;2\/3&#8243;][vc_column_text el_class=&#8220;introtekst&#8220;]<\/p>\n<h3>Kanufahren auf ruhigen Gew\u00e4ssern<\/h3>\n<p>Werden Sie auf dem Wasser eins mit der Natur. Lassen Sie sich auf dem glatten Wasser entlang des Ufers treiben und versuchen Sie, die Tiere zu entdecken. Nat\u00fcrlich nehmen Sie Ihre Fika mit und ruhen sich an einem der \u00fcberdachten Grills aus. Der Hungesj\u00f6n ist mit den beiden Seen Brehungen und Str\u00e5ngen weiter flussabw\u00e4rts verbunden. Der Hungesj\u00f6n ist etwa 10 Kilometer lang und hat mehrere kleinere Inseln, auf denen Sie eine Pause einlegen k\u00f6nnen. Kanus k\u00f6nnen in V\u00e5le gemietet werden, 4 km vom Hus Hotell Hunge entfernt. Wenn Sie Ihr eigenes Kanu haben, sollten Sie es mitbringen und die vielen Seen genie\u00dfen.[\/vc_column_text][\/vc_column][vc_column width=&#8220;1\/3&#8243;][vc_single_image image=&#8220;1195&#8243; img_size=&#8220;500 x 500&#8243; alignment=&#8220;right&#8220; style=&#8220;vc_box_border_circle&#8220; border_color=&#8220;white&#8220; el_class=&#8220;afbrondrechts&#8220;][\/vc_column][\/vc_row][\/vc_section][vc_section full_width=&#8220;stretch_row&#8220; content_placement=&#8220;middle&#8220; el_class=&#8220;rondfotolichtgroen rondfoto&#8220;][vc_row gap=&#8220;35&#8243; equal_height=&#8220;yes&#8220; content_placement=&#8220;middle&#8220;][vc_column width=&#8220;1\/3&#8243;][vc_single_image image=&#8220;151&#8243; img_size=&#8220;500 x 500&#8243; alignment=&#8220;right&#8220; style=&#8220;vc_box_border_circle&#8220; border_color=&#8220;white&#8220; el_class=&#8220;afbrond&#8220;][\/vc_column][vc_column width=&#8220;2\/3&#8243;][vc_column_text el_class=&#8220;introtekst&#8220;]<\/p>\n<h3>Nehmen Sie einen erfrischenden Sprung in den See<\/h3>\n<p>Wenn Sie eine richtige Herausforderung m\u00f6gen, sollten Sie im Fr\u00fchjahr einen Sprung in den See wagen. Das Wasser ist dann noch sehr k\u00fchl. Vom Hus Hotell Hunge k\u00f6nnen Sie im Bademantel zum Hungesj\u00f6n laufen, wo Sie ins flache Wasser gehen und tauchen k\u00f6nnen. Das Wasser ist so klar, dass man die Fische schwimmen sehen kann. Das ist wirklich ein besonderes Erlebnis! Wer wei\u00df, vielleicht haben Sie ja den Dreh heraus und machen es zu Ihrem t\u00e4glichen Morgenritual?[\/vc_column_text][\/vc_column][\/vc_row][\/vc_section][vc_section full_width=&#8220;stretch_row&#8220; content_placement=&#8220;middle&#8220; el_class=&#8220;rondfotodonkergroen rondfoto&#8220;][vc_row gap=&#8220;35&#8243; equal_height=&#8220;yes&#8220; rtl_reverse=&#8220;yes&#8220; content_placement=&#8220;middle&#8220;][vc_column width=&#8220;2\/3&#8243;][vc_column_text el_class=&#8220;introtekst&#8220;]<\/p>\n<h3>Erkunden Sie die Umgebung mit dem Fahrrad<\/h3>\n<p>In der N\u00e4he des Hus Hotell Hunge gibt es keinen Fahrradverleih, bringen Sie also bitte Ihre eigenen Fahrr\u00e4der\/Mountainbikes mit. Radfahren in J\u00e4mtland gibt Ihnen die M\u00f6glichkeit, die raue H\u00fcgellandschaft zu erkunden. Sie k\u00f6nnen auch entlang der Seen oder durch die W\u00e4lder radeln. Und vergessen Sie nicht den Hauptort Br\u00e4cke oder die Landeshauptstadt \u00d6stersund, die Sie ebenfalls mit dem Fahrrad erkunden k\u00f6nnen.[\/vc_column_text][\/vc_column][vc_column width=&#8220;1\/3&#8243;][vc_single_image image=&#8220;1200&#8243; img_size=&#8220;500 x 500&#8243; alignment=&#8220;right&#8220; style=&#8220;vc_box_border_circle&#8220; border_color=&#8220;white&#8220; el_class=&#8220;afbrondrechts&#8220;][\/vc_column][\/vc_row][\/vc_section][vc_section full_width=&#8220;stretch_row&#8220; content_placement=&#8220;middle&#8220; el_class=&#8220;rondfotolichtergroen rondfoto&#8220;][vc_row gap=&#8220;35&#8243; equal_height=&#8220;yes&#8220; content_placement=&#8220;middle&#8220;][vc_column width=&#8220;1\/3&#8243;][vc_single_image image=&#8220;708&#8243; img_size=&#8220;500 x 500&#8243; alignment=&#8220;right&#8220; style=&#8220;vc_box_border_circle&#8220; border_color=&#8220;white&#8220; el_class=&#8220;afbrond&#8220;][\/vc_column][vc_column width=&#8220;2\/3&#8243;][vc_column_text el_class=&#8220;introtekst&#8220;]<\/p>\n<h3>Tierbeobachtungen im Fr\u00fchling.<\/h3>\n<p>Die Tiere im Fr\u00fchling zu beobachten ist etwas ganz Besonderes, denn sie haben oft ihre Babys dabei. Man muss zudem aufpassen, denn die M\u00fctter sind besonders wachsam! Es ist ein wundersch\u00f6nes Erlebnis, einen jungen Elch zu sehen, also halten Sie Ihre Kamera immer griffbereit! Also Elche, F\u00fcchse, Eichh\u00f6rnchen, Luchse, Rentiere und viele Vogelarten lassen sich so entdecken.[\/vc_column_text][\/vc_column][\/vc_row][\/vc_section]<\/p>\n<\/div>","protected":false},"excerpt":{"rendered":"<p>[vc_section full_width=&#8220;stretch_row&#8220; content_placement=&#8220;middle&#8220; css=&#8220;.vc_custom_1648671273315{background-image: url(https:\/\/hushotellhunge.com\/wp-content\/uploads\/2022\/03\/HusHotellHunge-ronde-foto-website-4-1000&#215;1000-piksels-kamers-2.jpg?id=941) !important;background-position: center !important;background-repeat: no-repeat !important;background-size: cover !important;}&#8220; el_class=&#8220;topfoto bodem&#8220;][vc_row][vc_column width=&#8220;1\/12&#8243;][\/vc_column][vc_column el_class=&#8220;titelbloktrans&#8220; offset=&#8220;vc_col-lg-7 vc_col-md-7 vc_col-xs-12&#8243; css=&#8220;.vc_custom_1642686762497{margin-bottom: 20px !important;}&#8220;][vc_column_text] Fr\u00fchling: Tauchen Sie ein in die frischen D\u00fcfte der Natur [\/vc_column_text][vc_column_text el_class=&#8220;introtekst&#8220;]Wenn der Schnee gerade geschmolzen ist und der Boden zu tauen beginnt, k\u00f6nnen Sie bei Ihren Fr\u00fchlingsspazierg\u00e4ngen den Gesang der vielen V\u00f6gel, [&hellip;]<\/p>\n","protected":false},"author":1,"featured_media":0,"parent":2237,"menu_order":0,"comment_status":"closed","ping_status":"closed","template":"","meta":{"_acf_changed":false,"footnotes":""},"class_list":["post-2259","page","type-page","status-publish","hentry"],"acf":[],"yoast_head":"<!-- This site is optimized with the Yoast SEO plugin v27.0 - https:\/\/yoast.com\/product\/yoast-seo-wordpress\/ -->\n<title>Fr\u00fchling - Hus Hotell Hunge<\/title>\n<meta name=\"robots\" content=\"index, follow, max-snippet:-1, max-image-preview:large, max-video-preview:-1\" \/>\n<link rel=\"canonical\" href=\"https:\/\/hushotellhunge.com\/de\/aktivitaeten\/fruhling\/\" \/>\n<meta property=\"og:locale\" content=\"de_DE\" \/>\n<meta property=\"og:type\" content=\"article\" \/>\n<meta property=\"og:title\" content=\"Fr\u00fchling - Hus Hotell Hunge\" \/>\n<meta property=\"og:description\" content=\"[vc_section full_width=&#8220;stretch_row&#8220; content_placement=&#8220;middle&#8220; css=&#8220;.vc_custom_1648671273315{background-image: url(https:\/\/hushotellhunge.com\/wp-content\/uploads\/2022\/03\/HusHotellHunge-ronde-foto-website-4-1000&#215;1000-piksels-kamers-2.jpg?id=941) !important;background-position: center !important;background-repeat: no-repeat !important;background-size: cover !important;}&#8220; el_class=&#8220;topfoto bodem&#8220;][vc_row][vc_column width=&#8220;1\/12&#8243;][\/vc_column][vc_column el_class=&#8220;titelbloktrans&#8220; offset=&#8220;vc_col-lg-7 vc_col-md-7 vc_col-xs-12&#8243; css=&#8220;.vc_custom_1642686762497{margin-bottom: 20px !important;}&#8220;][vc_column_text] Fr\u00fchling: Tauchen Sie ein in die frischen D\u00fcfte der Natur [\/vc_column_text][vc_column_text el_class=&#8220;introtekst&#8220;]Wenn der Schnee gerade geschmolzen ist und der Boden zu tauen beginnt, k\u00f6nnen Sie bei Ihren Fr\u00fchlingsspazierg\u00e4ngen den Gesang der vielen V\u00f6gel, [&hellip;]\" \/>\n<meta property=\"og:url\" content=\"https:\/\/hushotellhunge.com\/de\/aktivitaeten\/fruhling\/\" \/>\n<meta property=\"og:site_name\" content=\"Hus Hotell Hunge\" \/>\n<meta property=\"article:modified_time\" content=\"2022-06-10T11:48:22+00:00\" \/>\n<meta name=\"twitter:card\" content=\"summary_large_image\" \/>\n<meta name=\"twitter:label1\" content=\"Gesch\u00e4tzte Lesezeit\" \/>\n\t<meta name=\"twitter:data1\" content=\"5\u00a0Minuten\" \/>\n<script type=\"application\/ld+json\" class=\"yoast-schema-graph\">{\"@context\":\"https:\/\/schema.org\",\"@graph\":[{\"@type\":\"WebPage\",\"@id\":\"https:\/\/hushotellhunge.com\/de\/aktivitaeten\/fruhling\/\",\"url\":\"https:\/\/hushotellhunge.com\/de\/aktivitaeten\/fruhling\/\",\"name\":\"Fr\u00fchling - Hus Hotell Hunge\",\"isPartOf\":{\"@id\":\"https:\/\/hushotellhunge.com\/de\/#website\"},\"datePublished\":\"2022-03-12T11:14:05+00:00\",\"dateModified\":\"2022-06-10T11:48:22+00:00\",\"breadcrumb\":{\"@id\":\"https:\/\/hushotellhunge.com\/de\/aktivitaeten\/fruhling\/#breadcrumb\"},\"inLanguage\":\"de\",\"potentialAction\":[{\"@type\":\"ReadAction\",\"target\":[\"https:\/\/hushotellhunge.com\/de\/aktivitaeten\/fruhling\/\"]}]},{\"@type\":\"BreadcrumbList\",\"@id\":\"https:\/\/hushotellhunge.com\/de\/aktivitaeten\/fruhling\/#breadcrumb\",\"itemListElement\":[{\"@type\":\"ListItem\",\"position\":1,\"name\":\"Home\",\"item\":\"https:\/\/hushotellhunge.com\/de\/\"},{\"@type\":\"ListItem\",\"position\":2,\"name\":\"Aktivit\u00e4ten\",\"item\":\"https:\/\/hushotellhunge.com\/de\/aktivitaeten\/\"},{\"@type\":\"ListItem\",\"position\":3,\"name\":\"Fr\u00fchling\"}]},{\"@type\":\"WebSite\",\"@id\":\"https:\/\/hushotellhunge.com\/de\/#website\",\"url\":\"https:\/\/hushotellhunge.com\/de\/\",\"name\":\"Hus Hotell Hunge\",\"description\":\"Meet &amp; Adventure\",\"publisher\":{\"@id\":\"https:\/\/hushotellhunge.com\/de\/#organization\"},\"potentialAction\":[{\"@type\":\"SearchAction\",\"target\":{\"@type\":\"EntryPoint\",\"urlTemplate\":\"https:\/\/hushotellhunge.com\/de\/?s={search_term_string}\"},\"query-input\":{\"@type\":\"PropertyValueSpecification\",\"valueRequired\":true,\"valueName\":\"search_term_string\"}}],\"inLanguage\":\"de\"},{\"@type\":\"Organization\",\"@id\":\"https:\/\/hushotellhunge.com\/de\/#organization\",\"name\":\"Hus Hotell Hunge\",\"url\":\"https:\/\/hushotellhunge.com\/de\/\",\"logo\":{\"@type\":\"ImageObject\",\"inLanguage\":\"de\",\"@id\":\"https:\/\/hushotellhunge.com\/de\/#\/schema\/logo\/image\/\",\"url\":\"https:\/\/hushotellhunge.com\/wp-content\/uploads\/2022\/01\/Hus-Hotell-Hunge-logo-header.png\",\"contentUrl\":\"https:\/\/hushotellhunge.com\/wp-content\/uploads\/2022\/01\/Hus-Hotell-Hunge-logo-header.png\",\"width\":482,\"height\":302,\"caption\":\"Hus Hotell Hunge\"},\"image\":{\"@id\":\"https:\/\/hushotellhunge.com\/de\/#\/schema\/logo\/image\/\"}}]}<\/script>\n<!-- \/ Yoast SEO plugin. -->","yoast_head_json":{"title":"Fr\u00fchling - Hus Hotell Hunge","robots":{"index":"index","follow":"follow","max-snippet":"max-snippet:-1","max-image-preview":"max-image-preview:large","max-video-preview":"max-video-preview:-1"},"canonical":"https:\/\/hushotellhunge.com\/de\/aktivitaeten\/fruhling\/","og_locale":"de_DE","og_type":"article","og_title":"Fr\u00fchling - Hus Hotell Hunge","og_description":"[vc_section full_width=&#8220;stretch_row&#8220; content_placement=&#8220;middle&#8220; css=&#8220;.vc_custom_1648671273315{background-image: url(https:\/\/hushotellhunge.com\/wp-content\/uploads\/2022\/03\/HusHotellHunge-ronde-foto-website-4-1000&#215;1000-piksels-kamers-2.jpg?id=941) !important;background-position: center !important;background-repeat: no-repeat !important;background-size: cover !important;}&#8220; el_class=&#8220;topfoto bodem&#8220;][vc_row][vc_column width=&#8220;1\/12&#8243;][\/vc_column][vc_column el_class=&#8220;titelbloktrans&#8220; offset=&#8220;vc_col-lg-7 vc_col-md-7 vc_col-xs-12&#8243; css=&#8220;.vc_custom_1642686762497{margin-bottom: 20px !important;}&#8220;][vc_column_text] Fr\u00fchling: Tauchen Sie ein in die frischen D\u00fcfte der Natur [\/vc_column_text][vc_column_text el_class=&#8220;introtekst&#8220;]Wenn der Schnee gerade geschmolzen ist und der Boden zu tauen beginnt, k\u00f6nnen Sie bei Ihren Fr\u00fchlingsspazierg\u00e4ngen den Gesang der vielen V\u00f6gel, [&hellip;]","og_url":"https:\/\/hushotellhunge.com\/de\/aktivitaeten\/fruhling\/","og_site_name":"Hus Hotell Hunge","article_modified_time":"2022-06-10T11:48:22+00:00","twitter_card":"summary_large_image","twitter_misc":{"Gesch\u00e4tzte Lesezeit":"5\u00a0Minuten"},"schema":{"@context":"https:\/\/schema.org","@graph":[{"@type":"WebPage","@id":"https:\/\/hushotellhunge.com\/de\/aktivitaeten\/fruhling\/","url":"https:\/\/hushotellhunge.com\/de\/aktivitaeten\/fruhling\/","name":"Fr\u00fchling - Hus Hotell Hunge","isPartOf":{"@id":"https:\/\/hushotellhunge.com\/de\/#website"},"datePublished":"2022-03-12T11:14:05+00:00","dateModified":"2022-06-10T11:48:22+00:00","breadcrumb":{"@id":"https:\/\/hushotellhunge.com\/de\/aktivitaeten\/fruhling\/#breadcrumb"},"inLanguage":"de","potentialAction":[{"@type":"ReadAction","target":["https:\/\/hushotellhunge.com\/de\/aktivitaeten\/fruhling\/"]}]},{"@type":"BreadcrumbList","@id":"https:\/\/hushotellhunge.com\/de\/aktivitaeten\/fruhling\/#breadcrumb","itemListElement":[{"@type":"ListItem","position":1,"name":"Home","item":"https:\/\/hushotellhunge.com\/de\/"},{"@type":"ListItem","position":2,"name":"Aktivit\u00e4ten","item":"https:\/\/hushotellhunge.com\/de\/aktivitaeten\/"},{"@type":"ListItem","position":3,"name":"Fr\u00fchling"}]},{"@type":"WebSite","@id":"https:\/\/hushotellhunge.com\/de\/#website","url":"https:\/\/hushotellhunge.com\/de\/","name":"Hus Hotell Hunge","description":"Meet &amp; Adventure","publisher":{"@id":"https:\/\/hushotellhunge.com\/de\/#organization"},"potentialAction":[{"@type":"SearchAction","target":{"@type":"EntryPoint","urlTemplate":"https:\/\/hushotellhunge.com\/de\/?s={search_term_string}"},"query-input":{"@type":"PropertyValueSpecification","valueRequired":true,"valueName":"search_term_string"}}],"inLanguage":"de"},{"@type":"Organization","@id":"https:\/\/hushotellhunge.com\/de\/#organization","name":"Hus Hotell Hunge","url":"https:\/\/hushotellhunge.com\/de\/","logo":{"@type":"ImageObject","inLanguage":"de","@id":"https:\/\/hushotellhunge.com\/de\/#\/schema\/logo\/image\/","url":"https:\/\/hushotellhunge.com\/wp-content\/uploads\/2022\/01\/Hus-Hotell-Hunge-logo-header.png","contentUrl":"https:\/\/hushotellhunge.com\/wp-content\/uploads\/2022\/01\/Hus-Hotell-Hunge-logo-header.png","width":482,"height":302,"caption":"Hus Hotell Hunge"},"image":{"@id":"https:\/\/hushotellhunge.com\/de\/#\/schema\/logo\/image\/"}}]}},"_links":{"self":[{"href":"https:\/\/hushotellhunge.com\/de\/wp-json\/wp\/v2\/pages\/2259","targetHints":{"allow":["GET"]}}],"collection":[{"href":"https:\/\/hushotellhunge.com\/de\/wp-json\/wp\/v2\/pages"}],"about":[{"href":"https:\/\/hushotellhunge.com\/de\/wp-json\/wp\/v2\/types\/page"}],"author":[{"embeddable":true,"href":"https:\/\/hushotellhunge.com\/de\/wp-json\/wp\/v2\/users\/1"}],"replies":[{"embeddable":true,"href":"https:\/\/hushotellhunge.com\/de\/wp-json\/wp\/v2\/comments?post=2259"}],"version-history":[{"count":5,"href":"https:\/\/hushotellhunge.com\/de\/wp-json\/wp\/v2\/pages\/2259\/revisions"}],"predecessor-version":[{"id":2264,"href":"https:\/\/hushotellhunge.com\/de\/wp-json\/wp\/v2\/pages\/2259\/revisions\/2264"}],"up":[{"embeddable":true,"href":"https:\/\/hushotellhunge.com\/de\/wp-json\/wp\/v2\/pages\/2237"}],"wp:attachment":[{"href":"https:\/\/hushotellhunge.com\/de\/wp-json\/wp\/v2\/media?parent=2259"}],"curies":[{"name":"wp","href":"https:\/\/api.w.org\/{rel}","templated":true}]}}