{"id":2265,"date":"2022-01-20T14:28:38","date_gmt":"2022-01-20T13:28:38","guid":{"rendered":"https:\/\/hushotellhunge.com\/aktivitaeten\/winter\/"},"modified":"2022-10-28T15:27:37","modified_gmt":"2022-10-28T13:27:37","slug":"winter","status":"publish","type":"page","link":"https:\/\/hushotellhunge.com\/de\/aktivitaeten\/winter\/","title":{"rendered":"Winter"},"content":{"rendered":"<div class=\"wpb-content-wrapper\"><p>[vc_section full_width=&#8220;stretch_row&#8220; content_placement=&#8220;middle&#8220; css=&#8220;.vc_custom_1643032160694{background-image: url(https:\/\/hushotellhunge.com\/wp-content\/uploads\/2022\/01\/winteractiviteiten-zweden.jpg?id=299) !important;background-position: center !important;background-repeat: no-repeat !important;background-size: cover !important;}&#8220; el_class=&#8220;topfoto bodem&#8220;][vc_row][vc_column el_class=&#8220;titelbloktrans&#8220; offset=&#8220;vc_col-lg-7 vc_col-md-7 vc_col-xs-12&#8243; css=&#8220;.vc_custom_1642686762497{margin-bottom: 20px !important;}&#8220;][vc_column_text]<\/p>\n<h1>DAS Hunge Winter-Erlebnis<\/h1>\n<h3 style=\"text-align: left;\">All-In-Paket<\/h3>\n<p>[\/vc_column_text][vc_column_text el_class=&#8220;introtekst&#8220;]Von Montag, dem 12. Dezember 2022, bis Samstag, dem 25. M\u00e4rz 2023, bieten wir Ihnen das 6-t\u00e4gige Hunge Winter-Erlebnis an. Genie\u00dfen Sie All-inclusive-Abenteuer wie Motorschlittentouren, Husky-Schlittentouren, Eisfischen, abendliche Fackelwanderungen, sowie Mahlzeiten im Freien und die typsiche schwedische Fika (= Kaffee- oder Vesperpause). Nach Ihrer R\u00fcckkehr k\u00f6nnen Sie sich entspannt an den gro\u00dfen Tisch setzen und ein gemeinsames Essen genie\u00dfen. Wer wei\u00df, vielleicht sehen Sie sogar die magischen Nordlichter. An Ihrem freien Tag k\u00f6nnen Sie auch eine Langlauftour unternehmen, wenn Sie m\u00f6chten. Wir sind gerade dabei, das Gesamtpaket zusammenzustellen. Wenn Sie Interesse haben, kontaktieren Sie uns bitte per E-Mail oder Telefon, um die M\u00f6glichkeiten zu besprechen.[\/vc_column_text][\/vc_column][vc_column width=&#8220;4\/12&#8243;][vc_btn title=&#8220;Winter-Angebot&#8220; link=&#8220;url:https%3A%2F%2Fhushotellhunge.com%2Fde%2Faktivitaeten%2Fhunge-winter-experience%2F|title:Hunge%20Winter%20Experience&#8220;][\/vc_column][\/vc_row][\/vc_section][vc_section full_width=&#8220;stretch_row&#8220; content_placement=&#8220;middle&#8220; el_class=&#8220;rondfotodonkergroen rondfoto&#8220;][vc_row gap=&#8220;35&#8243; equal_height=&#8220;yes&#8220; rtl_reverse=&#8220;yes&#8220; content_placement=&#8220;middle&#8220;][vc_column width=&#8220;2\/3&#8243;][vc_column_text el_class=&#8220;introtekst&#8220;]<\/p>\n<h3>Eisfischen<\/h3>\n<p>Eisangeln wird auch Winterangeln genannt. Nach einem Spaziergang \u00fcber den See oder mit dem Schneemobil-Taxi bohren Sie L\u00f6cher in das Eis und angeln mit einer einfachen kurzen Rute. Haben Sie das noch nie gemacht? Oder m\u00f6gen Sie das Angeln im Allgemeinen nicht? Dann sollten Sie wissen, dass Eisangeln etwas ganz Anderes, Besonders ist. Es macht Spa\u00df, ist aufregend, und die Zubereitung des selbst gefangenen Fisches auf offenem Feuer bereitet pure Freude. Ein Erlebnis, das Sie nie vergessen werden.[\/vc_column_text][\/vc_column][vc_column width=&#8220;1\/3&#8243;][vc_single_image image=&#8220;786&#8243; img_size=&#8220;500 x 500&#8243; alignment=&#8220;right&#8220; style=&#8220;vc_box_border_circle&#8220; border_color=&#8220;white&#8220; el_class=&#8220;afbrondrechts&#8220;][\/vc_column][\/vc_row][\/vc_section][vc_section full_width=&#8220;stretch_row&#8220; content_placement=&#8220;middle&#8220; el_class=&#8220;rondfotolichtgroen rondfoto&#8220;][vc_row gap=&#8220;35&#8243; equal_height=&#8220;yes&#8220; content_placement=&#8220;middle&#8220;][vc_column width=&#8220;1\/3&#8243;][vc_single_image image=&#8220;804&#8243; img_size=&#8220;500 x 500&#8243; alignment=&#8220;right&#8220; style=&#8220;vc_box_border_circle&#8220; border_color=&#8220;white&#8220; el_class=&#8220;afbrond&#8220;][\/vc_column][vc_column width=&#8220;2\/3&#8243;][vc_column_text el_class=&#8220;introtekst&#8220;]<\/p>\n<h3>Motorschlittenfahrt<\/h3>\n<p>Bevor Sie auf dem Motorschlitten Platz nehmen, erhalten Sie eine kurze Einweisung. Der gro\u00dfe gefrorene See ist der ideale Ausgangspunkt f\u00fcr eine unvergessliche Motorschlittentour. Allein oder zu zweit geht es \u00fcber den zauberhaften wei\u00dfen See und durch die m\u00e4rchenhaften W\u00e4lder. Ein tolles Erlebnis f\u00fcr alle, die etwa zwei Stunden sitzen k\u00f6nnen, mit einer Pause dazwischen, und die sich mit dem Fahrer bewegen k\u00f6nnen. So k\u00f6nnen auch \u00e4ltere Erwachsene dieses erstaunliche Abenteuer genie\u00dfen. Wenn Sie Ihr eigenes Schneemobil fahren m\u00f6chten, ben\u00f6tigen Sie einen F\u00fchrerschein der Klasse B.[\/vc_column_text][\/vc_column][\/vc_row][\/vc_section][vc_section full_width=&#8220;stretch_row&#8220; content_placement=&#8220;middle&#8220; el_class=&#8220;rondfotodonkergroen rondfoto&#8220;][vc_row gap=&#8220;35&#8243; equal_height=&#8220;yes&#8220; rtl_reverse=&#8220;yes&#8220; content_placement=&#8220;middle&#8220;][vc_column width=&#8220;2\/3&#8243;][vc_column_text el_class=&#8220;introtekst&#8220;]<\/p>\n<h3>Husky-Schlitten-Tour<\/h3>\n<p>Sie werden von bellenden, fast winselnden Huskys begr\u00fc\u00dft. Sie sind sehr fr\u00f6hlich und wollen zusammen mit Ihnen und Ihrem Reiseleiter losziehen. Sie genie\u00dfen die Fahrt in aller Ruhe und k\u00f6nnen die sch\u00f6nste Umgebung sehen. Plaudern Sie mit Ihrem Reiseleiter ruhig ein wenig! Er kann Ihnen alles \u00fcber die Huskys und die Umgebung erz\u00e4hlen. Nat\u00fcrlich geh\u00f6rt auch eine Fika zu diesem Erlebnis. Sie k\u00f6nnen sich mit einem hei\u00dfen Getr\u00e4nk und gegrillten W\u00fcrstchen aufw\u00e4rmen, w\u00e4hrend die Huskys eine Verschnaufpause im Schnee einlegen. Und nat\u00fcrlich darf man nicht vergessen, sie zu knuddeln. Sobald sie merken, dass die Fahrt fortgesetzt wird, werden sie unruhig und k\u00f6nnen es kaum erwarten zu gehen. Eine weitere Aktivit\u00e4t f\u00fcr alle Altersgruppen, die man nie vergessen wird.[\/vc_column_text][\/vc_column][vc_column width=&#8220;1\/3&#8243;][vc_single_image image=&#8220;800&#8243; img_size=&#8220;500 x 500&#8243; alignment=&#8220;right&#8220; style=&#8220;vc_box_border_circle&#8220; border_color=&#8220;white&#8220; el_class=&#8220;afbrondrechts&#8220;][\/vc_column][\/vc_row][\/vc_section][vc_section full_width=&#8220;stretch_row&#8220; content_placement=&#8220;middle&#8220; el_class=&#8220;rondfotolichtgroen rondfoto&#8220;][vc_row gap=&#8220;35&#8243; equal_height=&#8220;yes&#8220; content_placement=&#8220;middle&#8220;][vc_column width=&#8220;1\/3&#8243;][vc_single_image image=&#8220;810&#8243; img_size=&#8220;500 x 500&#8243; alignment=&#8220;right&#8220; style=&#8220;vc_box_border_circle&#8220; border_color=&#8220;white&#8220; el_class=&#8220;afbrond&#8220;][\/vc_column][vc_column width=&#8220;2\/3&#8243;][vc_column_text el_class=&#8220;introtekst&#8220;]<\/p>\n<h3>Skilanglauf<\/h3>\n<p>Zwischen all den aufregenden Aktivit\u00e4ten k\u00f6nnen Sie einen Ruhetag einlegen oder&#8230; die Gelegenheit zum Langlaufen nutzen. Wenn Sie Ihre eigene Ausr\u00fcstung dabei haben, k\u00f6nnen Sie nat\u00fcrlich jederzeit Langlaufski fahren, wenn Sie wollen. Wir k\u00f6nnen auch einen Skiverleih f\u00fcr Sie organisieren. Der Verleih von Langlaufskiern ist nicht im Pauschalangebot enthalten, die Preise sind auf Anfrage erh\u00e4ltlich. Vom Hus Hotell Hunge aus k\u00f6nnen Sie direkt mit einer ca. 5 km langen Strecke starten, die Sie \u00fcber den See, durch den Wald und das Dorf Hunge f\u00fchrt. Eine sch\u00f6ne Strecke! Und wenn Sie nur ein Anf\u00e4nger sind, k\u00f6nnen Sie nat\u00fcrlich jederzeit umkehren und die gleiche Strecke zur\u00fcckfahren.[\/vc_column_text][\/vc_column][\/vc_row][\/vc_section][vc_section full_width=&#8220;stretch_row&#8220; content_placement=&#8220;middle&#8220; el_class=&#8220;rondfotodonkergroen rondfoto&#8220;][vc_row gap=&#8220;35&#8243; equal_height=&#8220;yes&#8220; rtl_reverse=&#8220;yes&#8220; content_placement=&#8220;middle&#8220;][vc_column width=&#8220;2\/3&#8243;][vc_column_text el_class=&#8220;introtekst&#8220;]<\/p>\n<h3>Erleben Sie die schillernden Nordlichter<\/h3>\n<p>Das Nordlicht ist eines der unglaublichsten Naturph\u00e4nomene der Welt, und Nordschweden ist einer der besten Orte, um dieses ikonische Naturwunder zu beobachten. Gr\u00fcne, wei\u00dfe, orangefarbene, rote und violette Streifen tanzen \u00fcber den Nachthimmel und erzeugen ein atemberaubendes Schauspiel, das sowohl unheimlich als auch bezaubernd sch\u00f6n ist. Mit etwas Gl\u00fcck k\u00f6nnen Sie selbst Zeuge dieses Naturschauspiels werden und sich f\u00fcr immer an die Lichter und Ihr Erlebnis erinnern![\/vc_column_text][\/vc_column][vc_column width=&#8220;1\/3&#8243;][vc_single_image image=&#8220;815&#8243; img_size=&#8220;500 x 500&#8243; alignment=&#8220;right&#8220; style=&#8220;vc_box_border_circle&#8220; border_color=&#8220;white&#8220; el_class=&#8220;afbrondrechts&#8220;][\/vc_column][\/vc_row][\/vc_section][vc_section full_width=&#8220;stretch_row&#8220; content_placement=&#8220;middle&#8220; el_class=&#8220;rondfotolichtgroen rondfoto&#8220;][vc_row gap=&#8220;35&#8243; equal_height=&#8220;yes&#8220; content_placement=&#8220;middle&#8220;][vc_column width=&#8220;1\/3&#8243;][vc_single_image image=&#8220;1243&#8243; img_size=&#8220;500 x 500&#8243; alignment=&#8220;right&#8220; style=&#8220;vc_box_border_circle&#8220; border_color=&#8220;white&#8220; el_class=&#8220;afbrond&#8220;][\/vc_column][vc_column width=&#8220;2\/3&#8243;][vc_column_text el_class=&#8220;introtekst&#8220;]<\/p>\n<h3>Fackelwanderung<\/h3>\n<p>Vor dem Schlafengehen gemeinsam rausgehen. Mit einer Fackel \u00fcber den See und durch den Wald laufen. Ein sch\u00f6nes und besonderes Erlebnis, so gem\u00fctlich wie es nur sein kann. Beachten Sie, dass Sie eventuell spezielle Schneeschuhe ben\u00f6tigen.[\/vc_column_text][\/vc_column][\/vc_row][\/vc_section][vc_row][vc_column][vc_column_text]<\/p>\n<p>&nbsp;<\/p>\n<p>&nbsp;<\/p>\n<p>[\/vc_column_text][\/vc_column][\/vc_row][vc_row][vc_column]\n<div class=\"wpcf7 no-js\" id=\"wpcf7-f2379-o1\" lang=\"de-DE\" dir=\"ltr\" data-wpcf7-id=\"2379\">\n<div class=\"screen-reader-response\"><p role=\"status\" aria-live=\"polite\" aria-atomic=\"true\"><\/p> <ul><\/ul><\/div>\n<form action=\"\/de\/wp-json\/wp\/v2\/pages\/2265#wpcf7-f2379-o1\" method=\"post\" class=\"wpcf7-form init\" aria-label=\"Kontaktformular\" novalidate=\"novalidate\" data-status=\"init\">\n<fieldset class=\"hidden-fields-container\"><input type=\"hidden\" name=\"_wpcf7\" value=\"2379\" \/><input type=\"hidden\" name=\"_wpcf7_version\" value=\"6.1.5\" \/><input type=\"hidden\" name=\"_wpcf7_locale\" value=\"de_DE\" \/><input type=\"hidden\" name=\"_wpcf7_unit_tag\" value=\"wpcf7-f2379-o1\" \/><input type=\"hidden\" name=\"_wpcf7_container_post\" value=\"0\" \/><input type=\"hidden\" name=\"_wpcf7_posted_data_hash\" value=\"\" \/><input type=\"hidden\" name=\"_wpcf7_recaptcha_response\" value=\"\" \/>\n<\/fieldset>\n<p><label> Name:*<br \/>\n<span class=\"wpcf7-form-control-wrap\" data-name=\"your-name\"><input size=\"40\" maxlength=\"400\" class=\"wpcf7-form-control wpcf7-text wpcf7-validates-as-required\" aria-required=\"true\" aria-invalid=\"false\" value=\"\" type=\"text\" name=\"your-name\" \/><\/span> <\/label>\n<\/p>\n<p><label> E-mail:*<br \/>\n<span class=\"wpcf7-form-control-wrap\" data-name=\"your-email\"><input size=\"40\" maxlength=\"400\" class=\"wpcf7-form-control wpcf7-email wpcf7-validates-as-required wpcf7-text wpcf7-validates-as-email\" aria-required=\"true\" aria-invalid=\"false\" value=\"\" type=\"email\" name=\"your-email\" \/><\/span> <\/label>\n<\/p>\n<p><label> Rufnummer:<br \/>\n<span class=\"wpcf7-form-control-wrap\" data-name=\"telefoon\"><input size=\"40\" maxlength=\"400\" class=\"wpcf7-form-control wpcf7-text\" aria-invalid=\"false\" value=\"\" type=\"text\" name=\"telefoon\" \/><\/span> <\/label>\n<\/p>\n<p><label> Frage oder Bemerkung:<br \/>\n<span class=\"wpcf7-form-control-wrap\" data-name=\"your-message\"><textarea cols=\"40\" rows=\"10\" maxlength=\"2000\" class=\"wpcf7-form-control wpcf7-textarea\" aria-invalid=\"false\" name=\"your-message\"><\/textarea><\/span> <\/label>\n<\/p>\n<p><input class=\"wpcf7-form-control wpcf7-submit has-spinner bd-button\" type=\"submit\" value=\"Senden\" \/>\n<\/p><p style=\"display: none !important;\" class=\"akismet-fields-container\" data-prefix=\"_wpcf7_ak_\"><label>&#916;<textarea name=\"_wpcf7_ak_hp_textarea\" cols=\"45\" rows=\"8\" maxlength=\"100\"><\/textarea><\/label><input type=\"hidden\" id=\"ak_js_1\" name=\"_wpcf7_ak_js\" value=\"177\"\/><script type=\"text\/javascript\">\n\/* <![CDATA[ *\/\ndocument.getElementById( \"ak_js_1\" ).setAttribute( \"value\", ( new Date() ).getTime() );\n\/* ]]> *\/\n<\/script>\n<\/p><div class=\"wpcf7-response-output\" aria-hidden=\"true\"><\/div>\n<\/form>\n<\/div>\n[\/vc_column][\/vc_row]<\/p>\n<\/div>","protected":false},"excerpt":{"rendered":"<p>[vc_section full_width=&#8220;stretch_row&#8220; content_placement=&#8220;middle&#8220; css=&#8220;.vc_custom_1643032160694{background-image: url(https:\/\/hushotellhunge.com\/wp-content\/uploads\/2022\/01\/winteractiviteiten-zweden.jpg?id=299) !important;background-position: center !important;background-repeat: no-repeat !important;background-size: cover !important;}&#8220; el_class=&#8220;topfoto bodem&#8220;][vc_row][vc_column el_class=&#8220;titelbloktrans&#8220; offset=&#8220;vc_col-lg-7 vc_col-md-7 vc_col-xs-12&#8243; css=&#8220;.vc_custom_1642686762497{margin-bottom: 20px !important;}&#8220;][vc_column_text] DAS Hunge Winter-Erlebnis All-In-Paket [\/vc_column_text][vc_column_text el_class=&#8220;introtekst&#8220;]Von Montag, dem 12. Dezember 2022, bis Samstag, dem 25. M\u00e4rz 2023, bieten wir Ihnen das 6-t\u00e4gige Hunge Winter-Erlebnis an. Genie\u00dfen Sie All-inclusive-Abenteuer wie Motorschlittentouren, Husky-Schlittentouren, Eisfischen, abendliche Fackelwanderungen, [&hellip;]<\/p>\n","protected":false},"author":2,"featured_media":0,"parent":2237,"menu_order":0,"comment_status":"closed","ping_status":"closed","template":"","meta":{"_acf_changed":false,"footnotes":""},"class_list":["post-2265","page","type-page","status-publish","hentry"],"acf":[],"yoast_head":"<!-- This site is optimized with the Yoast SEO plugin v27.0 - https:\/\/yoast.com\/product\/yoast-seo-wordpress\/ -->\n<title>Winter - Hus Hotell Hunge<\/title>\n<meta name=\"robots\" content=\"index, follow, max-snippet:-1, max-image-preview:large, max-video-preview:-1\" \/>\n<link rel=\"canonical\" href=\"https:\/\/hushotellhunge.com\/de\/aktivitaeten\/winter\/\" \/>\n<meta property=\"og:locale\" content=\"de_DE\" \/>\n<meta property=\"og:type\" content=\"article\" \/>\n<meta property=\"og:title\" content=\"Winter - Hus Hotell Hunge\" \/>\n<meta property=\"og:description\" content=\"[vc_section full_width=&#8220;stretch_row&#8220; content_placement=&#8220;middle&#8220; css=&#8220;.vc_custom_1643032160694{background-image: url(https:\/\/hushotellhunge.com\/wp-content\/uploads\/2022\/01\/winteractiviteiten-zweden.jpg?id=299) !important;background-position: center !important;background-repeat: no-repeat !important;background-size: cover !important;}&#8220; el_class=&#8220;topfoto bodem&#8220;][vc_row][vc_column el_class=&#8220;titelbloktrans&#8220; offset=&#8220;vc_col-lg-7 vc_col-md-7 vc_col-xs-12&#8243; css=&#8220;.vc_custom_1642686762497{margin-bottom: 20px !important;}&#8220;][vc_column_text] DAS Hunge Winter-Erlebnis All-In-Paket [\/vc_column_text][vc_column_text el_class=&#8220;introtekst&#8220;]Von Montag, dem 12. Dezember 2022, bis Samstag, dem 25. M\u00e4rz 2023, bieten wir Ihnen das 6-t\u00e4gige Hunge Winter-Erlebnis an. Genie\u00dfen Sie All-inclusive-Abenteuer wie Motorschlittentouren, Husky-Schlittentouren, Eisfischen, abendliche Fackelwanderungen, [&hellip;]\" \/>\n<meta property=\"og:url\" content=\"https:\/\/hushotellhunge.com\/de\/aktivitaeten\/winter\/\" \/>\n<meta property=\"og:site_name\" content=\"Hus Hotell Hunge\" \/>\n<meta property=\"article:modified_time\" content=\"2022-10-28T13:27:37+00:00\" \/>\n<meta name=\"twitter:card\" content=\"summary_large_image\" \/>\n<meta name=\"twitter:label1\" content=\"Gesch\u00e4tzte Lesezeit\" \/>\n\t<meta name=\"twitter:data1\" content=\"4\u00a0Minuten\" \/>\n<script type=\"application\/ld+json\" class=\"yoast-schema-graph\">{\"@context\":\"https:\/\/schema.org\",\"@graph\":[{\"@type\":\"WebPage\",\"@id\":\"https:\/\/hushotellhunge.com\/de\/aktivitaeten\/winter\/\",\"url\":\"https:\/\/hushotellhunge.com\/de\/aktivitaeten\/winter\/\",\"name\":\"Winter - Hus Hotell Hunge\",\"isPartOf\":{\"@id\":\"https:\/\/hushotellhunge.com\/de\/#website\"},\"datePublished\":\"2022-01-20T13:28:38+00:00\",\"dateModified\":\"2022-10-28T13:27:37+00:00\",\"breadcrumb\":{\"@id\":\"https:\/\/hushotellhunge.com\/de\/aktivitaeten\/winter\/#breadcrumb\"},\"inLanguage\":\"de\",\"potentialAction\":[{\"@type\":\"ReadAction\",\"target\":[\"https:\/\/hushotellhunge.com\/de\/aktivitaeten\/winter\/\"]}]},{\"@type\":\"BreadcrumbList\",\"@id\":\"https:\/\/hushotellhunge.com\/de\/aktivitaeten\/winter\/#breadcrumb\",\"itemListElement\":[{\"@type\":\"ListItem\",\"position\":1,\"name\":\"Home\",\"item\":\"https:\/\/hushotellhunge.com\/de\/\"},{\"@type\":\"ListItem\",\"position\":2,\"name\":\"Aktivit\u00e4ten\",\"item\":\"https:\/\/hushotellhunge.com\/de\/aktivitaeten\/\"},{\"@type\":\"ListItem\",\"position\":3,\"name\":\"Winter\"}]},{\"@type\":\"WebSite\",\"@id\":\"https:\/\/hushotellhunge.com\/de\/#website\",\"url\":\"https:\/\/hushotellhunge.com\/de\/\",\"name\":\"Hus Hotell Hunge\",\"description\":\"Meet &amp; Adventure\",\"publisher\":{\"@id\":\"https:\/\/hushotellhunge.com\/de\/#organization\"},\"potentialAction\":[{\"@type\":\"SearchAction\",\"target\":{\"@type\":\"EntryPoint\",\"urlTemplate\":\"https:\/\/hushotellhunge.com\/de\/?s={search_term_string}\"},\"query-input\":{\"@type\":\"PropertyValueSpecification\",\"valueRequired\":true,\"valueName\":\"search_term_string\"}}],\"inLanguage\":\"de\"},{\"@type\":\"Organization\",\"@id\":\"https:\/\/hushotellhunge.com\/de\/#organization\",\"name\":\"Hus Hotell Hunge\",\"url\":\"https:\/\/hushotellhunge.com\/de\/\",\"logo\":{\"@type\":\"ImageObject\",\"inLanguage\":\"de\",\"@id\":\"https:\/\/hushotellhunge.com\/de\/#\/schema\/logo\/image\/\",\"url\":\"https:\/\/hushotellhunge.com\/wp-content\/uploads\/2022\/01\/Hus-Hotell-Hunge-logo-header.png\",\"contentUrl\":\"https:\/\/hushotellhunge.com\/wp-content\/uploads\/2022\/01\/Hus-Hotell-Hunge-logo-header.png\",\"width\":482,\"height\":302,\"caption\":\"Hus Hotell Hunge\"},\"image\":{\"@id\":\"https:\/\/hushotellhunge.com\/de\/#\/schema\/logo\/image\/\"}}]}<\/script>\n<!-- \/ Yoast SEO plugin. -->","yoast_head_json":{"title":"Winter - Hus Hotell Hunge","robots":{"index":"index","follow":"follow","max-snippet":"max-snippet:-1","max-image-preview":"max-image-preview:large","max-video-preview":"max-video-preview:-1"},"canonical":"https:\/\/hushotellhunge.com\/de\/aktivitaeten\/winter\/","og_locale":"de_DE","og_type":"article","og_title":"Winter - Hus Hotell Hunge","og_description":"[vc_section full_width=&#8220;stretch_row&#8220; content_placement=&#8220;middle&#8220; css=&#8220;.vc_custom_1643032160694{background-image: url(https:\/\/hushotellhunge.com\/wp-content\/uploads\/2022\/01\/winteractiviteiten-zweden.jpg?id=299) !important;background-position: center !important;background-repeat: no-repeat !important;background-size: cover !important;}&#8220; el_class=&#8220;topfoto bodem&#8220;][vc_row][vc_column el_class=&#8220;titelbloktrans&#8220; offset=&#8220;vc_col-lg-7 vc_col-md-7 vc_col-xs-12&#8243; css=&#8220;.vc_custom_1642686762497{margin-bottom: 20px !important;}&#8220;][vc_column_text] DAS Hunge Winter-Erlebnis All-In-Paket [\/vc_column_text][vc_column_text el_class=&#8220;introtekst&#8220;]Von Montag, dem 12. Dezember 2022, bis Samstag, dem 25. M\u00e4rz 2023, bieten wir Ihnen das 6-t\u00e4gige Hunge Winter-Erlebnis an. Genie\u00dfen Sie All-inclusive-Abenteuer wie Motorschlittentouren, Husky-Schlittentouren, Eisfischen, abendliche Fackelwanderungen, [&hellip;]","og_url":"https:\/\/hushotellhunge.com\/de\/aktivitaeten\/winter\/","og_site_name":"Hus Hotell Hunge","article_modified_time":"2022-10-28T13:27:37+00:00","twitter_card":"summary_large_image","twitter_misc":{"Gesch\u00e4tzte Lesezeit":"4\u00a0Minuten"},"schema":{"@context":"https:\/\/schema.org","@graph":[{"@type":"WebPage","@id":"https:\/\/hushotellhunge.com\/de\/aktivitaeten\/winter\/","url":"https:\/\/hushotellhunge.com\/de\/aktivitaeten\/winter\/","name":"Winter - Hus Hotell Hunge","isPartOf":{"@id":"https:\/\/hushotellhunge.com\/de\/#website"},"datePublished":"2022-01-20T13:28:38+00:00","dateModified":"2022-10-28T13:27:37+00:00","breadcrumb":{"@id":"https:\/\/hushotellhunge.com\/de\/aktivitaeten\/winter\/#breadcrumb"},"inLanguage":"de","potentialAction":[{"@type":"ReadAction","target":["https:\/\/hushotellhunge.com\/de\/aktivitaeten\/winter\/"]}]},{"@type":"BreadcrumbList","@id":"https:\/\/hushotellhunge.com\/de\/aktivitaeten\/winter\/#breadcrumb","itemListElement":[{"@type":"ListItem","position":1,"name":"Home","item":"https:\/\/hushotellhunge.com\/de\/"},{"@type":"ListItem","position":2,"name":"Aktivit\u00e4ten","item":"https:\/\/hushotellhunge.com\/de\/aktivitaeten\/"},{"@type":"ListItem","position":3,"name":"Winter"}]},{"@type":"WebSite","@id":"https:\/\/hushotellhunge.com\/de\/#website","url":"https:\/\/hushotellhunge.com\/de\/","name":"Hus Hotell Hunge","description":"Meet &amp; Adventure","publisher":{"@id":"https:\/\/hushotellhunge.com\/de\/#organization"},"potentialAction":[{"@type":"SearchAction","target":{"@type":"EntryPoint","urlTemplate":"https:\/\/hushotellhunge.com\/de\/?s={search_term_string}"},"query-input":{"@type":"PropertyValueSpecification","valueRequired":true,"valueName":"search_term_string"}}],"inLanguage":"de"},{"@type":"Organization","@id":"https:\/\/hushotellhunge.com\/de\/#organization","name":"Hus Hotell Hunge","url":"https:\/\/hushotellhunge.com\/de\/","logo":{"@type":"ImageObject","inLanguage":"de","@id":"https:\/\/hushotellhunge.com\/de\/#\/schema\/logo\/image\/","url":"https:\/\/hushotellhunge.com\/wp-content\/uploads\/2022\/01\/Hus-Hotell-Hunge-logo-header.png","contentUrl":"https:\/\/hushotellhunge.com\/wp-content\/uploads\/2022\/01\/Hus-Hotell-Hunge-logo-header.png","width":482,"height":302,"caption":"Hus Hotell Hunge"},"image":{"@id":"https:\/\/hushotellhunge.com\/de\/#\/schema\/logo\/image\/"}}]}},"_links":{"self":[{"href":"https:\/\/hushotellhunge.com\/de\/wp-json\/wp\/v2\/pages\/2265","targetHints":{"allow":["GET"]}}],"collection":[{"href":"https:\/\/hushotellhunge.com\/de\/wp-json\/wp\/v2\/pages"}],"about":[{"href":"https:\/\/hushotellhunge.com\/de\/wp-json\/wp\/v2\/types\/page"}],"author":[{"embeddable":true,"href":"https:\/\/hushotellhunge.com\/de\/wp-json\/wp\/v2\/users\/2"}],"replies":[{"embeddable":true,"href":"https:\/\/hushotellhunge.com\/de\/wp-json\/wp\/v2\/comments?post=2265"}],"version-history":[{"count":5,"href":"https:\/\/hushotellhunge.com\/de\/wp-json\/wp\/v2\/pages\/2265\/revisions"}],"predecessor-version":[{"id":2979,"href":"https:\/\/hushotellhunge.com\/de\/wp-json\/wp\/v2\/pages\/2265\/revisions\/2979"}],"up":[{"embeddable":true,"href":"https:\/\/hushotellhunge.com\/de\/wp-json\/wp\/v2\/pages\/2237"}],"wp:attachment":[{"href":"https:\/\/hushotellhunge.com\/de\/wp-json\/wp\/v2\/media?parent=2265"}],"curies":[{"name":"wp","href":"https:\/\/api.w.org\/{rel}","templated":true}]}}