{"id":2269,"date":"2022-03-12T12:12:17","date_gmt":"2022-03-12T11:12:17","guid":{"rendered":"https:\/\/hushotellhunge.com\/aktivitaeten\/zomer\/"},"modified":"2025-03-28T14:11:26","modified_gmt":"2025-03-28T13:11:26","slug":"sommer","status":"publish","type":"page","link":"https:\/\/hushotellhunge.com\/de\/aktivitaeten\/sommer\/","title":{"rendered":"Sommer"},"content":{"rendered":"<div class=\"wpb-content-wrapper\"><p>[vc_section full_width=&#8220;stretch_row&#8220; content_placement=&#8220;middle&#8220; css=&#8220;.vc_custom_1647709018133{background-image: url(https:\/\/hushotellhunge.com\/wp-content\/uploads\/2022\/01\/lente-hus-hotell-hunge.jpg?id=172) !important;background-position: center !important;background-repeat: no-repeat !important;background-size: cover !important;}&#8220; el_class=&#8220;topfoto bodem&#8220;][vc_row][vc_column width=&#8220;1\/12&#8243; el_class=&#8220;titelbloktrans&#8220; offset=&#8220;vc_col-lg-7 vc_col-md-7 vc_col-xs-12&#8243; css=&#8220;.vc_custom_1642686762497{margin-bottom: 20px !important;}&#8220;][vc_column_text css=&#8220;&#8220;]<\/p>\n<h1 style=\"text-align: left;\">Der Sommer soll kommen&#8230;<\/h1>\n<p>Schlie\u00dfen Sie zu jeder Tageszeit die Augen. H\u00f6ren Sie auf das Rauschen des Windes. Atmen Sie ein, f\u00fcllen Sie Ihre Lungen und entspannen Sie sich vollkommen. Vorbei sind die t\u00e4glichen Sorgen.<\/p>\n<p>Die Tage sind besonders lang. Um den 25. Juni geht die Sonne kaum unter. In der einen Stunde, in der sie untergeht, ist sie nur leicht ged\u00e4mpft. Die Temperaturen sind angenehm, und man kann die freie Natur genie\u00dfen, und die Tage sind besonders lang.[\/vc_column_text][\/vc_column][vc_column width=&#8220;4\/12&#8243;][vc_btn title=&#8220;Wanderrouten&#8220; css=&#8220;&#8220; link=&#8220;url:https%3A%2F%2Fhushotellhunge.com%2Fde%2Faktivitaeten%2Fsommer%2Fwandern-in-mittelschweden%2F|title:Reserveren&#8220;][vc_btn title=&#8220;Hunge Sommerpaket&#8220; css=&#8220;&#8220; link=&#8220;url:https%3A%2F%2Fhushotellhunge.com%2Fde%2Faktivitaeten%2Fsommer%2Fsommererlebnis-in-hunge%2F|title:Sommererlebnis%20in%20Hunge&#8220;][\/vc_column][\/vc_row][\/vc_section][vc_section full_width=&#8220;stretch_row&#8220; content_placement=&#8220;middle&#8220; el_class=&#8220;rondfotodonkergroen rondfoto&#8220;][vc_row gap=&#8220;35&#8243; equal_height=&#8220;yes&#8220; rtl_reverse=&#8220;yes&#8220; content_placement=&#8220;middle&#8220;][vc_column width=&#8220;2\/3&#8243;][vc_column_text css=&#8220;&#8220; el_class=&#8220;introtekst&#8220;]<\/p>\n<h3>Sch\u00f6nes Wandern zu allen Jahreszeiten!<\/h3>\n<p>Die Landschaft von J\u00e4mtland H\u00e4rjedalen l\u00e4dt dazu ein, entdeckt zu werden. Zu Fu\u00df zum Beispiel gibt es viele M\u00f6glichkeiten. Hier finden Sie Hunderte von Kilometern markierter Wanderwege: von ruhigen Tagestouren bis hin zu anspruchsvollen <a href=\"https:\/\/hushotellhunge.com\/de\/aktivitaeten\/sommer\/wandern-in-mittelschweden\/\" target=\"_blank\" rel=\"noopener\">Wanderungen<\/a>. Wer wei\u00df, vielleicht sehen Sie ja<br \/>\neines der wilden Tiere wie Elch, B\u00e4r oder Rentier. Sie finden hier viele leichte Wanderungen, aber auch f\u00fcr die abenteuerlicheren Wanderer gibt es im Sommer viel zu wandern. Wie weet spot je<br \/>\n\u00e9\u00e9n van de wilde dieren zoals een eland, beer of rendier. Je vindt hier veel makkelijke wandelingen maar ook voor de meer avontuurlijke wandelaars valt er genoeg te wandelen in de zomer.[\/vc_column_text][\/vc_column][vc_column width=&#8220;1\/3&#8243;][vc_single_image image=&#8220;823&#8243; img_size=&#8220;500 x 500&#8243; alignment=&#8220;right&#8220; style=&#8220;vc_box_border_circle&#8220; border_color=&#8220;white&#8220; el_class=&#8220;afbrondrechts&#8220;][\/vc_column][\/vc_row][\/vc_section][vc_section full_width=&#8220;stretch_row&#8220; content_placement=&#8220;middle&#8220; el_class=&#8220;rondfotolichtgroen rondfoto&#8220;][vc_row gap=&#8220;35&#8243; equal_height=&#8220;yes&#8220; content_placement=&#8220;middle&#8220;][vc_column width=&#8220;1\/3&#8243;][vc_single_image image=&#8220;912&#8243; img_size=&#8220;500 x 500&#8243; alignment=&#8220;right&#8220; style=&#8220;vc_box_border_circle&#8220; border_color=&#8220;white&#8220; el_class=&#8220;afbrond&#8220;][\/vc_column][vc_column width=&#8220;2\/3&#8243;][vc_column_text css=&#8220;&#8220; el_class=&#8220;introtekst&#8220;]<\/p>\n<h3>Fantastisches Angelziel<\/h3>\n<p>Was gibt es Sch\u00f6neres, als am Ende des Tages einen selbst gefangenen Fisch auf dem Grill zu genie\u00dfen? In Schweden k\u00f6nnen Sie das. Der Hungesjon und die vielen anderen Seen in der N\u00e4he sind reich an Fisch. Hier k\u00f6nnen Sie u. a. Forellen, Barsche, Rotaugen und Hechte fangen. Allerdings brauchen Sie einen Angelschein und f\u00fcr einige Fische gelten bestimmte Regeln. Boots- und Angelausr\u00fcstungsverleih in 4 km Entfernung &#8211; mehr Informationen <em><strong><a href=\"https:\/\/johnjohns.se\/fiskeflytetyg-uthyres\/\" target=\"_blank\" rel=\"noopener\">hier<\/a><\/strong><\/em>.[\/vc_column_text][\/vc_column][\/vc_row][\/vc_section][vc_section full_width=&#8220;stretch_row&#8220; content_placement=&#8220;middle&#8220; el_class=&#8220;rondfotodonkergroen rondfoto&#8220;][vc_row gap=&#8220;35&#8243; equal_height=&#8220;yes&#8220; rtl_reverse=&#8220;yes&#8220; content_placement=&#8220;middle&#8220;][vc_column width=&#8220;2\/3&#8243;][vc_column_text css=&#8220;&#8220; el_class=&#8220;introtekst&#8220;]<\/p>\n<h3>Kanufahren oder Suppen<\/h3>\n<p>Die vielen sch\u00f6nen und ruhigen Seen in J\u00e4mtland laden zum Kanufahren oder zum Abendessen ein. Friedlich \u00fcber das ruhige Wasser zu gleiten, umgeben von ausgedehnten W\u00e4ldern und beeindruckenden Berglandschaften, ist ein Erlebnis, das Sie so schnell nicht vergessen werden. Paddeln Sie an abgelegenen Inseln vorbei und erleben Sie Schwedens unber\u00fchrte Natur.<\/p>\n<p data-pm-slice=\"1 1 []\">Unterwegs k\u00f6nnen Sie an einer der vielen traditionellen Grillh\u00fctten anhalten, wo Sie eine leckere Fika genie\u00dfen k\u00f6nnen &#8211; die schwedische Tradition einer Kaffeepause mit etwas S\u00fc\u00dfem dazu. Nehmen Sie sich Zeit zum Entspannen, atmen Sie die frische Luft ein und genie\u00dfen Sie lokale K\u00f6stlichkeiten wie Zimtbr\u00f6tchen (kanelbullar). Die ruhigen Gew\u00e4sser sind f\u00fcr Anf\u00e4nger und erfahrene Abenteurer gleicherma\u00dfen geeignet. Was kann man sich mehr w\u00fcnschen?<\/p>\n<p data-pm-slice=\"1 1 []\">Sup Miete (2) im Hus Hotell Hunge. Infos zum Kanuverleih hier <em><strong><a href=\"https:\/\/www-brackenasta-se.translate.goog\/se--gora\/aventyr\/bat-kanot-och-flotte?_x_tr_sl=sv&amp;_x_tr_tl=en&amp;_x_tr_hl=sv&amp;_x_tr_pto=nui\" target=\"_blank\" rel=\"noopener\">klicken!<\/a><\/strong><\/em><\/p>\n<p>[\/vc_column_text][\/vc_column][vc_column width=&#8220;1\/3&#8243;][vc_single_image image=&#8220;61&#8243; img_size=&#8220;500 x 500&#8243; alignment=&#8220;right&#8220; style=&#8220;vc_box_border_circle&#8220; border_color=&#8220;white&#8220; el_class=&#8220;afbrondrechts&#8220;][\/vc_column][\/vc_row][\/vc_section][vc_section full_width=&#8220;stretch_row&#8220; content_placement=&#8220;middle&#8220; el_class=&#8220;rondfotolichtgroen rondfoto&#8220;][vc_row gap=&#8220;35&#8243; equal_height=&#8220;yes&#8220; content_placement=&#8220;middle&#8220;][vc_column width=&#8220;1\/3&#8243;][vc_single_image image=&#8220;151&#8243; img_size=&#8220;500 x 500&#8243; alignment=&#8220;right&#8220; style=&#8220;vc_box_border_circle&#8220; border_color=&#8220;white&#8220; el_class=&#8220;afbrond&#8220;][\/vc_column][vc_column width=&#8220;2\/3&#8243;][vc_column_text css=&#8220;&#8220; el_class=&#8220;introtekst&#8220;]<\/p>\n<h3>Schwimmen in kristallklarem Wasser<\/h3>\n<p>Das klare Wasser und die vielen kleinen Str\u00e4nde laden im Sommer zu einem erfrischenden Bad ein. Viele Orte haben Stege und die M\u00f6glichkeit, buchst\u00e4blich ein Bad zu nehmen. Etwa 200 Meter vom Hus Hotell Hunge entfernt k\u00f6nnen Sie im flachen Wasser in den See laufen und endlich ein erfrischendes Bad nehmen.[\/vc_column_text][\/vc_column][\/vc_row][\/vc_section][vc_section full_width=&#8220;stretch_row&#8220; content_placement=&#8220;middle&#8220; el_class=&#8220;rondfotodonkergroen rondfoto&#8220;][vc_row gap=&#8220;35&#8243; equal_height=&#8220;yes&#8220; rtl_reverse=&#8220;yes&#8220; content_placement=&#8220;middle&#8220;][vc_column width=&#8220;2\/3&#8243;][vc_column_text el_class=&#8220;introtekst&#8220;]<\/p>\n<h3>Wildtierbeobachtung<\/h3>\n<p>Die Region J\u00e4mtland H\u00e4rjedalen ist im Sommer eine Walhalla f\u00fcr alle Arten von Wildtieren. Es macht Spa\u00df und ist aufregend, beim Genie\u00dfen der Natur besonders aufmerksam zu sein und sich umzuschauen, ob Sie vielleicht ein Rentier, einen Elch, einen Luchs oder sogar einen B\u00e4ren entdecken! Vor allem in den fr\u00fchen Morgenstunden und bei Einbruch der Dunkelheit haben Sie die Chance, ein wildes Tier zu sehen. Wenn das nicht klappt, k\u00f6nnen Sie jederzeit in den Moose Garden gehen, wo Sie Elche aus n\u00e4chster N\u00e4he sehen k\u00f6nnen.[\/vc_column_text][\/vc_column][vc_column width=&#8220;1\/3&#8243;][vc_single_image image=&#8220;917&#8243; img_size=&#8220;500 x 500&#8243; alignment=&#8220;right&#8220; style=&#8220;vc_box_border_circle&#8220; border_color=&#8220;white&#8220; el_class=&#8220;afbrondrechts&#8220;][\/vc_column][\/vc_row][\/vc_section][vc_section full_width=&#8220;stretch_row&#8220; content_placement=&#8220;middle&#8220; el_class=&#8220;rondfotolichtgroen rondfoto&#8220;][vc_row gap=&#8220;35&#8243; equal_height=&#8220;yes&#8220; content_placement=&#8220;middle&#8220;][vc_column width=&#8220;1\/3&#8243;][vc_single_image image=&#8220;1250&#8243; img_size=&#8220;500 x 500&#8243; alignment=&#8220;right&#8220; style=&#8220;vc_box_border_circle&#8220; border_color=&#8220;white&#8220; el_class=&#8220;afbrond&#8220;][\/vc_column][vc_column width=&#8220;2\/3&#8243;][vc_column_text css=&#8220;&#8220; el_class=&#8220;introtekst&#8220;]<\/p>\n<h3>Erkunden Sie die Umgebung mit dem Fahrrad<\/h3>\n<p>Op de fiets de natuur intens ervaren! De omgeving van Hunge biedt zowel voor de recreatieve als de sportieve fietser diverse mogelijkheden. Ook leent het gebied zich voor de wat meer gedurfde mountainbikers. Heb jij je eigen fiets mee dan is het bezichtigen van een stad per fiets ook zeker de moeite waard. Verhuur E-bike (1 dames en 1 heren) via Hus Hotell Hunge.[\/vc_column_text][\/vc_column][\/vc_row][\/vc_section]<\/p>\n<\/div>","protected":false},"excerpt":{"rendered":"<p>[vc_section full_width=&#8220;stretch_row&#8220; content_placement=&#8220;middle&#8220; css=&#8220;.vc_custom_1647709018133{background-image: url(https:\/\/hushotellhunge.com\/wp-content\/uploads\/2022\/01\/lente-hus-hotell-hunge.jpg?id=172) !important;background-position: center !important;background-repeat: no-repeat !important;background-size: cover !important;}&#8220; el_class=&#8220;topfoto bodem&#8220;][vc_row][vc_column width=&#8220;1\/12&#8243; el_class=&#8220;titelbloktrans&#8220; offset=&#8220;vc_col-lg-7 vc_col-md-7 vc_col-xs-12&#8243; css=&#8220;.vc_custom_1642686762497{margin-bottom: 20px !important;}&#8220;][vc_column_text css=&#8220;&#8220;] Der Sommer soll kommen&#8230; Schlie\u00dfen Sie zu jeder Tageszeit die Augen. H\u00f6ren Sie auf das Rauschen des Windes. Atmen Sie ein, f\u00fcllen Sie Ihre Lungen und entspannen Sie sich vollkommen. Vorbei sind [&hellip;]<\/p>\n","protected":false},"author":1,"featured_media":0,"parent":2237,"menu_order":0,"comment_status":"closed","ping_status":"closed","template":"","meta":{"_acf_changed":false,"footnotes":""},"class_list":["post-2269","page","type-page","status-publish","hentry"],"acf":[],"yoast_head":"<!-- This site is optimized with the Yoast SEO plugin v27.0 - https:\/\/yoast.com\/product\/yoast-seo-wordpress\/ -->\n<title>Sommer - Hus Hotell Hunge %<\/title>\n<meta name=\"description\" content=\"Schlie\u00dfen Sie zu jeder Tageszeit die Augen. Atmen Sie tief ein und f\u00fcllen Sie Ihre Lungen mit Luft und entspannen\" \/>\n<meta name=\"robots\" content=\"index, follow, max-snippet:-1, max-image-preview:large, max-video-preview:-1\" \/>\n<link rel=\"canonical\" href=\"https:\/\/hushotellhunge.com\/de\/aktivitaeten\/sommer\/\" \/>\n<meta property=\"og:locale\" content=\"de_DE\" \/>\n<meta property=\"og:type\" content=\"article\" \/>\n<meta property=\"og:title\" content=\"Sommer - Hus Hotell Hunge %\" \/>\n<meta property=\"og:description\" content=\"Schlie\u00dfen Sie zu jeder Tageszeit die Augen. Atmen Sie tief ein und f\u00fcllen Sie Ihre Lungen mit Luft und entspannen\" \/>\n<meta property=\"og:url\" content=\"https:\/\/hushotellhunge.com\/de\/aktivitaeten\/sommer\/\" \/>\n<meta property=\"og:site_name\" content=\"Hus Hotell Hunge\" \/>\n<meta property=\"article:modified_time\" content=\"2025-03-28T13:11:26+00:00\" \/>\n<meta name=\"twitter:card\" content=\"summary_large_image\" \/>\n<meta name=\"twitter:label1\" content=\"Gesch\u00e4tzte Lesezeit\" \/>\n\t<meta name=\"twitter:data1\" content=\"5\u00a0Minuten\" \/>\n<script type=\"application\/ld+json\" class=\"yoast-schema-graph\">{\"@context\":\"https:\/\/schema.org\",\"@graph\":[{\"@type\":\"WebPage\",\"@id\":\"https:\/\/hushotellhunge.com\/de\/aktivitaeten\/sommer\/\",\"url\":\"https:\/\/hushotellhunge.com\/de\/aktivitaeten\/sommer\/\",\"name\":\"Sommer - Hus Hotell Hunge %\",\"isPartOf\":{\"@id\":\"https:\/\/hushotellhunge.com\/de\/#website\"},\"datePublished\":\"2022-03-12T11:12:17+00:00\",\"dateModified\":\"2025-03-28T13:11:26+00:00\",\"description\":\"Schlie\u00dfen Sie zu jeder Tageszeit die Augen. Atmen Sie tief ein und f\u00fcllen Sie Ihre Lungen mit Luft und entspannen\",\"breadcrumb\":{\"@id\":\"https:\/\/hushotellhunge.com\/de\/aktivitaeten\/sommer\/#breadcrumb\"},\"inLanguage\":\"de\",\"potentialAction\":[{\"@type\":\"ReadAction\",\"target\":[\"https:\/\/hushotellhunge.com\/de\/aktivitaeten\/sommer\/\"]}]},{\"@type\":\"BreadcrumbList\",\"@id\":\"https:\/\/hushotellhunge.com\/de\/aktivitaeten\/sommer\/#breadcrumb\",\"itemListElement\":[{\"@type\":\"ListItem\",\"position\":1,\"name\":\"Home\",\"item\":\"https:\/\/hushotellhunge.com\/de\/\"},{\"@type\":\"ListItem\",\"position\":2,\"name\":\"Aktivit\u00e4ten\",\"item\":\"https:\/\/hushotellhunge.com\/de\/aktivitaeten\/\"},{\"@type\":\"ListItem\",\"position\":3,\"name\":\"Sommer\"}]},{\"@type\":\"WebSite\",\"@id\":\"https:\/\/hushotellhunge.com\/de\/#website\",\"url\":\"https:\/\/hushotellhunge.com\/de\/\",\"name\":\"Hus Hotell Hunge\",\"description\":\"Meet &amp; Adventure\",\"publisher\":{\"@id\":\"https:\/\/hushotellhunge.com\/de\/#organization\"},\"potentialAction\":[{\"@type\":\"SearchAction\",\"target\":{\"@type\":\"EntryPoint\",\"urlTemplate\":\"https:\/\/hushotellhunge.com\/de\/?s={search_term_string}\"},\"query-input\":{\"@type\":\"PropertyValueSpecification\",\"valueRequired\":true,\"valueName\":\"search_term_string\"}}],\"inLanguage\":\"de\"},{\"@type\":\"Organization\",\"@id\":\"https:\/\/hushotellhunge.com\/de\/#organization\",\"name\":\"Hus Hotell Hunge\",\"url\":\"https:\/\/hushotellhunge.com\/de\/\",\"logo\":{\"@type\":\"ImageObject\",\"inLanguage\":\"de\",\"@id\":\"https:\/\/hushotellhunge.com\/de\/#\/schema\/logo\/image\/\",\"url\":\"https:\/\/hushotellhunge.com\/wp-content\/uploads\/2022\/01\/Hus-Hotell-Hunge-logo-header.png\",\"contentUrl\":\"https:\/\/hushotellhunge.com\/wp-content\/uploads\/2022\/01\/Hus-Hotell-Hunge-logo-header.png\",\"width\":482,\"height\":302,\"caption\":\"Hus Hotell Hunge\"},\"image\":{\"@id\":\"https:\/\/hushotellhunge.com\/de\/#\/schema\/logo\/image\/\"}}]}<\/script>\n<!-- \/ Yoast SEO plugin. -->","yoast_head_json":{"title":"Sommer - Hus Hotell Hunge %","description":"Schlie\u00dfen Sie zu jeder Tageszeit die Augen. Atmen Sie tief ein und f\u00fcllen Sie Ihre Lungen mit Luft und entspannen","robots":{"index":"index","follow":"follow","max-snippet":"max-snippet:-1","max-image-preview":"max-image-preview:large","max-video-preview":"max-video-preview:-1"},"canonical":"https:\/\/hushotellhunge.com\/de\/aktivitaeten\/sommer\/","og_locale":"de_DE","og_type":"article","og_title":"Sommer - Hus Hotell Hunge %","og_description":"Schlie\u00dfen Sie zu jeder Tageszeit die Augen. Atmen Sie tief ein und f\u00fcllen Sie Ihre Lungen mit Luft und entspannen","og_url":"https:\/\/hushotellhunge.com\/de\/aktivitaeten\/sommer\/","og_site_name":"Hus Hotell Hunge","article_modified_time":"2025-03-28T13:11:26+00:00","twitter_card":"summary_large_image","twitter_misc":{"Gesch\u00e4tzte Lesezeit":"5\u00a0Minuten"},"schema":{"@context":"https:\/\/schema.org","@graph":[{"@type":"WebPage","@id":"https:\/\/hushotellhunge.com\/de\/aktivitaeten\/sommer\/","url":"https:\/\/hushotellhunge.com\/de\/aktivitaeten\/sommer\/","name":"Sommer - Hus Hotell Hunge %","isPartOf":{"@id":"https:\/\/hushotellhunge.com\/de\/#website"},"datePublished":"2022-03-12T11:12:17+00:00","dateModified":"2025-03-28T13:11:26+00:00","description":"Schlie\u00dfen Sie zu jeder Tageszeit die Augen. Atmen Sie tief ein und f\u00fcllen Sie Ihre Lungen mit Luft und entspannen","breadcrumb":{"@id":"https:\/\/hushotellhunge.com\/de\/aktivitaeten\/sommer\/#breadcrumb"},"inLanguage":"de","potentialAction":[{"@type":"ReadAction","target":["https:\/\/hushotellhunge.com\/de\/aktivitaeten\/sommer\/"]}]},{"@type":"BreadcrumbList","@id":"https:\/\/hushotellhunge.com\/de\/aktivitaeten\/sommer\/#breadcrumb","itemListElement":[{"@type":"ListItem","position":1,"name":"Home","item":"https:\/\/hushotellhunge.com\/de\/"},{"@type":"ListItem","position":2,"name":"Aktivit\u00e4ten","item":"https:\/\/hushotellhunge.com\/de\/aktivitaeten\/"},{"@type":"ListItem","position":3,"name":"Sommer"}]},{"@type":"WebSite","@id":"https:\/\/hushotellhunge.com\/de\/#website","url":"https:\/\/hushotellhunge.com\/de\/","name":"Hus Hotell Hunge","description":"Meet &amp; Adventure","publisher":{"@id":"https:\/\/hushotellhunge.com\/de\/#organization"},"potentialAction":[{"@type":"SearchAction","target":{"@type":"EntryPoint","urlTemplate":"https:\/\/hushotellhunge.com\/de\/?s={search_term_string}"},"query-input":{"@type":"PropertyValueSpecification","valueRequired":true,"valueName":"search_term_string"}}],"inLanguage":"de"},{"@type":"Organization","@id":"https:\/\/hushotellhunge.com\/de\/#organization","name":"Hus Hotell Hunge","url":"https:\/\/hushotellhunge.com\/de\/","logo":{"@type":"ImageObject","inLanguage":"de","@id":"https:\/\/hushotellhunge.com\/de\/#\/schema\/logo\/image\/","url":"https:\/\/hushotellhunge.com\/wp-content\/uploads\/2022\/01\/Hus-Hotell-Hunge-logo-header.png","contentUrl":"https:\/\/hushotellhunge.com\/wp-content\/uploads\/2022\/01\/Hus-Hotell-Hunge-logo-header.png","width":482,"height":302,"caption":"Hus Hotell Hunge"},"image":{"@id":"https:\/\/hushotellhunge.com\/de\/#\/schema\/logo\/image\/"}}]}},"_links":{"self":[{"href":"https:\/\/hushotellhunge.com\/de\/wp-json\/wp\/v2\/pages\/2269","targetHints":{"allow":["GET"]}}],"collection":[{"href":"https:\/\/hushotellhunge.com\/de\/wp-json\/wp\/v2\/pages"}],"about":[{"href":"https:\/\/hushotellhunge.com\/de\/wp-json\/wp\/v2\/types\/page"}],"author":[{"embeddable":true,"href":"https:\/\/hushotellhunge.com\/de\/wp-json\/wp\/v2\/users\/1"}],"replies":[{"embeddable":true,"href":"https:\/\/hushotellhunge.com\/de\/wp-json\/wp\/v2\/comments?post=2269"}],"version-history":[{"count":28,"href":"https:\/\/hushotellhunge.com\/de\/wp-json\/wp\/v2\/pages\/2269\/revisions"}],"predecessor-version":[{"id":15530,"href":"https:\/\/hushotellhunge.com\/de\/wp-json\/wp\/v2\/pages\/2269\/revisions\/15530"}],"up":[{"embeddable":true,"href":"https:\/\/hushotellhunge.com\/de\/wp-json\/wp\/v2\/pages\/2237"}],"wp:attachment":[{"href":"https:\/\/hushotellhunge.com\/de\/wp-json\/wp\/v2\/media?parent=2269"}],"curies":[{"name":"wp","href":"https:\/\/api.w.org\/{rel}","templated":true}]}}