{"id":2273,"date":"2022-01-24T11:53:32","date_gmt":"2022-01-24T10:53:32","guid":{"rendered":"https:\/\/hushotellhunge.com\/appartementen\/"},"modified":"2022-06-10T14:02:45","modified_gmt":"2022-06-10T12:02:45","slug":"ferienwohnungen","status":"publish","type":"page","link":"https:\/\/hushotellhunge.com\/de\/ferienwohnungen\/","title":{"rendered":"Ferienwohnungen"},"content":{"rendered":"<div class=\"wpb-content-wrapper\"><p>[vc_section full_width=&#8220;stretch_row&#8220; css=&#8220;.vc_custom_1651743591497{padding-top: 50px !important;padding-bottom: 20px !important;background-color: #bbcaad !important;}&#8220; el_class=&#8220;topstrookblokken lichtgroen&#8220;][vc_row][vc_column]<div class=\"templatera_shortcode\"><div class=\"vc_row wpb_row vc_row-fluid\"><div class=\"wpb_column vc_column_container vc_col-sm-12\"><div class=\"vc_column-inner\"><div class=\"wpb_wrapper\">\n\t<div class=\"wpb_text_column wpb_content_element\" >\n\t\t<div class=\"wpb_wrapper\">\n\t\t\t<h1>K\u00f6nigliche Scandic-Apartments<\/h1>\n<p>Im M\u00e4rz 2023 konnten wir die Renovierung der 7. Wohnung abschlie\u00dfen. Alle Wohnungen sind skandinavisch und thematisch gestaltet.<\/p>\n<p>Fr\u00fchst\u00fcck: Wir servieren zwischen 07:30-09:30 Uhr im Husrum f\u00fcr 125 SEK pro Person.<\/p>\n<p>In einem geschlossenen Fl\u00fcgel stehen zwei Wohnungen (Kronhjort und Ekorre) f\u00fcr Haustiere und ihre Besitzer zur Verf\u00fcgung<\/p>\n<p><strong>Husrum<\/strong>, der Versammlungsraum mit einer gem\u00fctlichen Sitz- und Kaffeeecke und mehreren Tischen, um andere zu treffen. Es stehen Spiele zur Verf\u00fcgung und von diesem Raum aus haben Sie einen sch\u00f6nen Blick auf den Garten und den See.<\/p>\n<p><strong>Hus Hotell Garten, <\/strong>mit Panoramablick auf die H\u00fcgel und den Hungesj\u00f6n, Terrasse mit mehreren Sitzpl\u00e4tzen, um Ihr Fr\u00fchst\u00fcck oder Abendessen in der Sonne zu genie\u00dfen. Eine gro\u00dfe Wiese mit Grill, wo Sie die Ruhe und Gem\u00fctlichkeit bis sp\u00e4t in den Abend genie\u00dfen k\u00f6nnen.<\/p>\n<p><strong>Skorstuga, <\/strong>der Ort, an dem Sie das Hus Hotell Hunge betreten und wo Sie Ihre Ski- oder Wanderschuhe und Langlaufskier reinigen und abstellen k\u00f6nnen.<\/p>\n<p><strong>Garderob, <\/strong>wo Sie Ihren Mantel, Ihre Handschuhe und Ihre Skihose aufh\u00e4ngen und trocknen k\u00f6nnen.<\/p>\n<p><strong>Tv\u00e4ttstuga, <\/strong>mit der M\u00f6glichkeit, W\u00e4sche zu waschen und einen Trockner zu benutzen.<\/p>\n<p><strong>Supermarkt: <\/strong>4,5 km vom Hus Hotell Hunge entfernt befindet sich ein ICA-Supermarkt.<\/p>\n<p><em><strong><a href=\"https:\/\/hushotellhunge.com\/de\/gruppe\/\">Gruppenunterkunft<\/a><\/strong><\/em><\/p>\n<p>Die meisten Feriwnwohnungen haben eine voll ausgestattete K\u00fcchenzeile mit Gefrierschrank, K\u00fchlschrank, Mikrowelle, Wasserkocher, Kaffeemaschine, 2 Kochplatten und... Garten- oder Seeblick. Einige haben ein separates Schlafzimmer und einen Sitzplatz im Freien. Siehe detaillierte Informationen pro Wohnung.<\/p>\n\n\t\t<\/div>\n\t<\/div>\n<\/div><\/div><\/div><\/div><\/div>[\/vc_column][\/vc_row][vc_row][vc_column]<div class=\"templatera_shortcode\"><style type=\"text\/css\" data-type=\"vc_shortcodes-custom-css\">.vc_custom_1676550694996{background-color: rgba(230,231,226,0.75) !important;*background-color: rgb(230,231,226) !important;}.vc_custom_1658931349559{background-color: rgba(187,202,173,0.75) !important;*background-color: rgb(187,202,173) !important;}.vc_custom_1654858034331{background-color: rgba(73,98,76,0.75) !important;*background-color: rgb(73,98,76) !important;}.vc_custom_1654858104165{background-color: rgba(76,66,44,0.75) !important;*background-color: rgb(76,66,44) !important;}.vc_custom_1654858164248{background-color: rgba(230,231,226,0.75) !important;*background-color: rgb(230,231,226) !important;}.vc_custom_1654858216077{background-color: rgba(187,202,173,0.75) !important;*background-color: rgb(187,202,173) !important;}.vc_custom_1654858262406{background-color: rgba(73,98,76,0.75) !important;*background-color: rgb(73,98,76) !important;}.vc_custom_1654858319238{background-color: rgba(76,66,44,0.75) !important;*background-color: rgb(76,66,44) !important;}<\/style><section data-vc-full-width=\"true\" data-vc-full-width-temp=\"true\" data-vc-full-width-init=\"false\" class=\"vc_section topstrookblokken\"><div class=\"vc_row wpb_row vc_row-fluid activiteitenrij vc_column-gap-5 vc_row-o-equal-height vc_row-o-content-bottom vc_row-flex\"><div class=\"wpb_column vc_column_container vc_col-sm-3 vc_col-xs-6\"><div class=\"vc_column-inner\"><div class=\"wpb_wrapper\">\n\t<div  class=\"wpb_single_image wpb_content_element vc_align_center wpb_content_element\">\n\t\t\n\t\t<figure class=\"wpb_wrapper vc_figure\">\n\t\t\t<a href=\"https:\/\/hushotellhunge.com\/de\/ferienwohnungen\/ekorre\/\" target=\"_self\" class=\"vc_single_image-wrapper   vc_box_border_grey\"><img decoding=\"async\" class=\"vc_single_image-img lazyload\" data-src=\"https:\/\/hushotellhunge.com\/wp-content\/uploads\/2022\/01\/02-Ekorre-Lagenhet-Hus-Hotell-Hunge.png\" width=\"450\" height=\"695\" alt=\"02-Ekorre La\u0308genhet Hus Hotell Hunge\" title=\"02-Ekorre La\u0308genhet Hus Hotell Hunge\" src=\"data:image\/svg+xml;base64,PHN2ZyB3aWR0aD0iMSIgaGVpZ2h0PSIxIiB4bWxucz0iaHR0cDovL3d3dy53My5vcmcvMjAwMC9zdmciPjwvc3ZnPg==\" style=\"--smush-placeholder-width: 450px; --smush-placeholder-aspect-ratio: 450\/695;\" \/><\/a>\n\t\t<\/figure>\n\t<\/div>\n\n\t<div class=\"wpb_text_column wpb_content_element vc_custom_1676550694996 fototitellicht\" >\n\t\t<div class=\"wpb_wrapper\">\n\t\t\t<p style=\"text-align: center;\"><a href=\"https:\/\/hushotellhunge.com\/de\/ferienwohnungen\/ekorre\/\">Ekorre<\/a><\/p>\n\n\t\t<\/div>\n\t<\/div>\n<\/div><\/div><\/div><div class=\"wpb_column vc_column_container vc_col-sm-3 vc_col-xs-6\"><div class=\"vc_column-inner\"><div class=\"wpb_wrapper\">\n\t<div  class=\"wpb_single_image wpb_content_element vc_align_center wpb_content_element\">\n\t\t\n\t\t<figure class=\"wpb_wrapper vc_figure\">\n\t\t\t<a href=\"https:\/\/hushotellhunge.com\/de\/ferienwohnungen\/kronhjort\/\" target=\"_self\" class=\"vc_single_image-wrapper   vc_box_border_grey\"><img decoding=\"async\" class=\"vc_single_image-img lazyload\" data-src=\"https:\/\/hushotellhunge.com\/wp-content\/uploads\/2022\/01\/03-Kronhjort-Lagenhet-Hus-Hotell-Hunge.png\" width=\"450\" height=\"695\" alt=\"03-Kronhjort La\u0308genhet Hus Hotell Hunge\" title=\"03-Kronhjort La\u0308genhet Hus Hotell Hunge\" src=\"data:image\/svg+xml;base64,PHN2ZyB3aWR0aD0iMSIgaGVpZ2h0PSIxIiB4bWxucz0iaHR0cDovL3d3dy53My5vcmcvMjAwMC9zdmciPjwvc3ZnPg==\" style=\"--smush-placeholder-width: 450px; --smush-placeholder-aspect-ratio: 450\/695;\" \/><\/a>\n\t\t<\/figure>\n\t<\/div>\n\n\t<div class=\"wpb_text_column wpb_content_element vc_custom_1658931349559 fototitellichtgr\" >\n\t\t<div class=\"wpb_wrapper\">\n\t\t\t<p style=\"text-align: center;\"><a href=\"https:\/\/hushotellhunge.com\/de\/ferienwohnungen\/kronhjort\/\">Kronjhort<\/a><\/p>\n\n\t\t<\/div>\n\t<\/div>\n<\/div><\/div><\/div><div class=\"wpb_column vc_column_container vc_col-sm-3 vc_col-xs-6\"><div class=\"vc_column-inner\"><div class=\"wpb_wrapper\">\n\t<div  class=\"wpb_single_image wpb_content_element vc_align_center wpb_content_element\">\n\t\t\n\t\t<figure class=\"wpb_wrapper vc_figure\">\n\t\t\t<a href=\"https:\/\/hushotellhunge.com\/de\/ferienwohnung\/ren\/\" target=\"_self\" class=\"vc_single_image-wrapper   vc_box_border_grey\"><img decoding=\"async\" class=\"vc_single_image-img lazyload\" data-src=\"https:\/\/hushotellhunge.com\/wp-content\/uploads\/2022\/01\/04-Ren-Lagenhet-Hus-Hotell-Hunge.png\" width=\"450\" height=\"695\" alt=\"04-Ren La\u0308genhet Hus Hotell Hunge\" title=\"04-Ren La\u0308genhet Hus Hotell Hunge\" src=\"data:image\/svg+xml;base64,PHN2ZyB3aWR0aD0iMSIgaGVpZ2h0PSIxIiB4bWxucz0iaHR0cDovL3d3dy53My5vcmcvMjAwMC9zdmciPjwvc3ZnPg==\" style=\"--smush-placeholder-width: 450px; --smush-placeholder-aspect-ratio: 450\/695;\" \/><\/a>\n\t\t<\/figure>\n\t<\/div>\n\n\t<div class=\"wpb_text_column wpb_content_element vc_custom_1654858034331 fototiteldonkergr\" >\n\t\t<div class=\"wpb_wrapper\">\n\t\t\t<p style=\"text-align: center;\"><a href=\"https:\/\/hushotellhunge.com\/de\/ferienwohnung\/ren\/\">Ren<\/a><\/p>\n\n\t\t<\/div>\n\t<\/div>\n<\/div><\/div><\/div><div class=\"wpb_column vc_column_container vc_col-sm-3 vc_col-xs-6\"><div class=\"vc_column-inner\"><div class=\"wpb_wrapper\">\n\t<div  class=\"wpb_single_image wpb_content_element vc_align_center wpb_content_element\">\n\t\t\n\t\t<figure class=\"wpb_wrapper vc_figure\">\n\t\t\t<a href=\"https:\/\/hushotellhunge.com\/de\/ferienwohnung\/rav\/\" target=\"_self\" class=\"vc_single_image-wrapper   vc_box_border_grey\"><img decoding=\"async\" class=\"vc_single_image-img lazyload\" data-src=\"https:\/\/hushotellhunge.com\/wp-content\/uploads\/2022\/01\/05-Rav-Lagenhet-Hus-Hotell-Hunge.png\" width=\"450\" height=\"695\" alt=\"05-Ra\u0308v La\u0308genhet Hus Hotell Hunge\" title=\"05-Ra\u0308v La\u0308genhet Hus Hotell Hunge\" src=\"data:image\/svg+xml;base64,PHN2ZyB3aWR0aD0iMSIgaGVpZ2h0PSIxIiB4bWxucz0iaHR0cDovL3d3dy53My5vcmcvMjAwMC9zdmciPjwvc3ZnPg==\" style=\"--smush-placeholder-width: 450px; --smush-placeholder-aspect-ratio: 450\/695;\" \/><\/a>\n\t\t<\/figure>\n\t<\/div>\n\n\t<div class=\"wpb_text_column wpb_content_element vc_custom_1654858104165 fototitelbruin\" >\n\t\t<div class=\"wpb_wrapper\">\n\t\t\t<p style=\"text-align: center;\"><a href=\"https:\/\/hushotellhunge.com\/de\/ferienwohnung\/rav\/\">R\u00e4v<\/a><\/p>\n\n\t\t<\/div>\n\t<\/div>\n<\/div><\/div><\/div><\/div><div class=\"vc_row wpb_row vc_row-fluid activiteitenrij vc_column-gap-5 vc_row-o-equal-height vc_row-o-content-bottom vc_row-flex\"><div class=\"wpb_column vc_column_container vc_col-sm-3 vc_col-xs-6\"><div class=\"vc_column-inner\"><div class=\"wpb_wrapper\">\n\t<div  class=\"wpb_single_image wpb_content_element vc_align_center wpb_content_element\">\n\t\t\n\t\t<figure class=\"wpb_wrapper vc_figure\">\n\t\t\t<a href=\"https:\/\/hushotellhunge.com\/de\/ferienwohnung\/radjur\/\" target=\"_self\" class=\"vc_single_image-wrapper   vc_box_border_grey\"><img decoding=\"async\" class=\"vc_single_image-img lazyload\" data-src=\"https:\/\/hushotellhunge.com\/wp-content\/uploads\/2022\/01\/06-Radjur-Lagenhet-Hus-Hotell-Hunge.png\" width=\"450\" height=\"695\" alt=\"06-Ra\u030adjur La\u0308genhet Hus Hotell Hunge\" title=\"06-Ra\u030adjur La\u0308genhet Hus Hotell Hunge\" src=\"data:image\/svg+xml;base64,PHN2ZyB3aWR0aD0iMSIgaGVpZ2h0PSIxIiB4bWxucz0iaHR0cDovL3d3dy53My5vcmcvMjAwMC9zdmciPjwvc3ZnPg==\" style=\"--smush-placeholder-width: 450px; --smush-placeholder-aspect-ratio: 450\/695;\" \/><\/a>\n\t\t<\/figure>\n\t<\/div>\n\n\t<div class=\"wpb_text_column wpb_content_element vc_custom_1654858164248 fototitellicht\" >\n\t\t<div class=\"wpb_wrapper\">\n\t\t\t<p style=\"text-align: center;\"><a href=\"https:\/\/hushotellhunge.com\/de\/ferienwohnung\/radjur\/\">R\u00e5djur<\/a><\/p>\n\n\t\t<\/div>\n\t<\/div>\n<\/div><\/div><\/div><div class=\"wpb_column vc_column_container vc_col-sm-3 vc_col-xs-6\"><div class=\"vc_column-inner\"><div class=\"wpb_wrapper\">\n\t<div  class=\"wpb_single_image wpb_content_element vc_align_center wpb_content_element\">\n\t\t\n\t\t<figure class=\"wpb_wrapper vc_figure\">\n\t\t\t<a href=\"https:\/\/hushotellhunge.com\/de\/ferienwohnung\/varg\/\" target=\"_self\" class=\"vc_single_image-wrapper   vc_box_border_grey\"><img decoding=\"async\" class=\"vc_single_image-img lazyload\" data-src=\"https:\/\/hushotellhunge.com\/wp-content\/uploads\/2022\/01\/07-Varg-Lagenhet-Hus-Hotell-Hunge.png\" width=\"450\" height=\"695\" alt=\"07-Varg La\u0308genhet Hus Hotell Hunge\" title=\"07-Varg La\u0308genhet Hus Hotell Hunge\" src=\"data:image\/svg+xml;base64,PHN2ZyB3aWR0aD0iMSIgaGVpZ2h0PSIxIiB4bWxucz0iaHR0cDovL3d3dy53My5vcmcvMjAwMC9zdmciPjwvc3ZnPg==\" style=\"--smush-placeholder-width: 450px; --smush-placeholder-aspect-ratio: 450\/695;\" \/><\/a>\n\t\t<\/figure>\n\t<\/div>\n\n\t<div class=\"wpb_text_column wpb_content_element vc_custom_1654858216077 fototitellichtgr\" >\n\t\t<div class=\"wpb_wrapper\">\n\t\t\t<p style=\"text-align: center;\"><a href=\"https:\/\/hushotellhunge.com\/de\/ferienwohnung\/varg\/\">Varg<\/a><\/p>\n\n\t\t<\/div>\n\t<\/div>\n<\/div><\/div><\/div><div class=\"wpb_column vc_column_container vc_col-sm-3 vc_col-xs-6\"><div class=\"vc_column-inner\"><div class=\"wpb_wrapper\">\n\t<div  class=\"wpb_single_image wpb_content_element vc_align_center wpb_content_element\">\n\t\t\n\t\t<figure class=\"wpb_wrapper vc_figure\">\n\t\t\t<a href=\"https:\/\/hushotellhunge.com\/de\/ferienwohnung\/alg\/\" target=\"_self\" class=\"vc_single_image-wrapper   vc_box_border_grey\"><img decoding=\"async\" class=\"vc_single_image-img lazyload\" data-src=\"https:\/\/hushotellhunge.com\/wp-content\/uploads\/2022\/01\/08-Alg-Lagenhet-Hus-Hotell-Hunge.png\" width=\"450\" height=\"695\" alt=\"08-A\u0308lg La\u0308genhet Hus Hotell Hunge\" title=\"08-A\u0308lg La\u0308genhet Hus Hotell Hunge\" src=\"data:image\/svg+xml;base64,PHN2ZyB3aWR0aD0iMSIgaGVpZ2h0PSIxIiB4bWxucz0iaHR0cDovL3d3dy53My5vcmcvMjAwMC9zdmciPjwvc3ZnPg==\" style=\"--smush-placeholder-width: 450px; --smush-placeholder-aspect-ratio: 450\/695;\" \/><\/a>\n\t\t<\/figure>\n\t<\/div>\n\n\t<div class=\"wpb_text_column wpb_content_element vc_custom_1654858262406 fototiteldonkergr\" >\n\t\t<div class=\"wpb_wrapper\">\n\t\t\t<p style=\"text-align: center;\"><a href=\"https:\/\/hushotellhunge.com\/de\/ferienwohnung\/alg\/\">\u00c4lg<\/a><\/p>\n\n\t\t<\/div>\n\t<\/div>\n<\/div><\/div><\/div><div class=\"wpb_column vc_column_container vc_col-sm-3 vc_col-xs-6\"><div class=\"vc_column-inner\"><div class=\"wpb_wrapper\">\n\t<div  class=\"wpb_single_image wpb_content_element vc_align_center wpb_content_element\">\n\t\t\n\t\t<figure class=\"wpb_wrapper vc_figure\">\n\t\t\t<a href=\"https:\/\/hushotellhunge.com\/de\/ferienwohnung\/lodjur\/\" target=\"_self\" class=\"vc_single_image-wrapper   vc_box_border_grey\"><img decoding=\"async\" class=\"vc_single_image-img lazyload\" data-src=\"https:\/\/hushotellhunge.com\/wp-content\/uploads\/2022\/01\/09-Lodjur-Lagenhet-Hus-Hotell-Hunge.png\" width=\"450\" height=\"695\" alt=\"09-Lodjur La\u0308genhet Hus Hotell Hunge\" title=\"09-Lodjur La\u0308genhet Hus Hotell Hunge\" src=\"data:image\/svg+xml;base64,PHN2ZyB3aWR0aD0iMSIgaGVpZ2h0PSIxIiB4bWxucz0iaHR0cDovL3d3dy53My5vcmcvMjAwMC9zdmciPjwvc3ZnPg==\" style=\"--smush-placeholder-width: 450px; --smush-placeholder-aspect-ratio: 450\/695;\" \/><\/a>\n\t\t<\/figure>\n\t<\/div>\n\n\t<div class=\"wpb_text_column wpb_content_element vc_custom_1654858319238 fototitelbruin\" >\n\t\t<div class=\"wpb_wrapper\">\n\t\t\t<p style=\"text-align: center;\"><a href=\"https:\/\/hushotellhunge.com\/de\/ferienwohnung\/lodjur\/\">Lodjur<\/a><\/p>\n\n\t\t<\/div>\n\t<\/div>\n<\/div><\/div><\/div><\/div><\/section><div class=\"vc_row-full-width vc_clearfix\"><\/div><\/div>[\/vc_column][\/vc_row][vc_row][vc_column]<div class=\"templatera_shortcode\"><style type=\"text\/css\" data-type=\"vc_shortcodes-custom-css\">.vc_custom_1654856187869{background-color: rgba(76,66,44,0.75) !important;*background-color: rgb(76,66,44) !important;}<\/style><div class=\"vc_row wpb_row vc_row-fluid activiteitenrij groepsacco vc_column-gap-5 vc_row-o-equal-height vc_row-o-content-bottom vc_row-flex\"><div class=\"wpb_column vc_column_container vc_col-sm-12 vc_col-xs-6\"><div class=\"vc_column-inner\"><div class=\"wpb_wrapper\">\n\t<div  class=\"wpb_single_image wpb_content_element vc_align_center wpb_content_element\">\n\t\t\n\t\t<figure class=\"wpb_wrapper vc_figure\">\n\t\t\t<a href=\"https:\/\/hushotellhunge.com\/de\/gruppe\/\" target=\"_self\" class=\"vc_single_image-wrapper   vc_box_border_grey\"><img decoding=\"async\" class=\"vc_single_image-img lazyload\" data-src=\"https:\/\/hushotellhunge.com\/wp-content\/uploads\/2023\/11\/hoofdfoto-1791x1000-4-1778x695.png\" width=\"1778\" height=\"695\" alt=\"groupaccommodation gruppboende\nkonferenc\" title=\"hoofdfoto 1791x1000-4\" src=\"data:image\/svg+xml;base64,PHN2ZyB3aWR0aD0iMSIgaGVpZ2h0PSIxIiB4bWxucz0iaHR0cDovL3d3dy53My5vcmcvMjAwMC9zdmciPjwvc3ZnPg==\" style=\"--smush-placeholder-width: 1778px; --smush-placeholder-aspect-ratio: 1778\/695;\" \/><\/a>\n\t\t<\/figure>\n\t<\/div>\n\n\t<div class=\"wpb_text_column wpb_content_element vc_custom_1654856187869 fototitelbruin\" >\n\t\t<div class=\"wpb_wrapper\">\n\t\t\t<p style=\"text-align: center;\"><a href=\"https:\/\/hushotellhunge.com\/de\/gruppe\/\">Gruppenunterkunft<\/a><\/p>\n\n\t\t<\/div>\n\t<\/div>\n<\/div><\/div><\/div><\/div><\/div>[\/vc_column][\/vc_row][\/vc_section]<\/p>\n<\/div>","protected":false},"excerpt":{"rendered":"K\u00f6nigliche Scandic-Apartments Im M\u00e4rz 2023 konnten wir die Renovierung der 7. Wohnung abschlie\u00dfen. Alle Wohnungen sind skandinavisch und thematisch gestaltet. Fr\u00fchst\u00fcck: Wir servieren zwischen 07:30-09:30 Uhr im Husrum f\u00fcr 125 SEK pro Person. In einem geschlossenen Fl\u00fcgel stehen zwei Wohnungen (Kronhjort und Ekorre) f\u00fcr Haustiere und ihre Besitzer zur Verf\u00fcgung Husrum, der Versammlungsraum mit einer [...]","protected":false},"author":2,"featured_media":0,"parent":0,"menu_order":0,"comment_status":"closed","ping_status":"closed","template":"","meta":{"_acf_changed":false,"footnotes":""},"class_list":["post-2273","page","type-page","status-publish","hentry"],"acf":[],"yoast_head":"<!-- This site is optimized with the Yoast SEO plugin v27.0 - https:\/\/yoast.com\/product\/yoast-seo-wordpress\/ -->\n<title>Ferienwohnungen - Hus Hotell Hunge<\/title>\n<meta name=\"robots\" content=\"index, follow, max-snippet:-1, max-image-preview:large, max-video-preview:-1\" \/>\n<link rel=\"canonical\" href=\"https:\/\/hushotellhunge.com\/de\/ferienwohnungen\/\" \/>\n<meta property=\"og:locale\" content=\"de_DE\" \/>\n<meta property=\"og:type\" content=\"article\" \/>\n<meta property=\"og:title\" content=\"Ferienwohnungen - Hus Hotell Hunge\" \/>\n<meta property=\"og:url\" content=\"https:\/\/hushotellhunge.com\/de\/ferienwohnungen\/\" \/>\n<meta property=\"og:site_name\" content=\"Hus Hotell Hunge\" \/>\n<meta property=\"article:modified_time\" content=\"2022-06-10T12:02:45+00:00\" \/>\n<meta name=\"twitter:card\" content=\"summary_large_image\" \/>\n<meta name=\"twitter:label1\" content=\"Gesch\u00e4tzte Lesezeit\" \/>\n\t<meta name=\"twitter:data1\" content=\"2\u00a0Minuten\" \/>\n<script type=\"application\/ld+json\" class=\"yoast-schema-graph\">{\"@context\":\"https:\/\/schema.org\",\"@graph\":[{\"@type\":\"WebPage\",\"@id\":\"https:\/\/hushotellhunge.com\/de\/ferienwohnungen\/\",\"url\":\"https:\/\/hushotellhunge.com\/de\/ferienwohnungen\/\",\"name\":\"Ferienwohnungen - Hus Hotell Hunge\",\"isPartOf\":{\"@id\":\"https:\/\/hushotellhunge.com\/de\/#website\"},\"datePublished\":\"2022-01-24T10:53:32+00:00\",\"dateModified\":\"2022-06-10T12:02:45+00:00\",\"breadcrumb\":{\"@id\":\"https:\/\/hushotellhunge.com\/de\/ferienwohnungen\/#breadcrumb\"},\"inLanguage\":\"de\",\"potentialAction\":[{\"@type\":\"ReadAction\",\"target\":[\"https:\/\/hushotellhunge.com\/de\/ferienwohnungen\/\"]}]},{\"@type\":\"BreadcrumbList\",\"@id\":\"https:\/\/hushotellhunge.com\/de\/ferienwohnungen\/#breadcrumb\",\"itemListElement\":[{\"@type\":\"ListItem\",\"position\":1,\"name\":\"Home\",\"item\":\"https:\/\/hushotellhunge.com\/de\/\"},{\"@type\":\"ListItem\",\"position\":2,\"name\":\"Ferienwohnungen\"}]},{\"@type\":\"WebSite\",\"@id\":\"https:\/\/hushotellhunge.com\/de\/#website\",\"url\":\"https:\/\/hushotellhunge.com\/de\/\",\"name\":\"Hus Hotell Hunge\",\"description\":\"Meet &amp; Adventure\",\"publisher\":{\"@id\":\"https:\/\/hushotellhunge.com\/de\/#organization\"},\"potentialAction\":[{\"@type\":\"SearchAction\",\"target\":{\"@type\":\"EntryPoint\",\"urlTemplate\":\"https:\/\/hushotellhunge.com\/de\/?s={search_term_string}\"},\"query-input\":{\"@type\":\"PropertyValueSpecification\",\"valueRequired\":true,\"valueName\":\"search_term_string\"}}],\"inLanguage\":\"de\"},{\"@type\":\"Organization\",\"@id\":\"https:\/\/hushotellhunge.com\/de\/#organization\",\"name\":\"Hus Hotell Hunge\",\"url\":\"https:\/\/hushotellhunge.com\/de\/\",\"logo\":{\"@type\":\"ImageObject\",\"inLanguage\":\"de\",\"@id\":\"https:\/\/hushotellhunge.com\/de\/#\/schema\/logo\/image\/\",\"url\":\"https:\/\/hushotellhunge.com\/wp-content\/uploads\/2022\/01\/Hus-Hotell-Hunge-logo-header.png\",\"contentUrl\":\"https:\/\/hushotellhunge.com\/wp-content\/uploads\/2022\/01\/Hus-Hotell-Hunge-logo-header.png\",\"width\":482,\"height\":302,\"caption\":\"Hus Hotell Hunge\"},\"image\":{\"@id\":\"https:\/\/hushotellhunge.com\/de\/#\/schema\/logo\/image\/\"}}]}<\/script>\n<!-- \/ Yoast SEO plugin. -->","yoast_head_json":{"title":"Ferienwohnungen - Hus Hotell Hunge","robots":{"index":"index","follow":"follow","max-snippet":"max-snippet:-1","max-image-preview":"max-image-preview:large","max-video-preview":"max-video-preview:-1"},"canonical":"https:\/\/hushotellhunge.com\/de\/ferienwohnungen\/","og_locale":"de_DE","og_type":"article","og_title":"Ferienwohnungen - Hus Hotell Hunge","og_url":"https:\/\/hushotellhunge.com\/de\/ferienwohnungen\/","og_site_name":"Hus Hotell Hunge","article_modified_time":"2022-06-10T12:02:45+00:00","twitter_card":"summary_large_image","twitter_misc":{"Gesch\u00e4tzte Lesezeit":"2\u00a0Minuten"},"schema":{"@context":"https:\/\/schema.org","@graph":[{"@type":"WebPage","@id":"https:\/\/hushotellhunge.com\/de\/ferienwohnungen\/","url":"https:\/\/hushotellhunge.com\/de\/ferienwohnungen\/","name":"Ferienwohnungen - Hus Hotell Hunge","isPartOf":{"@id":"https:\/\/hushotellhunge.com\/de\/#website"},"datePublished":"2022-01-24T10:53:32+00:00","dateModified":"2022-06-10T12:02:45+00:00","breadcrumb":{"@id":"https:\/\/hushotellhunge.com\/de\/ferienwohnungen\/#breadcrumb"},"inLanguage":"de","potentialAction":[{"@type":"ReadAction","target":["https:\/\/hushotellhunge.com\/de\/ferienwohnungen\/"]}]},{"@type":"BreadcrumbList","@id":"https:\/\/hushotellhunge.com\/de\/ferienwohnungen\/#breadcrumb","itemListElement":[{"@type":"ListItem","position":1,"name":"Home","item":"https:\/\/hushotellhunge.com\/de\/"},{"@type":"ListItem","position":2,"name":"Ferienwohnungen"}]},{"@type":"WebSite","@id":"https:\/\/hushotellhunge.com\/de\/#website","url":"https:\/\/hushotellhunge.com\/de\/","name":"Hus Hotell Hunge","description":"Meet &amp; Adventure","publisher":{"@id":"https:\/\/hushotellhunge.com\/de\/#organization"},"potentialAction":[{"@type":"SearchAction","target":{"@type":"EntryPoint","urlTemplate":"https:\/\/hushotellhunge.com\/de\/?s={search_term_string}"},"query-input":{"@type":"PropertyValueSpecification","valueRequired":true,"valueName":"search_term_string"}}],"inLanguage":"de"},{"@type":"Organization","@id":"https:\/\/hushotellhunge.com\/de\/#organization","name":"Hus Hotell Hunge","url":"https:\/\/hushotellhunge.com\/de\/","logo":{"@type":"ImageObject","inLanguage":"de","@id":"https:\/\/hushotellhunge.com\/de\/#\/schema\/logo\/image\/","url":"https:\/\/hushotellhunge.com\/wp-content\/uploads\/2022\/01\/Hus-Hotell-Hunge-logo-header.png","contentUrl":"https:\/\/hushotellhunge.com\/wp-content\/uploads\/2022\/01\/Hus-Hotell-Hunge-logo-header.png","width":482,"height":302,"caption":"Hus Hotell Hunge"},"image":{"@id":"https:\/\/hushotellhunge.com\/de\/#\/schema\/logo\/image\/"}}]}},"_links":{"self":[{"href":"https:\/\/hushotellhunge.com\/de\/wp-json\/wp\/v2\/pages\/2273","targetHints":{"allow":["GET"]}}],"collection":[{"href":"https:\/\/hushotellhunge.com\/de\/wp-json\/wp\/v2\/pages"}],"about":[{"href":"https:\/\/hushotellhunge.com\/de\/wp-json\/wp\/v2\/types\/page"}],"author":[{"embeddable":true,"href":"https:\/\/hushotellhunge.com\/de\/wp-json\/wp\/v2\/users\/2"}],"replies":[{"embeddable":true,"href":"https:\/\/hushotellhunge.com\/de\/wp-json\/wp\/v2\/comments?post=2273"}],"version-history":[{"count":3,"href":"https:\/\/hushotellhunge.com\/de\/wp-json\/wp\/v2\/pages\/2273\/revisions"}],"predecessor-version":[{"id":2276,"href":"https:\/\/hushotellhunge.com\/de\/wp-json\/wp\/v2\/pages\/2273\/revisions\/2276"}],"wp:attachment":[{"href":"https:\/\/hushotellhunge.com\/de\/wp-json\/wp\/v2\/media?parent=2273"}],"curies":[{"name":"wp","href":"https:\/\/api.w.org\/{rel}","templated":true}]}}