{"id":2334,"date":"2022-01-25T11:11:39","date_gmt":"2022-01-25T10:11:39","guid":{"rendered":"https:\/\/hushotellhunge.com\/contact\/"},"modified":"2023-11-08T15:09:48","modified_gmt":"2023-11-08T14:09:48","slug":"kontaktangaben","status":"publish","type":"page","link":"https:\/\/hushotellhunge.com\/de\/kontaktangaben\/","title":{"rendered":"Kontaktangaben"},"content":{"rendered":"<div class=\"wpb-content-wrapper\"><p>[vc_section full_width=&#8220;stretch_row&#8220; css=&#8220;.vc_custom_1699452579655{background-image: url(https:\/\/hushotellhunge.com\/wp-content\/uploads\/2023\/11\/hoofdfoto-1791&#215;1000-2.png?id=9809) !important;background-position: center !important;background-repeat: no-repeat !important;background-size: cover !important;}&#8220; el_class=&#8220;topfoto smal&#8220;][vc_row gap=&#8220;35&#8243;][vc_column width=&#8220;1\/3&#8243; el_class=&#8220;titelbloktrans&#8220; css=&#8220;.vc_custom_1643105831789{padding-bottom: 20px !important;}&#8220;][vc_column_text]<\/p>\n<h2 style=\"text-align: center;\">Kontaktangaben<\/h2>\n<p>[\/vc_column_text][vc_column_text el_class=&#8220;introtekst&#8220;]<\/p>\n<p style=\"text-align: center;\">Schauen Sie sich die Route an oder kontaktieren Sie uns unverbindlich.<\/p>\n<p>[\/vc_column_text][\/vc_column][vc_column width=&#8220;1\/3&#8243;][\/vc_column][vc_column width=&#8220;1\/3&#8243;][\/vc_column][\/vc_row][\/vc_section][vc_section full_width=&#8220;stretch_row&#8220; css=&#8220;.vc_custom_1643107486070{padding-bottom: 45px !important;background-color: #efeef2 !important;}&#8220;][vc_row gap=&#8220;35&#8243;][vc_column width=&#8220;1\/2&#8243;][vc_column_text]<\/p>\n<h2><span style=\"font-family: 'Times New Roman',serif;\">Kontakt-Formular<\/span><\/h2>\n<p>[\/vc_column_text]\n<div class=\"wpcf7 no-js\" id=\"wpcf7-f2374-o1\" lang=\"de-DE\" dir=\"ltr\" data-wpcf7-id=\"2374\">\n<div class=\"screen-reader-response\"><p role=\"status\" aria-live=\"polite\" aria-atomic=\"true\"><\/p> <ul><\/ul><\/div>\n<form action=\"\/de\/wp-json\/wp\/v2\/pages\/2334#wpcf7-f2374-o1\" method=\"post\" class=\"wpcf7-form init\" aria-label=\"Kontaktformular\" novalidate=\"novalidate\" data-status=\"init\">\n<fieldset class=\"hidden-fields-container\"><input type=\"hidden\" name=\"_wpcf7\" value=\"2374\" \/><input type=\"hidden\" name=\"_wpcf7_version\" value=\"6.1.5\" \/><input type=\"hidden\" name=\"_wpcf7_locale\" value=\"de_DE\" \/><input type=\"hidden\" name=\"_wpcf7_unit_tag\" value=\"wpcf7-f2374-o1\" \/><input type=\"hidden\" name=\"_wpcf7_container_post\" value=\"0\" \/><input type=\"hidden\" name=\"_wpcf7_posted_data_hash\" value=\"\" \/><input type=\"hidden\" name=\"_wpcf7_recaptcha_response\" value=\"\" \/>\n<\/fieldset>\n<p><label> Name:*<br \/>\n<span class=\"wpcf7-form-control-wrap\" data-name=\"your-name\"><input size=\"40\" maxlength=\"400\" class=\"wpcf7-form-control wpcf7-text wpcf7-validates-as-required\" aria-required=\"true\" aria-invalid=\"false\" value=\"\" type=\"text\" name=\"your-name\" \/><\/span> <\/label>\n<\/p>\n<p><label> E-mail:*<br \/>\n<span class=\"wpcf7-form-control-wrap\" data-name=\"your-email\"><input size=\"40\" maxlength=\"400\" class=\"wpcf7-form-control wpcf7-email wpcf7-validates-as-required wpcf7-text wpcf7-validates-as-email\" aria-required=\"true\" aria-invalid=\"false\" value=\"\" type=\"email\" name=\"your-email\" \/><\/span> <\/label>\n<\/p>\n<p><label> Rufnummer:<br \/>\n<span class=\"wpcf7-form-control-wrap\" data-name=\"telefoon\"><input size=\"40\" maxlength=\"400\" class=\"wpcf7-form-control wpcf7-text\" aria-invalid=\"false\" value=\"\" type=\"text\" name=\"telefoon\" \/><\/span> <\/label>\n<\/p>\n<p><label> Frage oder Bemerkung:<br \/>\n<span class=\"wpcf7-form-control-wrap\" data-name=\"your-message\"><textarea cols=\"40\" rows=\"10\" maxlength=\"2000\" class=\"wpcf7-form-control wpcf7-textarea\" aria-invalid=\"false\" name=\"your-message\"><\/textarea><\/span> <\/label>\n<\/p>\n<p><input class=\"wpcf7-form-control wpcf7-submit has-spinner bd-button\" type=\"submit\" value=\"Senden\" \/>\n<\/p><p style=\"display: none !important;\" class=\"akismet-fields-container\" data-prefix=\"_wpcf7_ak_\"><label>&#916;<textarea name=\"_wpcf7_ak_hp_textarea\" cols=\"45\" rows=\"8\" maxlength=\"100\"><\/textarea><\/label><input type=\"hidden\" id=\"ak_js_1\" name=\"_wpcf7_ak_js\" value=\"215\"\/><script>document.getElementById( \"ak_js_1\" ).setAttribute( \"value\", ( new Date() ).getTime() );<\/script><\/p><div class=\"wpcf7-response-output\" aria-hidden=\"true\"><\/div>\n<\/form>\n<\/div>\n[\/vc_column][vc_column width=&#8220;1\/2&#8243;][vc_column_text]<\/p>\n<h2>Contactgegevens<\/h2>\n<p>Hus Hotell Hunge<br \/>\nHunge 515<br \/>\n84391 Br\u00e4cke<br \/>\nSchweden<\/p>\n<p>info@hushotellhunge.com<\/p>\n<p>+46(0)72 533 27 17[\/vc_column_text][vc_column_text]Mit \u00f6ffentlichen Verkehrsmitteln:<\/p>\n<p><a href=\"https:\/\/www.rome2rio.com\/map\/Br%C3%A4cke\/Hunge-Sweden#r\/Line-221-bus\/s\/0\">Buslijn 221<\/a>[\/vc_column_text][\/vc_column][\/vc_row][\/vc_section][vc_section full_width=&#8220;stretch_row_content&#8220; css=&#8220;.vc_custom_1643106999203{padding-top: 0px !important;}&#8220;][vc_row full_width=&#8220;stretch_row_content_no_spaces&#8220;][vc_column][vc_gmaps link=&#8220;#E-8_JTNDaWZyYW1lJTIwc3JjJTNEJTIyaHR0cHMlM0ElMkYlMkZ3d3cuZ29vZ2xlLmNvbSUyRm1hcHMlMkZlbWJlZCUzRnBiJTNEJTIxMW0xOCUyMTFtMTIlMjExbTMlMjExZDI5NjE0NzIuOTQ1NDE2ODE3JTIxMmQxMi42ODk2NzU3ODkyNzM2NzIlMjEzZDYyLjgyOTg5NDU2NTk0NTIyNCUyMTJtMyUyMTFmMCUyMTJmMCUyMTNmMCUyMTNtMiUyMTFpMTAyNCUyMTJpNzY4JTIxNGYxMy4xJTIxM20zJTIxMW0yJTIxMXMweDQ2NmY3ODE2ODQzNWY2NzElMjUzQTB4OGE3Yjk2ZDMxNTYyYzJiNCUyMTJzSHVuZ2UlMjUyMDUxNSUyNTJDJTI1MjA4NDAlMjUyMDYwJTI1MjBCciUyNUMzJTI1QTRja2UlMjUyQyUyNTIwWndlZGVuJTIxNWUwJTIxM20yJTIxMXNubCUyMTJzbmwlMjE0djE2NDMxMDY1Mzk3NTklMjE1bTIlMjExc25sJTIxMnNubCUyMiUyMHdpZHRoJTNEJTIyMTAwJTI1JTIyJTIwaGVpZ2h0JTNEJTIyNTAwJTIyJTIwc3R5bGUlM0QlMjJib3JkZXIlM0EwJTNCJTIyJTIwYWxsb3dmdWxsc2NyZWVuJTNEJTIyJTIyJTIwbG9hZGluZyUzRCUyMmxhenklMjIlM0UlM0MlMkZpZnJhbWUlM0U=&#8220; size=&#8220;500px&#8220; css=&#8220;.vc_custom_1643112842491{margin-bottom: 0px !important;}&#8220;][\/vc_column][\/vc_row][\/vc_section][vc_section full_width=&#8220;stretch_row&#8220; content_placement=&#8220;middle&#8220; el_class=&#8220;rondfotolichtergroen rondfoto&#8220;][vc_row gap=&#8220;35&#8243; equal_height=&#8220;yes&#8220; content_placement=&#8220;middle&#8220;][vc_column width=&#8220;1\/3&#8243;][vc_single_image image=&#8220;182&#8243; img_size=&#8220;500 x 500&#8243; alignment=&#8220;right&#8220; style=&#8220;vc_box_border_circle&#8220; border_color=&#8220;white&#8220; el_class=&#8220;afbrond&#8220;][\/vc_column][vc_column width=&#8220;2\/3&#8243;][vc_column_text el_class=&#8220;introtekst&#8220;]<\/p>\n<h3>Tr\u00e4ume es<\/h3>\n<p>Hej! Wir, Willem und Ria, haben im Jahr 2020 unser gro\u00dfes Abenteuer begonnen, um unseren Traum zu verwirklichen, n\u00e4mlich nach Schweden <strong>auszuwandern<\/strong>. Im Sommer 2021 haben wir das ehemalige Bostugan besucht und waren sofort begeistert von der Gem\u00fctlichkeit, der einzigartigen Lage und der freundlichen Atmosph\u00e4re des Hauses. Im Januar 2022 starteten wir voller Begeisterung mit dem <strong>Hus Hotell Hunge<\/strong>.[\/vc_column_text][vc_column_text]<\/p>\n<h3>Flitterwochen<\/h3>\n<p>Wir begannen unsere Ehe mit einer Hochzeitsreise durch Schweden zum norwegischen Nordkap und zur\u00fcck durch Norwegen, ohne zu ahnen, dass wir 25 Jahre sp\u00e4ter in Schweden leben, arbeiten und genie\u00dfen w\u00fcrden.<\/p>\n<h3><a href=\"https:\/\/hushotellhunge.com\/de\/ueber-uns\/\">Lesen Sie unsere ganze Geschichte&#8230;<\/a><\/h3>\n<p>[\/vc_column_text][\/vc_column][\/vc_row][\/vc_section]<\/p>\n<\/div>","protected":false},"excerpt":{"rendered":"<p>[vc_section full_width=&#8220;stretch_row&#8220; css=&#8220;.vc_custom_1699452579655{background-image: url(https:\/\/hushotellhunge.com\/wp-content\/uploads\/2023\/11\/hoofdfoto-1791&#215;1000-2.png?id=9809) !important;background-position: center !important;background-repeat: no-repeat !important;background-size: cover !important;}&#8220; el_class=&#8220;topfoto smal&#8220;][vc_row gap=&#8220;35&#8243;][vc_column width=&#8220;1\/3&#8243; el_class=&#8220;titelbloktrans&#8220; css=&#8220;.vc_custom_1643105831789{padding-bottom: 20px !important;}&#8220;][vc_column_text] Kontaktangaben [\/vc_column_text][vc_column_text el_class=&#8220;introtekst&#8220;] Schauen Sie sich die Route an oder kontaktieren Sie uns unverbindlich. [\/vc_column_text][\/vc_column][vc_column width=&#8220;1\/3&#8243;][\/vc_column][vc_column width=&#8220;1\/3&#8243;][\/vc_column][\/vc_row][\/vc_section][vc_section full_width=&#8220;stretch_row&#8220; css=&#8220;.vc_custom_1643107486070{padding-bottom: 45px !important;background-color: #efeef2 !important;}&#8220;][vc_row gap=&#8220;35&#8243;][vc_column width=&#8220;1\/2&#8243;][vc_column_text] Kontakt-Formular [\/vc_column_text][\/vc_column][vc_column width=&#8220;1\/2&#8243;][vc_column_text] Contactgegevens Hus Hotell Hunge Hunge 515 84391 Br\u00e4cke [&hellip;]<\/p>\n","protected":false},"author":2,"featured_media":0,"parent":0,"menu_order":0,"comment_status":"closed","ping_status":"closed","template":"","meta":{"_acf_changed":false,"footnotes":""},"class_list":["post-2334","page","type-page","status-publish","hentry"],"acf":[],"yoast_head":"<!-- This site is optimized with the Yoast SEO plugin v27.0 - https:\/\/yoast.com\/product\/yoast-seo-wordpress\/ -->\n<title>Kontaktangaben - Hus Hotell Hunge<\/title>\n<meta name=\"robots\" content=\"index, follow, max-snippet:-1, max-image-preview:large, max-video-preview:-1\" \/>\n<link rel=\"canonical\" href=\"https:\/\/hushotellhunge.com\/de\/kontaktangaben\/\" \/>\n<meta property=\"og:locale\" content=\"de_DE\" \/>\n<meta property=\"og:type\" content=\"article\" \/>\n<meta property=\"og:title\" content=\"Kontaktangaben - Hus Hotell Hunge\" \/>\n<meta property=\"og:description\" content=\"[vc_section full_width=&#8220;stretch_row&#8220; css=&#8220;.vc_custom_1699452579655{background-image: url(https:\/\/hushotellhunge.com\/wp-content\/uploads\/2023\/11\/hoofdfoto-1791&#215;1000-2.png?id=9809) !important;background-position: center !important;background-repeat: no-repeat !important;background-size: cover !important;}&#8220; el_class=&#8220;topfoto smal&#8220;][vc_row gap=&#8220;35&#8243;][vc_column width=&#8220;1\/3&#8243; el_class=&#8220;titelbloktrans&#8220; css=&#8220;.vc_custom_1643105831789{padding-bottom: 20px !important;}&#8220;][vc_column_text] Kontaktangaben [\/vc_column_text][vc_column_text el_class=&#8220;introtekst&#8220;] Schauen Sie sich die Route an oder kontaktieren Sie uns unverbindlich. [\/vc_column_text][\/vc_column][vc_column width=&#8220;1\/3&#8243;][\/vc_column][vc_column width=&#8220;1\/3&#8243;][\/vc_column][\/vc_row][\/vc_section][vc_section full_width=&#8220;stretch_row&#8220; css=&#8220;.vc_custom_1643107486070{padding-bottom: 45px !important;background-color: #efeef2 !important;}&#8220;][vc_row gap=&#8220;35&#8243;][vc_column width=&#8220;1\/2&#8243;][vc_column_text] Kontakt-Formular [\/vc_column_text][\/vc_column][vc_column width=&#8220;1\/2&#8243;][vc_column_text] Contactgegevens Hus Hotell Hunge Hunge 515 84391 Br\u00e4cke [&hellip;]\" \/>\n<meta property=\"og:url\" content=\"https:\/\/hushotellhunge.com\/de\/kontaktangaben\/\" \/>\n<meta property=\"og:site_name\" content=\"Hus Hotell Hunge\" \/>\n<meta property=\"article:modified_time\" content=\"2023-11-08T14:09:48+00:00\" \/>\n<meta name=\"twitter:card\" content=\"summary_large_image\" \/>\n<meta name=\"twitter:label1\" content=\"Gesch\u00e4tzte Lesezeit\" \/>\n\t<meta name=\"twitter:data1\" content=\"1\u00a0Minute\" \/>\n<script type=\"application\/ld+json\" class=\"yoast-schema-graph\">{\"@context\":\"https:\/\/schema.org\",\"@graph\":[{\"@type\":\"WebPage\",\"@id\":\"https:\/\/hushotellhunge.com\/de\/kontaktangaben\/\",\"url\":\"https:\/\/hushotellhunge.com\/de\/kontaktangaben\/\",\"name\":\"Kontaktangaben - Hus Hotell Hunge\",\"isPartOf\":{\"@id\":\"https:\/\/hushotellhunge.com\/de\/#website\"},\"datePublished\":\"2022-01-25T10:11:39+00:00\",\"dateModified\":\"2023-11-08T14:09:48+00:00\",\"breadcrumb\":{\"@id\":\"https:\/\/hushotellhunge.com\/de\/kontaktangaben\/#breadcrumb\"},\"inLanguage\":\"de\",\"potentialAction\":[{\"@type\":\"ReadAction\",\"target\":[\"https:\/\/hushotellhunge.com\/de\/kontaktangaben\/\"]}]},{\"@type\":\"BreadcrumbList\",\"@id\":\"https:\/\/hushotellhunge.com\/de\/kontaktangaben\/#breadcrumb\",\"itemListElement\":[{\"@type\":\"ListItem\",\"position\":1,\"name\":\"Home\",\"item\":\"https:\/\/hushotellhunge.com\/de\/\"},{\"@type\":\"ListItem\",\"position\":2,\"name\":\"Kontaktangaben\"}]},{\"@type\":\"WebSite\",\"@id\":\"https:\/\/hushotellhunge.com\/de\/#website\",\"url\":\"https:\/\/hushotellhunge.com\/de\/\",\"name\":\"Hus Hotell Hunge\",\"description\":\"Meet &amp; Adventure\",\"publisher\":{\"@id\":\"https:\/\/hushotellhunge.com\/de\/#organization\"},\"potentialAction\":[{\"@type\":\"SearchAction\",\"target\":{\"@type\":\"EntryPoint\",\"urlTemplate\":\"https:\/\/hushotellhunge.com\/de\/?s={search_term_string}\"},\"query-input\":{\"@type\":\"PropertyValueSpecification\",\"valueRequired\":true,\"valueName\":\"search_term_string\"}}],\"inLanguage\":\"de\"},{\"@type\":\"Organization\",\"@id\":\"https:\/\/hushotellhunge.com\/de\/#organization\",\"name\":\"Hus Hotell Hunge\",\"url\":\"https:\/\/hushotellhunge.com\/de\/\",\"logo\":{\"@type\":\"ImageObject\",\"inLanguage\":\"de\",\"@id\":\"https:\/\/hushotellhunge.com\/de\/#\/schema\/logo\/image\/\",\"url\":\"https:\/\/hushotellhunge.com\/wp-content\/uploads\/2022\/01\/Hus-Hotell-Hunge-logo-header.png\",\"contentUrl\":\"https:\/\/hushotellhunge.com\/wp-content\/uploads\/2022\/01\/Hus-Hotell-Hunge-logo-header.png\",\"width\":482,\"height\":302,\"caption\":\"Hus Hotell Hunge\"},\"image\":{\"@id\":\"https:\/\/hushotellhunge.com\/de\/#\/schema\/logo\/image\/\"}}]}<\/script>\n<!-- \/ Yoast SEO plugin. -->","yoast_head_json":{"title":"Kontaktangaben - Hus Hotell Hunge","robots":{"index":"index","follow":"follow","max-snippet":"max-snippet:-1","max-image-preview":"max-image-preview:large","max-video-preview":"max-video-preview:-1"},"canonical":"https:\/\/hushotellhunge.com\/de\/kontaktangaben\/","og_locale":"de_DE","og_type":"article","og_title":"Kontaktangaben - Hus Hotell Hunge","og_description":"[vc_section full_width=&#8220;stretch_row&#8220; css=&#8220;.vc_custom_1699452579655{background-image: url(https:\/\/hushotellhunge.com\/wp-content\/uploads\/2023\/11\/hoofdfoto-1791&#215;1000-2.png?id=9809) !important;background-position: center !important;background-repeat: no-repeat !important;background-size: cover !important;}&#8220; el_class=&#8220;topfoto smal&#8220;][vc_row gap=&#8220;35&#8243;][vc_column width=&#8220;1\/3&#8243; el_class=&#8220;titelbloktrans&#8220; css=&#8220;.vc_custom_1643105831789{padding-bottom: 20px !important;}&#8220;][vc_column_text] Kontaktangaben [\/vc_column_text][vc_column_text el_class=&#8220;introtekst&#8220;] Schauen Sie sich die Route an oder kontaktieren Sie uns unverbindlich. [\/vc_column_text][\/vc_column][vc_column width=&#8220;1\/3&#8243;][\/vc_column][vc_column width=&#8220;1\/3&#8243;][\/vc_column][\/vc_row][\/vc_section][vc_section full_width=&#8220;stretch_row&#8220; css=&#8220;.vc_custom_1643107486070{padding-bottom: 45px !important;background-color: #efeef2 !important;}&#8220;][vc_row gap=&#8220;35&#8243;][vc_column width=&#8220;1\/2&#8243;][vc_column_text] Kontakt-Formular [\/vc_column_text][\/vc_column][vc_column width=&#8220;1\/2&#8243;][vc_column_text] Contactgegevens Hus Hotell Hunge Hunge 515 84391 Br\u00e4cke [&hellip;]","og_url":"https:\/\/hushotellhunge.com\/de\/kontaktangaben\/","og_site_name":"Hus Hotell Hunge","article_modified_time":"2023-11-08T14:09:48+00:00","twitter_card":"summary_large_image","twitter_misc":{"Gesch\u00e4tzte Lesezeit":"1\u00a0Minute"},"schema":{"@context":"https:\/\/schema.org","@graph":[{"@type":"WebPage","@id":"https:\/\/hushotellhunge.com\/de\/kontaktangaben\/","url":"https:\/\/hushotellhunge.com\/de\/kontaktangaben\/","name":"Kontaktangaben - Hus Hotell Hunge","isPartOf":{"@id":"https:\/\/hushotellhunge.com\/de\/#website"},"datePublished":"2022-01-25T10:11:39+00:00","dateModified":"2023-11-08T14:09:48+00:00","breadcrumb":{"@id":"https:\/\/hushotellhunge.com\/de\/kontaktangaben\/#breadcrumb"},"inLanguage":"de","potentialAction":[{"@type":"ReadAction","target":["https:\/\/hushotellhunge.com\/de\/kontaktangaben\/"]}]},{"@type":"BreadcrumbList","@id":"https:\/\/hushotellhunge.com\/de\/kontaktangaben\/#breadcrumb","itemListElement":[{"@type":"ListItem","position":1,"name":"Home","item":"https:\/\/hushotellhunge.com\/de\/"},{"@type":"ListItem","position":2,"name":"Kontaktangaben"}]},{"@type":"WebSite","@id":"https:\/\/hushotellhunge.com\/de\/#website","url":"https:\/\/hushotellhunge.com\/de\/","name":"Hus Hotell Hunge","description":"Meet &amp; Adventure","publisher":{"@id":"https:\/\/hushotellhunge.com\/de\/#organization"},"potentialAction":[{"@type":"SearchAction","target":{"@type":"EntryPoint","urlTemplate":"https:\/\/hushotellhunge.com\/de\/?s={search_term_string}"},"query-input":{"@type":"PropertyValueSpecification","valueRequired":true,"valueName":"search_term_string"}}],"inLanguage":"de"},{"@type":"Organization","@id":"https:\/\/hushotellhunge.com\/de\/#organization","name":"Hus Hotell Hunge","url":"https:\/\/hushotellhunge.com\/de\/","logo":{"@type":"ImageObject","inLanguage":"de","@id":"https:\/\/hushotellhunge.com\/de\/#\/schema\/logo\/image\/","url":"https:\/\/hushotellhunge.com\/wp-content\/uploads\/2022\/01\/Hus-Hotell-Hunge-logo-header.png","contentUrl":"https:\/\/hushotellhunge.com\/wp-content\/uploads\/2022\/01\/Hus-Hotell-Hunge-logo-header.png","width":482,"height":302,"caption":"Hus Hotell Hunge"},"image":{"@id":"https:\/\/hushotellhunge.com\/de\/#\/schema\/logo\/image\/"}}]}},"_links":{"self":[{"href":"https:\/\/hushotellhunge.com\/de\/wp-json\/wp\/v2\/pages\/2334","targetHints":{"allow":["GET"]}}],"collection":[{"href":"https:\/\/hushotellhunge.com\/de\/wp-json\/wp\/v2\/pages"}],"about":[{"href":"https:\/\/hushotellhunge.com\/de\/wp-json\/wp\/v2\/types\/page"}],"author":[{"embeddable":true,"href":"https:\/\/hushotellhunge.com\/de\/wp-json\/wp\/v2\/users\/2"}],"replies":[{"embeddable":true,"href":"https:\/\/hushotellhunge.com\/de\/wp-json\/wp\/v2\/comments?post=2334"}],"version-history":[{"count":7,"href":"https:\/\/hushotellhunge.com\/de\/wp-json\/wp\/v2\/pages\/2334\/revisions"}],"predecessor-version":[{"id":9995,"href":"https:\/\/hushotellhunge.com\/de\/wp-json\/wp\/v2\/pages\/2334\/revisions\/9995"}],"wp:attachment":[{"href":"https:\/\/hushotellhunge.com\/de\/wp-json\/wp\/v2\/media?parent=2334"}],"curies":[{"name":"wp","href":"https:\/\/api.w.org\/{rel}","templated":true}]}}