{"id":2343,"date":"2022-01-27T11:45:22","date_gmt":"2022-01-27T10:45:22","guid":{"rendered":"https:\/\/hushotellhunge.com\/om-oss\/"},"modified":"2023-06-21T14:24:16","modified_gmt":"2023-06-21T12:24:16","slug":"ueber-uns","status":"publish","type":"page","link":"https:\/\/hushotellhunge.com\/de\/ueber-uns\/","title":{"rendered":"\u00dcber uns"},"content":{"rendered":"<div class=\"wpb-content-wrapper\"><p>[vc_section full_width=&#8220;stretch_row&#8220; content_placement=&#8220;middle&#8220; css=&#8220;.vc_custom_1649064882326{background-image: url(https:\/\/hushotellhunge.com\/wp-content\/uploads\/2022\/04\/IMG_0742-scaled.jpg?id=1294) !important;background-position: center !important;background-repeat: no-repeat !important;background-size: cover !important;}&#8220; el_class=&#8220;topfoto&#8220;][vc_row css=&#8220;.vc_custom_1649082049442{padding-bottom: 15px !important;}&#8220;][vc_column width=&#8220;2\/5&#8243; el_class=&#8220;titelbloktrans&#8220;][vc_column_text]<\/p>\n<h1 style=\"text-align: left;\">\u00dcber uns<\/h1>\n<p>[\/vc_column_text][vc_column_text el_class=&#8220;introtekst&#8220;]Begegnung, Abenteuer und Naturerlebnis<\/p>\n<p>Die sch\u00f6ne schwedische Natur bringt uns zur Ruhe, ob wir wollen oder nicht. Zu jeder Jahreszeit genie\u00dfen wir die einzigartige Natur in J\u00e4mtland und die vielen Aktivit\u00e4ten wie Wandern, Hundewandern, Radfahren, Kanufahren, Angeln, Schwimmen, Mountainbiken, Skifahren im Skitunnel, Eisfischen, Langlaufen, Hundeschlittenfahrten, Schneemobiltouren, Lagerfeuer und nicht zu vergessen schwedische Fika&#8217;s.<\/p>\n<p>Unser Motto ist Begegnung und Abenteuer, was in Hunge untrennbar mit dem intensiven Naturerlebnis verbunden ist. Wir hei\u00dfen Sie herzlich willkommen und helfen Ihnen, Ihren Aufenthalt im Hus Hotell Hunge zu einer besonderen Erinnerung zu machen.<\/p>\n<p>Hus Hotell Hunge ist auch f\u00fcr Behinderte und Gruppen bis zu 24 Personen geeignet.[\/vc_column_text][\/vc_column][vc_column width=&#8220;3\/5&#8243; offset=&#8220;vc_col-lg-4 vc_col-md-4 vc_col-xs-12&#8243; css=&#8220;.vc_custom_1649081895375{margin-bottom: 20px !important;}&#8220;][\/vc_column][\/vc_row][\/vc_section][vc_section full_width=&#8220;stretch_row&#8220; el_class=&#8220;tekstafbstrook&#8220;][vc_row gap=&#8220;35&#8243; equal_height=&#8220;yes&#8220; content_placement=&#8220;middle&#8220;][vc_column width=&#8220;1\/2&#8243;][vc_column_text]<\/p>\n<h3>Dream it<\/h3>\n<p>Die Natur hat uns beide schon immer fasziniert und wir k\u00f6nnen sie sehr genie\u00dfen. Doch die Stille und die unber\u00fchrte Natur sind in den Niederlanden immer seltener zu finden.<\/p>\n<p>Im Februar 2020 beschlossen wir, uns Gedanken dar\u00fcber zu machen, wie wir einen gemeinsamen Traum verwirklichen k\u00f6nnten. Wir beteten gemeinsam und begannen, diese Entdeckungsreise vorsichtig und strukturiert zu gehen. Anfang 2020 begannen wir mit dem Coaching der Dream Place Academy und im Fr\u00fchjahr 2021 mit Joshua &amp; Kaleb. Wir machten uns auf den Weg, unser Leben m\u00f6glicherweise neu zu definieren. Diese Entdeckungsreise bestand einfach darin, gemeinsam zu genie\u00dfen und zu wachsen.<\/p>\n<p>Wir begannen unsere Ehe mit einer Hochzeitsreise \u00fcber Schweden zum Nordkap und zur\u00fcck \u00fcber Norwegen. Damals wussten wir noch nicht, dass wir 25 Jahre sp\u00e4ter hier leben, arbeiten und dieses sch\u00f6ne Land genie\u00dfen w\u00fcrden. 2015 haben wir nach dem Besuch der Auswanderer- und Skandinavienmesse mit unseren beiden Jungs eine Wohnmobilreise durch S\u00fcd- und Mittelschweden gemacht. Ebenfalls im Hinterkopf hatten wir immer noch den Wunsch auszuwandern. Aufgrund des Alters unserer Jungs haben wir uns dann entschieden, diesen Schritt noch nicht zu wagen. Im Februar 2020 mieteten wir eine H\u00fctte in der N\u00e4he von S\u00e4len und erlebten gemeinsam Winterabenteuer. Das war so cool und hat unseren Auswanderungsplan best\u00e4tigt. Es ist wirklich sehr sch\u00f6n in Schweden im Winter. Wir wollen mehr davon erleben und leben.[\/vc_column_text][\/vc_column][vc_column width=&#8220;1\/2&#8243;][vc_single_image image=&#8220;182&#8243; img_size=&#8220;full&#8220;][\/vc_column][\/vc_row][\/vc_section][vc_section full_width=&#8220;stretch_row&#8220; content_placement=&#8220;middle&#8220; el_class=&#8220;rondfotolichtgroen rondfoto&#8220;][vc_row gap=&#8220;35&#8243; equal_height=&#8220;yes&#8220; content_placement=&#8220;middle&#8220;][vc_column width=&#8220;1\/3&#8243;][vc_single_image image=&#8220;496&#8243; img_size=&#8220;500 x 500&#8243; alignment=&#8220;right&#8220; style=&#8220;vc_box_border_circle&#8220; border_color=&#8220;white&#8220; el_class=&#8220;afbrond&#8220;][\/vc_column][vc_column width=&#8220;2\/3&#8243;][vc_column_text]<\/p>\n<h3>Build it<\/h3>\n<p>Nach 33 Jahren Arbeit in einem Brandschutzunternehmen und einem Burnout im Jahr 2017 war ich bereit f\u00fcr etwas anderes, etwas Innovatives. Ich darf noch eine Weile arbeiten, bevor ich in den Ruhestand gehe, und mit uns zusammen stellte sich zunehmend die Frage: Werden wir den Kurs \u00e4ndern? Jetzt oder nie?<\/p>\n<p>Meine Leidenschaft gilt der Technik und der Moderation. Eine gute Kombination, um ein G\u00e4stehaus zu f\u00fchren.<\/p>\n<p>Wir haben uns gemeinsam auf dieses Abenteuer mit vielen Herausforderungen eingelassen![\/vc_column_text][\/vc_column][\/vc_row][\/vc_section][vc_section full_width=&#8220;stretch_row&#8220; content_placement=&#8220;middle&#8220; el_class=&#8220;rondfotodonkergroen rondfoto&#8220;][vc_row gap=&#8220;35&#8243; equal_height=&#8220;yes&#8220; rtl_reverse=&#8220;yes&#8220; content_placement=&#8220;middle&#8220;][vc_column width=&#8220;2\/3&#8243;][vc_column_text]<\/p>\n<h3>Grow it<\/h3>\n<p>Als junges M\u00e4dchen dachte ich, es w\u00e4re fantastisch, einen Campingplatz zu leiten. Ich war immer damit besch\u00e4ftigt, daf\u00fcr zu sorgen, dass <strong>jeder seinen Urlaub genie\u00dft<\/strong>, aber daraus wurde nichts.<\/p>\n<p>Nachdem ich 27 Jahre lang in verschiedenen Positionen f\u00fcr die Gemeindeverwaltung gearbeitet habe, kam mir zum x-ten Mal der Wunsch, einen Campingplatz mit G\u00e4stehaus zu betreiben. Wir beschlossen schlie\u00dflich, diese Reise gemeinsam anzutreten. Vielleicht wussten wir noch nicht, was wir zur\u00fccklassen w\u00fcrden. Aber auch das ist ein Teil des <strong>Abenteuers.<\/strong><\/p>\n<p>Unser <strong>gemeinsamer Wunsch <\/strong>ist es, ein <strong>G\u00e4stehaus f\u00fcr Menschen \u00fcber 40<\/strong>, f\u00fcr <strong>Familien zu <\/strong>betreiben und <strong>mit Gleichgesinnten Themenwochen <\/strong>zu veranstalten. F\u00fcr uns beide ist es klar: <strong>Yes we go!<\/strong>[\/vc_column_text][\/vc_column][vc_column width=&#8220;1\/3&#8243;][vc_single_image image=&#8220;492&#8243; img_size=&#8220;500 x 500&#8243; alignment=&#8220;right&#8220; style=&#8220;vc_box_border_circle&#8220; border_color=&#8220;white&#8220; el_class=&#8220;afbrondrechts&#8220;][\/vc_column][\/vc_row][\/vc_section]<\/p>\n<\/div>","protected":false},"excerpt":{"rendered":"<p>[vc_section full_width=&#8220;stretch_row&#8220; content_placement=&#8220;middle&#8220; css=&#8220;.vc_custom_1649064882326{background-image: url(https:\/\/hushotellhunge.com\/wp-content\/uploads\/2022\/04\/IMG_0742-scaled.jpg?id=1294) !important;background-position: center !important;background-repeat: no-repeat !important;background-size: cover !important;}&#8220; el_class=&#8220;topfoto&#8220;][vc_row css=&#8220;.vc_custom_1649082049442{padding-bottom: 15px !important;}&#8220;][vc_column width=&#8220;2\/5&#8243; el_class=&#8220;titelbloktrans&#8220;][vc_column_text] \u00dcber uns [\/vc_column_text][vc_column_text el_class=&#8220;introtekst&#8220;]Begegnung, Abenteuer und Naturerlebnis Die sch\u00f6ne schwedische Natur bringt uns zur Ruhe, ob wir wollen oder nicht. Zu jeder Jahreszeit genie\u00dfen wir die einzigartige Natur in J\u00e4mtland und die vielen Aktivit\u00e4ten wie Wandern, Hundewandern, [&hellip;]<\/p>\n","protected":false},"author":2,"featured_media":0,"parent":0,"menu_order":0,"comment_status":"closed","ping_status":"closed","template":"","meta":{"_acf_changed":false,"footnotes":""},"class_list":["post-2343","page","type-page","status-publish","hentry"],"acf":[],"yoast_head":"<!-- This site is optimized with the Yoast SEO plugin v27.0 - https:\/\/yoast.com\/product\/yoast-seo-wordpress\/ -->\n<title>\u00dcber uns - Hus Hotell Hunge<\/title>\n<meta name=\"robots\" content=\"index, follow, max-snippet:-1, max-image-preview:large, max-video-preview:-1\" \/>\n<link rel=\"canonical\" href=\"https:\/\/hushotellhunge.com\/de\/ueber-uns\/\" \/>\n<meta property=\"og:locale\" content=\"de_DE\" \/>\n<meta property=\"og:type\" content=\"article\" \/>\n<meta property=\"og:title\" content=\"\u00dcber uns - Hus Hotell Hunge\" \/>\n<meta property=\"og:description\" content=\"[vc_section full_width=&#8220;stretch_row&#8220; content_placement=&#8220;middle&#8220; css=&#8220;.vc_custom_1649064882326{background-image: url(https:\/\/hushotellhunge.com\/wp-content\/uploads\/2022\/04\/IMG_0742-scaled.jpg?id=1294) !important;background-position: center !important;background-repeat: no-repeat !important;background-size: cover !important;}&#8220; el_class=&#8220;topfoto&#8220;][vc_row css=&#8220;.vc_custom_1649082049442{padding-bottom: 15px !important;}&#8220;][vc_column width=&#8220;2\/5&#8243; el_class=&#8220;titelbloktrans&#8220;][vc_column_text] \u00dcber uns [\/vc_column_text][vc_column_text el_class=&#8220;introtekst&#8220;]Begegnung, Abenteuer und Naturerlebnis Die sch\u00f6ne schwedische Natur bringt uns zur Ruhe, ob wir wollen oder nicht. Zu jeder Jahreszeit genie\u00dfen wir die einzigartige Natur in J\u00e4mtland und die vielen Aktivit\u00e4ten wie Wandern, Hundewandern, [&hellip;]\" \/>\n<meta property=\"og:url\" content=\"https:\/\/hushotellhunge.com\/de\/ueber-uns\/\" \/>\n<meta property=\"og:site_name\" content=\"Hus Hotell Hunge\" \/>\n<meta property=\"article:modified_time\" content=\"2023-06-21T12:24:16+00:00\" \/>\n<meta name=\"twitter:card\" content=\"summary_large_image\" \/>\n<meta name=\"twitter:label1\" content=\"Gesch\u00e4tzte Lesezeit\" \/>\n\t<meta name=\"twitter:data1\" content=\"3\u00a0Minuten\" \/>\n<script type=\"application\/ld+json\" class=\"yoast-schema-graph\">{\"@context\":\"https:\/\/schema.org\",\"@graph\":[{\"@type\":\"WebPage\",\"@id\":\"https:\/\/hushotellhunge.com\/de\/ueber-uns\/\",\"url\":\"https:\/\/hushotellhunge.com\/de\/ueber-uns\/\",\"name\":\"\u00dcber uns - Hus Hotell Hunge\",\"isPartOf\":{\"@id\":\"https:\/\/hushotellhunge.com\/de\/#website\"},\"datePublished\":\"2022-01-27T10:45:22+00:00\",\"dateModified\":\"2023-06-21T12:24:16+00:00\",\"breadcrumb\":{\"@id\":\"https:\/\/hushotellhunge.com\/de\/ueber-uns\/#breadcrumb\"},\"inLanguage\":\"de\",\"potentialAction\":[{\"@type\":\"ReadAction\",\"target\":[\"https:\/\/hushotellhunge.com\/de\/ueber-uns\/\"]}]},{\"@type\":\"BreadcrumbList\",\"@id\":\"https:\/\/hushotellhunge.com\/de\/ueber-uns\/#breadcrumb\",\"itemListElement\":[{\"@type\":\"ListItem\",\"position\":1,\"name\":\"Home\",\"item\":\"https:\/\/hushotellhunge.com\/de\/\"},{\"@type\":\"ListItem\",\"position\":2,\"name\":\"\u00dcber uns\"}]},{\"@type\":\"WebSite\",\"@id\":\"https:\/\/hushotellhunge.com\/de\/#website\",\"url\":\"https:\/\/hushotellhunge.com\/de\/\",\"name\":\"Hus Hotell Hunge\",\"description\":\"Meet &amp; Adventure\",\"publisher\":{\"@id\":\"https:\/\/hushotellhunge.com\/de\/#organization\"},\"potentialAction\":[{\"@type\":\"SearchAction\",\"target\":{\"@type\":\"EntryPoint\",\"urlTemplate\":\"https:\/\/hushotellhunge.com\/de\/?s={search_term_string}\"},\"query-input\":{\"@type\":\"PropertyValueSpecification\",\"valueRequired\":true,\"valueName\":\"search_term_string\"}}],\"inLanguage\":\"de\"},{\"@type\":\"Organization\",\"@id\":\"https:\/\/hushotellhunge.com\/de\/#organization\",\"name\":\"Hus Hotell Hunge\",\"url\":\"https:\/\/hushotellhunge.com\/de\/\",\"logo\":{\"@type\":\"ImageObject\",\"inLanguage\":\"de\",\"@id\":\"https:\/\/hushotellhunge.com\/de\/#\/schema\/logo\/image\/\",\"url\":\"https:\/\/hushotellhunge.com\/wp-content\/uploads\/2022\/01\/Hus-Hotell-Hunge-logo-header.png\",\"contentUrl\":\"https:\/\/hushotellhunge.com\/wp-content\/uploads\/2022\/01\/Hus-Hotell-Hunge-logo-header.png\",\"width\":482,\"height\":302,\"caption\":\"Hus Hotell Hunge\"},\"image\":{\"@id\":\"https:\/\/hushotellhunge.com\/de\/#\/schema\/logo\/image\/\"}}]}<\/script>\n<!-- \/ Yoast SEO plugin. -->","yoast_head_json":{"title":"\u00dcber uns - Hus Hotell Hunge","robots":{"index":"index","follow":"follow","max-snippet":"max-snippet:-1","max-image-preview":"max-image-preview:large","max-video-preview":"max-video-preview:-1"},"canonical":"https:\/\/hushotellhunge.com\/de\/ueber-uns\/","og_locale":"de_DE","og_type":"article","og_title":"\u00dcber uns - Hus Hotell Hunge","og_description":"[vc_section full_width=&#8220;stretch_row&#8220; content_placement=&#8220;middle&#8220; css=&#8220;.vc_custom_1649064882326{background-image: url(https:\/\/hushotellhunge.com\/wp-content\/uploads\/2022\/04\/IMG_0742-scaled.jpg?id=1294) !important;background-position: center !important;background-repeat: no-repeat !important;background-size: cover !important;}&#8220; el_class=&#8220;topfoto&#8220;][vc_row css=&#8220;.vc_custom_1649082049442{padding-bottom: 15px !important;}&#8220;][vc_column width=&#8220;2\/5&#8243; el_class=&#8220;titelbloktrans&#8220;][vc_column_text] \u00dcber uns [\/vc_column_text][vc_column_text el_class=&#8220;introtekst&#8220;]Begegnung, Abenteuer und Naturerlebnis Die sch\u00f6ne schwedische Natur bringt uns zur Ruhe, ob wir wollen oder nicht. Zu jeder Jahreszeit genie\u00dfen wir die einzigartige Natur in J\u00e4mtland und die vielen Aktivit\u00e4ten wie Wandern, Hundewandern, [&hellip;]","og_url":"https:\/\/hushotellhunge.com\/de\/ueber-uns\/","og_site_name":"Hus Hotell Hunge","article_modified_time":"2023-06-21T12:24:16+00:00","twitter_card":"summary_large_image","twitter_misc":{"Gesch\u00e4tzte Lesezeit":"3\u00a0Minuten"},"schema":{"@context":"https:\/\/schema.org","@graph":[{"@type":"WebPage","@id":"https:\/\/hushotellhunge.com\/de\/ueber-uns\/","url":"https:\/\/hushotellhunge.com\/de\/ueber-uns\/","name":"\u00dcber uns - Hus Hotell Hunge","isPartOf":{"@id":"https:\/\/hushotellhunge.com\/de\/#website"},"datePublished":"2022-01-27T10:45:22+00:00","dateModified":"2023-06-21T12:24:16+00:00","breadcrumb":{"@id":"https:\/\/hushotellhunge.com\/de\/ueber-uns\/#breadcrumb"},"inLanguage":"de","potentialAction":[{"@type":"ReadAction","target":["https:\/\/hushotellhunge.com\/de\/ueber-uns\/"]}]},{"@type":"BreadcrumbList","@id":"https:\/\/hushotellhunge.com\/de\/ueber-uns\/#breadcrumb","itemListElement":[{"@type":"ListItem","position":1,"name":"Home","item":"https:\/\/hushotellhunge.com\/de\/"},{"@type":"ListItem","position":2,"name":"\u00dcber uns"}]},{"@type":"WebSite","@id":"https:\/\/hushotellhunge.com\/de\/#website","url":"https:\/\/hushotellhunge.com\/de\/","name":"Hus Hotell Hunge","description":"Meet &amp; Adventure","publisher":{"@id":"https:\/\/hushotellhunge.com\/de\/#organization"},"potentialAction":[{"@type":"SearchAction","target":{"@type":"EntryPoint","urlTemplate":"https:\/\/hushotellhunge.com\/de\/?s={search_term_string}"},"query-input":{"@type":"PropertyValueSpecification","valueRequired":true,"valueName":"search_term_string"}}],"inLanguage":"de"},{"@type":"Organization","@id":"https:\/\/hushotellhunge.com\/de\/#organization","name":"Hus Hotell Hunge","url":"https:\/\/hushotellhunge.com\/de\/","logo":{"@type":"ImageObject","inLanguage":"de","@id":"https:\/\/hushotellhunge.com\/de\/#\/schema\/logo\/image\/","url":"https:\/\/hushotellhunge.com\/wp-content\/uploads\/2022\/01\/Hus-Hotell-Hunge-logo-header.png","contentUrl":"https:\/\/hushotellhunge.com\/wp-content\/uploads\/2022\/01\/Hus-Hotell-Hunge-logo-header.png","width":482,"height":302,"caption":"Hus Hotell Hunge"},"image":{"@id":"https:\/\/hushotellhunge.com\/de\/#\/schema\/logo\/image\/"}}]}},"_links":{"self":[{"href":"https:\/\/hushotellhunge.com\/de\/wp-json\/wp\/v2\/pages\/2343","targetHints":{"allow":["GET"]}}],"collection":[{"href":"https:\/\/hushotellhunge.com\/de\/wp-json\/wp\/v2\/pages"}],"about":[{"href":"https:\/\/hushotellhunge.com\/de\/wp-json\/wp\/v2\/types\/page"}],"author":[{"embeddable":true,"href":"https:\/\/hushotellhunge.com\/de\/wp-json\/wp\/v2\/users\/2"}],"replies":[{"embeddable":true,"href":"https:\/\/hushotellhunge.com\/de\/wp-json\/wp\/v2\/comments?post=2343"}],"version-history":[{"count":13,"href":"https:\/\/hushotellhunge.com\/de\/wp-json\/wp\/v2\/pages\/2343\/revisions"}],"predecessor-version":[{"id":8034,"href":"https:\/\/hushotellhunge.com\/de\/wp-json\/wp\/v2\/pages\/2343\/revisions\/8034"}],"wp:attachment":[{"href":"https:\/\/hushotellhunge.com\/de\/wp-json\/wp\/v2\/media?parent=2343"}],"curies":[{"name":"wp","href":"https:\/\/api.w.org\/{rel}","templated":true}]}}