{"id":2351,"date":"2022-01-24T11:31:38","date_gmt":"2022-01-24T10:31:38","guid":{"rendered":"https:\/\/hushotellhunge.com\/reserveren\/"},"modified":"2023-07-25T14:40:56","modified_gmt":"2023-07-25T12:40:56","slug":"reservierung","status":"publish","type":"page","link":"https:\/\/hushotellhunge.com\/de\/reservierung\/","title":{"rendered":"Reservierung"},"content":{"rendered":"<div class=\"wpb-content-wrapper\"><p>[vc_section full_width=&#8220;stretch_row&#8220; css=&#8220;.vc_custom_1643030503440{background-color: #24342a !important;}&#8220;][vc_row][vc_column]<div class=\"templatera_shortcode\"><style type=\"text\/css\" data-type=\"vc_shortcodes-default-css\">.vc_do_btn{margin-bottom:22px;}.vc_do_btn{margin-bottom:22px;}<\/style><div class=\"vc_row wpb_row vc_row-fluid\"><div class=\"wpb_column vc_column_container vc_col-sm-8\"><div class=\"vc_column-inner\"><div class=\"wpb_wrapper\">\n\t<div class=\"wpb_text_column wpb_content_element\" >\n\t\t<div class=\"wpb_wrapper\">\n\t\t\t<h1>5 = 4 Pakete<\/h1>\n<h4>Automatisch angepasst bei der Buchung<\/h4>\n\n\t\t<\/div>\n\t<\/div>\n<\/div><\/div><\/div><div class=\"wpb_column vc_column_container vc_col-sm-4\"><div class=\"vc_column-inner\"><div class=\"wpb_wrapper\"><div class=\"vc_btn3-container vc_btn3-inline vc_do_btn\" ><a class=\"vc_general vc_btn3 vc_btn3-size-md vc_btn3-shape-rounded vc_btn3-style-modern vc_btn3-color-grey\" href=\"https:\/\/hushotellhunge.com\/de\/aktivitaeten\/sommer\/\" title=\"Sommer\">Aktivit\u00e4ten im Sommer<\/a><\/div><div class=\"vc_btn3-container vc_btn3-inline vc_do_btn\" ><a class=\"vc_general vc_btn3 vc_btn3-size-md vc_btn3-shape-rounded vc_btn3-style-modern vc_btn3-color-grey\" href=\"https:\/\/hushotellhunge.com\/de\/aktivitaeten\/sommererlebnis-in-hunge-2\/\" title=\"Hunge-Sommer-Erlebnis\">Hunge Sommer Erlebnis<\/a><\/div><\/div><\/div><\/div><\/div><\/div>[vc_column_text]<\/p>\n<h4>Klicken Sie auf das Foto f\u00fcr Informationen zur Wohnung<\/h4>\n<p>[\/vc_column_text]<div class=\"templatera_shortcode\"><style type=\"text\/css\" data-type=\"vc_shortcodes-custom-css\">.vc_custom_1643028554868{padding-top: 0px !important;background-color: #24342a !important;}.vc_custom_1643028561544{margin-bottom: 0px !important;}<\/style><section data-vc-full-width=\"true\" data-vc-full-width-temp=\"true\" data-vc-full-width-init=\"false\" class=\"vc_section boekstrook vc_custom_1643028554868 vc_section-has-fill vc_section-o-content-middle vc_section-flex\"><div class=\"vc_row wpb_row vc_row-fluid\"><div class=\"wpb_column vc_column_container vc_col-sm-12\"><div class=\"vc_column-inner\"><div class=\"wpb_wrapper\">\n\t<div class=\"wpb_text_column wpb_content_element\" >\n\t\t<div class=\"wpb_wrapper\">\n\t\t\t\n\t\t<\/div>\n\t<\/div>\n\n\t<div class=\"wpb_raw_code wpb_raw_html wpb_content_element vc_custom_1643028561544 smoobustrook\" >\n\t\t<div class=\"wpb_wrapper\">\n\t\t\t<div id=\"apartmentIframeAll\">\n<script type=\"text\/javascript\" src=\"https:\/\/login.smoobu.com\/js\/Settings\/BookingToolIframe.js\"><\/script>\n<script>BookingToolIframe.initialize({\"url\": \"https:\/\/login.smoobu.com\/en\/booking-tool\/iframe\/333814\", \"baseUrl\": \"https:\/\/login.smoobu.com\", \"target\": \"#apartmentIframeAll\"})<\/script>\n<\/div>\n\n\t\t<\/div>\n\t<\/div>\n<\/div><\/div><\/div><\/div><\/section><div class=\"vc_row-full-width vc_clearfix\"><\/div><\/div>[\/vc_column][vc_column][\/vc_column][\/vc_row][vc_row][vc_column]<div class=\"templatera_shortcode\"><style type=\"text\/css\" data-type=\"vc_shortcodes-custom-css\">.vc_custom_1676550694996{background-color: rgba(230,231,226,0.75) !important;*background-color: rgb(230,231,226) !important;}.vc_custom_1658931349559{background-color: rgba(187,202,173,0.75) !important;*background-color: rgb(187,202,173) !important;}.vc_custom_1654858034331{background-color: rgba(73,98,76,0.75) !important;*background-color: rgb(73,98,76) !important;}.vc_custom_1654858104165{background-color: rgba(76,66,44,0.75) !important;*background-color: rgb(76,66,44) !important;}.vc_custom_1654858164248{background-color: rgba(230,231,226,0.75) !important;*background-color: rgb(230,231,226) !important;}.vc_custom_1654858216077{background-color: rgba(187,202,173,0.75) !important;*background-color: rgb(187,202,173) !important;}.vc_custom_1654858262406{background-color: rgba(73,98,76,0.75) !important;*background-color: rgb(73,98,76) !important;}.vc_custom_1654858319238{background-color: rgba(76,66,44,0.75) !important;*background-color: rgb(76,66,44) !important;}<\/style><section data-vc-full-width=\"true\" data-vc-full-width-temp=\"true\" data-vc-full-width-init=\"false\" class=\"vc_section topstrookblokken\"><div class=\"vc_row wpb_row vc_row-fluid activiteitenrij vc_column-gap-5 vc_row-o-equal-height vc_row-o-content-bottom vc_row-flex\"><div class=\"wpb_column vc_column_container vc_col-sm-3 vc_col-xs-6\"><div class=\"vc_column-inner\"><div class=\"wpb_wrapper\">\n\t<div  class=\"wpb_single_image wpb_content_element vc_align_center wpb_content_element\">\n\t\t\n\t\t<figure class=\"wpb_wrapper vc_figure\">\n\t\t\t<a href=\"https:\/\/hushotellhunge.com\/de\/ferienwohnungen\/ekorre\/\" target=\"_self\" class=\"vc_single_image-wrapper   vc_box_border_grey\"><img decoding=\"async\" class=\"vc_single_image-img lazyload\" data-src=\"https:\/\/hushotellhunge.com\/wp-content\/uploads\/2022\/01\/02-Ekorre-Lagenhet-Hus-Hotell-Hunge.png\" width=\"450\" height=\"695\" alt=\"02-Ekorre La\u0308genhet Hus Hotell Hunge\" title=\"02-Ekorre La\u0308genhet Hus Hotell Hunge\" src=\"data:image\/svg+xml;base64,PHN2ZyB3aWR0aD0iMSIgaGVpZ2h0PSIxIiB4bWxucz0iaHR0cDovL3d3dy53My5vcmcvMjAwMC9zdmciPjwvc3ZnPg==\" style=\"--smush-placeholder-width: 450px; --smush-placeholder-aspect-ratio: 450\/695;\" \/><\/a>\n\t\t<\/figure>\n\t<\/div>\n\n\t<div class=\"wpb_text_column wpb_content_element vc_custom_1676550694996 fototitellicht\" >\n\t\t<div class=\"wpb_wrapper\">\n\t\t\t<p style=\"text-align: center;\"><a href=\"https:\/\/hushotellhunge.com\/de\/ferienwohnungen\/ekorre\/\">Ekorre<\/a><\/p>\n\n\t\t<\/div>\n\t<\/div>\n<\/div><\/div><\/div><div class=\"wpb_column vc_column_container vc_col-sm-3 vc_col-xs-6\"><div class=\"vc_column-inner\"><div class=\"wpb_wrapper\">\n\t<div  class=\"wpb_single_image wpb_content_element vc_align_center wpb_content_element\">\n\t\t\n\t\t<figure class=\"wpb_wrapper vc_figure\">\n\t\t\t<a href=\"https:\/\/hushotellhunge.com\/de\/ferienwohnungen\/kronhjort\/\" target=\"_self\" class=\"vc_single_image-wrapper   vc_box_border_grey\"><img decoding=\"async\" class=\"vc_single_image-img lazyload\" data-src=\"https:\/\/hushotellhunge.com\/wp-content\/uploads\/2022\/01\/03-Kronhjort-Lagenhet-Hus-Hotell-Hunge.png\" width=\"450\" height=\"695\" alt=\"03-Kronhjort La\u0308genhet Hus Hotell Hunge\" title=\"03-Kronhjort La\u0308genhet Hus Hotell Hunge\" src=\"data:image\/svg+xml;base64,PHN2ZyB3aWR0aD0iMSIgaGVpZ2h0PSIxIiB4bWxucz0iaHR0cDovL3d3dy53My5vcmcvMjAwMC9zdmciPjwvc3ZnPg==\" style=\"--smush-placeholder-width: 450px; --smush-placeholder-aspect-ratio: 450\/695;\" \/><\/a>\n\t\t<\/figure>\n\t<\/div>\n\n\t<div class=\"wpb_text_column wpb_content_element vc_custom_1658931349559 fototitellichtgr\" >\n\t\t<div class=\"wpb_wrapper\">\n\t\t\t<p style=\"text-align: center;\"><a href=\"https:\/\/hushotellhunge.com\/de\/ferienwohnungen\/kronhjort\/\">Kronjhort<\/a><\/p>\n\n\t\t<\/div>\n\t<\/div>\n<\/div><\/div><\/div><div class=\"wpb_column vc_column_container vc_col-sm-3 vc_col-xs-6\"><div class=\"vc_column-inner\"><div class=\"wpb_wrapper\">\n\t<div  class=\"wpb_single_image wpb_content_element vc_align_center wpb_content_element\">\n\t\t\n\t\t<figure class=\"wpb_wrapper vc_figure\">\n\t\t\t<a href=\"https:\/\/hushotellhunge.com\/de\/ferienwohnung\/ren\/\" target=\"_self\" class=\"vc_single_image-wrapper   vc_box_border_grey\"><img decoding=\"async\" class=\"vc_single_image-img lazyload\" data-src=\"https:\/\/hushotellhunge.com\/wp-content\/uploads\/2022\/01\/04-Ren-Lagenhet-Hus-Hotell-Hunge.png\" width=\"450\" height=\"695\" alt=\"04-Ren La\u0308genhet Hus Hotell Hunge\" title=\"04-Ren La\u0308genhet Hus Hotell Hunge\" src=\"data:image\/svg+xml;base64,PHN2ZyB3aWR0aD0iMSIgaGVpZ2h0PSIxIiB4bWxucz0iaHR0cDovL3d3dy53My5vcmcvMjAwMC9zdmciPjwvc3ZnPg==\" style=\"--smush-placeholder-width: 450px; --smush-placeholder-aspect-ratio: 450\/695;\" \/><\/a>\n\t\t<\/figure>\n\t<\/div>\n\n\t<div class=\"wpb_text_column wpb_content_element vc_custom_1654858034331 fototiteldonkergr\" >\n\t\t<div class=\"wpb_wrapper\">\n\t\t\t<p style=\"text-align: center;\"><a href=\"https:\/\/hushotellhunge.com\/de\/ferienwohnung\/ren\/\">Ren<\/a><\/p>\n\n\t\t<\/div>\n\t<\/div>\n<\/div><\/div><\/div><div class=\"wpb_column vc_column_container vc_col-sm-3 vc_col-xs-6\"><div class=\"vc_column-inner\"><div class=\"wpb_wrapper\">\n\t<div  class=\"wpb_single_image wpb_content_element vc_align_center wpb_content_element\">\n\t\t\n\t\t<figure class=\"wpb_wrapper vc_figure\">\n\t\t\t<a href=\"https:\/\/hushotellhunge.com\/de\/ferienwohnung\/rav\/\" target=\"_self\" class=\"vc_single_image-wrapper   vc_box_border_grey\"><img decoding=\"async\" class=\"vc_single_image-img lazyload\" data-src=\"https:\/\/hushotellhunge.com\/wp-content\/uploads\/2022\/01\/05-Rav-Lagenhet-Hus-Hotell-Hunge.png\" width=\"450\" height=\"695\" alt=\"05-Ra\u0308v La\u0308genhet Hus Hotell Hunge\" title=\"05-Ra\u0308v La\u0308genhet Hus Hotell Hunge\" src=\"data:image\/svg+xml;base64,PHN2ZyB3aWR0aD0iMSIgaGVpZ2h0PSIxIiB4bWxucz0iaHR0cDovL3d3dy53My5vcmcvMjAwMC9zdmciPjwvc3ZnPg==\" style=\"--smush-placeholder-width: 450px; --smush-placeholder-aspect-ratio: 450\/695;\" \/><\/a>\n\t\t<\/figure>\n\t<\/div>\n\n\t<div class=\"wpb_text_column wpb_content_element vc_custom_1654858104165 fototitelbruin\" >\n\t\t<div class=\"wpb_wrapper\">\n\t\t\t<p style=\"text-align: center;\"><a href=\"https:\/\/hushotellhunge.com\/de\/ferienwohnung\/rav\/\">R\u00e4v<\/a><\/p>\n\n\t\t<\/div>\n\t<\/div>\n<\/div><\/div><\/div><\/div><div class=\"vc_row wpb_row vc_row-fluid activiteitenrij vc_column-gap-5 vc_row-o-equal-height vc_row-o-content-bottom vc_row-flex\"><div class=\"wpb_column vc_column_container vc_col-sm-3 vc_col-xs-6\"><div class=\"vc_column-inner\"><div class=\"wpb_wrapper\">\n\t<div  class=\"wpb_single_image wpb_content_element vc_align_center wpb_content_element\">\n\t\t\n\t\t<figure class=\"wpb_wrapper vc_figure\">\n\t\t\t<a href=\"https:\/\/hushotellhunge.com\/de\/ferienwohnung\/radjur\/\" target=\"_self\" class=\"vc_single_image-wrapper   vc_box_border_grey\"><img decoding=\"async\" class=\"vc_single_image-img lazyload\" data-src=\"https:\/\/hushotellhunge.com\/wp-content\/uploads\/2022\/01\/06-Radjur-Lagenhet-Hus-Hotell-Hunge.png\" width=\"450\" height=\"695\" alt=\"06-Ra\u030adjur La\u0308genhet Hus Hotell Hunge\" title=\"06-Ra\u030adjur La\u0308genhet Hus Hotell Hunge\" src=\"data:image\/svg+xml;base64,PHN2ZyB3aWR0aD0iMSIgaGVpZ2h0PSIxIiB4bWxucz0iaHR0cDovL3d3dy53My5vcmcvMjAwMC9zdmciPjwvc3ZnPg==\" style=\"--smush-placeholder-width: 450px; --smush-placeholder-aspect-ratio: 450\/695;\" \/><\/a>\n\t\t<\/figure>\n\t<\/div>\n\n\t<div class=\"wpb_text_column wpb_content_element vc_custom_1654858164248 fototitellicht\" >\n\t\t<div class=\"wpb_wrapper\">\n\t\t\t<p style=\"text-align: center;\"><a href=\"https:\/\/hushotellhunge.com\/de\/ferienwohnung\/radjur\/\">R\u00e5djur<\/a><\/p>\n\n\t\t<\/div>\n\t<\/div>\n<\/div><\/div><\/div><div class=\"wpb_column vc_column_container vc_col-sm-3 vc_col-xs-6\"><div class=\"vc_column-inner\"><div class=\"wpb_wrapper\">\n\t<div  class=\"wpb_single_image wpb_content_element vc_align_center wpb_content_element\">\n\t\t\n\t\t<figure class=\"wpb_wrapper vc_figure\">\n\t\t\t<a href=\"https:\/\/hushotellhunge.com\/de\/ferienwohnung\/varg\/\" target=\"_self\" class=\"vc_single_image-wrapper   vc_box_border_grey\"><img decoding=\"async\" class=\"vc_single_image-img lazyload\" data-src=\"https:\/\/hushotellhunge.com\/wp-content\/uploads\/2022\/01\/07-Varg-Lagenhet-Hus-Hotell-Hunge.png\" width=\"450\" height=\"695\" alt=\"07-Varg La\u0308genhet Hus Hotell Hunge\" title=\"07-Varg La\u0308genhet Hus Hotell Hunge\" src=\"data:image\/svg+xml;base64,PHN2ZyB3aWR0aD0iMSIgaGVpZ2h0PSIxIiB4bWxucz0iaHR0cDovL3d3dy53My5vcmcvMjAwMC9zdmciPjwvc3ZnPg==\" style=\"--smush-placeholder-width: 450px; --smush-placeholder-aspect-ratio: 450\/695;\" \/><\/a>\n\t\t<\/figure>\n\t<\/div>\n\n\t<div class=\"wpb_text_column wpb_content_element vc_custom_1654858216077 fototitellichtgr\" >\n\t\t<div class=\"wpb_wrapper\">\n\t\t\t<p style=\"text-align: center;\"><a href=\"https:\/\/hushotellhunge.com\/de\/ferienwohnung\/varg\/\">Varg<\/a><\/p>\n\n\t\t<\/div>\n\t<\/div>\n<\/div><\/div><\/div><div class=\"wpb_column vc_column_container vc_col-sm-3 vc_col-xs-6\"><div class=\"vc_column-inner\"><div class=\"wpb_wrapper\">\n\t<div  class=\"wpb_single_image wpb_content_element vc_align_center wpb_content_element\">\n\t\t\n\t\t<figure class=\"wpb_wrapper vc_figure\">\n\t\t\t<a href=\"https:\/\/hushotellhunge.com\/de\/ferienwohnung\/alg\/\" target=\"_self\" class=\"vc_single_image-wrapper   vc_box_border_grey\"><img decoding=\"async\" class=\"vc_single_image-img lazyload\" data-src=\"https:\/\/hushotellhunge.com\/wp-content\/uploads\/2022\/01\/08-Alg-Lagenhet-Hus-Hotell-Hunge.png\" width=\"450\" height=\"695\" alt=\"08-A\u0308lg La\u0308genhet Hus Hotell Hunge\" title=\"08-A\u0308lg La\u0308genhet Hus Hotell Hunge\" src=\"data:image\/svg+xml;base64,PHN2ZyB3aWR0aD0iMSIgaGVpZ2h0PSIxIiB4bWxucz0iaHR0cDovL3d3dy53My5vcmcvMjAwMC9zdmciPjwvc3ZnPg==\" style=\"--smush-placeholder-width: 450px; --smush-placeholder-aspect-ratio: 450\/695;\" \/><\/a>\n\t\t<\/figure>\n\t<\/div>\n\n\t<div class=\"wpb_text_column wpb_content_element vc_custom_1654858262406 fototiteldonkergr\" >\n\t\t<div class=\"wpb_wrapper\">\n\t\t\t<p style=\"text-align: center;\"><a href=\"https:\/\/hushotellhunge.com\/de\/ferienwohnung\/alg\/\">\u00c4lg<\/a><\/p>\n\n\t\t<\/div>\n\t<\/div>\n<\/div><\/div><\/div><div class=\"wpb_column vc_column_container vc_col-sm-3 vc_col-xs-6\"><div class=\"vc_column-inner\"><div class=\"wpb_wrapper\">\n\t<div  class=\"wpb_single_image wpb_content_element vc_align_center wpb_content_element\">\n\t\t\n\t\t<figure class=\"wpb_wrapper vc_figure\">\n\t\t\t<a href=\"https:\/\/hushotellhunge.com\/de\/ferienwohnung\/lodjur\/\" target=\"_self\" class=\"vc_single_image-wrapper   vc_box_border_grey\"><img decoding=\"async\" class=\"vc_single_image-img lazyload\" data-src=\"https:\/\/hushotellhunge.com\/wp-content\/uploads\/2022\/01\/09-Lodjur-Lagenhet-Hus-Hotell-Hunge.png\" width=\"450\" height=\"695\" alt=\"09-Lodjur La\u0308genhet Hus Hotell Hunge\" title=\"09-Lodjur La\u0308genhet Hus Hotell Hunge\" src=\"data:image\/svg+xml;base64,PHN2ZyB3aWR0aD0iMSIgaGVpZ2h0PSIxIiB4bWxucz0iaHR0cDovL3d3dy53My5vcmcvMjAwMC9zdmciPjwvc3ZnPg==\" style=\"--smush-placeholder-width: 450px; --smush-placeholder-aspect-ratio: 450\/695;\" \/><\/a>\n\t\t<\/figure>\n\t<\/div>\n\n\t<div class=\"wpb_text_column wpb_content_element vc_custom_1654858319238 fototitelbruin\" >\n\t\t<div class=\"wpb_wrapper\">\n\t\t\t<p style=\"text-align: center;\"><a href=\"https:\/\/hushotellhunge.com\/de\/ferienwohnung\/lodjur\/\">Lodjur<\/a><\/p>\n\n\t\t<\/div>\n\t<\/div>\n<\/div><\/div><\/div><\/div><\/section><div class=\"vc_row-full-width vc_clearfix\"><\/div><\/div>[\/vc_column][\/vc_row][\/vc_section]<\/p>\n<\/div>","protected":false},"excerpt":{"rendered":"5 = 4 Pakete Automatisch angepasst bei der Buchung Aktivit\u00e4ten im SommerHunge Sommer Erlebnis Klicken Sie auf das Foto f\u00fcr Informationen zur Wohnung Ekorre Kronjhort Ren R\u00e4v R\u00e5djur Varg \u00c4lg Lodjur","protected":false},"author":2,"featured_media":0,"parent":0,"menu_order":0,"comment_status":"closed","ping_status":"closed","template":"","meta":{"_acf_changed":false,"footnotes":""},"class_list":["post-2351","page","type-page","status-publish","hentry"],"acf":[],"yoast_head":"<!-- This site is optimized with the Yoast SEO plugin v27.0 - https:\/\/yoast.com\/product\/yoast-seo-wordpress\/ -->\n<title>Reservierung - Hus Hotell Hunge<\/title>\n<meta name=\"robots\" content=\"index, follow, max-snippet:-1, max-image-preview:large, max-video-preview:-1\" \/>\n<link rel=\"canonical\" href=\"https:\/\/hushotellhunge.com\/de\/reservierung\/\" \/>\n<meta property=\"og:locale\" content=\"de_DE\" \/>\n<meta property=\"og:type\" content=\"article\" \/>\n<meta property=\"og:title\" content=\"Reservierung - Hus Hotell Hunge\" \/>\n<meta property=\"og:url\" content=\"https:\/\/hushotellhunge.com\/de\/reservierung\/\" \/>\n<meta property=\"og:site_name\" content=\"Hus Hotell Hunge\" \/>\n<meta property=\"article:modified_time\" content=\"2023-07-25T12:40:56+00:00\" \/>\n<meta name=\"twitter:card\" content=\"summary_large_image\" \/>\n<meta name=\"twitter:label1\" content=\"Gesch\u00e4tzte Lesezeit\" \/>\n\t<meta name=\"twitter:data1\" content=\"1\u00a0Minute\" \/>\n<script type=\"application\/ld+json\" class=\"yoast-schema-graph\">{\"@context\":\"https:\/\/schema.org\",\"@graph\":[{\"@type\":\"WebPage\",\"@id\":\"https:\/\/hushotellhunge.com\/de\/reservierung\/\",\"url\":\"https:\/\/hushotellhunge.com\/de\/reservierung\/\",\"name\":\"Reservierung - Hus Hotell Hunge\",\"isPartOf\":{\"@id\":\"https:\/\/hushotellhunge.com\/de\/#website\"},\"datePublished\":\"2022-01-24T10:31:38+00:00\",\"dateModified\":\"2023-07-25T12:40:56+00:00\",\"breadcrumb\":{\"@id\":\"https:\/\/hushotellhunge.com\/de\/reservierung\/#breadcrumb\"},\"inLanguage\":\"de\",\"potentialAction\":[{\"@type\":\"ReadAction\",\"target\":[\"https:\/\/hushotellhunge.com\/de\/reservierung\/\"]}]},{\"@type\":\"BreadcrumbList\",\"@id\":\"https:\/\/hushotellhunge.com\/de\/reservierung\/#breadcrumb\",\"itemListElement\":[{\"@type\":\"ListItem\",\"position\":1,\"name\":\"Home\",\"item\":\"https:\/\/hushotellhunge.com\/de\/\"},{\"@type\":\"ListItem\",\"position\":2,\"name\":\"Reservierung\"}]},{\"@type\":\"WebSite\",\"@id\":\"https:\/\/hushotellhunge.com\/de\/#website\",\"url\":\"https:\/\/hushotellhunge.com\/de\/\",\"name\":\"Hus Hotell Hunge\",\"description\":\"Meet &amp; Adventure\",\"publisher\":{\"@id\":\"https:\/\/hushotellhunge.com\/de\/#organization\"},\"potentialAction\":[{\"@type\":\"SearchAction\",\"target\":{\"@type\":\"EntryPoint\",\"urlTemplate\":\"https:\/\/hushotellhunge.com\/de\/?s={search_term_string}\"},\"query-input\":{\"@type\":\"PropertyValueSpecification\",\"valueRequired\":true,\"valueName\":\"search_term_string\"}}],\"inLanguage\":\"de\"},{\"@type\":\"Organization\",\"@id\":\"https:\/\/hushotellhunge.com\/de\/#organization\",\"name\":\"Hus Hotell Hunge\",\"url\":\"https:\/\/hushotellhunge.com\/de\/\",\"logo\":{\"@type\":\"ImageObject\",\"inLanguage\":\"de\",\"@id\":\"https:\/\/hushotellhunge.com\/de\/#\/schema\/logo\/image\/\",\"url\":\"https:\/\/hushotellhunge.com\/wp-content\/uploads\/2022\/01\/Hus-Hotell-Hunge-logo-header.png\",\"contentUrl\":\"https:\/\/hushotellhunge.com\/wp-content\/uploads\/2022\/01\/Hus-Hotell-Hunge-logo-header.png\",\"width\":482,\"height\":302,\"caption\":\"Hus Hotell Hunge\"},\"image\":{\"@id\":\"https:\/\/hushotellhunge.com\/de\/#\/schema\/logo\/image\/\"}}]}<\/script>\n<!-- \/ Yoast SEO plugin. -->","yoast_head_json":{"title":"Reservierung - Hus Hotell Hunge","robots":{"index":"index","follow":"follow","max-snippet":"max-snippet:-1","max-image-preview":"max-image-preview:large","max-video-preview":"max-video-preview:-1"},"canonical":"https:\/\/hushotellhunge.com\/de\/reservierung\/","og_locale":"de_DE","og_type":"article","og_title":"Reservierung - Hus Hotell Hunge","og_url":"https:\/\/hushotellhunge.com\/de\/reservierung\/","og_site_name":"Hus Hotell Hunge","article_modified_time":"2023-07-25T12:40:56+00:00","twitter_card":"summary_large_image","twitter_misc":{"Gesch\u00e4tzte Lesezeit":"1\u00a0Minute"},"schema":{"@context":"https:\/\/schema.org","@graph":[{"@type":"WebPage","@id":"https:\/\/hushotellhunge.com\/de\/reservierung\/","url":"https:\/\/hushotellhunge.com\/de\/reservierung\/","name":"Reservierung - Hus Hotell Hunge","isPartOf":{"@id":"https:\/\/hushotellhunge.com\/de\/#website"},"datePublished":"2022-01-24T10:31:38+00:00","dateModified":"2023-07-25T12:40:56+00:00","breadcrumb":{"@id":"https:\/\/hushotellhunge.com\/de\/reservierung\/#breadcrumb"},"inLanguage":"de","potentialAction":[{"@type":"ReadAction","target":["https:\/\/hushotellhunge.com\/de\/reservierung\/"]}]},{"@type":"BreadcrumbList","@id":"https:\/\/hushotellhunge.com\/de\/reservierung\/#breadcrumb","itemListElement":[{"@type":"ListItem","position":1,"name":"Home","item":"https:\/\/hushotellhunge.com\/de\/"},{"@type":"ListItem","position":2,"name":"Reservierung"}]},{"@type":"WebSite","@id":"https:\/\/hushotellhunge.com\/de\/#website","url":"https:\/\/hushotellhunge.com\/de\/","name":"Hus Hotell Hunge","description":"Meet &amp; Adventure","publisher":{"@id":"https:\/\/hushotellhunge.com\/de\/#organization"},"potentialAction":[{"@type":"SearchAction","target":{"@type":"EntryPoint","urlTemplate":"https:\/\/hushotellhunge.com\/de\/?s={search_term_string}"},"query-input":{"@type":"PropertyValueSpecification","valueRequired":true,"valueName":"search_term_string"}}],"inLanguage":"de"},{"@type":"Organization","@id":"https:\/\/hushotellhunge.com\/de\/#organization","name":"Hus Hotell Hunge","url":"https:\/\/hushotellhunge.com\/de\/","logo":{"@type":"ImageObject","inLanguage":"de","@id":"https:\/\/hushotellhunge.com\/de\/#\/schema\/logo\/image\/","url":"https:\/\/hushotellhunge.com\/wp-content\/uploads\/2022\/01\/Hus-Hotell-Hunge-logo-header.png","contentUrl":"https:\/\/hushotellhunge.com\/wp-content\/uploads\/2022\/01\/Hus-Hotell-Hunge-logo-header.png","width":482,"height":302,"caption":"Hus Hotell Hunge"},"image":{"@id":"https:\/\/hushotellhunge.com\/de\/#\/schema\/logo\/image\/"}}]}},"_links":{"self":[{"href":"https:\/\/hushotellhunge.com\/de\/wp-json\/wp\/v2\/pages\/2351","targetHints":{"allow":["GET"]}}],"collection":[{"href":"https:\/\/hushotellhunge.com\/de\/wp-json\/wp\/v2\/pages"}],"about":[{"href":"https:\/\/hushotellhunge.com\/de\/wp-json\/wp\/v2\/types\/page"}],"author":[{"embeddable":true,"href":"https:\/\/hushotellhunge.com\/de\/wp-json\/wp\/v2\/users\/2"}],"replies":[{"embeddable":true,"href":"https:\/\/hushotellhunge.com\/de\/wp-json\/wp\/v2\/comments?post=2351"}],"version-history":[{"count":6,"href":"https:\/\/hushotellhunge.com\/de\/wp-json\/wp\/v2\/pages\/2351\/revisions"}],"predecessor-version":[{"id":8500,"href":"https:\/\/hushotellhunge.com\/de\/wp-json\/wp\/v2\/pages\/2351\/revisions\/8500"}],"wp:attachment":[{"href":"https:\/\/hushotellhunge.com\/de\/wp-json\/wp\/v2\/media?parent=2351"}],"curies":[{"name":"wp","href":"https:\/\/api.w.org\/{rel}","templated":true}]}}