{"id":3473,"date":"2023-03-20T07:52:04","date_gmt":"2023-03-20T06:52:04","guid":{"rendered":"https:\/\/hushotellhunge.com\/?page_id=3473"},"modified":"2025-03-28T15:01:22","modified_gmt":"2025-03-28T14:01:22","slug":"sommererlebnis-in-hunge","status":"publish","type":"page","link":"https:\/\/hushotellhunge.com\/de\/aktivitaeten\/sommer\/sommererlebnis-in-hunge\/","title":{"rendered":"Hunge Sommerpaket"},"content":{"rendered":"<div class=\"wpb-content-wrapper\"><p>[vc_section full_width=&#8220;stretch_row&#8220; content_placement=&#8220;middle&#8220; css=&#8220;.vc_custom_1678538143832{background-image: url(https:\/\/hushotellhunge.com\/wp-content\/uploads\/2023\/03\/hoofdfoto-1791&#215;1000-1.png?id=3676) !important;background-position: center !important;background-repeat: no-repeat !important;background-size: cover !important;}&#8220; el_class=&#8220;topfoto bodem&#8220;][vc_row][vc_column width=&#8220;5\/6&#8243; el_class=&#8220;titelbloktrans&#8220; offset=&#8220;vc_col-lg-7 vc_col-md-7 vc_col-xs-12&#8243;][vc_column_text]<\/p>\n<h1><\/h1>\n<h1 style=\"text-align: center;\">Hunge Sommerpaket<\/h1>\n<p style=\"text-align: center;\">Genie\u00dfen Sie J\u00e4mtland, Mittelschweden<\/p>\n<p style=\"text-align: center;\">7 &#8211; daags Zomer Arrangement<\/p>\n<h2 style=\"text-align: center;\">ab 3119 SEK P.P.<\/h2>\n<p style=\"text-align: center;\"><strong>bei 4 Personen<\/strong><\/p>\n<p>[\/vc_column_text][\/vc_column][vc_column width=&#8220;1\/6&#8243;][vc_btn title=&#8220;Wanderrouten&#8220; css=&#8220;&#8220; link=&#8220;url:https%3A%2F%2Fhushotellhunge.com%2Fde%2Faktivitaeten%2Fsommer%2Fwandern-in-mittelschweden%2F|title:Wandern%20in%20Mittelschweden%20J%C3%A4mtland&#8220;][vc_btn title=&#8220;Aktivit\u00e4ten&#8220; link=&#8220;url:https%3A%2F%2Fhushotellhunge.com%2Fde%2Faktivitaeten%2Fsommer%2F|&#8220;][\/vc_column][\/vc_row][\/vc_section][vc_section full_width=&#8220;stretch_row&#8220; content_placement=&#8220;middle&#8220; el_class=&#8220;rondfotolichtgroen rondfoto&#8220;][vc_row gap=&#8220;35&#8243; equal_height=&#8220;yes&#8220; content_placement=&#8220;middle&#8220;][vc_column width=&#8220;1\/3&#8243;][vc_single_image image=&#8220;3683&#8243; img_size=&#8220;500 x 500&#8243; alignment=&#8220;right&#8220; style=&#8220;vc_box_border_circle&#8220; border_color=&#8220;white&#8220; el_class=&#8220;afbrond&#8220;][\/vc_column][vc_column width=&#8220;2\/3&#8243;][vc_column_text el_class=&#8220;introtekst&#8220;]<\/p>\n<h2>Abenteuer, Staunen und Begegnung<\/h2>\n<p>[\/vc_column_text][vc_column_text css=&#8220;&#8220;]Erleben Sie J\u00e4mtland mit seinen majest\u00e4tischen Landschaften, kristallklaren Seen, endlosen W\u00e4ldern, Ruhe und Weite. Es ist ein Paradies f\u00fcr Wanderer und Radfahrer, Angler und Kanufahrer und bietet die M\u00f6glichkeit, wilde Tiere zu beobachten. Die durchschnittliche Sommertemperatur von 20 \u00b0C ist f\u00fcr all diese Aktivit\u00e4ten perfekt.[\/vc_column_text][\/vc_column][\/vc_row][\/vc_section][vc_section full_width=&#8220;stretch_row&#8220; content_placement=&#8220;middle&#8220; el_class=&#8220;rondfotodonkergroen rondfoto&#8220;][vc_row gap=&#8220;35&#8243; equal_height=&#8220;yes&#8220; rtl_reverse=&#8220;yes&#8220; content_placement=&#8220;middle&#8220;][vc_column width=&#8220;2\/3&#8243;][vc_column_text css=&#8220;&#8220; el_class=&#8220;introtekst&#8220;]<\/p>\n<h3>7-Tage-Hunge-Sommerpaket<\/h3>\n<p>Sie werden den Komfort des Hotels genie\u00dfen und wir werden die Reservierungen vornehmen.<\/p>\n<p>die besonderen Aktivit\u00e4ten f\u00fcr Sie!<\/p>\n<p>Sie wohnen 6 N\u00e4chte in einer der 7 ger\u00e4umigen Wohnungen im gem\u00fctlichen <a href=\"https:\/\/hushotellhunge.com\/de\/\">Hus Hotell Hunge.<\/a> Ihre Wohnung ist mit allen Annehmlichkeiten ausgestattet, wie z.B. einem eigenen Bad, zwei Einzelbetten (1 oder 2 Zusatzbetten m\u00f6glich) und einer eigenen Kochnische. Das gro\u00dfe Wohnzimmer ist ein gem\u00fctlicher Treffpunkt, ebenso wie der Grillplatz. Vom Hotel aus haben Sie einen Blick auf den Hungesj\u00f6n und die gr\u00fcnen H\u00fcgel.<\/p>\n<p><strong>Tipp: <\/strong><\/p>\n<p><strong>Buchen Sie Ihre Aktivit\u00e4ten \u00fcber das <a href=\"#Row_Aanmeld_formulier_zomer\"><em>Kontaktformular<\/em><\/a> und wir reservieren sie gerne f\u00fcr Sie! Sie erhalten daraufhin eine Best\u00e4tigung per E-Mail.<\/strong>[\/vc_column_text][\/vc_column][vc_column width=&#8220;1\/3&#8243;][vc_single_image image=&#8220;3693&#8243; img_size=&#8220;500 x 500&#8243; alignment=&#8220;right&#8220; style=&#8220;vc_box_border_circle&#8220; border_color=&#8220;white&#8220; el_class=&#8220;afbrondrechts&#8220;][\/vc_column][\/vc_row][\/vc_section][vc_section full_width=&#8220;stretch_row&#8220; content_placement=&#8220;middle&#8220; el_class=&#8220;rondfotolichtgroen rondfoto&#8220;][vc_row gap=&#8220;35&#8243; equal_height=&#8220;yes&#8220; content_placement=&#8220;middle&#8220;][vc_column width=&#8220;1\/3&#8243;][vc_single_image image=&#8220;3747&#8243; img_size=&#8220;500 x 500&#8243; alignment=&#8220;right&#8220; style=&#8220;vc_box_border_circle&#8220; border_color=&#8220;white&#8220; el_class=&#8220;afbrond&#8220;][\/vc_column][vc_column width=&#8220;2\/3&#8243;][vc_column_text css=&#8220;&#8220; el_class=&#8220;introtekst&#8220;]<\/p>\n<h3>Hunge Sommerpaket<\/h3>\n<ul>\n<li><a href=\"https:\/\/hushotellhunge.com\/de\/ferienwohnungen\/\">6 N\u00e4chte<\/a><\/li>\n<li>Anreisetagssuppe mit belegten Br\u00f6tchen<\/li>\n<li>2 Mahlzeiten: gemeinsame Pizza und Grillabend<\/li>\n<li>6 x kontinentales Fr\u00fchst\u00fcck<\/li>\n<li>Bettw\u00e4sche und Handt\u00fccher<\/li>\n<li>Endreinigung<\/li>\n<\/ul>\n<p>[\/vc_column_text][\/vc_column][\/vc_row][\/vc_section][vc_section full_width=&#8220;stretch_row&#8220; content_placement=&#8220;middle&#8220; el_class=&#8220;rondfotodonkergroen rondfoto&#8220;][vc_row gap=&#8220;35&#8243; equal_height=&#8220;yes&#8220; rtl_reverse=&#8220;yes&#8220; content_placement=&#8220;middle&#8220;][vc_column width=&#8220;1\/3&#8243;][vc_column_text css=&#8220;&#8220; el_class=&#8220;introtekst&#8220;]<\/p>\n<h3>Fr\u00fchbucherrabatt SEK<\/h3>\n<h3 style=\"text-align: left;\">An 01-03<\/h3>\n<p>Max. 4 Pers. pro Wohnung<\/p>\n<p>1 Person 5198<\/p>\n<p>2 Personen 3173 p.p.<\/p>\n<p>3 Personen 2948 p.p.<\/p>\n<p>4 Personen 3119 p.p.[\/vc_column_text][\/vc_column][vc_column width=&#8220;1\/3&#8243;][vc_column_text css=&#8220;&#8220; el_class=&#8220;introtekst&#8220;]<\/p>\n<h3>Sommer-Rabatt SEK<\/h3>\n<h3>Von 01-03<\/h3>\n<p>Max. 4 Pers. pro Wohnung<\/p>\n<p>1 Person von 6675 f\u00fcr 5775<\/p>\n<p>2 Personen ab 3975 f\u00fcr 3525 p.P.<\/p>\n<p>3 Personen ab 3575 f\u00fcr 3275 P.P.<\/p>\n<p>4 personen van 3375 voor 3150 p.p.[\/vc_column_text][\/vc_column][vc_column width=&#8220;1\/3&#8243;][vc_single_image image=&#8220;2491&#8243; img_size=&#8220;500 x 500&#8243; alignment=&#8220;right&#8220; style=&#8220;vc_box_border_circle&#8220; border_color=&#8220;white&#8220; el_class=&#8220;afbrondrechts&#8220;][\/vc_column][\/vc_row][\/vc_section][vc_section full_width=&#8220;stretch_row&#8220; content_placement=&#8220;middle&#8220; el_class=&#8220;rondfotolichtgroen rondfoto&#8220;][vc_row gap=&#8220;35&#8243; equal_height=&#8220;yes&#8220; content_placement=&#8220;middle&#8220;][vc_column width=&#8220;1\/3&#8243;][vc_single_image image=&#8220;3742&#8243; img_size=&#8220;500 x 500&#8243; alignment=&#8220;right&#8220; style=&#8220;vc_box_border_circle&#8220; border_color=&#8220;white&#8220; el_class=&#8220;afbrond&#8220;][\/vc_column][vc_column width=&#8220;2\/3&#8243;][vc_column_text css=&#8220;&#8220; el_class=&#8220;introtekst&#8220;]<\/p>\n<h3>Hunge Zomer Activities (exklusiv)<\/h3>\n<ul>\n<li><strong>Bootfahren,<\/strong> Boot mit 6 PS (max. 3 Pers.)<\/li>\n<li><strong>gef\u00fchrte Fischerei<\/strong> einschlie\u00dflich Ausr\u00fcstung und Lizenz<\/li>\n<li><strong>Fahrr\u00e4der (elektrisch)<\/strong> (max. 2)<\/li>\n<li><strong>Kanufahren<\/strong> (max. 4)<\/li>\n<li><strong>Suppen<\/strong> (max. 2)<\/li>\n<\/ul>\n<h3>Abholservice 15 SEK pro km, max. 4 Personen<\/h3>\n<ul>\n<li>Bahnhof Br\u00e4cke, zur\u00fcck 50 km<\/li>\n<li>Start Wanderroute &#8218;der Forsaleden&#8216;, R\u00fcckweg 25 km<\/li>\n<li>Supermarkt, zur\u00fcck 9 km<\/li>\n<\/ul>\n<p>[\/vc_column_text][\/vc_column][\/vc_row][\/vc_section][vc_row][vc_column width=&#8220;2\/3&#8243;][vc_column_text]<\/p>\n<h3 id=\"h-ViharordnatresegarantihosKammarkollegiet\" class=\"kam-h2\">Der Reisegarantiefonds des Hus Hotell Hunge AB wird von Visita verwaltet.<\/h3>\n<p class=\"kam-p\"><a href=\"https:\/\/www.kammarkollegiet.se\/engelska\/start\/all-services\/travel-guarantees\/search-travel-guarantees?sv.target=12.1d1e2ffc1677d3e44b9208d8&amp;sv.12.1d1e2ffc1677d3e44b9208d8.route=\/&amp;query=Hus%20hotell%20Hunge&amp;page=0\" target=\"_blank\" rel=\"external noopener\"><em>Pr\u00fcfen<\/em><\/a> Sie und <a href=\"https:\/\/www.kammarkollegiet.se\/4.5c302a991828ff8c1c613f22.html\" target=\"_blank\" rel=\"external noopener\"><em>Informationen<\/em><\/a><\/p>\n<p>[\/vc_column_text][\/vc_column][vc_column width=&#8220;1\/3&#8243;][vc_single_image image=&#8220;3297&#8243; onclick=&#8220;custom_link&#8220; img_link_target=&#8220;_blank&#8220; link=&#8220;https:\/\/visita.se\/&#8220;][\/vc_column][\/vc_row][vc_section full_width=&#8220;stretch_row&#8220; css=&#8220;.vc_custom_1743001944909{margin-bottom: 60px !important;background-image: url(https:\/\/hushotellhunge.com\/wp-content\/uploads\/2023\/03\/hoofdfoto-1791&#215;1000-1-2.png?id=3705) !important;background-position: center !important;background-repeat: no-repeat !important;background-size: cover !important;}&#8220; el_id=&#8220;Row_Aanmeld_formulier_zomer&#8220;][vc_row][vc_column width=&#8220;1\/4&#8243;][\/vc_column][vc_column width=&#8220;1\/2&#8243; el_class=&#8220;titelbloktrans&#8220;][vc_column_text]<\/p>\n<h3>Kontaktformular Paket und Aktivit\u00e4ten<\/h3>\n<p>[\/vc_column_text]\n<div class=\"wpcf7 no-js\" id=\"wpcf7-f10766-o1\" lang=\"nl-NL\" dir=\"ltr\" data-wpcf7-id=\"10766\">\n<div class=\"screen-reader-response\"><p role=\"status\" aria-live=\"polite\" aria-atomic=\"true\"><\/p> <ul><\/ul><\/div>\n<form action=\"\/de\/wp-json\/wp\/v2\/pages\/3473#wpcf7-f10766-o1\" method=\"post\" class=\"wpcf7-form init\" aria-label=\"Contactformulier\" novalidate=\"novalidate\" data-status=\"init\">\n<fieldset class=\"hidden-fields-container\"><input type=\"hidden\" name=\"_wpcf7\" value=\"10766\" \/><input type=\"hidden\" name=\"_wpcf7_version\" value=\"6.1.5\" \/><input type=\"hidden\" name=\"_wpcf7_locale\" value=\"nl_NL\" \/><input type=\"hidden\" name=\"_wpcf7_unit_tag\" value=\"wpcf7-f10766-o1\" \/><input type=\"hidden\" name=\"_wpcf7_container_post\" value=\"0\" \/><input type=\"hidden\" name=\"_wpcf7_posted_data_hash\" value=\"\" \/><input type=\"hidden\" name=\"_wpcf7_recaptcha_response\" value=\"\" \/>\n<\/fieldset>\n<p><label> Naam:*<br \/>\n<span class=\"wpcf7-form-control-wrap\" data-name=\"your-name\"><input size=\"40\" maxlength=\"400\" class=\"wpcf7-form-control wpcf7-text wpcf7-validates-as-required\" aria-required=\"true\" aria-invalid=\"false\" value=\"\" type=\"text\" name=\"your-name\" \/><\/span> <\/label>\n<\/p>\n<p><label> E-mail:*<br \/>\n<span class=\"wpcf7-form-control-wrap\" data-name=\"your-email\"><input size=\"40\" maxlength=\"400\" class=\"wpcf7-form-control wpcf7-email wpcf7-validates-as-required wpcf7-text wpcf7-validates-as-email\" aria-required=\"true\" aria-invalid=\"false\" value=\"\" type=\"email\" name=\"your-email\" \/><\/span> <\/label>\n<\/p>\n<p><label> Telefoonnummer:<br \/>\n<span class=\"wpcf7-form-control-wrap\" data-name=\"telefoon\"><input size=\"40\" maxlength=\"400\" class=\"wpcf7-form-control wpcf7-text\" aria-invalid=\"false\" value=\"\" type=\"text\" name=\"telefoon\" \/><\/span> <\/label>\n<\/p>\n<p><label> Vraag of opmerking:<br \/>\n<span class=\"wpcf7-form-control-wrap\" data-name=\"your-message\"><textarea cols=\"40\" rows=\"10\" maxlength=\"2000\" class=\"wpcf7-form-control wpcf7-textarea\" aria-invalid=\"false\" name=\"your-message\"><\/textarea><\/span> <\/label>\n<\/p>\n<p><input class=\"wpcf7-form-control wpcf7-submit has-spinner bd-button\" type=\"submit\" value=\"Verzenden\" \/>\n<\/p><p style=\"display: none !important;\" class=\"akismet-fields-container\" data-prefix=\"_wpcf7_ak_\"><label>&#916;<textarea name=\"_wpcf7_ak_hp_textarea\" cols=\"45\" rows=\"8\" maxlength=\"100\"><\/textarea><\/label><input type=\"hidden\" id=\"ak_js_1\" name=\"_wpcf7_ak_js\" value=\"221\"\/><script type=\"text\/javascript\">\n\/* <![CDATA[ *\/\ndocument.getElementById( \"ak_js_1\" ).setAttribute( \"value\", ( new Date() ).getTime() );\n\/* ]]> *\/\n<\/script>\n<\/p><div class=\"wpcf7-response-output\" aria-hidden=\"true\"><\/div>\n<\/form>\n<\/div>\n[\/vc_column][vc_column width=&#8220;1\/4&#8243;][\/vc_column][\/vc_row][\/vc_section]<\/p>\n<\/div>","protected":false},"excerpt":{"rendered":"<p>[vc_section full_width=&#8220;stretch_row&#8220; content_placement=&#8220;middle&#8220; css=&#8220;.vc_custom_1678538143832{background-image: url(https:\/\/hushotellhunge.com\/wp-content\/uploads\/2023\/03\/hoofdfoto-1791&#215;1000-1.png?id=3676) !important;background-position: center !important;background-repeat: no-repeat !important;background-size: cover !important;}&#8220; el_class=&#8220;topfoto bodem&#8220;][vc_row][vc_column width=&#8220;5\/6&#8243; el_class=&#8220;titelbloktrans&#8220; offset=&#8220;vc_col-lg-7 vc_col-md-7 vc_col-xs-12&#8243;][vc_column_text] Hunge Sommerpaket Genie\u00dfen Sie J\u00e4mtland, Mittelschweden 7 &#8211; daags Zomer Arrangement ab 3119 SEK P.P. bei 4 Personen [\/vc_column_text][\/vc_column][vc_column width=&#8220;1\/6&#8243;][vc_btn title=&#8220;Wanderrouten&#8220; css=&#8220;&#8220; link=&#8220;url:https%3A%2F%2Fhushotellhunge.com%2Fde%2Faktivitaeten%2Fsommer%2Fwandern-in-mittelschweden%2F|title:Wandern%20in%20Mittelschweden%20J%C3%A4mtland&#8220;][vc_btn title=&#8220;Aktivit\u00e4ten&#8220; link=&#8220;url:https%3A%2F%2Fhushotellhunge.com%2Fde%2Faktivitaeten%2Fsommer%2F|&#8220;][\/vc_column][\/vc_row][\/vc_section][vc_section full_width=&#8220;stretch_row&#8220; content_placement=&#8220;middle&#8220; el_class=&#8220;rondfotolichtgroen rondfoto&#8220;][vc_row gap=&#8220;35&#8243; equal_height=&#8220;yes&#8220; content_placement=&#8220;middle&#8220;][vc_column width=&#8220;1\/3&#8243;][vc_single_image image=&#8220;3683&#8243; img_size=&#8220;500 x [&hellip;]<\/p>\n","protected":false},"author":1,"featured_media":0,"parent":2269,"menu_order":0,"comment_status":"closed","ping_status":"closed","template":"","meta":{"_acf_changed":false,"footnotes":""},"class_list":["post-3473","page","type-page","status-publish","hentry"],"acf":[],"yoast_head":"<!-- This site is optimized with the Yoast SEO plugin v27.0 - https:\/\/yoast.com\/product\/yoast-seo-wordpress\/ -->\n<title>Hunge Sommerpaket - Hus Hotell Hunge<\/title>\n<meta name=\"description\" content=\"Genie\u00dfen Sie den Komfort des Hotels und buchen Sie verschiedene Aktivit\u00e4ten. 7-t\u00e4giges Sommerpaket, J\u00e4mtland, Mittelschweden.\" \/>\n<meta name=\"robots\" content=\"index, follow, max-snippet:-1, max-image-preview:large, max-video-preview:-1\" \/>\n<link rel=\"canonical\" href=\"https:\/\/hushotellhunge.com\/de\/aktivitaeten\/sommer\/sommererlebnis-in-hunge\/\" \/>\n<meta property=\"og:locale\" content=\"de_DE\" \/>\n<meta property=\"og:type\" content=\"article\" \/>\n<meta property=\"og:title\" content=\"Hunge Sommerpaket - Hus Hotell Hunge\" \/>\n<meta property=\"og:description\" content=\"Genie\u00dfen Sie den Komfort des Hotels und buchen Sie verschiedene Aktivit\u00e4ten. 7-t\u00e4giges Sommerpaket, J\u00e4mtland, Mittelschweden.\" \/>\n<meta property=\"og:url\" content=\"https:\/\/hushotellhunge.com\/de\/aktivitaeten\/sommer\/sommererlebnis-in-hunge\/\" \/>\n<meta property=\"og:site_name\" content=\"Hus Hotell Hunge\" \/>\n<meta property=\"article:modified_time\" content=\"2025-03-28T14:01:22+00:00\" \/>\n<meta name=\"twitter:card\" content=\"summary_large_image\" \/>\n<meta name=\"twitter:label1\" content=\"Gesch\u00e4tzte Lesezeit\" \/>\n\t<meta name=\"twitter:data1\" content=\"4\u00a0Minuten\" \/>\n<script type=\"application\/ld+json\" class=\"yoast-schema-graph\">{\"@context\":\"https:\/\/schema.org\",\"@graph\":[{\"@type\":\"WebPage\",\"@id\":\"https:\/\/hushotellhunge.com\/de\/aktivitaeten\/sommer\/sommererlebnis-in-hunge\/\",\"url\":\"https:\/\/hushotellhunge.com\/de\/aktivitaeten\/sommer\/sommererlebnis-in-hunge\/\",\"name\":\"Hunge Sommerpaket - Hus Hotell Hunge\",\"isPartOf\":{\"@id\":\"https:\/\/hushotellhunge.com\/de\/#website\"},\"datePublished\":\"2023-03-20T06:52:04+00:00\",\"dateModified\":\"2025-03-28T14:01:22+00:00\",\"description\":\"Genie\u00dfen Sie den Komfort des Hotels und buchen Sie verschiedene Aktivit\u00e4ten. 7-t\u00e4giges Sommerpaket, J\u00e4mtland, Mittelschweden.\",\"breadcrumb\":{\"@id\":\"https:\/\/hushotellhunge.com\/de\/aktivitaeten\/sommer\/sommererlebnis-in-hunge\/#breadcrumb\"},\"inLanguage\":\"de\",\"potentialAction\":[{\"@type\":\"ReadAction\",\"target\":[\"https:\/\/hushotellhunge.com\/de\/aktivitaeten\/sommer\/sommererlebnis-in-hunge\/\"]}]},{\"@type\":\"BreadcrumbList\",\"@id\":\"https:\/\/hushotellhunge.com\/de\/aktivitaeten\/sommer\/sommererlebnis-in-hunge\/#breadcrumb\",\"itemListElement\":[{\"@type\":\"ListItem\",\"position\":1,\"name\":\"Home\",\"item\":\"https:\/\/hushotellhunge.com\/de\/\"},{\"@type\":\"ListItem\",\"position\":2,\"name\":\"Aktivit\u00e4ten\",\"item\":\"https:\/\/hushotellhunge.com\/de\/aktivitaeten\/\"},{\"@type\":\"ListItem\",\"position\":3,\"name\":\"Sommer\",\"item\":\"https:\/\/hushotellhunge.com\/de\/aktivitaeten\/sommer\/\"},{\"@type\":\"ListItem\",\"position\":4,\"name\":\"Hunge Sommerpaket\"}]},{\"@type\":\"WebSite\",\"@id\":\"https:\/\/hushotellhunge.com\/de\/#website\",\"url\":\"https:\/\/hushotellhunge.com\/de\/\",\"name\":\"Hus Hotell Hunge\",\"description\":\"Meet &amp; Adventure\",\"publisher\":{\"@id\":\"https:\/\/hushotellhunge.com\/de\/#organization\"},\"potentialAction\":[{\"@type\":\"SearchAction\",\"target\":{\"@type\":\"EntryPoint\",\"urlTemplate\":\"https:\/\/hushotellhunge.com\/de\/?s={search_term_string}\"},\"query-input\":{\"@type\":\"PropertyValueSpecification\",\"valueRequired\":true,\"valueName\":\"search_term_string\"}}],\"inLanguage\":\"de\"},{\"@type\":\"Organization\",\"@id\":\"https:\/\/hushotellhunge.com\/de\/#organization\",\"name\":\"Hus Hotell Hunge\",\"url\":\"https:\/\/hushotellhunge.com\/de\/\",\"logo\":{\"@type\":\"ImageObject\",\"inLanguage\":\"de\",\"@id\":\"https:\/\/hushotellhunge.com\/de\/#\/schema\/logo\/image\/\",\"url\":\"https:\/\/hushotellhunge.com\/wp-content\/uploads\/2022\/01\/Hus-Hotell-Hunge-logo-header.png\",\"contentUrl\":\"https:\/\/hushotellhunge.com\/wp-content\/uploads\/2022\/01\/Hus-Hotell-Hunge-logo-header.png\",\"width\":482,\"height\":302,\"caption\":\"Hus Hotell Hunge\"},\"image\":{\"@id\":\"https:\/\/hushotellhunge.com\/de\/#\/schema\/logo\/image\/\"}}]}<\/script>\n<!-- \/ Yoast SEO plugin. -->","yoast_head_json":{"title":"Hunge Sommerpaket - Hus Hotell Hunge","description":"Genie\u00dfen Sie den Komfort des Hotels und buchen Sie verschiedene Aktivit\u00e4ten. 7-t\u00e4giges Sommerpaket, J\u00e4mtland, Mittelschweden.","robots":{"index":"index","follow":"follow","max-snippet":"max-snippet:-1","max-image-preview":"max-image-preview:large","max-video-preview":"max-video-preview:-1"},"canonical":"https:\/\/hushotellhunge.com\/de\/aktivitaeten\/sommer\/sommererlebnis-in-hunge\/","og_locale":"de_DE","og_type":"article","og_title":"Hunge Sommerpaket - Hus Hotell Hunge","og_description":"Genie\u00dfen Sie den Komfort des Hotels und buchen Sie verschiedene Aktivit\u00e4ten. 7-t\u00e4giges Sommerpaket, J\u00e4mtland, Mittelschweden.","og_url":"https:\/\/hushotellhunge.com\/de\/aktivitaeten\/sommer\/sommererlebnis-in-hunge\/","og_site_name":"Hus Hotell Hunge","article_modified_time":"2025-03-28T14:01:22+00:00","twitter_card":"summary_large_image","twitter_misc":{"Gesch\u00e4tzte Lesezeit":"4\u00a0Minuten"},"schema":{"@context":"https:\/\/schema.org","@graph":[{"@type":"WebPage","@id":"https:\/\/hushotellhunge.com\/de\/aktivitaeten\/sommer\/sommererlebnis-in-hunge\/","url":"https:\/\/hushotellhunge.com\/de\/aktivitaeten\/sommer\/sommererlebnis-in-hunge\/","name":"Hunge Sommerpaket - Hus Hotell Hunge","isPartOf":{"@id":"https:\/\/hushotellhunge.com\/de\/#website"},"datePublished":"2023-03-20T06:52:04+00:00","dateModified":"2025-03-28T14:01:22+00:00","description":"Genie\u00dfen Sie den Komfort des Hotels und buchen Sie verschiedene Aktivit\u00e4ten. 7-t\u00e4giges Sommerpaket, J\u00e4mtland, Mittelschweden.","breadcrumb":{"@id":"https:\/\/hushotellhunge.com\/de\/aktivitaeten\/sommer\/sommererlebnis-in-hunge\/#breadcrumb"},"inLanguage":"de","potentialAction":[{"@type":"ReadAction","target":["https:\/\/hushotellhunge.com\/de\/aktivitaeten\/sommer\/sommererlebnis-in-hunge\/"]}]},{"@type":"BreadcrumbList","@id":"https:\/\/hushotellhunge.com\/de\/aktivitaeten\/sommer\/sommererlebnis-in-hunge\/#breadcrumb","itemListElement":[{"@type":"ListItem","position":1,"name":"Home","item":"https:\/\/hushotellhunge.com\/de\/"},{"@type":"ListItem","position":2,"name":"Aktivit\u00e4ten","item":"https:\/\/hushotellhunge.com\/de\/aktivitaeten\/"},{"@type":"ListItem","position":3,"name":"Sommer","item":"https:\/\/hushotellhunge.com\/de\/aktivitaeten\/sommer\/"},{"@type":"ListItem","position":4,"name":"Hunge Sommerpaket"}]},{"@type":"WebSite","@id":"https:\/\/hushotellhunge.com\/de\/#website","url":"https:\/\/hushotellhunge.com\/de\/","name":"Hus Hotell Hunge","description":"Meet &amp; Adventure","publisher":{"@id":"https:\/\/hushotellhunge.com\/de\/#organization"},"potentialAction":[{"@type":"SearchAction","target":{"@type":"EntryPoint","urlTemplate":"https:\/\/hushotellhunge.com\/de\/?s={search_term_string}"},"query-input":{"@type":"PropertyValueSpecification","valueRequired":true,"valueName":"search_term_string"}}],"inLanguage":"de"},{"@type":"Organization","@id":"https:\/\/hushotellhunge.com\/de\/#organization","name":"Hus Hotell Hunge","url":"https:\/\/hushotellhunge.com\/de\/","logo":{"@type":"ImageObject","inLanguage":"de","@id":"https:\/\/hushotellhunge.com\/de\/#\/schema\/logo\/image\/","url":"https:\/\/hushotellhunge.com\/wp-content\/uploads\/2022\/01\/Hus-Hotell-Hunge-logo-header.png","contentUrl":"https:\/\/hushotellhunge.com\/wp-content\/uploads\/2022\/01\/Hus-Hotell-Hunge-logo-header.png","width":482,"height":302,"caption":"Hus Hotell Hunge"},"image":{"@id":"https:\/\/hushotellhunge.com\/de\/#\/schema\/logo\/image\/"}}]}},"_links":{"self":[{"href":"https:\/\/hushotellhunge.com\/de\/wp-json\/wp\/v2\/pages\/3473","targetHints":{"allow":["GET"]}}],"collection":[{"href":"https:\/\/hushotellhunge.com\/de\/wp-json\/wp\/v2\/pages"}],"about":[{"href":"https:\/\/hushotellhunge.com\/de\/wp-json\/wp\/v2\/types\/page"}],"author":[{"embeddable":true,"href":"https:\/\/hushotellhunge.com\/de\/wp-json\/wp\/v2\/users\/1"}],"replies":[{"embeddable":true,"href":"https:\/\/hushotellhunge.com\/de\/wp-json\/wp\/v2\/comments?post=3473"}],"version-history":[{"count":49,"href":"https:\/\/hushotellhunge.com\/de\/wp-json\/wp\/v2\/pages\/3473\/revisions"}],"predecessor-version":[{"id":15573,"href":"https:\/\/hushotellhunge.com\/de\/wp-json\/wp\/v2\/pages\/3473\/revisions\/15573"}],"up":[{"embeddable":true,"href":"https:\/\/hushotellhunge.com\/de\/wp-json\/wp\/v2\/pages\/2269"}],"wp:attachment":[{"href":"https:\/\/hushotellhunge.com\/de\/wp-json\/wp\/v2\/media?parent=3473"}],"curies":[{"name":"wp","href":"https:\/\/api.w.org\/{rel}","templated":true}]}}