{"id":10996,"date":"2024-02-09T16:38:52","date_gmt":"2024-02-09T15:38:52","guid":{"rendered":"https:\/\/hushotellhunge.com\/activities\/summer\/hiking-in-central-sweden-jamtland\/"},"modified":"2025-04-25T13:32:22","modified_gmt":"2025-04-25T11:32:22","slug":"hiking-in-central-sweden-jamtland","status":"publish","type":"page","link":"https:\/\/hushotellhunge.com\/en\/activities\/summer\/hiking-in-central-sweden-jamtland\/","title":{"rendered":"Hiking in Central Sweden J\u00e4mtland"},"content":{"rendered":"<div class=\"wpb-content-wrapper\"><p>[vc_section full_width=&#8221;stretch_row&#8221; css=&#8221;.vc_custom_1705059600041{background-image: url(https:\/\/hushotellhunge.com\/wp-content\/uploads\/2024\/01\/GS_20221004_MidSwe365_3079.jpg?id=10622) !important;background-position: center !important;background-repeat: no-repeat !important;background-size: cover !important;}&#8221; el_class=&#8221;topfoto smal&#8221;][vc_row gap=&#8221;35&#8243;][vc_column width=&#8221;2\/5&#8243; el_class=&#8221;titelbloktrans&#8221; css=&#8221;.vc_custom_1643105831789{padding-bottom: 20px !important;}&#8221;][vc_column_text]<\/p>\n<h1 style=\"text-align: center;\">Hiking in Central Sweden J\u00e4mtland<\/h1>\n<p>[\/vc_column_text][\/vc_column][vc_column width=&#8221;3\/5&#8243;][\/vc_column][\/vc_row][\/vc_section][vc_section full_width=&#8221;stretch_row&#8221;][vc_row gap=&#8221;35&#8243; equal_height=&#8221;yes&#8221; content_placement=&#8221;middle&#8221;][vc_column width=&#8221;2\/3&#8243;][vc_column_text css=&#8221;&#8221;]<\/p>\n<h2>Hiking in Central Sweden J\u00e4mtland<\/h2>\n<p>Get out your hiking boots. You can take a lot of steps in J\u00e4mtland, for both young and old!<\/p>\n<p>The hiking trails in the municipality of Br\u00e4cke pass through quiet forests with protected plants and butterflies, often along lakes and streams and with vantage points and shelter from the wind. Whichever route you choose, a beautiful nature experience awaits you in the woods and fields. We have highlighted the two nearest beautiful hiking trails for you here.<\/p>\n<p>If you are looking for a comfortable, cosy hotel or B&amp;B to relax after your efforts, Hus Hotell Hunge is the place for you. The hotel offers spacious flats with a private bathroom, kitchenette and free Wi-Fi. Het hotel biedt ruime appartementen met een eigen badkamer, een kitchenette en gratis WiFi.<\/p>\n<p>Hus Hotell offers breakfast service and pick-up and drop-off service in combination with accommodation.<\/p>\n<p>Click <a href=\"https:\/\/hushotellhunge.com\/en\/activities\/hunge-zomer-experience\/\" target=\"_blank\" rel=\"noopener\"><em><strong>here<\/strong><\/em><\/a> for the Hung Summer Package.[\/vc_column_text][\/vc_column][vc_column width=&#8221;1\/3&#8243;][vc_btn title=&#8221;Summer Activities&#8221; css=&#8221;&#8221; link=&#8221;url:https%3A%2F%2Fhushotellhunge.com%2Fen%2Factivities%2Fsummer%2F|title:Summer%20Activities&#8221;][vc_btn title=&#8221;Hunge Summer Package&#8221; css=&#8221;&#8221; link=&#8221;url:https%3A%2F%2Fhushotellhunge.com%2Fen%2Factivities%2Fsummer%2Fhunge-zomer-experience%2F|title:Summer%20Activities&#8221;][\/vc_column][\/vc_row][\/vc_section][vc_section full_width=&#8221;stretch_row&#8221; content_placement=&#8221;middle&#8221; el_class=&#8221;rondfotodonkergroen rondfoto&#8221;][vc_row gap=&#8221;35&#8243; equal_height=&#8221;yes&#8221; rtl_reverse=&#8221;yes&#8221; content_placement=&#8221;middle&#8221;][vc_column width=&#8221;2\/3&#8243;][vc_column_text el_class=&#8221;introtekst&#8221;]<\/p>\n<h2>Forsaleden<\/h2>\n<p class=\"normal\">The Forsaleden is truly a gem of a 7 km hiking trail.<\/p>\n<p class=\"normal\">The Forsa area is fascinating and steeped in history with cultural relics, beautiful nature and an adventure pool formed by nature.<\/p>\n<p class=\"normal\">The path follows the Forsaleden through rocky terrain over bridges and wooden planks. Along the path there are waterfalls, forsala runs, salmon ladders and swimming in fresh, natural pools and slides, streams and ponds. Start, Forsaleden south side, is 12 km from Hus Hotell Hunge.<\/p>\n<p><a href=\"https:\/\/www.brackenasta.se\/se--gora\/aventyr\/vandra\/forsaleden\" target=\"_blank\" rel=\"noopener\"><em><strong>More info<\/strong> <\/em><\/a>[\/vc_column_text][\/vc_column][vc_column width=&#8221;1\/3&#8243;][vc_single_image image=&#8221;8405&#8243; img_size=&#8221;500 x 500&#8243; alignment=&#8221;right&#8221; style=&#8221;vc_box_border_circle&#8221; border_color=&#8221;white&#8221; el_class=&#8221;afbrondrechts&#8221;][\/vc_column][\/vc_row][\/vc_section][vc_section full_width=&#8221;stretch_row&#8221; content_placement=&#8221;middle&#8221; el_class=&#8221;rondfotolichtgroen rondfoto&#8221;][vc_row gap=&#8221;35&#8243; equal_height=&#8221;yes&#8221; content_placement=&#8221;middle&#8221;][vc_column width=&#8221;1\/3&#8243;][vc_single_image image=&#8221;10647&#8243; img_size=&#8221;500 x 500&#8243; alignment=&#8221;right&#8221; style=&#8221;vc_box_border_circle&#8221; border_color=&#8221;white&#8221; el_class=&#8221;afbrond&#8221;][\/vc_column][vc_column width=&#8221;2\/3&#8243;][vc_column_text css=&#8221;&#8221;]<\/p>\n<h2>Bodsj\u00f6leden<\/h2>\n<p class=\"normal\">In the western part of the municipality of Br\u00e4cke, the Bodsj\u00f6bygden hiking trail, the Bodsj\u00f6leden, extends. The entire route is 80 km long. The path is currently being restored and will be completed by June 2024.<\/p>\n<p class=\"normal\">Bodsj\u00f6leden, Forsaleden and J\u00e4mnorgev\u00e4gen meet in Herrevadstr\u00f6mmen.<\/p>\n<p class=\"normal\">The path passes the village of Hunge. Hus Hotell Hunge is about 1 km from this trail and offers a pick-up and drop-off service for hikers staying at the hotel.<\/p>\n<p><a href=\"https:\/\/www.bodsjoleden.com\/\" target=\"_blank\" rel=\"noopener\"><em><strong>More info<\/strong><\/em><\/a>[\/vc_column_text][\/vc_column][\/vc_row][\/vc_section][vc_section full_width=&#8221;stretch_row&#8221; content_placement=&#8221;middle&#8221; el_class=&#8221;rondfotodonkergroen rondfoto&#8221;][vc_row gap=&#8221;35&#8243; equal_height=&#8221;yes&#8221; rtl_reverse=&#8221;yes&#8221; content_placement=&#8221;middle&#8221;][vc_column width=&#8221;2\/3&#8243;][vc_column_text css=&#8221;&#8221; el_class=&#8221;introtekst&#8221;]<\/p>\n<h2>Br\u00e4cke n\u00e4sta<\/h2>\n<p>The website with many more beautiful hiking trails in the municipality of Br\u00e4cke.<\/p>\n<p><a href=\"https:\/\/www.brackenasta.se\/se--gora\/aventyr\/vandra\" target=\"_blank\" rel=\"noopener\"><em><strong>Click<\/strong><\/em><\/a> for more information.<\/p>\n<p>Click <strong><em><a href=\"https:\/\/hushotellhunge.com\/en\/activities\/summer\/\" target=\"_blank\" rel=\"noopener\">here<\/a><\/em><\/strong> for more summer activities[\/vc_column_text][\/vc_column][vc_column width=&#8221;1\/3&#8243;][vc_single_image image=&#8221;7838&#8243; img_size=&#8221;500 x 500&#8243; alignment=&#8221;right&#8221; style=&#8221;vc_box_border_circle&#8221; border_color=&#8221;white&#8221; el_class=&#8221;afbrondrechts&#8221;][\/vc_column][\/vc_row][\/vc_section][vc_section full_width=&#8221;stretch_row&#8221; content_placement=&#8221;middle&#8221; el_class=&#8221;rondfotolichtgroen rondfoto&#8221;][vc_row gap=&#8221;35&#8243; equal_height=&#8221;yes&#8221; content_placement=&#8221;middle&#8221;][vc_column width=&#8221;1\/3&#8243;][vc_single_image image=&#8221;150&#8243; img_size=&#8221;500 x 500&#8243; alignment=&#8221;right&#8221; style=&#8221;vc_box_border_circle&#8221; border_color=&#8221;white&#8221; el_class=&#8221;afbrond&#8221;][\/vc_column][vc_column width=&#8221;2\/3&#8243;][vc_column_text css=&#8221;&#8221; el_class=&#8221;introtekst&#8221;]<\/p>\n<h3>Pick-up &amp; drop-off services<\/h3>\n<p>For our guests, we offer pick-up and drop-off services for Forsaleden and Bodsjoleden members.[\/vc_column_text][acf_vc_integrator get_field_data_from=&#8221;&#8221; field_group=&#8221;10726&#8243; field_from_10726=&#8221;field_65ae49887b95c&#8221; show_label=&#8221;yes_no&#8221; align=&#8221;default&#8221; gallery_columns=&#8221;1&#8243; gm_show_placecard=&#8221;default&#8221; gm_map_type_control=&#8221;default&#8221; gm_fullscreen_control=&#8221;default&#8221; gm_street_view_control=&#8221;default&#8221; gm_zoom_control=&#8221;default&#8221; gm_scale=&#8221;default&#8221; hidden_field_name=&#8221;Wandelroutes per km&#8221;][\/vc_column][\/vc_row][\/vc_section]<\/p>\n<\/div>","protected":false},"excerpt":{"rendered":"<p>[vc_section full_width=&#8221;stretch_row&#8221; css=&#8221;.vc_custom_1705059600041{background-image: url(https:\/\/hushotellhunge.com\/wp-content\/uploads\/2024\/01\/GS_20221004_MidSwe365_3079.jpg?id=10622) !important;background-position: center !important;background-repeat: no-repeat !important;background-size: cover !important;}&#8221; el_class=&#8221;topfoto smal&#8221;][vc_row gap=&#8221;35&#8243;][vc_column width=&#8221;2\/5&#8243; el_class=&#8221;titelbloktrans&#8221; css=&#8221;.vc_custom_1643105831789{padding-bottom: 20px !important;}&#8221;][vc_column_text] Hiking in Central Sweden J\u00e4mtland [\/vc_column_text][\/vc_column][vc_column width=&#8221;3\/5&#8243;][\/vc_column][\/vc_row][\/vc_section][vc_section full_width=&#8221;stretch_row&#8221;][vc_row gap=&#8221;35&#8243; equal_height=&#8221;yes&#8221; content_placement=&#8221;middle&#8221;][vc_column width=&#8221;2\/3&#8243;][vc_column_text css=&#8221;&#8221;] Hiking in Central Sweden J\u00e4mtland Get out your hiking boots. You can take a lot of steps in J\u00e4mtland, for both young and [&hellip;]<\/p>\n","protected":false},"author":4,"featured_media":0,"parent":1889,"menu_order":0,"comment_status":"closed","ping_status":"closed","template":"","meta":{"_acf_changed":false,"footnotes":""},"class_list":["post-10996","page","type-page","status-publish","hentry"],"acf":[],"yoast_head":"<!-- This site is optimized with the Yoast SEO plugin v27.0 - https:\/\/yoast.com\/product\/yoast-seo-wordpress\/ -->\n<title>Hiking in Central Sweden J\u00e4mtland - Hus Hotell Hunge<\/title>\n<meta name=\"description\" content=\"Hiking in central Sweden&#039;s J\u00e4mtland province. Get out your hiking boots. Most hiking trails suitable for young and old!\" \/>\n<meta name=\"robots\" content=\"index, follow, max-snippet:-1, max-image-preview:large, max-video-preview:-1\" \/>\n<link rel=\"canonical\" href=\"https:\/\/hushotellhunge.com\/en\/activities\/summer\/hiking-in-central-sweden-jamtland\/\" \/>\n<meta property=\"og:locale\" content=\"en_US\" \/>\n<meta property=\"og:type\" content=\"article\" \/>\n<meta property=\"og:title\" content=\"Hiking in Central Sweden J\u00e4mtland - Hus Hotell Hunge\" \/>\n<meta property=\"og:description\" content=\"Hiking in central Sweden&#039;s J\u00e4mtland province. Get out your hiking boots. Most hiking trails suitable for young and old!\" \/>\n<meta property=\"og:url\" content=\"https:\/\/hushotellhunge.com\/en\/activities\/summer\/hiking-in-central-sweden-jamtland\/\" \/>\n<meta property=\"og:site_name\" content=\"Hus Hotell Hunge\" \/>\n<meta property=\"article:modified_time\" content=\"2025-04-25T11:32:22+00:00\" \/>\n<meta name=\"twitter:card\" content=\"summary_large_image\" \/>\n<meta name=\"twitter:label1\" content=\"Est. reading time\" \/>\n\t<meta name=\"twitter:data1\" content=\"4 minutes\" \/>\n<script type=\"application\/ld+json\" class=\"yoast-schema-graph\">{\"@context\":\"https:\/\/schema.org\",\"@graph\":[{\"@type\":\"WebPage\",\"@id\":\"https:\/\/hushotellhunge.com\/en\/activities\/summer\/hiking-in-central-sweden-jamtland\/\",\"url\":\"https:\/\/hushotellhunge.com\/en\/activities\/summer\/hiking-in-central-sweden-jamtland\/\",\"name\":\"Hiking in Central Sweden J\u00e4mtland - Hus Hotell Hunge\",\"isPartOf\":{\"@id\":\"https:\/\/hushotellhunge.com\/en\/#website\"},\"datePublished\":\"2024-02-09T15:38:52+00:00\",\"dateModified\":\"2025-04-25T11:32:22+00:00\",\"description\":\"Hiking in central Sweden's J\u00e4mtland province. Get out your hiking boots. Most hiking trails suitable for young and old!\",\"breadcrumb\":{\"@id\":\"https:\/\/hushotellhunge.com\/en\/activities\/summer\/hiking-in-central-sweden-jamtland\/#breadcrumb\"},\"inLanguage\":\"en-US\",\"potentialAction\":[{\"@type\":\"ReadAction\",\"target\":[\"https:\/\/hushotellhunge.com\/en\/activities\/summer\/hiking-in-central-sweden-jamtland\/\"]}]},{\"@type\":\"BreadcrumbList\",\"@id\":\"https:\/\/hushotellhunge.com\/en\/activities\/summer\/hiking-in-central-sweden-jamtland\/#breadcrumb\",\"itemListElement\":[{\"@type\":\"ListItem\",\"position\":1,\"name\":\"Home\",\"item\":\"https:\/\/hushotellhunge.com\/en\/\"},{\"@type\":\"ListItem\",\"position\":2,\"name\":\"Activities\",\"item\":\"https:\/\/hushotellhunge.com\/en\/activities\/\"},{\"@type\":\"ListItem\",\"position\":3,\"name\":\"Summer\",\"item\":\"https:\/\/hushotellhunge.com\/en\/activities\/summer\/\"},{\"@type\":\"ListItem\",\"position\":4,\"name\":\"Hiking in Central Sweden J\u00e4mtland\"}]},{\"@type\":\"WebSite\",\"@id\":\"https:\/\/hushotellhunge.com\/en\/#website\",\"url\":\"https:\/\/hushotellhunge.com\/en\/\",\"name\":\"Hus Hotell Hunge\",\"description\":\"Meet &amp; Adventure\",\"publisher\":{\"@id\":\"https:\/\/hushotellhunge.com\/en\/#organization\"},\"potentialAction\":[{\"@type\":\"SearchAction\",\"target\":{\"@type\":\"EntryPoint\",\"urlTemplate\":\"https:\/\/hushotellhunge.com\/en\/?s={search_term_string}\"},\"query-input\":{\"@type\":\"PropertyValueSpecification\",\"valueRequired\":true,\"valueName\":\"search_term_string\"}}],\"inLanguage\":\"en-US\"},{\"@type\":\"Organization\",\"@id\":\"https:\/\/hushotellhunge.com\/en\/#organization\",\"name\":\"Hus Hotell Hunge\",\"url\":\"https:\/\/hushotellhunge.com\/en\/\",\"logo\":{\"@type\":\"ImageObject\",\"inLanguage\":\"en-US\",\"@id\":\"https:\/\/hushotellhunge.com\/en\/#\/schema\/logo\/image\/\",\"url\":\"https:\/\/hushotellhunge.com\/wp-content\/uploads\/2022\/01\/Hus-Hotell-Hunge-logo-header.png\",\"contentUrl\":\"https:\/\/hushotellhunge.com\/wp-content\/uploads\/2022\/01\/Hus-Hotell-Hunge-logo-header.png\",\"width\":482,\"height\":302,\"caption\":\"Hus Hotell Hunge\"},\"image\":{\"@id\":\"https:\/\/hushotellhunge.com\/en\/#\/schema\/logo\/image\/\"}}]}<\/script>\n<!-- \/ Yoast SEO plugin. -->","yoast_head_json":{"title":"Hiking in Central Sweden J\u00e4mtland - Hus Hotell Hunge","description":"Hiking in central Sweden's J\u00e4mtland province. Get out your hiking boots. Most hiking trails suitable for young and old!","robots":{"index":"index","follow":"follow","max-snippet":"max-snippet:-1","max-image-preview":"max-image-preview:large","max-video-preview":"max-video-preview:-1"},"canonical":"https:\/\/hushotellhunge.com\/en\/activities\/summer\/hiking-in-central-sweden-jamtland\/","og_locale":"en_US","og_type":"article","og_title":"Hiking in Central Sweden J\u00e4mtland - Hus Hotell Hunge","og_description":"Hiking in central Sweden's J\u00e4mtland province. Get out your hiking boots. Most hiking trails suitable for young and old!","og_url":"https:\/\/hushotellhunge.com\/en\/activities\/summer\/hiking-in-central-sweden-jamtland\/","og_site_name":"Hus Hotell Hunge","article_modified_time":"2025-04-25T11:32:22+00:00","twitter_card":"summary_large_image","twitter_misc":{"Est. reading time":"4 minutes"},"schema":{"@context":"https:\/\/schema.org","@graph":[{"@type":"WebPage","@id":"https:\/\/hushotellhunge.com\/en\/activities\/summer\/hiking-in-central-sweden-jamtland\/","url":"https:\/\/hushotellhunge.com\/en\/activities\/summer\/hiking-in-central-sweden-jamtland\/","name":"Hiking in Central Sweden J\u00e4mtland - Hus Hotell Hunge","isPartOf":{"@id":"https:\/\/hushotellhunge.com\/en\/#website"},"datePublished":"2024-02-09T15:38:52+00:00","dateModified":"2025-04-25T11:32:22+00:00","description":"Hiking in central Sweden's J\u00e4mtland province. Get out your hiking boots. Most hiking trails suitable for young and old!","breadcrumb":{"@id":"https:\/\/hushotellhunge.com\/en\/activities\/summer\/hiking-in-central-sweden-jamtland\/#breadcrumb"},"inLanguage":"en-US","potentialAction":[{"@type":"ReadAction","target":["https:\/\/hushotellhunge.com\/en\/activities\/summer\/hiking-in-central-sweden-jamtland\/"]}]},{"@type":"BreadcrumbList","@id":"https:\/\/hushotellhunge.com\/en\/activities\/summer\/hiking-in-central-sweden-jamtland\/#breadcrumb","itemListElement":[{"@type":"ListItem","position":1,"name":"Home","item":"https:\/\/hushotellhunge.com\/en\/"},{"@type":"ListItem","position":2,"name":"Activities","item":"https:\/\/hushotellhunge.com\/en\/activities\/"},{"@type":"ListItem","position":3,"name":"Summer","item":"https:\/\/hushotellhunge.com\/en\/activities\/summer\/"},{"@type":"ListItem","position":4,"name":"Hiking in Central Sweden J\u00e4mtland"}]},{"@type":"WebSite","@id":"https:\/\/hushotellhunge.com\/en\/#website","url":"https:\/\/hushotellhunge.com\/en\/","name":"Hus Hotell Hunge","description":"Meet &amp; Adventure","publisher":{"@id":"https:\/\/hushotellhunge.com\/en\/#organization"},"potentialAction":[{"@type":"SearchAction","target":{"@type":"EntryPoint","urlTemplate":"https:\/\/hushotellhunge.com\/en\/?s={search_term_string}"},"query-input":{"@type":"PropertyValueSpecification","valueRequired":true,"valueName":"search_term_string"}}],"inLanguage":"en-US"},{"@type":"Organization","@id":"https:\/\/hushotellhunge.com\/en\/#organization","name":"Hus Hotell Hunge","url":"https:\/\/hushotellhunge.com\/en\/","logo":{"@type":"ImageObject","inLanguage":"en-US","@id":"https:\/\/hushotellhunge.com\/en\/#\/schema\/logo\/image\/","url":"https:\/\/hushotellhunge.com\/wp-content\/uploads\/2022\/01\/Hus-Hotell-Hunge-logo-header.png","contentUrl":"https:\/\/hushotellhunge.com\/wp-content\/uploads\/2022\/01\/Hus-Hotell-Hunge-logo-header.png","width":482,"height":302,"caption":"Hus Hotell Hunge"},"image":{"@id":"https:\/\/hushotellhunge.com\/en\/#\/schema\/logo\/image\/"}}]}},"_links":{"self":[{"href":"https:\/\/hushotellhunge.com\/en\/wp-json\/wp\/v2\/pages\/10996","targetHints":{"allow":["GET"]}}],"collection":[{"href":"https:\/\/hushotellhunge.com\/en\/wp-json\/wp\/v2\/pages"}],"about":[{"href":"https:\/\/hushotellhunge.com\/en\/wp-json\/wp\/v2\/types\/page"}],"author":[{"embeddable":true,"href":"https:\/\/hushotellhunge.com\/en\/wp-json\/wp\/v2\/users\/4"}],"replies":[{"embeddable":true,"href":"https:\/\/hushotellhunge.com\/en\/wp-json\/wp\/v2\/comments?post=10996"}],"version-history":[{"count":45,"href":"https:\/\/hushotellhunge.com\/en\/wp-json\/wp\/v2\/pages\/10996\/revisions"}],"predecessor-version":[{"id":15899,"href":"https:\/\/hushotellhunge.com\/en\/wp-json\/wp\/v2\/pages\/10996\/revisions\/15899"}],"up":[{"embeddable":true,"href":"https:\/\/hushotellhunge.com\/en\/wp-json\/wp\/v2\/pages\/1889"}],"wp:attachment":[{"href":"https:\/\/hushotellhunge.com\/en\/wp-json\/wp\/v2\/media?parent=10996"}],"curies":[{"name":"wp","href":"https:\/\/api.w.org\/{rel}","templated":true}]}}