{"id":1874,"date":"2022-03-12T12:14:05","date_gmt":"2022-03-12T11:14:05","guid":{"rendered":"https:\/\/hushotellhunge.com\/activities\/lente\/"},"modified":"2022-05-14T07:48:17","modified_gmt":"2022-05-14T05:48:17","slug":"spring","status":"publish","type":"page","link":"https:\/\/hushotellhunge.com\/en\/activities\/spring\/","title":{"rendered":"Spring"},"content":{"rendered":"<div class=\"wpb-content-wrapper\"><p>[vc_section full_width=&#8221;stretch_row&#8221; content_placement=&#8221;middle&#8221; css=&#8221;.vc_custom_1648671273315{background-image: url(https:\/\/hushotellhunge.com\/wp-content\/uploads\/2022\/03\/HusHotellHunge-ronde-foto-website-4-1000&#215;1000-piksels-kamers-2.jpg?id=941) !important;background-position: center !important;background-repeat: no-repeat !important;background-size: cover !important;}&#8221; el_class=&#8221;topfoto bodem&#8221;][vc_row][vc_column width=&#8221;1\/12&#8243;][\/vc_column][vc_column el_class=&#8221;titelbloktrans&#8221; offset=&#8221;vc_col-lg-7 vc_col-md-7 vc_col-xs-12&#8243; css=&#8221;.vc_custom_1642686762497{margin-bottom: 20px !important;}&#8221;][vc_column_text]<\/p>\n<h1>Spring: Immerse yourself in the fresh scents of nature<\/h1>\n<p>[\/vc_column_text][vc_column_text el_class=&#8221;introtekst&#8221;]When the snow has just melted and the ground starts to thaw, you can enjoy the singing of the many birds, the long evenings and the sounds of the wonderful nature on your walks during the spring.<\/p>\n<p>Because of the dry continental climate, you can experience a wonderful spring time in Sweden, with pleasant temperatures during the day and cool evenings. The May holidays can therefore be very pleasant.[\/vc_column_text][\/vc_column][vc_column width=&#8221;4\/12&#8243;][\/vc_column][\/vc_row][\/vc_section][vc_section full_width=&#8221;stretch_row&#8221; content_placement=&#8221;middle&#8221; el_class=&#8221;rondfotodonkergroen rondfoto&#8221;][vc_row gap=&#8221;35&#8243; equal_height=&#8221;yes&#8221; rtl_reverse=&#8221;yes&#8221; content_placement=&#8221;middle&#8221;][vc_column width=&#8221;2\/3&#8243;][vc_column_text el_class=&#8221;introtekst&#8221;]<\/p>\n<h3>Hiking<\/h3>\n<p>Discover the magic of the forest.<\/p>\n<p>A walk in the woods is a relief for all your senses, a way to feel at one with nature. Sweden is the country with endless and beautiful forests. In the Hunge area, you can still experience true silence. No cars, but the rustling of the trees, the whistling of the birds and chipping woodpeckers. And who knows, you might see a deer, an elk or one of the many fowl species.<\/p>\n<p><strong>Want to stretch your legs and take a walk along the turquoise waterfalls? <\/strong>In that case, you should try walking along the Forsaleden, about 12 km from Hus Hotell Hunge. One of the absolute gems of our area. Remains of a summer meadow, fishing, swimming in natural pools with turquoise waters. A 7 km forest path along the Forsa\u00e5n, partly rocky terrain over wooden footbridges. Along the path there are waterfalls, streams and ponds.<\/p>\n<p><strong>St. Olavsleden <\/strong>is a pilgrimage path, about 25 km from Hus Hotell Hunge, that runs from Sel\u00e5nger, Sweden, to the Baltic coast to Trondheim, Norway. The path follows the trail of St. Olav, who set foot in Sweden after his exile to regain the throne of Norway.<\/p>\n<p>J\u00e4mtland offers many walking opportunities for both experienced and beginner hikers.<\/p>\n<p>From Hus Hotell Hunge there are also various hiking options.[\/vc_column_text][\/vc_column][vc_column width=&#8221;1\/3&#8243;][vc_single_image image=&#8221;938&#8243; img_size=&#8221;500 x 500&#8243; alignment=&#8221;right&#8221; style=&#8221;vc_box_border_circle&#8221; border_color=&#8221;white&#8221; el_class=&#8221;afbrondrechts&#8221;][\/vc_column][\/vc_row][\/vc_section][vc_row gap=&#8221;35&#8243; equal_height=&#8221;yes&#8221; content_placement=&#8221;middle&#8221;][vc_column width=&#8221;1\/3&#8243;][vc_single_image image=&#8221;966&#8243; img_size=&#8221;500 x 500&#8243; alignment=&#8221;right&#8221; style=&#8221;vc_box_border_circle&#8221; border_color=&#8221;white&#8221; el_class=&#8221;afbrond&#8221;][\/vc_column][vc_column width=&#8221;2\/3&#8243;][vc_column_text el_class=&#8221;introtekst&#8221;]<\/p>\n<h3>Fishing, what more could you want&#8230;<\/h3>\n<p>What could be better than grilling your self-caught fish on the barbeque at the end of the day? In Sweden, this dream can become a reality The Hungesj\u00f6n, and many other lakes in the area, are rich in fish. You can catch trout, perch, roach and pike. However, you need a fishing licence and there are certain rules for some fish. The fishing license can be obtained about 100 meters from Hus Hotell Hunge and via the iFISKE app[\/vc_column_text][\/vc_column][\/vc_row][vc_section full_width=&#8221;stretch_row&#8221; content_placement=&#8221;middle&#8221; el_class=&#8221;rondfotodonkergroen rondfoto&#8221;][vc_row gap=&#8221;35&#8243; equal_height=&#8221;yes&#8221; rtl_reverse=&#8221;yes&#8221; content_placement=&#8221;middle&#8221;][vc_column width=&#8221;2\/3&#8243;][vc_column_text el_class=&#8221;introtekst&#8221;]<\/p>\n<h3>Canoeing on quiet waters<\/h3>\n<p>Become one with nature on the water. Propel yourself on smooth water along the shore and try to spot the animals. Of course you will take your fika stuff and rest at one of the covered grills. Hungesj\u00f6n is connected with the two lakes Brehungen and Str\u00e5ngen further downstream. The Hungesj\u00f6n is about 10 kilometres in length, with several smaller islands where you can catch a break. Canoes can be rented in G\u00e4ll\u00f6, 25 km from Hus Hotell Hunge. If you have your own canoe, be sure to bring it along and enjoy the many lakes.[\/vc_column_text][\/vc_column][vc_column width=&#8221;1\/3&#8243;][vc_single_image image=&#8221;1194&#8243; img_size=&#8221;500 x 500&#8243; alignment=&#8221;right&#8221; style=&#8221;vc_box_border_circle&#8221; border_color=&#8221;white&#8221; el_class=&#8221;afbrondrechts&#8221;][\/vc_column][\/vc_row][\/vc_section][vc_section full_width=&#8221;stretch_row&#8221; content_placement=&#8221;middle&#8221; el_class=&#8221;rondfotolichtgroen rondfoto&#8221;][vc_row gap=&#8221;35&#8243; equal_height=&#8221;yes&#8221; content_placement=&#8221;middle&#8221;][vc_column width=&#8221;1\/3&#8243;][vc_single_image image=&#8221;150&#8243; img_size=&#8221;500 x 500&#8243; alignment=&#8221;right&#8221; style=&#8221;vc_box_border_circle&#8221; border_color=&#8221;white&#8221; el_class=&#8221;afbrond&#8221;][\/vc_column][vc_column width=&#8221;2\/3&#8243;][vc_column_text el_class=&#8221;introtekst&#8221;]<\/p>\n<h3>Take a refreshing dive in the lake.<\/h3>\n<p>If you like a challenge, you might want to take a dive in the lake in spring. The water is still really cool then. From Hus Hotell Hunge you can walk in your bathrobe to the Hungesj\u00f6n where you can walk into the shallow water and take your dive. The water is clear to the point where you can see the fish swimming. It is truly a special experience. Who knows, you might get the hang of it and make it your daily morning ritual.[\/vc_column_text][\/vc_column][\/vc_row][\/vc_section][vc_section full_width=&#8221;stretch_row&#8221; content_placement=&#8221;middle&#8221; el_class=&#8221;rondfotodonkergroen rondfoto&#8221;][vc_row gap=&#8221;35&#8243; equal_height=&#8221;yes&#8221; rtl_reverse=&#8221;yes&#8221; content_placement=&#8221;middle&#8221;][vc_column width=&#8221;2\/3&#8243;][vc_column_text el_class=&#8221;introtekst&#8221;]<\/p>\n<h3>Explore the surroundings by bike<\/h3>\n<p>There are no bicycles for rent in the vicinity of Hus Hotell Hunge, so bring your own bicycles\/mountain bikes. Cycling in J\u00e4mtland gives you the opportunity to explore the rugged hills and landscape. You can also ride along the lakes or through the forests. And don&#8217;t forget the city, which you can also explore by bike.[\/vc_column_text][\/vc_column][vc_column width=&#8221;1\/3&#8243;][vc_single_image image=&#8221;1199&#8243; img_size=&#8221;500 x 500&#8243; alignment=&#8221;right&#8221; style=&#8221;vc_box_border_circle&#8221; border_color=&#8221;white&#8221; el_class=&#8221;afbrondrechts&#8221;][\/vc_column][\/vc_row][\/vc_section][vc_section full_width=&#8221;stretch_row&#8221; content_placement=&#8221;middle&#8221; el_class=&#8221;rondfotolichtergroen rondfoto&#8221;][vc_row gap=&#8221;35&#8243; equal_height=&#8221;yes&#8221; content_placement=&#8221;middle&#8221;][vc_column width=&#8221;1\/3&#8243;][vc_single_image image=&#8221;707&#8243; img_size=&#8221;500 x 500&#8243; alignment=&#8221;right&#8221; style=&#8221;vc_box_border_circle&#8221; border_color=&#8221;white&#8221; el_class=&#8221;afbrond&#8221;][\/vc_column][vc_column width=&#8221;2\/3&#8243;][vc_column_text el_class=&#8221;introtekst&#8221;]<\/p>\n<h3>Animal spotting in spring.<\/h3>\n<p>Watching the animals in spring is extra special, because they often have their babies with them. You also have to watch out, because mothers are extra alert! It is a beautiful experience to spot a young elk, so always have your camera at hand! Elks, foxes, squirrels, lynx, reindeer and many bird species can be discovered just like that.[\/vc_column_text][\/vc_column][\/vc_row][\/vc_section]<\/p>\n<\/div>","protected":false},"excerpt":{"rendered":"<p>[vc_section full_width=&#8221;stretch_row&#8221; content_placement=&#8221;middle&#8221; css=&#8221;.vc_custom_1648671273315{background-image: url(https:\/\/hushotellhunge.com\/wp-content\/uploads\/2022\/03\/HusHotellHunge-ronde-foto-website-4-1000&#215;1000-piksels-kamers-2.jpg?id=941) !important;background-position: center !important;background-repeat: no-repeat !important;background-size: cover !important;}&#8221; el_class=&#8221;topfoto bodem&#8221;][vc_row][vc_column width=&#8221;1\/12&#8243;][\/vc_column][vc_column el_class=&#8221;titelbloktrans&#8221; offset=&#8221;vc_col-lg-7 vc_col-md-7 vc_col-xs-12&#8243; css=&#8221;.vc_custom_1642686762497{margin-bottom: 20px !important;}&#8221;][vc_column_text] Spring: Immerse yourself in the fresh scents of nature [\/vc_column_text][vc_column_text el_class=&#8221;introtekst&#8221;]When the snow has just melted and the ground starts to thaw, you can enjoy the singing of the many birds, the long [&hellip;]<\/p>\n","protected":false},"author":1,"featured_media":0,"parent":1866,"menu_order":0,"comment_status":"closed","ping_status":"closed","template":"","meta":{"_acf_changed":false,"footnotes":""},"class_list":["post-1874","page","type-page","status-publish","hentry"],"acf":[],"yoast_head":"<!-- This site is optimized with the Yoast SEO plugin v27.0 - https:\/\/yoast.com\/product\/yoast-seo-wordpress\/ -->\n<title>Spring - Hus Hotell Hunge<\/title>\n<meta name=\"robots\" content=\"index, follow, max-snippet:-1, max-image-preview:large, max-video-preview:-1\" \/>\n<link rel=\"canonical\" href=\"https:\/\/hushotellhunge.com\/en\/activities\/spring\/\" \/>\n<meta property=\"og:locale\" content=\"en_US\" \/>\n<meta property=\"og:type\" content=\"article\" \/>\n<meta property=\"og:title\" content=\"Spring - Hus Hotell Hunge\" \/>\n<meta property=\"og:description\" content=\"[vc_section full_width=&#8221;stretch_row&#8221; content_placement=&#8221;middle&#8221; css=&#8221;.vc_custom_1648671273315{background-image: url(https:\/\/hushotellhunge.com\/wp-content\/uploads\/2022\/03\/HusHotellHunge-ronde-foto-website-4-1000&#215;1000-piksels-kamers-2.jpg?id=941) !important;background-position: center !important;background-repeat: no-repeat !important;background-size: cover !important;}&#8221; el_class=&#8221;topfoto bodem&#8221;][vc_row][vc_column width=&#8221;1\/12&#8243;][\/vc_column][vc_column el_class=&#8221;titelbloktrans&#8221; offset=&#8221;vc_col-lg-7 vc_col-md-7 vc_col-xs-12&#8243; css=&#8221;.vc_custom_1642686762497{margin-bottom: 20px !important;}&#8221;][vc_column_text] Spring: Immerse yourself in the fresh scents of nature [\/vc_column_text][vc_column_text el_class=&#8221;introtekst&#8221;]When the snow has just melted and the ground starts to thaw, you can enjoy the singing of the many birds, the long [&hellip;]\" \/>\n<meta property=\"og:url\" content=\"https:\/\/hushotellhunge.com\/en\/activities\/spring\/\" \/>\n<meta property=\"og:site_name\" content=\"Hus Hotell Hunge\" \/>\n<meta property=\"article:modified_time\" content=\"2022-05-14T05:48:17+00:00\" \/>\n<meta name=\"twitter:card\" content=\"summary_large_image\" \/>\n<meta name=\"twitter:label1\" content=\"Est. reading time\" \/>\n\t<meta name=\"twitter:data1\" content=\"5 minutes\" \/>\n<script type=\"application\/ld+json\" class=\"yoast-schema-graph\">{\"@context\":\"https:\/\/schema.org\",\"@graph\":[{\"@type\":\"WebPage\",\"@id\":\"https:\/\/hushotellhunge.com\/en\/activities\/spring\/\",\"url\":\"https:\/\/hushotellhunge.com\/en\/activities\/spring\/\",\"name\":\"Spring - Hus Hotell Hunge\",\"isPartOf\":{\"@id\":\"https:\/\/hushotellhunge.com\/en\/#website\"},\"datePublished\":\"2022-03-12T11:14:05+00:00\",\"dateModified\":\"2022-05-14T05:48:17+00:00\",\"breadcrumb\":{\"@id\":\"https:\/\/hushotellhunge.com\/en\/activities\/spring\/#breadcrumb\"},\"inLanguage\":\"en-US\",\"potentialAction\":[{\"@type\":\"ReadAction\",\"target\":[\"https:\/\/hushotellhunge.com\/en\/activities\/spring\/\"]}]},{\"@type\":\"BreadcrumbList\",\"@id\":\"https:\/\/hushotellhunge.com\/en\/activities\/spring\/#breadcrumb\",\"itemListElement\":[{\"@type\":\"ListItem\",\"position\":1,\"name\":\"Home\",\"item\":\"https:\/\/hushotellhunge.com\/en\/\"},{\"@type\":\"ListItem\",\"position\":2,\"name\":\"Activities\",\"item\":\"https:\/\/hushotellhunge.com\/en\/activities\/\"},{\"@type\":\"ListItem\",\"position\":3,\"name\":\"Spring\"}]},{\"@type\":\"WebSite\",\"@id\":\"https:\/\/hushotellhunge.com\/en\/#website\",\"url\":\"https:\/\/hushotellhunge.com\/en\/\",\"name\":\"Hus Hotell Hunge\",\"description\":\"Meet &amp; Adventure\",\"publisher\":{\"@id\":\"https:\/\/hushotellhunge.com\/en\/#organization\"},\"potentialAction\":[{\"@type\":\"SearchAction\",\"target\":{\"@type\":\"EntryPoint\",\"urlTemplate\":\"https:\/\/hushotellhunge.com\/en\/?s={search_term_string}\"},\"query-input\":{\"@type\":\"PropertyValueSpecification\",\"valueRequired\":true,\"valueName\":\"search_term_string\"}}],\"inLanguage\":\"en-US\"},{\"@type\":\"Organization\",\"@id\":\"https:\/\/hushotellhunge.com\/en\/#organization\",\"name\":\"Hus Hotell Hunge\",\"url\":\"https:\/\/hushotellhunge.com\/en\/\",\"logo\":{\"@type\":\"ImageObject\",\"inLanguage\":\"en-US\",\"@id\":\"https:\/\/hushotellhunge.com\/en\/#\/schema\/logo\/image\/\",\"url\":\"https:\/\/hushotellhunge.com\/wp-content\/uploads\/2022\/01\/Hus-Hotell-Hunge-logo-header.png\",\"contentUrl\":\"https:\/\/hushotellhunge.com\/wp-content\/uploads\/2022\/01\/Hus-Hotell-Hunge-logo-header.png\",\"width\":482,\"height\":302,\"caption\":\"Hus Hotell Hunge\"},\"image\":{\"@id\":\"https:\/\/hushotellhunge.com\/en\/#\/schema\/logo\/image\/\"}}]}<\/script>\n<!-- \/ Yoast SEO plugin. -->","yoast_head_json":{"title":"Spring - Hus Hotell Hunge","robots":{"index":"index","follow":"follow","max-snippet":"max-snippet:-1","max-image-preview":"max-image-preview:large","max-video-preview":"max-video-preview:-1"},"canonical":"https:\/\/hushotellhunge.com\/en\/activities\/spring\/","og_locale":"en_US","og_type":"article","og_title":"Spring - Hus Hotell Hunge","og_description":"[vc_section full_width=&#8221;stretch_row&#8221; content_placement=&#8221;middle&#8221; css=&#8221;.vc_custom_1648671273315{background-image: url(https:\/\/hushotellhunge.com\/wp-content\/uploads\/2022\/03\/HusHotellHunge-ronde-foto-website-4-1000&#215;1000-piksels-kamers-2.jpg?id=941) !important;background-position: center !important;background-repeat: no-repeat !important;background-size: cover !important;}&#8221; el_class=&#8221;topfoto bodem&#8221;][vc_row][vc_column width=&#8221;1\/12&#8243;][\/vc_column][vc_column el_class=&#8221;titelbloktrans&#8221; offset=&#8221;vc_col-lg-7 vc_col-md-7 vc_col-xs-12&#8243; css=&#8221;.vc_custom_1642686762497{margin-bottom: 20px !important;}&#8221;][vc_column_text] Spring: Immerse yourself in the fresh scents of nature [\/vc_column_text][vc_column_text el_class=&#8221;introtekst&#8221;]When the snow has just melted and the ground starts to thaw, you can enjoy the singing of the many birds, the long [&hellip;]","og_url":"https:\/\/hushotellhunge.com\/en\/activities\/spring\/","og_site_name":"Hus Hotell Hunge","article_modified_time":"2022-05-14T05:48:17+00:00","twitter_card":"summary_large_image","twitter_misc":{"Est. reading time":"5 minutes"},"schema":{"@context":"https:\/\/schema.org","@graph":[{"@type":"WebPage","@id":"https:\/\/hushotellhunge.com\/en\/activities\/spring\/","url":"https:\/\/hushotellhunge.com\/en\/activities\/spring\/","name":"Spring - Hus Hotell Hunge","isPartOf":{"@id":"https:\/\/hushotellhunge.com\/en\/#website"},"datePublished":"2022-03-12T11:14:05+00:00","dateModified":"2022-05-14T05:48:17+00:00","breadcrumb":{"@id":"https:\/\/hushotellhunge.com\/en\/activities\/spring\/#breadcrumb"},"inLanguage":"en-US","potentialAction":[{"@type":"ReadAction","target":["https:\/\/hushotellhunge.com\/en\/activities\/spring\/"]}]},{"@type":"BreadcrumbList","@id":"https:\/\/hushotellhunge.com\/en\/activities\/spring\/#breadcrumb","itemListElement":[{"@type":"ListItem","position":1,"name":"Home","item":"https:\/\/hushotellhunge.com\/en\/"},{"@type":"ListItem","position":2,"name":"Activities","item":"https:\/\/hushotellhunge.com\/en\/activities\/"},{"@type":"ListItem","position":3,"name":"Spring"}]},{"@type":"WebSite","@id":"https:\/\/hushotellhunge.com\/en\/#website","url":"https:\/\/hushotellhunge.com\/en\/","name":"Hus Hotell Hunge","description":"Meet &amp; Adventure","publisher":{"@id":"https:\/\/hushotellhunge.com\/en\/#organization"},"potentialAction":[{"@type":"SearchAction","target":{"@type":"EntryPoint","urlTemplate":"https:\/\/hushotellhunge.com\/en\/?s={search_term_string}"},"query-input":{"@type":"PropertyValueSpecification","valueRequired":true,"valueName":"search_term_string"}}],"inLanguage":"en-US"},{"@type":"Organization","@id":"https:\/\/hushotellhunge.com\/en\/#organization","name":"Hus Hotell Hunge","url":"https:\/\/hushotellhunge.com\/en\/","logo":{"@type":"ImageObject","inLanguage":"en-US","@id":"https:\/\/hushotellhunge.com\/en\/#\/schema\/logo\/image\/","url":"https:\/\/hushotellhunge.com\/wp-content\/uploads\/2022\/01\/Hus-Hotell-Hunge-logo-header.png","contentUrl":"https:\/\/hushotellhunge.com\/wp-content\/uploads\/2022\/01\/Hus-Hotell-Hunge-logo-header.png","width":482,"height":302,"caption":"Hus Hotell Hunge"},"image":{"@id":"https:\/\/hushotellhunge.com\/en\/#\/schema\/logo\/image\/"}}]}},"_links":{"self":[{"href":"https:\/\/hushotellhunge.com\/en\/wp-json\/wp\/v2\/pages\/1874","targetHints":{"allow":["GET"]}}],"collection":[{"href":"https:\/\/hushotellhunge.com\/en\/wp-json\/wp\/v2\/pages"}],"about":[{"href":"https:\/\/hushotellhunge.com\/en\/wp-json\/wp\/v2\/types\/page"}],"author":[{"embeddable":true,"href":"https:\/\/hushotellhunge.com\/en\/wp-json\/wp\/v2\/users\/1"}],"replies":[{"embeddable":true,"href":"https:\/\/hushotellhunge.com\/en\/wp-json\/wp\/v2\/comments?post=1874"}],"version-history":[{"count":8,"href":"https:\/\/hushotellhunge.com\/en\/wp-json\/wp\/v2\/pages\/1874\/revisions"}],"predecessor-version":[{"id":1876,"href":"https:\/\/hushotellhunge.com\/en\/wp-json\/wp\/v2\/pages\/1874\/revisions\/1876"}],"up":[{"embeddable":true,"href":"https:\/\/hushotellhunge.com\/en\/wp-json\/wp\/v2\/pages\/1866"}],"wp:attachment":[{"href":"https:\/\/hushotellhunge.com\/en\/wp-json\/wp\/v2\/media?parent=1874"}],"curies":[{"name":"wp","href":"https:\/\/api.w.org\/{rel}","templated":true}]}}