{"id":11008,"date":"2024-02-09T17:21:26","date_gmt":"2024-02-09T16:21:26","guid":{"rendered":"https:\/\/hushotellhunge.com\/verksamheter\/sommar\/vandring-i-mellersta-sverige-jamtland\/"},"modified":"2025-03-28T15:53:18","modified_gmt":"2025-03-28T14:53:18","slug":"vandring-i-mellersta-sverige-jamtland","status":"publish","type":"page","link":"https:\/\/hushotellhunge.com\/sv\/verksamheter\/sommar\/vandring-i-mellersta-sverige-jamtland\/","title":{"rendered":"Vandring i Mellansverige J\u00e4mtland"},"content":{"rendered":"<div class=\"wpb-content-wrapper\"><p>[vc_section full_width=&#8221;stretch_row&#8221; css=&#8221;.vc_custom_1705059600041{background-image: url(https:\/\/hushotellhunge.com\/wp-content\/uploads\/2024\/01\/GS_20221004_MidSwe365_3079.jpg?id=10622) !important;background-position: center !important;background-repeat: no-repeat !important;background-size: cover !important;}&#8221; el_class=&#8221;topfoto smal&#8221;][vc_row gap=&#8221;35&#8243;][vc_column width=&#8221;2\/5&#8243; el_class=&#8221;titelbloktrans&#8221; css=&#8221;.vc_custom_1643105831789{padding-bottom: 20px !important;}&#8221;][vc_column_text]<\/p>\n<h1 style=\"text-align: center;\">Vandring i Mellansverige J\u00e4mtland<\/h1>\n<p>[\/vc_column_text][\/vc_column][vc_column width=&#8221;3\/5&#8243;][\/vc_column][\/vc_row][\/vc_section][vc_section full_width=&#8221;stretch_row&#8221;][vc_row gap=&#8221;35&#8243; equal_height=&#8221;yes&#8221; content_placement=&#8221;middle&#8221;][vc_column width=&#8221;2\/3&#8243;][vc_column_text css=&#8221;&#8221;]<\/p>\n<h2>Vandring i Mellansverige J\u00e4mtland<\/h2>\n<p>Ta fram vandringsk\u00e4ngorna. I J\u00e4mtland kan man ta m\u00e5nga steg, f\u00f6r b\u00e5de ung och gammal!<\/p>\n<p>Vandringslederna i Br\u00e4cke kommun g\u00e5r genom tysta skogar med skyddade v\u00e4xter och fj\u00e4rilar, ofta l\u00e4ngs sj\u00f6ar och vattendrag och med utsiktsplatser och vindskydd. Oavsett vilken v\u00e4g du v\u00e4ljer v\u00e4ntar en vacker naturupplevelse i skog och mark. Vi har markerat de tv\u00e5 n\u00e4rmaste vackra vandringslederna f\u00f6r dig h\u00e4r.<\/p>\n<p>Om du letar efter ett bekv\u00e4mt och mysigt hotell eller B&amp;B f\u00f6r att \u00e5terh\u00e4mta dig fr\u00e5n dina anstr\u00e4ngningar \u00e4r Hus Hotell Hunge r\u00e4tt plats. Hotellet erbjuder rymliga l\u00e4genheter med eget badrum, pentry och gratis Wi-Fi. De v\u00e4nliga \u00e4garna till Hus Hotell Hunge hj\u00e4lper dig g\u00e4rna att organisera din vandringstur och ger dig all n\u00f6dv\u00e4ndig information.<\/p>\n<p>Hus Hotell erbjuder frukostservering samt h\u00e4mtning och l\u00e4mning i samband med boendet.<\/p>\n<p>Klicka <a href=\"https:\/\/hushotellhunge.com\/sv\/verksamheter\/sommar\/erfarenhet-av-hunge-zomer\/\" target=\"_blank\" rel=\"noopener\"><em><strong>h\u00e4r<\/strong><\/em><\/a> f\u00f6r att se Hunges sommarpaket.[\/vc_column_text][\/vc_column][vc_column width=&#8221;1\/3&#8243;][vc_btn title=&#8221;Sommaraktiviteter&#8221; css=&#8221;&#8221; link=&#8221;url:https%3A%2F%2Fhushotellhunge.com%2Fsv%2Fverksamheter%2Fsommar%2F|title:Sommaraktiviteter&#8221;][vc_btn title=&#8221;Hunge Sommarpaket&#8221; css=&#8221;&#8221; link=&#8221;url:https%3A%2F%2Fhushotellhunge.com%2Fsv%2Fverksamheter%2Fsommar%2Ferfarenhet-av-hunge-zomer%2F|title:Sommaraktiviteter&#8221;][\/vc_column][\/vc_row][\/vc_section][vc_section full_width=&#8221;stretch_row&#8221; content_placement=&#8221;middle&#8221; el_class=&#8221;rondfotodonkergroen rondfoto&#8221;][vc_row gap=&#8221;35&#8243; equal_height=&#8221;yes&#8221; rtl_reverse=&#8221;yes&#8221; content_placement=&#8221;middle&#8221;][vc_column width=&#8221;2\/3&#8243;][vc_column_text el_class=&#8221;introtekst&#8221;]<\/p>\n<h2>Forsaleden<\/h2>\n<p class=\"normal\">Forsaleden \u00e4r verkligen en p\u00e4rla med en 7 km l\u00e5ng vandringsled.<\/p>\n<p class=\"normal\">Forsaomr\u00e5det \u00e4r fascinerande och historiskt med kulturella l\u00e4mningar, vacker natur och en \u00e4ventyrspool som formats av naturen.<\/p>\n<p class=\"normal\">Leden f\u00f6ljer Forsa\u00e5n genom stenig terr\u00e4ng \u00f6ver broar och tr\u00e4plankor. L\u00e4ngs v\u00e4gen finns det vattenfall, forsalalopp, laxtrappor och bad i friska, naturliga pooler och rutschbanor, str\u00f6mmar och dammar. Start, Forsaledens s\u00f6dra sida, ligger 12 km fr\u00e5n Hus Hotell Hunge.<\/p>\n<p><a href=\"https:\/\/www.brackenasta.se\/se--gora\/aventyr\/vandra\/forsaleden\" target=\"_blank\" rel=\"noopener\"><em><strong>Mer information<\/strong> <\/em><\/a>[\/vc_column_text][\/vc_column][vc_column width=&#8221;1\/3&#8243;][vc_single_image image=&#8221;8407&#8243; img_size=&#8221;500 x 500&#8243; alignment=&#8221;right&#8221; style=&#8221;vc_box_border_circle&#8221; border_color=&#8221;white&#8221; el_class=&#8221;afbrondrechts&#8221;][\/vc_column][\/vc_row][\/vc_section][vc_section full_width=&#8221;stretch_row&#8221; content_placement=&#8221;middle&#8221; el_class=&#8221;rondfotolichtgroen rondfoto&#8221;][vc_row gap=&#8221;35&#8243; equal_height=&#8221;yes&#8221; content_placement=&#8221;middle&#8221;][vc_column width=&#8221;1\/3&#8243;][vc_single_image image=&#8221;10649&#8243; img_size=&#8221;500 x 500&#8243; alignment=&#8221;right&#8221; style=&#8221;vc_box_border_circle&#8221; border_color=&#8221;white&#8221; el_class=&#8221;afbrond&#8221;][\/vc_column][vc_column width=&#8221;2\/3&#8243;][vc_column_text css=&#8221;&#8221;]<\/p>\n<h2>Bodsj\u00f6leden<\/h2>\n<p class=\"normal\">I den v\u00e4stra delen av Br\u00e4cke kommun str\u00e4cker sig vandringsleden Bodsj\u00f6bygden, Bodsj\u00f6leden. Hela str\u00e4ckan \u00e4r 80 km l\u00e5ng. V\u00e4gen restaureras f\u00f6r n\u00e4rvarande och kommer att vara f\u00e4rdigst\u00e4lld i juni 2024.<\/p>\n<p class=\"normal\">Bodsj\u00f6leden, Forsaleden en J\u00e4mnorgev\u00e4gen komen samen in Herrevadstr\u00f6mmen.<\/p>\n<p class=\"normal\">V\u00e4gen passerar byn Hunge. Hus Hotell Hunge ligger ca 1 km fr\u00e5n denna led och erbjuder h\u00e4mtning och l\u00e4mning f\u00f6r vandrare som bor p\u00e5 hotellet.<\/p>\n<p><a href=\"https:\/\/www.bodsjoleden.com\/\" target=\"_blank\" rel=\"noopener\"><em><strong>Mer information<\/strong><\/em><\/a>[\/vc_column_text][\/vc_column][\/vc_row][\/vc_section][vc_section full_width=&#8221;stretch_row&#8221; content_placement=&#8221;middle&#8221; el_class=&#8221;rondfotodonkergroen rondfoto&#8221;][vc_row gap=&#8221;35&#8243; equal_height=&#8221;yes&#8221; rtl_reverse=&#8221;yes&#8221; content_placement=&#8221;middle&#8221;][vc_column width=&#8221;2\/3&#8243;][vc_column_text css=&#8221;&#8221; el_class=&#8221;introtekst&#8221;]<\/p>\n<h2>Br\u00e4cke n\u00e4sta<\/h2>\n<p>Webbplatsen med m\u00e5nga fler vackra vandringsleder i Br\u00e4cke kommun.<\/p>\n<p>Klicka <a href=\"https:\/\/www.brackenasta.se\/se--gora\/aventyr\/vandra\" target=\"_blank\" rel=\"noopener\"><em><strong>h\u00e4r<\/strong><\/em><\/a> f\u00f6r mer information.<\/p>\n<p>Klicka <strong><em><a href=\"https:\/\/hushotellhunge.com\/sv\/verksamheter\/sommar\/\" target=\"_blank\" rel=\"noopener\">h\u00e4r<\/a><\/em><\/strong> f\u00f6r fler sommaraktiviteter[\/vc_column_text][\/vc_column][vc_column width=&#8221;1\/3&#8243;][vc_single_image image=&#8221;7840&#8243; img_size=&#8221;500 x 500&#8243; alignment=&#8221;right&#8221; style=&#8221;vc_box_border_circle&#8221; border_color=&#8221;white&#8221; el_class=&#8221;afbrondrechts&#8221;][\/vc_column][\/vc_row][\/vc_section][vc_section full_width=&#8221;stretch_row&#8221; content_placement=&#8221;middle&#8221; el_class=&#8221;rondfotolichtgroen rondfoto&#8221;][vc_row gap=&#8221;35&#8243; equal_height=&#8221;yes&#8221; content_placement=&#8221;middle&#8221;][vc_column width=&#8221;1\/3&#8243;][vc_single_image image=&#8221;152&#8243; img_size=&#8221;500 x 500&#8243; alignment=&#8221;right&#8221; style=&#8221;vc_box_border_circle&#8221; border_color=&#8221;white&#8221; el_class=&#8221;afbrond&#8221;][\/vc_column][vc_column width=&#8221;2\/3&#8243;][vc_column_text css=&#8221;&#8221; el_class=&#8221;introtekst&#8221;]<\/p>\n<h3>Haal &amp; Breng tj\u00e4nster<\/h3>\n<p>F\u00f6r v\u00e5ra g\u00e4ster erbjuder vi h\u00e4mtning och l\u00e4mning av Forsa- och Bodsjo-medlemmar efter \u00f6verenskommelse.[\/vc_column_text][acf_vc_integrator get_field_data_from=&#8221;&#8221; field_group=&#8221;10726&#8243; field_from_10726=&#8221;field_65ae49887b95c&#8221; show_label=&#8221;yes_no&#8221; align=&#8221;default&#8221; gallery_columns=&#8221;1&#8243; gm_show_placecard=&#8221;default&#8221; gm_map_type_control=&#8221;default&#8221; gm_fullscreen_control=&#8221;default&#8221; gm_street_view_control=&#8221;default&#8221; gm_zoom_control=&#8221;default&#8221; gm_scale=&#8221;default&#8221; hidden_field_name=&#8221;Wandelroutes per km&#8221;][\/vc_column][\/vc_row][\/vc_section]<\/p>\n<\/div>","protected":false},"excerpt":{"rendered":"<p>[vc_section full_width=&#8221;stretch_row&#8221; css=&#8221;.vc_custom_1705059600041{background-image: url(https:\/\/hushotellhunge.com\/wp-content\/uploads\/2024\/01\/GS_20221004_MidSwe365_3079.jpg?id=10622) !important;background-position: center !important;background-repeat: no-repeat !important;background-size: cover !important;}&#8221; el_class=&#8221;topfoto smal&#8221;][vc_row gap=&#8221;35&#8243;][vc_column width=&#8221;2\/5&#8243; el_class=&#8221;titelbloktrans&#8221; css=&#8221;.vc_custom_1643105831789{padding-bottom: 20px !important;}&#8221;][vc_column_text] Vandring i Mellansverige J\u00e4mtland [\/vc_column_text][\/vc_column][vc_column width=&#8221;3\/5&#8243;][\/vc_column][\/vc_row][\/vc_section][vc_section full_width=&#8221;stretch_row&#8221;][vc_row gap=&#8221;35&#8243; equal_height=&#8221;yes&#8221; content_placement=&#8221;middle&#8221;][vc_column width=&#8221;2\/3&#8243;][vc_column_text css=&#8221;&#8221;] Vandring i Mellansverige J\u00e4mtland Ta fram vandringsk\u00e4ngorna. I J\u00e4mtland kan man ta m\u00e5nga steg, f\u00f6r b\u00e5de ung och gammal! Vandringslederna i Br\u00e4cke kommun g\u00e5r [&hellip;]<\/p>\n","protected":false},"author":4,"featured_media":0,"parent":2113,"menu_order":0,"comment_status":"closed","ping_status":"closed","template":"","meta":{"_acf_changed":false,"footnotes":""},"class_list":["post-11008","page","type-page","status-publish","hentry"],"acf":[],"yoast_head":"<!-- This site is optimized with the Yoast SEO plugin v27.0 - https:\/\/yoast.com\/product\/yoast-seo-wordpress\/ -->\n<title>Vandring i Mellansverige J\u00e4mtland - Hus Hotell Hunge<\/title>\n<meta name=\"description\" content=\"Vandring i Mellansverige J\u00e4mtland. Ta fram vandringsk\u00e4ngorna. De flesta vandringslederna passar b\u00e5de stora och sm\u00e5!\" \/>\n<meta name=\"robots\" content=\"index, follow, max-snippet:-1, max-image-preview:large, max-video-preview:-1\" \/>\n<link rel=\"canonical\" href=\"https:\/\/hushotellhunge.com\/sv\/verksamheter\/sommar\/vandring-i-mellersta-sverige-jamtland\/\" \/>\n<meta property=\"og:locale\" content=\"sv_SE\" \/>\n<meta property=\"og:type\" content=\"article\" \/>\n<meta property=\"og:title\" content=\"Vandring i Mellansverige J\u00e4mtland - Hus Hotell Hunge\" \/>\n<meta property=\"og:description\" content=\"Vandring i Mellansverige J\u00e4mtland. Ta fram vandringsk\u00e4ngorna. De flesta vandringslederna passar b\u00e5de stora och sm\u00e5!\" \/>\n<meta property=\"og:url\" content=\"https:\/\/hushotellhunge.com\/sv\/verksamheter\/sommar\/vandring-i-mellersta-sverige-jamtland\/\" \/>\n<meta property=\"og:site_name\" content=\"Hus Hotell Hunge\" \/>\n<meta property=\"article:modified_time\" content=\"2025-03-28T14:53:18+00:00\" \/>\n<meta name=\"twitter:card\" content=\"summary_large_image\" \/>\n<meta name=\"twitter:label1\" content=\"Ber\u00e4knad l\u00e4stid\" \/>\n\t<meta name=\"twitter:data1\" content=\"4 minuter\" \/>\n<script type=\"application\/ld+json\" class=\"yoast-schema-graph\">{\"@context\":\"https:\/\/schema.org\",\"@graph\":[{\"@type\":\"WebPage\",\"@id\":\"https:\/\/hushotellhunge.com\/sv\/verksamheter\/sommar\/vandring-i-mellersta-sverige-jamtland\/\",\"url\":\"https:\/\/hushotellhunge.com\/sv\/verksamheter\/sommar\/vandring-i-mellersta-sverige-jamtland\/\",\"name\":\"Vandring i Mellansverige J\u00e4mtland - Hus Hotell Hunge\",\"isPartOf\":{\"@id\":\"https:\/\/hushotellhunge.com\/sv\/#website\"},\"datePublished\":\"2024-02-09T16:21:26+00:00\",\"dateModified\":\"2025-03-28T14:53:18+00:00\",\"description\":\"Vandring i Mellansverige J\u00e4mtland. Ta fram vandringsk\u00e4ngorna. De flesta vandringslederna passar b\u00e5de stora och sm\u00e5!\",\"breadcrumb\":{\"@id\":\"https:\/\/hushotellhunge.com\/sv\/verksamheter\/sommar\/vandring-i-mellersta-sverige-jamtland\/#breadcrumb\"},\"inLanguage\":\"sv-SE\",\"potentialAction\":[{\"@type\":\"ReadAction\",\"target\":[\"https:\/\/hushotellhunge.com\/sv\/verksamheter\/sommar\/vandring-i-mellersta-sverige-jamtland\/\"]}]},{\"@type\":\"BreadcrumbList\",\"@id\":\"https:\/\/hushotellhunge.com\/sv\/verksamheter\/sommar\/vandring-i-mellersta-sverige-jamtland\/#breadcrumb\",\"itemListElement\":[{\"@type\":\"ListItem\",\"position\":1,\"name\":\"Home\",\"item\":\"https:\/\/hushotellhunge.com\/sv\/\"},{\"@type\":\"ListItem\",\"position\":2,\"name\":\"Verksamheter\",\"item\":\"https:\/\/hushotellhunge.com\/sv\/verksamheter\/\"},{\"@type\":\"ListItem\",\"position\":3,\"name\":\"Sommar\",\"item\":\"https:\/\/hushotellhunge.com\/sv\/verksamheter\/sommar\/\"},{\"@type\":\"ListItem\",\"position\":4,\"name\":\"Vandring i Mellansverige J\u00e4mtland\"}]},{\"@type\":\"WebSite\",\"@id\":\"https:\/\/hushotellhunge.com\/sv\/#website\",\"url\":\"https:\/\/hushotellhunge.com\/sv\/\",\"name\":\"Hus Hotell Hunge\",\"description\":\"Meet &amp; Adventure\",\"publisher\":{\"@id\":\"https:\/\/hushotellhunge.com\/sv\/#organization\"},\"potentialAction\":[{\"@type\":\"SearchAction\",\"target\":{\"@type\":\"EntryPoint\",\"urlTemplate\":\"https:\/\/hushotellhunge.com\/sv\/?s={search_term_string}\"},\"query-input\":{\"@type\":\"PropertyValueSpecification\",\"valueRequired\":true,\"valueName\":\"search_term_string\"}}],\"inLanguage\":\"sv-SE\"},{\"@type\":\"Organization\",\"@id\":\"https:\/\/hushotellhunge.com\/sv\/#organization\",\"name\":\"Hus Hotell Hunge\",\"url\":\"https:\/\/hushotellhunge.com\/sv\/\",\"logo\":{\"@type\":\"ImageObject\",\"inLanguage\":\"sv-SE\",\"@id\":\"https:\/\/hushotellhunge.com\/sv\/#\/schema\/logo\/image\/\",\"url\":\"https:\/\/hushotellhunge.com\/wp-content\/uploads\/2022\/01\/Hus-Hotell-Hunge-logo-header.png\",\"contentUrl\":\"https:\/\/hushotellhunge.com\/wp-content\/uploads\/2022\/01\/Hus-Hotell-Hunge-logo-header.png\",\"width\":482,\"height\":302,\"caption\":\"Hus Hotell Hunge\"},\"image\":{\"@id\":\"https:\/\/hushotellhunge.com\/sv\/#\/schema\/logo\/image\/\"}}]}<\/script>\n<!-- \/ Yoast SEO plugin. -->","yoast_head_json":{"title":"Vandring i Mellansverige J\u00e4mtland - Hus Hotell Hunge","description":"Vandring i Mellansverige J\u00e4mtland. Ta fram vandringsk\u00e4ngorna. De flesta vandringslederna passar b\u00e5de stora och sm\u00e5!","robots":{"index":"index","follow":"follow","max-snippet":"max-snippet:-1","max-image-preview":"max-image-preview:large","max-video-preview":"max-video-preview:-1"},"canonical":"https:\/\/hushotellhunge.com\/sv\/verksamheter\/sommar\/vandring-i-mellersta-sverige-jamtland\/","og_locale":"sv_SE","og_type":"article","og_title":"Vandring i Mellansverige J\u00e4mtland - Hus Hotell Hunge","og_description":"Vandring i Mellansverige J\u00e4mtland. Ta fram vandringsk\u00e4ngorna. De flesta vandringslederna passar b\u00e5de stora och sm\u00e5!","og_url":"https:\/\/hushotellhunge.com\/sv\/verksamheter\/sommar\/vandring-i-mellersta-sverige-jamtland\/","og_site_name":"Hus Hotell Hunge","article_modified_time":"2025-03-28T14:53:18+00:00","twitter_card":"summary_large_image","twitter_misc":{"Ber\u00e4knad l\u00e4stid":"4 minuter"},"schema":{"@context":"https:\/\/schema.org","@graph":[{"@type":"WebPage","@id":"https:\/\/hushotellhunge.com\/sv\/verksamheter\/sommar\/vandring-i-mellersta-sverige-jamtland\/","url":"https:\/\/hushotellhunge.com\/sv\/verksamheter\/sommar\/vandring-i-mellersta-sverige-jamtland\/","name":"Vandring i Mellansverige J\u00e4mtland - Hus Hotell Hunge","isPartOf":{"@id":"https:\/\/hushotellhunge.com\/sv\/#website"},"datePublished":"2024-02-09T16:21:26+00:00","dateModified":"2025-03-28T14:53:18+00:00","description":"Vandring i Mellansverige J\u00e4mtland. Ta fram vandringsk\u00e4ngorna. De flesta vandringslederna passar b\u00e5de stora och sm\u00e5!","breadcrumb":{"@id":"https:\/\/hushotellhunge.com\/sv\/verksamheter\/sommar\/vandring-i-mellersta-sverige-jamtland\/#breadcrumb"},"inLanguage":"sv-SE","potentialAction":[{"@type":"ReadAction","target":["https:\/\/hushotellhunge.com\/sv\/verksamheter\/sommar\/vandring-i-mellersta-sverige-jamtland\/"]}]},{"@type":"BreadcrumbList","@id":"https:\/\/hushotellhunge.com\/sv\/verksamheter\/sommar\/vandring-i-mellersta-sverige-jamtland\/#breadcrumb","itemListElement":[{"@type":"ListItem","position":1,"name":"Home","item":"https:\/\/hushotellhunge.com\/sv\/"},{"@type":"ListItem","position":2,"name":"Verksamheter","item":"https:\/\/hushotellhunge.com\/sv\/verksamheter\/"},{"@type":"ListItem","position":3,"name":"Sommar","item":"https:\/\/hushotellhunge.com\/sv\/verksamheter\/sommar\/"},{"@type":"ListItem","position":4,"name":"Vandring i Mellansverige J\u00e4mtland"}]},{"@type":"WebSite","@id":"https:\/\/hushotellhunge.com\/sv\/#website","url":"https:\/\/hushotellhunge.com\/sv\/","name":"Hus Hotell Hunge","description":"Meet &amp; Adventure","publisher":{"@id":"https:\/\/hushotellhunge.com\/sv\/#organization"},"potentialAction":[{"@type":"SearchAction","target":{"@type":"EntryPoint","urlTemplate":"https:\/\/hushotellhunge.com\/sv\/?s={search_term_string}"},"query-input":{"@type":"PropertyValueSpecification","valueRequired":true,"valueName":"search_term_string"}}],"inLanguage":"sv-SE"},{"@type":"Organization","@id":"https:\/\/hushotellhunge.com\/sv\/#organization","name":"Hus Hotell Hunge","url":"https:\/\/hushotellhunge.com\/sv\/","logo":{"@type":"ImageObject","inLanguage":"sv-SE","@id":"https:\/\/hushotellhunge.com\/sv\/#\/schema\/logo\/image\/","url":"https:\/\/hushotellhunge.com\/wp-content\/uploads\/2022\/01\/Hus-Hotell-Hunge-logo-header.png","contentUrl":"https:\/\/hushotellhunge.com\/wp-content\/uploads\/2022\/01\/Hus-Hotell-Hunge-logo-header.png","width":482,"height":302,"caption":"Hus Hotell Hunge"},"image":{"@id":"https:\/\/hushotellhunge.com\/sv\/#\/schema\/logo\/image\/"}}]}},"_links":{"self":[{"href":"https:\/\/hushotellhunge.com\/sv\/wp-json\/wp\/v2\/pages\/11008","targetHints":{"allow":["GET"]}}],"collection":[{"href":"https:\/\/hushotellhunge.com\/sv\/wp-json\/wp\/v2\/pages"}],"about":[{"href":"https:\/\/hushotellhunge.com\/sv\/wp-json\/wp\/v2\/types\/page"}],"author":[{"embeddable":true,"href":"https:\/\/hushotellhunge.com\/sv\/wp-json\/wp\/v2\/users\/4"}],"replies":[{"embeddable":true,"href":"https:\/\/hushotellhunge.com\/sv\/wp-json\/wp\/v2\/comments?post=11008"}],"version-history":[{"count":26,"href":"https:\/\/hushotellhunge.com\/sv\/wp-json\/wp\/v2\/pages\/11008\/revisions"}],"predecessor-version":[{"id":15580,"href":"https:\/\/hushotellhunge.com\/sv\/wp-json\/wp\/v2\/pages\/11008\/revisions\/15580"}],"up":[{"embeddable":true,"href":"https:\/\/hushotellhunge.com\/sv\/wp-json\/wp\/v2\/pages\/2113"}],"wp:attachment":[{"href":"https:\/\/hushotellhunge.com\/sv\/wp-json\/wp\/v2\/media?parent=11008"}],"curies":[{"name":"wp","href":"https:\/\/api.w.org\/{rel}","templated":true}]}}