{"id":2086,"date":"2022-03-12T12:16:12","date_gmt":"2022-03-12T11:16:12","guid":{"rendered":"https:\/\/hushotellhunge.com\/verksamheter\/herfst\/"},"modified":"2022-09-06T12:35:35","modified_gmt":"2022-09-06T10:35:35","slug":"hosten","status":"publish","type":"page","link":"https:\/\/hushotellhunge.com\/sv\/verksamheter\/hosten\/","title":{"rendered":"H\u00f6sten"},"content":{"rendered":"<div class=\"wpb-content-wrapper\"><p>[vc_section full_width=&#8221;stretch_row&#8221; content_placement=&#8221;middle&#8221; css=&#8221;.vc_custom_1648755378458{background-image: url(https:\/\/hushotellhunge.com\/wp-content\/uploads\/2022\/03\/fence-g984adeafc_1280.jpg?id=1204) !important;background-position: center !important;background-repeat: no-repeat !important;background-size: cover !important;}&#8221; el_class=&#8221;topfoto bodem&#8221;][vc_row][vc_column width=&#8221;1\/2&#8243; el_class=&#8221;titelbloktrans&#8221; css=&#8221;.vc_custom_1662460439905{margin-bottom: 20px !important;margin-left: 0px !important;}&#8221;][vc_column_text]<\/p>\n<h1>H\u00f6sten: En f\u00e4rgexplosion<\/h1>\n<p>[\/vc_column_text][vc_column_text el_class=&#8221;introtekst&#8221;]P\u00e5 h\u00f6sten \u00e4r J\u00e4mtland en explosion av f\u00e4rger: gula tr\u00e4d, orangea v\u00e4xter och gr\u00f6nt gr\u00e4s. H\u00f6sten \u00e4r ocks\u00e5 en utm\u00e4rkt s\u00e4song f\u00f6r fiske, jakt och f\u00f6r att plocka svamp och b\u00e4r medan du fortfarande kan.<\/p>\n<p>NJUT AV H\u00d6STEN I J\u00c4MTLAND!<br \/>\n6-dagars h\u00f6stpaket f\u00f6r 3500 SEK f\u00f6r 2 personer.<br \/>\nInklusive frukost 4650 SEK![\/vc_column_text][vc_btn title=&#8221;NJUT AV H\u00d6STEN I J\u00c4MTLAND!&#8221; align=&#8221;center&#8221; link=&#8221;url:%23contact&#8221;][\/vc_column][vc_column width=&#8221;1\/2&#8243; offset=&#8221;vc_col-lg-6 vc_col-md-6 vc_col-xs-12&#8243; css=&#8221;.vc_custom_1662460229128{margin-bottom: 20px !important;}&#8221;][\/vc_column][\/vc_row][\/vc_section][vc_section full_width=&#8221;stretch_row&#8221; content_placement=&#8221;middle&#8221; el_class=&#8221;rondfotodonkergroen rondfoto&#8221;][vc_row gap=&#8221;35&#8243; equal_height=&#8221;yes&#8221; rtl_reverse=&#8221;yes&#8221; content_placement=&#8221;middle&#8221;][vc_column width=&#8221;2\/3&#8243;][vc_column_text el_class=&#8221;introtekst&#8221;]<\/p>\n<h3>Jakten, ett \u00e4ventyr i sig sj\u00e4lvt<\/h3>\n<p>I Hungeomr\u00e5det jagar man b\u00e5de sm\u00e5 och stora vilda djur. \u00c4lg och r\u00e5djur, men \u00e4ven r\u00e4v, g\u00e4ss och ankor. St\u00f6rre rovdjur, som lodjur, varg och j\u00e4rv, jagas endast n\u00e4r de blir till besv\u00e4r f\u00f6r omr\u00e5det. Bj\u00f6rnar skjuts det ett best\u00e4mt antal varje \u00e5r av. Djurpopulationen i v\u00e5rt omr\u00e5de \u00e4r stor och v\u00e4xande. Vill du uppleva en jakt? Enskilt eller med en grupp v\u00e4nner eller med din familj? Fyll i kontaktformul\u00e4ret s\u00e5 informerar vi dig om vilka m\u00f6jligheter som finns.[\/vc_column_text][\/vc_column][vc_column width=&#8221;1\/3&#8243;][vc_single_image image=&#8221;1222&#8243; img_size=&#8221;500 x 500&#8243; alignment=&#8221;right&#8221; style=&#8221;vc_box_border_circle&#8221; border_color=&#8221;white&#8221; el_class=&#8221;afbrondrechts&#8221;][\/vc_column][\/vc_row][\/vc_section][vc_section full_width=&#8221;stretch_row&#8221; content_placement=&#8221;middle&#8221; el_class=&#8221;rondfotolichtgroen rondfoto&#8221;][vc_row gap=&#8221;35&#8243; equal_height=&#8221;yes&#8221; content_placement=&#8221;middle&#8221;][vc_column width=&#8221;1\/3&#8243;][vc_single_image image=&#8221;1217&#8243; img_size=&#8221;500 x 500&#8243; alignment=&#8221;right&#8221; style=&#8221;vc_box_border_circle&#8221; border_color=&#8221;white&#8221; el_class=&#8221;afbrond&#8221;][\/vc_column][vc_column width=&#8221;2\/3&#8243;][vc_column_text el_class=&#8221;introtekst&#8221;]<\/p>\n<h3>Svampplockning<\/h3>\n<p>Att plocka vilda kantareller \u00e4r en tradition f\u00f6r inv\u00e5narna i J\u00e4mtland. De g\u00e5r ut f\u00f6rsta helgen i september f\u00f6r att plocka kantareller inf\u00f6r vintern. P\u00e5 en dag kan de samla omkring 8-10 kg kantareller, som de anv\u00e4nder f\u00f6r att laga alla m\u00f6jliga r\u00e4tter under hela vintern. Att leta svamp \u00e4r en speciell upplevelse med alla h\u00f6stf\u00e4rger runt omkring sig: r\u00f6da mossor, orangea blad p\u00e5 marken, gula blad p\u00e5 tr\u00e4den och gr\u00f6nt gr\u00e4s, allt medan man upplever en extrem k\u00e4nsla av frid. Sveriges allemansr\u00e4tt inneb\u00e4r att du kan g\u00e5 var som helst i skogen f\u00f6r att plocka svamp, s\u00e5 l\u00e4nge du respekterar skogen och dess djurliv. Kom och upplev det sj\u00e4lv![\/vc_column_text][\/vc_column][\/vc_row][\/vc_section][vc_section full_width=&#8221;stretch_row&#8221; content_placement=&#8221;middle&#8221; el_class=&#8221;rondfotodonkergroen rondfoto&#8221;][vc_row gap=&#8221;35&#8243; equal_height=&#8221;yes&#8221; rtl_reverse=&#8221;yes&#8221; content_placement=&#8221;middle&#8221;][vc_column width=&#8221;2\/3&#8243;][vc_column_text el_class=&#8221;introtekst&#8221;]<\/p>\n<div id=\"afa8da0a-fe14-41b9-a852-3dbddbce9822\" class=\"StreamField__Component StreamField__Component--RichText\">\n<div class=\"RawHtml\">\n<div class=\"rah-static rah-static--height-auto\" aria-hidden=\"false\">\n<div>\n<div class=\"RawHtml__Html\">\n<div class=\"rich-text\">\n<h3>Sveriges skogar: \u00a0fyllda av b\u00e4r<\/h3>\n<p>G\u00e5 in i skogen! Eftersom halva Sverige \u00e4r t\u00e4ckt av skog beh\u00f6ver du aldrig leta l\u00e4nge f\u00f6r att vara omgiven av bl\u00e5b\u00e4r och lingon d\u00e5 de alla trivs i samma typ av milj\u00f6. Ju l\u00e4ngre norrut du kommer desto l\u00e4ttare hittar du dem. I detta arktiska klimat hittar du ocks\u00e5 vildhallon som v\u00e4xer i st\u00f6rre delen av landet liksom nypon och n\u00e4sslor samt smultron som ofta finns p\u00e5 \u00f6ppna och soliga platser i skogen, l\u00e4ngs landsv\u00e4gar eller i kanter av blomster\u00e4ngar. Du kan njuta av b\u00e4ren som dom \u00e4r, eller ta med dem och koka en uts\u00f6kt sylt av!<\/p>\n<\/div>\n<\/div>\n<\/div>\n<\/div>\n<\/div>\n<\/div>\n<p>[\/vc_column_text][\/vc_column][vc_column width=&#8221;1\/3&#8243;][vc_single_image image=&#8221;1213&#8243; img_size=&#8221;500 x 500&#8243; alignment=&#8221;right&#8221; style=&#8221;vc_box_border_circle&#8221; border_color=&#8221;white&#8221; el_class=&#8221;afbrondrechts&#8221;][\/vc_column][\/vc_row][\/vc_section][vc_row el_id=&#8221;contact&#8221;][vc_column]\n<div class=\"wpcf7 no-js\" id=\"wpcf7-f2878-o1\" lang=\"sv-SE\" dir=\"ltr\" data-wpcf7-id=\"2878\">\n<div class=\"screen-reader-response\"><p role=\"status\" aria-live=\"polite\" aria-atomic=\"true\"><\/p> <ul><\/ul><\/div>\n<form action=\"\/sv\/wp-json\/wp\/v2\/pages\/2086#wpcf7-f2878-o1\" method=\"post\" class=\"wpcf7-form init\" aria-label=\"Kontaktformul\u00e4r\" novalidate=\"novalidate\" data-status=\"init\">\n<fieldset class=\"hidden-fields-container\"><input type=\"hidden\" name=\"_wpcf7\" value=\"2878\" \/><input type=\"hidden\" name=\"_wpcf7_version\" value=\"6.1.5\" \/><input type=\"hidden\" name=\"_wpcf7_locale\" value=\"sv_SE\" \/><input type=\"hidden\" name=\"_wpcf7_unit_tag\" value=\"wpcf7-f2878-o1\" \/><input type=\"hidden\" name=\"_wpcf7_container_post\" value=\"0\" \/><input type=\"hidden\" name=\"_wpcf7_posted_data_hash\" value=\"\" \/><input type=\"hidden\" name=\"_wpcf7_recaptcha_response\" value=\"\" \/>\n<\/fieldset>\n<p><label> Namn:*<br \/>\n<span class=\"wpcf7-form-control-wrap\" data-name=\"your-name\"><input size=\"40\" maxlength=\"400\" class=\"wpcf7-form-control wpcf7-text wpcf7-validates-as-required\" aria-required=\"true\" aria-invalid=\"false\" value=\"\" type=\"text\" name=\"your-name\" \/><\/span> <\/label>\n<\/p>\n<p><label> E-post:*<br \/>\n<span class=\"wpcf7-form-control-wrap\" data-name=\"your-email\"><input size=\"40\" maxlength=\"400\" class=\"wpcf7-form-control wpcf7-email wpcf7-validates-as-required wpcf7-text wpcf7-validates-as-email\" aria-required=\"true\" aria-invalid=\"false\" value=\"\" type=\"email\" name=\"your-email\" \/><\/span> <\/label>\n<\/p>\n<p><label> Telefonnummer:<br \/>\n<span class=\"wpcf7-form-control-wrap\" data-name=\"telefoon\"><input size=\"40\" maxlength=\"400\" class=\"wpcf7-form-control wpcf7-text\" aria-invalid=\"false\" value=\"\" type=\"text\" name=\"telefoon\" \/><\/span> <\/label>\n<\/p>\n<p><label> fr\u00e5ga eller anm\u00e4rkning:<br \/>\n<span class=\"wpcf7-form-control-wrap\" data-name=\"your-message\"><textarea cols=\"40\" rows=\"10\" maxlength=\"2000\" class=\"wpcf7-form-control wpcf7-textarea\" aria-invalid=\"false\" name=\"your-message\"><\/textarea><\/span> <\/label>\n<\/p>\n<p><input class=\"wpcf7-form-control wpcf7-submit has-spinner bd-button\" type=\"submit\" value=\"Att skicka\" \/>\n<\/p><p style=\"display: none !important;\" class=\"akismet-fields-container\" data-prefix=\"_wpcf7_ak_\"><label>&#916;<textarea name=\"_wpcf7_ak_hp_textarea\" cols=\"45\" rows=\"8\" maxlength=\"100\"><\/textarea><\/label><input type=\"hidden\" id=\"ak_js_1\" name=\"_wpcf7_ak_js\" value=\"162\"\/><script>document.getElementById( \"ak_js_1\" ).setAttribute( \"value\", ( new Date() ).getTime() );<\/script><\/p><div class=\"wpcf7-response-output\" aria-hidden=\"true\"><\/div>\n<\/form>\n<\/div>\n[\/vc_column][\/vc_row]<\/p>\n<\/div>","protected":false},"excerpt":{"rendered":"<p>[vc_section full_width=&#8221;stretch_row&#8221; content_placement=&#8221;middle&#8221; css=&#8221;.vc_custom_1648755378458{background-image: url(https:\/\/hushotellhunge.com\/wp-content\/uploads\/2022\/03\/fence-g984adeafc_1280.jpg?id=1204) !important;background-position: center !important;background-repeat: no-repeat !important;background-size: cover !important;}&#8221; el_class=&#8221;topfoto bodem&#8221;][vc_row][vc_column width=&#8221;1\/2&#8243; el_class=&#8221;titelbloktrans&#8221; css=&#8221;.vc_custom_1662460439905{margin-bottom: 20px !important;margin-left: 0px !important;}&#8221;][vc_column_text] H\u00f6sten: En f\u00e4rgexplosion [\/vc_column_text][vc_column_text el_class=&#8221;introtekst&#8221;]P\u00e5 h\u00f6sten \u00e4r J\u00e4mtland en explosion av f\u00e4rger: gula tr\u00e4d, orangea v\u00e4xter och gr\u00f6nt gr\u00e4s. H\u00f6sten \u00e4r ocks\u00e5 en utm\u00e4rkt s\u00e4song f\u00f6r fiske, jakt och f\u00f6r att plocka svamp och [&hellip;]<\/p>\n","protected":false},"author":1,"featured_media":0,"parent":2044,"menu_order":0,"comment_status":"closed","ping_status":"closed","template":"","meta":{"_acf_changed":false,"footnotes":""},"class_list":["post-2086","page","type-page","status-publish","hentry"],"acf":[],"yoast_head":"<!-- This site is optimized with the Yoast SEO plugin v27.0 - https:\/\/yoast.com\/product\/yoast-seo-wordpress\/ -->\n<title>H\u00f6sten - Hus Hotell Hunge<\/title>\n<meta name=\"robots\" content=\"index, follow, max-snippet:-1, max-image-preview:large, max-video-preview:-1\" \/>\n<link rel=\"canonical\" href=\"https:\/\/hushotellhunge.com\/sv\/verksamheter\/hosten\/\" \/>\n<meta property=\"og:locale\" content=\"sv_SE\" \/>\n<meta property=\"og:type\" content=\"article\" \/>\n<meta property=\"og:title\" content=\"H\u00f6sten - Hus Hotell Hunge\" \/>\n<meta property=\"og:description\" content=\"[vc_section full_width=&#8221;stretch_row&#8221; content_placement=&#8221;middle&#8221; css=&#8221;.vc_custom_1648755378458{background-image: url(https:\/\/hushotellhunge.com\/wp-content\/uploads\/2022\/03\/fence-g984adeafc_1280.jpg?id=1204) !important;background-position: center !important;background-repeat: no-repeat !important;background-size: cover !important;}&#8221; el_class=&#8221;topfoto bodem&#8221;][vc_row][vc_column width=&#8221;1\/2&#8243; el_class=&#8221;titelbloktrans&#8221; css=&#8221;.vc_custom_1662460439905{margin-bottom: 20px !important;margin-left: 0px !important;}&#8221;][vc_column_text] H\u00f6sten: En f\u00e4rgexplosion [\/vc_column_text][vc_column_text el_class=&#8221;introtekst&#8221;]P\u00e5 h\u00f6sten \u00e4r J\u00e4mtland en explosion av f\u00e4rger: gula tr\u00e4d, orangea v\u00e4xter och gr\u00f6nt gr\u00e4s. H\u00f6sten \u00e4r ocks\u00e5 en utm\u00e4rkt s\u00e4song f\u00f6r fiske, jakt och f\u00f6r att plocka svamp och [&hellip;]\" \/>\n<meta property=\"og:url\" content=\"https:\/\/hushotellhunge.com\/sv\/verksamheter\/hosten\/\" \/>\n<meta property=\"og:site_name\" content=\"Hus Hotell Hunge\" \/>\n<meta property=\"article:modified_time\" content=\"2022-09-06T10:35:35+00:00\" \/>\n<meta name=\"twitter:card\" content=\"summary_large_image\" \/>\n<meta name=\"twitter:label1\" content=\"Ber\u00e4knad l\u00e4stid\" \/>\n\t<meta name=\"twitter:data1\" content=\"3 minuter\" \/>\n<script type=\"application\/ld+json\" class=\"yoast-schema-graph\">{\"@context\":\"https:\/\/schema.org\",\"@graph\":[{\"@type\":\"WebPage\",\"@id\":\"https:\/\/hushotellhunge.com\/sv\/verksamheter\/hosten\/\",\"url\":\"https:\/\/hushotellhunge.com\/sv\/verksamheter\/hosten\/\",\"name\":\"H\u00f6sten - Hus Hotell Hunge\",\"isPartOf\":{\"@id\":\"https:\/\/hushotellhunge.com\/sv\/#website\"},\"datePublished\":\"2022-03-12T11:16:12+00:00\",\"dateModified\":\"2022-09-06T10:35:35+00:00\",\"breadcrumb\":{\"@id\":\"https:\/\/hushotellhunge.com\/sv\/verksamheter\/hosten\/#breadcrumb\"},\"inLanguage\":\"sv-SE\",\"potentialAction\":[{\"@type\":\"ReadAction\",\"target\":[\"https:\/\/hushotellhunge.com\/sv\/verksamheter\/hosten\/\"]}]},{\"@type\":\"BreadcrumbList\",\"@id\":\"https:\/\/hushotellhunge.com\/sv\/verksamheter\/hosten\/#breadcrumb\",\"itemListElement\":[{\"@type\":\"ListItem\",\"position\":1,\"name\":\"Home\",\"item\":\"https:\/\/hushotellhunge.com\/sv\/\"},{\"@type\":\"ListItem\",\"position\":2,\"name\":\"Verksamheter\",\"item\":\"https:\/\/hushotellhunge.com\/sv\/verksamheter\/\"},{\"@type\":\"ListItem\",\"position\":3,\"name\":\"H\u00f6sten\"}]},{\"@type\":\"WebSite\",\"@id\":\"https:\/\/hushotellhunge.com\/sv\/#website\",\"url\":\"https:\/\/hushotellhunge.com\/sv\/\",\"name\":\"Hus Hotell Hunge\",\"description\":\"Meet &amp; Adventure\",\"publisher\":{\"@id\":\"https:\/\/hushotellhunge.com\/sv\/#organization\"},\"potentialAction\":[{\"@type\":\"SearchAction\",\"target\":{\"@type\":\"EntryPoint\",\"urlTemplate\":\"https:\/\/hushotellhunge.com\/sv\/?s={search_term_string}\"},\"query-input\":{\"@type\":\"PropertyValueSpecification\",\"valueRequired\":true,\"valueName\":\"search_term_string\"}}],\"inLanguage\":\"sv-SE\"},{\"@type\":\"Organization\",\"@id\":\"https:\/\/hushotellhunge.com\/sv\/#organization\",\"name\":\"Hus Hotell Hunge\",\"url\":\"https:\/\/hushotellhunge.com\/sv\/\",\"logo\":{\"@type\":\"ImageObject\",\"inLanguage\":\"sv-SE\",\"@id\":\"https:\/\/hushotellhunge.com\/sv\/#\/schema\/logo\/image\/\",\"url\":\"https:\/\/hushotellhunge.com\/wp-content\/uploads\/2022\/01\/Hus-Hotell-Hunge-logo-header.png\",\"contentUrl\":\"https:\/\/hushotellhunge.com\/wp-content\/uploads\/2022\/01\/Hus-Hotell-Hunge-logo-header.png\",\"width\":482,\"height\":302,\"caption\":\"Hus Hotell Hunge\"},\"image\":{\"@id\":\"https:\/\/hushotellhunge.com\/sv\/#\/schema\/logo\/image\/\"}}]}<\/script>\n<!-- \/ Yoast SEO plugin. -->","yoast_head_json":{"title":"H\u00f6sten - Hus Hotell Hunge","robots":{"index":"index","follow":"follow","max-snippet":"max-snippet:-1","max-image-preview":"max-image-preview:large","max-video-preview":"max-video-preview:-1"},"canonical":"https:\/\/hushotellhunge.com\/sv\/verksamheter\/hosten\/","og_locale":"sv_SE","og_type":"article","og_title":"H\u00f6sten - Hus Hotell Hunge","og_description":"[vc_section full_width=&#8221;stretch_row&#8221; content_placement=&#8221;middle&#8221; css=&#8221;.vc_custom_1648755378458{background-image: url(https:\/\/hushotellhunge.com\/wp-content\/uploads\/2022\/03\/fence-g984adeafc_1280.jpg?id=1204) !important;background-position: center !important;background-repeat: no-repeat !important;background-size: cover !important;}&#8221; el_class=&#8221;topfoto bodem&#8221;][vc_row][vc_column width=&#8221;1\/2&#8243; el_class=&#8221;titelbloktrans&#8221; css=&#8221;.vc_custom_1662460439905{margin-bottom: 20px !important;margin-left: 0px !important;}&#8221;][vc_column_text] H\u00f6sten: En f\u00e4rgexplosion [\/vc_column_text][vc_column_text el_class=&#8221;introtekst&#8221;]P\u00e5 h\u00f6sten \u00e4r J\u00e4mtland en explosion av f\u00e4rger: gula tr\u00e4d, orangea v\u00e4xter och gr\u00f6nt gr\u00e4s. H\u00f6sten \u00e4r ocks\u00e5 en utm\u00e4rkt s\u00e4song f\u00f6r fiske, jakt och f\u00f6r att plocka svamp och [&hellip;]","og_url":"https:\/\/hushotellhunge.com\/sv\/verksamheter\/hosten\/","og_site_name":"Hus Hotell Hunge","article_modified_time":"2022-09-06T10:35:35+00:00","twitter_card":"summary_large_image","twitter_misc":{"Ber\u00e4knad l\u00e4stid":"3 minuter"},"schema":{"@context":"https:\/\/schema.org","@graph":[{"@type":"WebPage","@id":"https:\/\/hushotellhunge.com\/sv\/verksamheter\/hosten\/","url":"https:\/\/hushotellhunge.com\/sv\/verksamheter\/hosten\/","name":"H\u00f6sten - Hus Hotell Hunge","isPartOf":{"@id":"https:\/\/hushotellhunge.com\/sv\/#website"},"datePublished":"2022-03-12T11:16:12+00:00","dateModified":"2022-09-06T10:35:35+00:00","breadcrumb":{"@id":"https:\/\/hushotellhunge.com\/sv\/verksamheter\/hosten\/#breadcrumb"},"inLanguage":"sv-SE","potentialAction":[{"@type":"ReadAction","target":["https:\/\/hushotellhunge.com\/sv\/verksamheter\/hosten\/"]}]},{"@type":"BreadcrumbList","@id":"https:\/\/hushotellhunge.com\/sv\/verksamheter\/hosten\/#breadcrumb","itemListElement":[{"@type":"ListItem","position":1,"name":"Home","item":"https:\/\/hushotellhunge.com\/sv\/"},{"@type":"ListItem","position":2,"name":"Verksamheter","item":"https:\/\/hushotellhunge.com\/sv\/verksamheter\/"},{"@type":"ListItem","position":3,"name":"H\u00f6sten"}]},{"@type":"WebSite","@id":"https:\/\/hushotellhunge.com\/sv\/#website","url":"https:\/\/hushotellhunge.com\/sv\/","name":"Hus Hotell Hunge","description":"Meet &amp; Adventure","publisher":{"@id":"https:\/\/hushotellhunge.com\/sv\/#organization"},"potentialAction":[{"@type":"SearchAction","target":{"@type":"EntryPoint","urlTemplate":"https:\/\/hushotellhunge.com\/sv\/?s={search_term_string}"},"query-input":{"@type":"PropertyValueSpecification","valueRequired":true,"valueName":"search_term_string"}}],"inLanguage":"sv-SE"},{"@type":"Organization","@id":"https:\/\/hushotellhunge.com\/sv\/#organization","name":"Hus Hotell Hunge","url":"https:\/\/hushotellhunge.com\/sv\/","logo":{"@type":"ImageObject","inLanguage":"sv-SE","@id":"https:\/\/hushotellhunge.com\/sv\/#\/schema\/logo\/image\/","url":"https:\/\/hushotellhunge.com\/wp-content\/uploads\/2022\/01\/Hus-Hotell-Hunge-logo-header.png","contentUrl":"https:\/\/hushotellhunge.com\/wp-content\/uploads\/2022\/01\/Hus-Hotell-Hunge-logo-header.png","width":482,"height":302,"caption":"Hus Hotell Hunge"},"image":{"@id":"https:\/\/hushotellhunge.com\/sv\/#\/schema\/logo\/image\/"}}]}},"_links":{"self":[{"href":"https:\/\/hushotellhunge.com\/sv\/wp-json\/wp\/v2\/pages\/2086","targetHints":{"allow":["GET"]}}],"collection":[{"href":"https:\/\/hushotellhunge.com\/sv\/wp-json\/wp\/v2\/pages"}],"about":[{"href":"https:\/\/hushotellhunge.com\/sv\/wp-json\/wp\/v2\/types\/page"}],"author":[{"embeddable":true,"href":"https:\/\/hushotellhunge.com\/sv\/wp-json\/wp\/v2\/users\/1"}],"replies":[{"embeddable":true,"href":"https:\/\/hushotellhunge.com\/sv\/wp-json\/wp\/v2\/comments?post=2086"}],"version-history":[{"count":23,"href":"https:\/\/hushotellhunge.com\/sv\/wp-json\/wp\/v2\/pages\/2086\/revisions"}],"predecessor-version":[{"id":2902,"href":"https:\/\/hushotellhunge.com\/sv\/wp-json\/wp\/v2\/pages\/2086\/revisions\/2902"}],"up":[{"embeddable":true,"href":"https:\/\/hushotellhunge.com\/sv\/wp-json\/wp\/v2\/pages\/2044"}],"wp:attachment":[{"href":"https:\/\/hushotellhunge.com\/sv\/wp-json\/wp\/v2\/media?parent=2086"}],"curies":[{"name":"wp","href":"https:\/\/api.w.org\/{rel}","templated":true}]}}