{"id":2092,"date":"2022-03-12T12:14:05","date_gmt":"2022-03-12T11:14:05","guid":{"rendered":"https:\/\/hushotellhunge.com\/verksamheter\/lente\/"},"modified":"2022-05-20T15:54:53","modified_gmt":"2022-05-20T13:54:53","slug":"varen","status":"publish","type":"page","link":"https:\/\/hushotellhunge.com\/sv\/verksamheter\/varen\/","title":{"rendered":"V\u00e4ren"},"content":{"rendered":"<div class=\"wpb-content-wrapper\"><p>[vc_section full_width=&#8221;stretch_row&#8221; content_placement=&#8221;middle&#8221; css=&#8221;.vc_custom_1648671273315{background-image: url(https:\/\/hushotellhunge.com\/wp-content\/uploads\/2022\/03\/HusHotellHunge-ronde-foto-website-4-1000&#215;1000-piksels-kamers-2.jpg?id=941) !important;background-position: center !important;background-repeat: no-repeat !important;background-size: cover !important;}&#8221; el_class=&#8221;topfoto bodem&#8221;][vc_row][vc_column width=&#8221;1\/12&#8243;][\/vc_column][vc_column el_class=&#8221;titelbloktrans&#8221; offset=&#8221;vc_col-lg-7 vc_col-md-7 vc_col-xs-12&#8243; css=&#8221;.vc_custom_1642686762497{margin-bottom: 20px !important;}&#8221;][vc_column_text]<\/p>\n<h1>V\u00e5ren: Omge dig utav naturens fr\u00e4scha dofter.<\/h1>\n<p>[\/vc_column_text][vc_column_text el_class=&#8221;introtekst&#8221;]N\u00e4r sn\u00f6n precis har sm\u00e4lt och marken b\u00f6rjar tina upp kan du njuta utav l\u00e5nga kv\u00e4llar med ljud av olika f\u00e5glars s\u00e5ng och den underbara naturen under dina v\u00e5rpromenader.<\/p>\n<p>Tack vare det torra inlands-klimatet kan du uppleva en fantastisk v\u00e5r i Sverige, med behagliga temperaturer under dagen och svala kv\u00e4llar. En majsemester kan d\u00e4rf\u00f6r vara mycket trevlig.[\/vc_column_text][\/vc_column][vc_column width=&#8221;4\/12&#8243;][\/vc_column][\/vc_row][\/vc_section][vc_section full_width=&#8221;stretch_row&#8221; content_placement=&#8221;middle&#8221; el_class=&#8221;rondfotodonkergroen rondfoto&#8221;][vc_row gap=&#8221;35&#8243; equal_height=&#8221;yes&#8221; rtl_reverse=&#8221;yes&#8221; content_placement=&#8221;middle&#8221;][vc_column width=&#8221;2\/3&#8243;][vc_column_text el_class=&#8221;introtekst&#8221;]<\/p>\n<h3>Vandring<\/h3>\n<p>Uppt\u00e4ck skogens magi.<\/p>\n<p>En skogspromenad l\u00e4ttar p\u00e5 alla dina sinnen och \u00e4r ett s\u00e4tt att k\u00e4nna dig ett med naturen. Sverige \u00e4r ett land med o\u00e4ndliga och vackra skogar. I Hungeomr\u00e5det kan du fortfarande uppleva riktig tystnad. Inga bilar, utan du h\u00f6r tr\u00e4dens prasslande, f\u00e5glarnas s\u00e5nger och hackspettens hackande. Och vem vet, du kanske ser ett r\u00e5djur, en \u00e4lg eller n\u00e5gon av de m\u00e5nga f\u00e5gelarterna.<\/p>\n<p><strong>Vill du <\/strong><strong>r\u00f6ra<\/strong><strong> p\u00e5 benen och ta en promenad l\u00e4ngs de turkosa vattenfallen? <\/strong>I s\u00e5 fall ska du prova att g\u00e5 l\u00e4ngs Forsaleden som ligger cirka 12 km fr\u00e5n Hus Hotell Hunge och \u00e4r en av de absoluta p\u00e4rlorna i v\u00e5rt omr\u00e5de. \u00c5terstoden av gr\u00e4s fr\u00e5n sommaren, fiske, bad i naturliga pooler med turkost vatten. En 7 km l\u00e5ng skogsstig l\u00e4ngs Forsa\u00e5n, p\u00e5 tr\u00e4broar \u00f6ver delvis stenig terr\u00e4ng. L\u00e4ngs stigen finns ocks\u00e5 vattenfall, b\u00e4ckar och dammar.<\/p>\n<p><strong>St Olavsleden <\/strong>\u00e4r en pilgrimsled som ligger ca 25 km fr\u00e5n Hus Hotell Hunge, och g\u00e5r fr\u00e5n Sel\u00e5nger i Sverige till Trondheim i Norge. Stigen f\u00f6ljer St Olav, som satte sin fot i Sverige efter att ha blivit landsf\u00f6rvisad, och sin v\u00e4g mot att \u00e5terta Norges tron igen.<\/p>\n<p>J\u00e4mtland erbjuder m\u00e5nga vandringsm\u00f6jligheter f\u00f6r b\u00e5de erfarna och nyb\u00f6rjare.<\/p>\n<p>Fr\u00e5n Hus Hotell Hunge finns det flera olika vandringsalternativ.[\/vc_column_text][\/vc_column][vc_column width=&#8221;1\/3&#8243;][vc_single_image image=&#8221;940&#8243; img_size=&#8221;500 x 500&#8243; alignment=&#8221;right&#8221; style=&#8221;vc_box_border_circle&#8221; border_color=&#8221;white&#8221; el_class=&#8221;afbrondrechts&#8221;][\/vc_column][\/vc_row][\/vc_section][vc_row gap=&#8221;35&#8243; equal_height=&#8221;yes&#8221; content_placement=&#8221;middle&#8221;][vc_column width=&#8221;1\/3&#8243;][vc_single_image image=&#8221;968&#8243; img_size=&#8221;500 x 500&#8243; alignment=&#8221;right&#8221; style=&#8221;vc_box_border_circle&#8221; border_color=&#8221;white&#8221; el_class=&#8221;afbrond&#8221;][\/vc_column][vc_column width=&#8221;2\/3&#8243;][vc_column_text el_class=&#8221;introtekst&#8221;]<\/p>\n<h3>Fiske, vad mer kan man \u00f6nska sig&#8230;<\/h3>\n<p>Vad kan vara b\u00e4ttre \u00e4n att grilla egenf\u00e5ngad fisk p\u00e5 grillen i slutet av dagen? I Sverige kan denna dr\u00f6m bli verklighet d\u00e5 Hungesj\u00f6n, och m\u00e5nga andra sj\u00f6ar i omr\u00e5det, \u00e4r rika p\u00e5 fisk. Du kan f\u00e5nga \u00f6ring, abborre, m\u00f6rt och g\u00e4dda. Du beh\u00f6ver dock fiskekort och det finns vissa regler f\u00f6r somliga fiskar. Fiskekortet kan du f\u00e5 cirka 100 meter fr\u00e5n Hus Hotell Hunge och via appen iFISKE. Du kan \u00e4ven hyra en b\u00e5t eller fiskekajak 4 km fr\u00e5n Hus Hotell Hunge.[\/vc_column_text][\/vc_column][\/vc_row][vc_section full_width=&#8221;stretch_row&#8221; content_placement=&#8221;middle&#8221; el_class=&#8221;rondfotodonkergroen rondfoto&#8221;][vc_row gap=&#8221;35&#8243; equal_height=&#8221;yes&#8221; rtl_reverse=&#8221;yes&#8221; content_placement=&#8221;middle&#8221;][vc_column width=&#8221;2\/3&#8243;][vc_column_text el_class=&#8221;introtekst&#8221;]<\/p>\n<h3>Kanotpaddling p\u00e5 lugna vatten<\/h3>\n<p>Bli ett med naturen p\u00e5 vattnet. Paddla p\u00e5 lugna vatten l\u00e4ngs med stranden och f\u00f6rs\u00f6k att uppt\u00e4cka djuren. Sj\u00e4lvklart tar du med dig dina fikagrejer och vilar vid n\u00e5got vindskydd d\u00e4r det ocks\u00e5 finns grillplats. Hungesj\u00f6n st\u00e5r i f\u00f6rbindelse med de tv\u00e5 sj\u00f6arna Brehungen och Str\u00e5ngen som ligger l\u00e4ngre nedstr\u00f6ms. Hungesj\u00f6n \u00e4r cirka 10 kilometer l\u00e5ng, med flera mindre \u00f6ar som man kan pausa p\u00e5. Kanoter g\u00e5r att hyra i V\u00e5le, 4 km fr\u00e5n Hus Hotell Hunge. Om du har en egen kanot f\u00e5r du g\u00e4rna ta med den och njuta av de m\u00e5nga sj\u00f6arna.<\/p>\n<p>[\/vc_column_text][\/vc_column][vc_column width=&#8221;1\/3&#8243;][vc_single_image image=&#8221;1196&#8243; img_size=&#8221;500 x 500&#8243; alignment=&#8221;right&#8221; style=&#8221;vc_box_border_circle&#8221; border_color=&#8221;white&#8221; el_class=&#8221;afbrondrechts&#8221;][\/vc_column][\/vc_row][\/vc_section][vc_section full_width=&#8221;stretch_row&#8221; content_placement=&#8221;middle&#8221; el_class=&#8221;rondfotolichtgroen rondfoto&#8221;][vc_row gap=&#8221;35&#8243; equal_height=&#8221;yes&#8221; content_placement=&#8221;middle&#8221;][vc_column width=&#8221;1\/3&#8243;][vc_single_image image=&#8221;152&#8243; img_size=&#8221;500 x 500&#8243; alignment=&#8221;right&#8221; style=&#8221;vc_box_border_circle&#8221; border_color=&#8221;white&#8221; el_class=&#8221;afbrond&#8221;][\/vc_column][vc_column width=&#8221;2\/3&#8243;][vc_column_text el_class=&#8221;introtekst&#8221;]<\/p>\n<h3>Ta ett uppfriskande dopp i sj\u00f6n.<\/h3>\n<p>Om du gillar utmaningar kan du ta ett dopp i sj\u00f6n p\u00e5 v\u00e5ren. D\u00e5 \u00e4r vattnet fortfarande riktigt kallt. Fr\u00e5n Hus Hotell Hunge kan du g\u00e5 i badrock till Hungesj\u00f6n d\u00e4r du kan vada ner i det grunda vattnet och ta ditt dyk. Vattnet \u00e4r s\u00e5 klart att du kan se fiskarna simma. Det \u00e4r verkligen en speciell upplevelse. Vem vet, du kanske fattar tycke f\u00f6r det och g\u00f6r det till din dagliga morgonrutin.[\/vc_column_text][\/vc_column][\/vc_row][\/vc_section][vc_section full_width=&#8221;stretch_row&#8221; content_placement=&#8221;middle&#8221; el_class=&#8221;rondfotodonkergroen rondfoto&#8221;][vc_row gap=&#8221;35&#8243; equal_height=&#8221;yes&#8221; rtl_reverse=&#8221;yes&#8221; content_placement=&#8221;middle&#8221;][vc_column width=&#8221;2\/3&#8243;][vc_column_text el_class=&#8221;introtekst&#8221;]<\/p>\n<h3>Utforska omgivningarna p\u00e5 cykel<\/h3>\n<p>Det finns inga cyklar att hyra i n\u00e4rheten av Hus Hotell Hunge, s\u00e5 ta med egen cykel eller mountainbike. Cykling i J\u00e4mtland ger dig m\u00f6jlighet att utforska de karga kullarna och landskapet. Du kan ocks\u00e5 cykla l\u00e4ngs sj\u00f6arna eller genom skogarna. Och gl\u00f6m inte st\u00e4derna, som ocks\u00e5 g\u00e5r att uppleva med cykel.[\/vc_column_text][\/vc_column][vc_column width=&#8221;1\/3&#8243;][vc_single_image image=&#8221;1201&#8243; img_size=&#8221;500 x 500&#8243; alignment=&#8221;right&#8221; style=&#8221;vc_box_border_circle&#8221; border_color=&#8221;white&#8221; el_class=&#8221;afbrondrechts&#8221;][\/vc_column][\/vc_row][\/vc_section][vc_section full_width=&#8221;stretch_row&#8221; content_placement=&#8221;middle&#8221; el_class=&#8221;rondfotolichtergroen rondfoto&#8221;][vc_row gap=&#8221;35&#8243; equal_height=&#8221;yes&#8221; content_placement=&#8221;middle&#8221;][vc_column width=&#8221;1\/3&#8243;][vc_single_image image=&#8221;709&#8243; img_size=&#8221;500 x 500&#8243; alignment=&#8221;right&#8221; style=&#8221;vc_box_border_circle&#8221; border_color=&#8221;white&#8221; el_class=&#8221;afbrond&#8221;][\/vc_column][vc_column width=&#8221;2\/3&#8243;][vc_column_text el_class=&#8221;introtekst&#8221;]<\/p>\n<h3>Djurspaning p\u00e5 v\u00e5ren.<\/h3>\n<p>Att se djur p\u00e5 v\u00e5ren \u00e4r extra speciellt eftersom de ofta har sina ungar med sig. Men man m\u00e5ste ocks\u00e5 se upp, f\u00f6r mammorna \u00e4r extra vaksamma! Det \u00e4r en vacker upplevelse att f\u00e5 se en ung \u00e4lg, s\u00e5 ha alltid kameran till hands! \u00c4lgar, r\u00e4var, ekorrar, lodjur, renar och m\u00e5nga f\u00e5gelarter kan uppt\u00e4ckas precis n\u00e4rsomhelst.[\/vc_column_text][\/vc_column][\/vc_row][\/vc_section]<\/p>\n<\/div>","protected":false},"excerpt":{"rendered":"<p>[vc_section full_width=&#8221;stretch_row&#8221; content_placement=&#8221;middle&#8221; css=&#8221;.vc_custom_1648671273315{background-image: url(https:\/\/hushotellhunge.com\/wp-content\/uploads\/2022\/03\/HusHotellHunge-ronde-foto-website-4-1000&#215;1000-piksels-kamers-2.jpg?id=941) !important;background-position: center !important;background-repeat: no-repeat !important;background-size: cover !important;}&#8221; el_class=&#8221;topfoto bodem&#8221;][vc_row][vc_column width=&#8221;1\/12&#8243;][\/vc_column][vc_column el_class=&#8221;titelbloktrans&#8221; offset=&#8221;vc_col-lg-7 vc_col-md-7 vc_col-xs-12&#8243; css=&#8221;.vc_custom_1642686762497{margin-bottom: 20px !important;}&#8221;][vc_column_text] V\u00e5ren: Omge dig utav naturens fr\u00e4scha dofter. [\/vc_column_text][vc_column_text el_class=&#8221;introtekst&#8221;]N\u00e4r sn\u00f6n precis har sm\u00e4lt och marken b\u00f6rjar tina upp kan du njuta utav l\u00e5nga kv\u00e4llar med ljud av olika f\u00e5glars s\u00e5ng och den underbara [&hellip;]<\/p>\n","protected":false},"author":1,"featured_media":0,"parent":2044,"menu_order":0,"comment_status":"closed","ping_status":"closed","template":"","meta":{"_acf_changed":false,"footnotes":""},"class_list":["post-2092","page","type-page","status-publish","hentry"],"acf":[],"yoast_head":"<!-- This site is optimized with the Yoast SEO plugin v27.0 - https:\/\/yoast.com\/product\/yoast-seo-wordpress\/ -->\n<title>V\u00e4ren - Hus Hotell Hunge<\/title>\n<meta name=\"robots\" content=\"index, follow, max-snippet:-1, max-image-preview:large, max-video-preview:-1\" \/>\n<link rel=\"canonical\" href=\"https:\/\/hushotellhunge.com\/sv\/verksamheter\/varen\/\" \/>\n<meta property=\"og:locale\" content=\"sv_SE\" \/>\n<meta property=\"og:type\" content=\"article\" \/>\n<meta property=\"og:title\" content=\"V\u00e4ren - Hus Hotell Hunge\" \/>\n<meta property=\"og:description\" content=\"[vc_section full_width=&#8221;stretch_row&#8221; content_placement=&#8221;middle&#8221; css=&#8221;.vc_custom_1648671273315{background-image: url(https:\/\/hushotellhunge.com\/wp-content\/uploads\/2022\/03\/HusHotellHunge-ronde-foto-website-4-1000&#215;1000-piksels-kamers-2.jpg?id=941) !important;background-position: center !important;background-repeat: no-repeat !important;background-size: cover !important;}&#8221; el_class=&#8221;topfoto bodem&#8221;][vc_row][vc_column width=&#8221;1\/12&#8243;][\/vc_column][vc_column el_class=&#8221;titelbloktrans&#8221; offset=&#8221;vc_col-lg-7 vc_col-md-7 vc_col-xs-12&#8243; css=&#8221;.vc_custom_1642686762497{margin-bottom: 20px !important;}&#8221;][vc_column_text] V\u00e5ren: Omge dig utav naturens fr\u00e4scha dofter. [\/vc_column_text][vc_column_text el_class=&#8221;introtekst&#8221;]N\u00e4r sn\u00f6n precis har sm\u00e4lt och marken b\u00f6rjar tina upp kan du njuta utav l\u00e5nga kv\u00e4llar med ljud av olika f\u00e5glars s\u00e5ng och den underbara [&hellip;]\" \/>\n<meta property=\"og:url\" content=\"https:\/\/hushotellhunge.com\/sv\/verksamheter\/varen\/\" \/>\n<meta property=\"og:site_name\" content=\"Hus Hotell Hunge\" \/>\n<meta property=\"article:modified_time\" content=\"2022-05-20T13:54:53+00:00\" \/>\n<meta name=\"twitter:card\" content=\"summary_large_image\" \/>\n<meta name=\"twitter:label1\" content=\"Ber\u00e4knad l\u00e4stid\" \/>\n\t<meta name=\"twitter:data1\" content=\"4 minuter\" \/>\n<script type=\"application\/ld+json\" class=\"yoast-schema-graph\">{\"@context\":\"https:\/\/schema.org\",\"@graph\":[{\"@type\":\"WebPage\",\"@id\":\"https:\/\/hushotellhunge.com\/sv\/verksamheter\/varen\/\",\"url\":\"https:\/\/hushotellhunge.com\/sv\/verksamheter\/varen\/\",\"name\":\"V\u00e4ren - Hus Hotell Hunge\",\"isPartOf\":{\"@id\":\"https:\/\/hushotellhunge.com\/sv\/#website\"},\"datePublished\":\"2022-03-12T11:14:05+00:00\",\"dateModified\":\"2022-05-20T13:54:53+00:00\",\"breadcrumb\":{\"@id\":\"https:\/\/hushotellhunge.com\/sv\/verksamheter\/varen\/#breadcrumb\"},\"inLanguage\":\"sv-SE\",\"potentialAction\":[{\"@type\":\"ReadAction\",\"target\":[\"https:\/\/hushotellhunge.com\/sv\/verksamheter\/varen\/\"]}]},{\"@type\":\"BreadcrumbList\",\"@id\":\"https:\/\/hushotellhunge.com\/sv\/verksamheter\/varen\/#breadcrumb\",\"itemListElement\":[{\"@type\":\"ListItem\",\"position\":1,\"name\":\"Home\",\"item\":\"https:\/\/hushotellhunge.com\/sv\/\"},{\"@type\":\"ListItem\",\"position\":2,\"name\":\"Verksamheter\",\"item\":\"https:\/\/hushotellhunge.com\/sv\/verksamheter\/\"},{\"@type\":\"ListItem\",\"position\":3,\"name\":\"V\u00e4ren\"}]},{\"@type\":\"WebSite\",\"@id\":\"https:\/\/hushotellhunge.com\/sv\/#website\",\"url\":\"https:\/\/hushotellhunge.com\/sv\/\",\"name\":\"Hus Hotell Hunge\",\"description\":\"Meet &amp; Adventure\",\"publisher\":{\"@id\":\"https:\/\/hushotellhunge.com\/sv\/#organization\"},\"potentialAction\":[{\"@type\":\"SearchAction\",\"target\":{\"@type\":\"EntryPoint\",\"urlTemplate\":\"https:\/\/hushotellhunge.com\/sv\/?s={search_term_string}\"},\"query-input\":{\"@type\":\"PropertyValueSpecification\",\"valueRequired\":true,\"valueName\":\"search_term_string\"}}],\"inLanguage\":\"sv-SE\"},{\"@type\":\"Organization\",\"@id\":\"https:\/\/hushotellhunge.com\/sv\/#organization\",\"name\":\"Hus Hotell Hunge\",\"url\":\"https:\/\/hushotellhunge.com\/sv\/\",\"logo\":{\"@type\":\"ImageObject\",\"inLanguage\":\"sv-SE\",\"@id\":\"https:\/\/hushotellhunge.com\/sv\/#\/schema\/logo\/image\/\",\"url\":\"https:\/\/hushotellhunge.com\/wp-content\/uploads\/2022\/01\/Hus-Hotell-Hunge-logo-header.png\",\"contentUrl\":\"https:\/\/hushotellhunge.com\/wp-content\/uploads\/2022\/01\/Hus-Hotell-Hunge-logo-header.png\",\"width\":482,\"height\":302,\"caption\":\"Hus Hotell Hunge\"},\"image\":{\"@id\":\"https:\/\/hushotellhunge.com\/sv\/#\/schema\/logo\/image\/\"}}]}<\/script>\n<!-- \/ Yoast SEO plugin. -->","yoast_head_json":{"title":"V\u00e4ren - Hus Hotell Hunge","robots":{"index":"index","follow":"follow","max-snippet":"max-snippet:-1","max-image-preview":"max-image-preview:large","max-video-preview":"max-video-preview:-1"},"canonical":"https:\/\/hushotellhunge.com\/sv\/verksamheter\/varen\/","og_locale":"sv_SE","og_type":"article","og_title":"V\u00e4ren - Hus Hotell Hunge","og_description":"[vc_section full_width=&#8221;stretch_row&#8221; content_placement=&#8221;middle&#8221; css=&#8221;.vc_custom_1648671273315{background-image: url(https:\/\/hushotellhunge.com\/wp-content\/uploads\/2022\/03\/HusHotellHunge-ronde-foto-website-4-1000&#215;1000-piksels-kamers-2.jpg?id=941) !important;background-position: center !important;background-repeat: no-repeat !important;background-size: cover !important;}&#8221; el_class=&#8221;topfoto bodem&#8221;][vc_row][vc_column width=&#8221;1\/12&#8243;][\/vc_column][vc_column el_class=&#8221;titelbloktrans&#8221; offset=&#8221;vc_col-lg-7 vc_col-md-7 vc_col-xs-12&#8243; css=&#8221;.vc_custom_1642686762497{margin-bottom: 20px !important;}&#8221;][vc_column_text] V\u00e5ren: Omge dig utav naturens fr\u00e4scha dofter. [\/vc_column_text][vc_column_text el_class=&#8221;introtekst&#8221;]N\u00e4r sn\u00f6n precis har sm\u00e4lt och marken b\u00f6rjar tina upp kan du njuta utav l\u00e5nga kv\u00e4llar med ljud av olika f\u00e5glars s\u00e5ng och den underbara [&hellip;]","og_url":"https:\/\/hushotellhunge.com\/sv\/verksamheter\/varen\/","og_site_name":"Hus Hotell Hunge","article_modified_time":"2022-05-20T13:54:53+00:00","twitter_card":"summary_large_image","twitter_misc":{"Ber\u00e4knad l\u00e4stid":"4 minuter"},"schema":{"@context":"https:\/\/schema.org","@graph":[{"@type":"WebPage","@id":"https:\/\/hushotellhunge.com\/sv\/verksamheter\/varen\/","url":"https:\/\/hushotellhunge.com\/sv\/verksamheter\/varen\/","name":"V\u00e4ren - Hus Hotell Hunge","isPartOf":{"@id":"https:\/\/hushotellhunge.com\/sv\/#website"},"datePublished":"2022-03-12T11:14:05+00:00","dateModified":"2022-05-20T13:54:53+00:00","breadcrumb":{"@id":"https:\/\/hushotellhunge.com\/sv\/verksamheter\/varen\/#breadcrumb"},"inLanguage":"sv-SE","potentialAction":[{"@type":"ReadAction","target":["https:\/\/hushotellhunge.com\/sv\/verksamheter\/varen\/"]}]},{"@type":"BreadcrumbList","@id":"https:\/\/hushotellhunge.com\/sv\/verksamheter\/varen\/#breadcrumb","itemListElement":[{"@type":"ListItem","position":1,"name":"Home","item":"https:\/\/hushotellhunge.com\/sv\/"},{"@type":"ListItem","position":2,"name":"Verksamheter","item":"https:\/\/hushotellhunge.com\/sv\/verksamheter\/"},{"@type":"ListItem","position":3,"name":"V\u00e4ren"}]},{"@type":"WebSite","@id":"https:\/\/hushotellhunge.com\/sv\/#website","url":"https:\/\/hushotellhunge.com\/sv\/","name":"Hus Hotell Hunge","description":"Meet &amp; Adventure","publisher":{"@id":"https:\/\/hushotellhunge.com\/sv\/#organization"},"potentialAction":[{"@type":"SearchAction","target":{"@type":"EntryPoint","urlTemplate":"https:\/\/hushotellhunge.com\/sv\/?s={search_term_string}"},"query-input":{"@type":"PropertyValueSpecification","valueRequired":true,"valueName":"search_term_string"}}],"inLanguage":"sv-SE"},{"@type":"Organization","@id":"https:\/\/hushotellhunge.com\/sv\/#organization","name":"Hus Hotell Hunge","url":"https:\/\/hushotellhunge.com\/sv\/","logo":{"@type":"ImageObject","inLanguage":"sv-SE","@id":"https:\/\/hushotellhunge.com\/sv\/#\/schema\/logo\/image\/","url":"https:\/\/hushotellhunge.com\/wp-content\/uploads\/2022\/01\/Hus-Hotell-Hunge-logo-header.png","contentUrl":"https:\/\/hushotellhunge.com\/wp-content\/uploads\/2022\/01\/Hus-Hotell-Hunge-logo-header.png","width":482,"height":302,"caption":"Hus Hotell Hunge"},"image":{"@id":"https:\/\/hushotellhunge.com\/sv\/#\/schema\/logo\/image\/"}}]}},"_links":{"self":[{"href":"https:\/\/hushotellhunge.com\/sv\/wp-json\/wp\/v2\/pages\/2092","targetHints":{"allow":["GET"]}}],"collection":[{"href":"https:\/\/hushotellhunge.com\/sv\/wp-json\/wp\/v2\/pages"}],"about":[{"href":"https:\/\/hushotellhunge.com\/sv\/wp-json\/wp\/v2\/types\/page"}],"author":[{"embeddable":true,"href":"https:\/\/hushotellhunge.com\/sv\/wp-json\/wp\/v2\/users\/1"}],"replies":[{"embeddable":true,"href":"https:\/\/hushotellhunge.com\/sv\/wp-json\/wp\/v2\/comments?post=2092"}],"version-history":[{"count":6,"href":"https:\/\/hushotellhunge.com\/sv\/wp-json\/wp\/v2\/pages\/2092\/revisions"}],"predecessor-version":[{"id":2098,"href":"https:\/\/hushotellhunge.com\/sv\/wp-json\/wp\/v2\/pages\/2092\/revisions\/2098"}],"up":[{"embeddable":true,"href":"https:\/\/hushotellhunge.com\/sv\/wp-json\/wp\/v2\/pages\/2044"}],"wp:attachment":[{"href":"https:\/\/hushotellhunge.com\/sv\/wp-json\/wp\/v2\/media?parent=2092"}],"curies":[{"name":"wp","href":"https:\/\/api.w.org\/{rel}","templated":true}]}}