{"id":2099,"date":"2022-01-20T14:28:38","date_gmt":"2022-01-20T13:28:38","guid":{"rendered":"https:\/\/hushotellhunge.com\/verksamheter\/winter\/"},"modified":"2023-02-05T08:58:13","modified_gmt":"2023-02-05T07:58:13","slug":"vinter","status":"publish","type":"page","link":"https:\/\/hushotellhunge.com\/sv\/verksamheter\/vinter\/","title":{"rendered":"Vinter"},"content":{"rendered":"<div class=\"wpb-content-wrapper\"><p>[vc_section full_width=&#8221;stretch_row&#8221; content_placement=&#8221;middle&#8221; css=&#8221;.vc_custom_1643032160694{background-image: url(https:\/\/hushotellhunge.com\/wp-content\/uploads\/2022\/01\/winteractiviteiten-zweden.jpg?id=299) !important;background-position: center !important;background-repeat: no-repeat !important;background-size: cover !important;}&#8221; el_class=&#8221;topfoto bodem&#8221;][vc_row][vc_column el_class=&#8221;titelbloktrans&#8221; offset=&#8221;vc_col-lg-7 vc_col-md-7 vc_col-xs-12&#8243; css=&#8221;.vc_custom_1642686762497{margin-bottom: 20px !important;}&#8221;][vc_column_text]<\/p>\n<h1>Vinterupplevelser i Hunge<\/h1>\n<h3>Allt-i-ett-paket<\/h3>\n<p>[\/vc_column_text][vc_column_text el_class=&#8221;introtekst&#8221;]Fr\u00e5n m\u00e5ndagen den 12 december 2022 till l\u00f6rdagen den 25 mars 2023 erbjuder vi dig en 6-dagars Hunge Vinterupplevelse. Njut av ett allt-inkluderat-\u00e4ventyr med sn\u00f6skotertur, hundspann med huskys, isfiske, kv\u00e4llsvandring med ficklampa, utomhusm\u00e5ltider och fika. Vid hemkomsten kan ni koppla av och s\u00e4tta er vid det stora bordet och njuta av en gemensam m\u00e5ltid. Vem vet, ni kanske till och med ser det magiska norrskenet. P\u00e5 din lediga dag kan du ocks\u00e5 njuta av l\u00e4ngdskid\u00e5kning om du vill. Vi h\u00e5ller p\u00e5 att s\u00e4tta ihop ett allt-i-ett-paket. Om du \u00e4r intresserad kan du kontakta oss via e-post eller telefon f\u00f6r att diskutera m\u00f6jligheterna.[\/vc_column_text][\/vc_column][vc_column width=&#8221;4\/12&#8243;][vc_btn title=&#8221;vinter sista minuten erbjudande&#8221; link=&#8221;url:https%3A%2F%2Fhushotellhunge.com%2Fsv%2Fverksamheter%2Fhunge-winter-experience%2F|title:Hunge%20Winter%20Experience&#8221;][\/vc_column][\/vc_row][\/vc_section][vc_section full_width=&#8221;stretch_row&#8221; content_placement=&#8221;middle&#8221; el_class=&#8221;rondfotodonkergroen rondfoto&#8221;][vc_row gap=&#8221;35&#8243; equal_height=&#8221;yes&#8221; rtl_reverse=&#8221;yes&#8221; content_placement=&#8221;middle&#8221;][vc_column width=&#8221;2\/3&#8243;][vc_column_text el_class=&#8221;introtekst&#8221;]<\/p>\n<h3>Isfiske<\/h3>\n<p>Isfiske kallas ocks\u00e5 f\u00f6r vinterfiske. Efter en promenad \u00f6ver sj\u00f6n eller med sn\u00f6skotertaxi borrar du h\u00e5l i isen och anv\u00e4nder ett enkelt kort sp\u00f6 f\u00f6r att fiska. Har du aldrig gjort det f\u00f6rut? Eller gillar du inte fiske i allm\u00e4nhet? Observera d\u00e5 att isfiske \u00e4r n\u00e5got helt annat. Det \u00e4r roligt, sp\u00e4nnande och att tillaga din egenf\u00e5ngade fisk p\u00e5 en \u00f6ppen eld skapar ren gl\u00e4dje. En upplevelse som du aldrig kommer att gl\u00f6mma.[\/vc_column_text][\/vc_column][vc_column width=&#8221;1\/3&#8243;][vc_single_image image=&#8221;787&#8243; img_size=&#8221;500 x 500&#8243; alignment=&#8221;right&#8221; style=&#8221;vc_box_border_circle&#8221; border_color=&#8221;white&#8221; el_class=&#8221;afbrondrechts&#8221;][\/vc_column][\/vc_row][\/vc_section][vc_section full_width=&#8221;stretch_row&#8221; content_placement=&#8221;middle&#8221; el_class=&#8221;rondfotolichtgroen rondfoto&#8221;][vc_row gap=&#8221;35&#8243; equal_height=&#8221;yes&#8221; content_placement=&#8221;middle&#8221;][vc_column width=&#8221;1\/3&#8243;][vc_single_image image=&#8221;805&#8243; img_size=&#8221;500 x 500&#8243; alignment=&#8221;right&#8221; style=&#8221;vc_box_border_circle&#8221; border_color=&#8221;white&#8221; el_class=&#8221;afbrond&#8221;][\/vc_column][vc_column width=&#8221;2\/3&#8243;][vc_column_text el_class=&#8221;introtekst&#8221;]<\/p>\n<h3>Sn\u00f6skoterresa<\/h3>\n<p>Innan du s\u00e4tter dig p\u00e5 skotern f\u00e5r du en kort genomg\u00e5ng. Den stora frusna sj\u00f6n \u00e4r den perfekta utg\u00e5ngspunkten f\u00f6r en of\u00f6rgl\u00f6mlig skotertur. P\u00e5 egen hand eller som par kan ni \u00e5ka runt p\u00e5 den magiska vita sj\u00f6n och genom de sagolika skogarna. En fantastisk upplevelse f\u00f6r alla som kan sitta i cirka tv\u00e5 timmar, med en paus d\u00e4remellan, och som kan r\u00f6ra sig tillsammans med f\u00f6raren. S\u00e5 \u00e4ven \u00e4ldre vuxna kan njuta av detta fantastiska \u00e4ventyr. Om du f\u00f6redrar att k\u00f6ra sn\u00f6skoter sj\u00e4lv beh\u00f6ver du ett B-k\u00f6rkort om du tagit ditt B-k\u00f6rkortet innan \u00e5r 2000, och ett speciellt sn\u00f6skoterk\u00f6rkort om du tagit ditt B-k\u00f6rkort efter \u00e5r 2000.[\/vc_column_text][\/vc_column][\/vc_row][\/vc_section][vc_section full_width=&#8221;stretch_row&#8221; content_placement=&#8221;middle&#8221; el_class=&#8221;rondfotodonkergroen rondfoto&#8221;][vc_row gap=&#8221;35&#8243; equal_height=&#8221;yes&#8221; rtl_reverse=&#8221;yes&#8221; content_placement=&#8221;middle&#8221;][vc_column width=&#8221;2\/3&#8243;][vc_column_text el_class=&#8221;introtekst&#8221;]<\/p>\n<h3>Huskysl\u00e4dtur<\/h3>\n<p>Du kommer att m\u00f6tas av sk\u00e4llande, n\u00e4stan ylande huskies. De \u00e4r mycket glada och vill g\u00e5 ut tillsammans med dig och din guide. Du njuter av utflykten n\u00e4r du tyst sitter och betraktar de vackraste omgivningarna. Ta en pratstund med din guide! Han kan ber\u00e4tta allt om huskies och omgivningen. Naturligtvis h\u00f6r en fika ocks\u00e5 till upplevelsen. Du kan v\u00e4rma dig med en varm dryck och grillade korvar medan hundarna tar en paus i sn\u00f6n. Och naturligtvis f\u00e5r du inte gl\u00f6mma att gosa med dem. S\u00e5 fort de inser att resan kommer att forts\u00e4tta blir de rastl\u00f6sa och v\u00e4ntl\u00f6sa p\u00e5 att f\u00e5 \u00e5ka. Detta \u00e4r \u00e4nnu en aktivitet f\u00f6r alla \u00e5ldrar som aldrig kommer att gl\u00f6mmas.[\/vc_column_text][\/vc_column][vc_column width=&#8221;1\/3&#8243;][vc_single_image image=&#8221;801&#8243; img_size=&#8221;500 x 500&#8243; alignment=&#8221;right&#8221; style=&#8221;vc_box_border_circle&#8221; border_color=&#8221;white&#8221; el_class=&#8221;afbrondrechts&#8221;][\/vc_column][\/vc_row][\/vc_section][vc_section full_width=&#8221;stretch_row&#8221; content_placement=&#8221;middle&#8221; el_class=&#8221;rondfotolichtgroen rondfoto&#8221;][vc_row gap=&#8221;35&#8243; equal_height=&#8221;yes&#8221; content_placement=&#8221;middle&#8221;][vc_column width=&#8221;1\/3&#8243;][vc_single_image image=&#8221;811&#8243; img_size=&#8221;500 x 500&#8243; alignment=&#8221;right&#8221; style=&#8221;vc_box_border_circle&#8221; border_color=&#8221;white&#8221; el_class=&#8221;afbrond&#8221;][\/vc_column][vc_column width=&#8221;2\/3&#8243;][vc_column_text el_class=&#8221;introtekst&#8221;]<\/p>\n<h3>L\u00e4ngdskid\u00e5kning<\/h3>\n<p>Mellan alla sp\u00e4nnande aktiviteter kan du ta en vilodag eller&#8230; ta chansen att \u00e5ka l\u00e4ngdskidor. Om du har din egen utrustning med dig kan du naturligtvis \u00e5ka l\u00e4ngdskidor n\u00e4r du vill. Vi kan ocks\u00e5 ordna med uthyrning av skidor \u00e5t dig. Hyra av l\u00e4ngdskidor ing\u00e5r inte i allt-i-ett-paketet, priser finns p\u00e5 beg\u00e4ran. Fr\u00e5n Hus Hotell Hunge kan du b\u00f6rja direkt med en cirka 5 kilometer l\u00e5ng tur som tar dig \u00f6ver sj\u00f6n, genom skogen och till byn Hunge. En vacker tur! Och om du \u00e4r nyb\u00f6rjare kan du f\u00f6rst\u00e5s alltid best\u00e4mma dig f\u00f6r att v\u00e4nda om och ta samma v\u00e4g tillbaka.[\/vc_column_text][\/vc_column][\/vc_row][\/vc_section][vc_section full_width=&#8221;stretch_row&#8221; content_placement=&#8221;middle&#8221; el_class=&#8221;rondfotodonkergroen rondfoto&#8221;][vc_row gap=&#8221;35&#8243; equal_height=&#8221;yes&#8221; rtl_reverse=&#8221;yes&#8221; content_placement=&#8221;middle&#8221;][vc_column width=&#8221;2\/3&#8243;][vc_column_text el_class=&#8221;introtekst&#8221;]<\/p>\n<h3>Bevittna det bl\u00e4ndande norrskenet<\/h3>\n<p>Norrskenet \u00e4r ett av de mest otroliga naturfenomenen i v\u00e4rlden, och norra Sverige \u00e4r en av de b\u00e4sta platserna f\u00f6r att bevittna detta ikoniska naturfenomen. Streck av gr\u00f6nt, r\u00f6tt och lila dansar \u00f6ver natthimlen och skapar ett hisnande sk\u00e5despel som \u00e4r b\u00e5de kusligt och f\u00f6rtrollande vackert. Med lite tur kan du sj\u00e4lv bevittna detta och minnas ljusen och din upplevelse av dem f\u00f6r alltid![\/vc_column_text][\/vc_column][vc_column width=&#8221;1\/3&#8243;][vc_single_image image=&#8221;816&#8243; img_size=&#8221;500 x 500&#8243; alignment=&#8221;right&#8221; style=&#8221;vc_box_border_circle&#8221; border_color=&#8221;white&#8221; el_class=&#8221;afbrondrechts&#8221;][\/vc_column][\/vc_row][\/vc_section][vc_section full_width=&#8221;stretch_row&#8221; content_placement=&#8221;middle&#8221; el_class=&#8221;rondfotolichtgroen rondfoto&#8221;][vc_row gap=&#8221;35&#8243; equal_height=&#8221;yes&#8221; content_placement=&#8221;middle&#8221;][vc_column width=&#8221;1\/3&#8243;][vc_single_image image=&#8221;1244&#8243; img_size=&#8221;500 x 500&#8243; alignment=&#8221;right&#8221; style=&#8221;vc_box_border_circle&#8221; border_color=&#8221;white&#8221; el_class=&#8221;afbrond&#8221;][\/vc_column][vc_column width=&#8221;2\/3&#8243;][vc_column_text el_class=&#8221;introtekst&#8221;]<\/p>\n<h3>Kv\u00e4llsvandra med ficklampa<\/h3>\n<p>G\u00e5 ut tillsammans innan ni g\u00e5r till s\u00e4ngs. G\u00e5 \u00f6ver sj\u00f6n med en ficklampa och g\u00e5 genom skogen. En vacker och speciell upplevelse, s\u00e5 mysigt som det bara g\u00e5r. Observera att ni kan beh\u00f6va speciella sn\u00f6skor.[\/vc_column_text][\/vc_column][\/vc_row][\/vc_section][vc_row][vc_column][vc_column_text]<\/p>\n<p>&nbsp;<\/p>\n<p>&nbsp;<\/p>\n<p>[\/vc_column_text][\/vc_column][\/vc_row][vc_row][vc_column]\n<div class=\"wpcf7 no-js\" id=\"wpcf7-f2383-o1\" lang=\"sv-SE\" dir=\"ltr\" data-wpcf7-id=\"2383\">\n<div class=\"screen-reader-response\"><p role=\"status\" aria-live=\"polite\" aria-atomic=\"true\"><\/p> <ul><\/ul><\/div>\n<form action=\"\/sv\/wp-json\/wp\/v2\/pages\/2099#wpcf7-f2383-o1\" method=\"post\" class=\"wpcf7-form init\" aria-label=\"Kontaktformul\u00e4r\" novalidate=\"novalidate\" data-status=\"init\">\n<fieldset class=\"hidden-fields-container\"><input type=\"hidden\" name=\"_wpcf7\" value=\"2383\" \/><input type=\"hidden\" name=\"_wpcf7_version\" value=\"6.1.5\" \/><input type=\"hidden\" name=\"_wpcf7_locale\" value=\"sv_SE\" \/><input type=\"hidden\" name=\"_wpcf7_unit_tag\" value=\"wpcf7-f2383-o1\" \/><input type=\"hidden\" name=\"_wpcf7_container_post\" value=\"0\" \/><input type=\"hidden\" name=\"_wpcf7_posted_data_hash\" value=\"\" \/><input type=\"hidden\" name=\"_wpcf7_recaptcha_response\" value=\"\" \/>\n<\/fieldset>\n<p><label> Namn:*<br \/>\n<span class=\"wpcf7-form-control-wrap\" data-name=\"your-name\"><input size=\"40\" maxlength=\"400\" class=\"wpcf7-form-control wpcf7-text wpcf7-validates-as-required\" aria-required=\"true\" aria-invalid=\"false\" value=\"\" type=\"text\" name=\"your-name\" \/><\/span> <\/label>\n<\/p>\n<p><label> E-post:*<br \/>\n<span class=\"wpcf7-form-control-wrap\" data-name=\"your-email\"><input size=\"40\" maxlength=\"400\" class=\"wpcf7-form-control wpcf7-email wpcf7-validates-as-required wpcf7-text wpcf7-validates-as-email\" aria-required=\"true\" aria-invalid=\"false\" value=\"\" type=\"email\" name=\"your-email\" \/><\/span> <\/label>\n<\/p>\n<p><label> Telefonnummer:<br \/>\n<span class=\"wpcf7-form-control-wrap\" data-name=\"telefoon\"><input size=\"40\" maxlength=\"400\" class=\"wpcf7-form-control wpcf7-text\" aria-invalid=\"false\" value=\"\" type=\"text\" name=\"telefoon\" \/><\/span> <\/label>\n<\/p>\n<p><label> fr\u00e5ga eller anm\u00e4rkning:<br \/>\n<span class=\"wpcf7-form-control-wrap\" data-name=\"your-message\"><textarea cols=\"40\" rows=\"10\" maxlength=\"2000\" class=\"wpcf7-form-control wpcf7-textarea\" aria-invalid=\"false\" name=\"your-message\"><\/textarea><\/span> <\/label>\n<\/p>\n<p><input class=\"wpcf7-form-control wpcf7-submit has-spinner bd-button\" type=\"submit\" value=\"Att skicka\" \/>\n<\/p><p style=\"display: none !important;\" class=\"akismet-fields-container\" data-prefix=\"_wpcf7_ak_\"><label>&#916;<textarea name=\"_wpcf7_ak_hp_textarea\" cols=\"45\" rows=\"8\" maxlength=\"100\"><\/textarea><\/label><input type=\"hidden\" id=\"ak_js_1\" name=\"_wpcf7_ak_js\" value=\"205\"\/><script>document.getElementById( \"ak_js_1\" ).setAttribute( \"value\", ( new Date() ).getTime() );<\/script><\/p><div class=\"wpcf7-response-output\" aria-hidden=\"true\"><\/div>\n<\/form>\n<\/div>\n[\/vc_column][\/vc_row]<\/p>\n<\/div>","protected":false},"excerpt":{"rendered":"<p>[vc_section full_width=&#8221;stretch_row&#8221; content_placement=&#8221;middle&#8221; css=&#8221;.vc_custom_1643032160694{background-image: url(https:\/\/hushotellhunge.com\/wp-content\/uploads\/2022\/01\/winteractiviteiten-zweden.jpg?id=299) !important;background-position: center !important;background-repeat: no-repeat !important;background-size: cover !important;}&#8221; el_class=&#8221;topfoto bodem&#8221;][vc_row][vc_column el_class=&#8221;titelbloktrans&#8221; offset=&#8221;vc_col-lg-7 vc_col-md-7 vc_col-xs-12&#8243; css=&#8221;.vc_custom_1642686762497{margin-bottom: 20px !important;}&#8221;][vc_column_text] Vinterupplevelser i Hunge Allt-i-ett-paket [\/vc_column_text][vc_column_text el_class=&#8221;introtekst&#8221;]Fr\u00e5n m\u00e5ndagen den 12 december 2022 till l\u00f6rdagen den 25 mars 2023 erbjuder vi dig en 6-dagars Hunge Vinterupplevelse. Njut av ett allt-inkluderat-\u00e4ventyr med sn\u00f6skotertur, hundspann med huskys, isfiske, [&hellip;]<\/p>\n","protected":false},"author":2,"featured_media":0,"parent":2044,"menu_order":0,"comment_status":"closed","ping_status":"closed","template":"","meta":{"_acf_changed":false,"footnotes":""},"class_list":["post-2099","page","type-page","status-publish","hentry"],"acf":[],"yoast_head":"<!-- This site is optimized with the Yoast SEO plugin v27.0 - https:\/\/yoast.com\/product\/yoast-seo-wordpress\/ -->\n<title>Vinter - Hus Hotell Hunge<\/title>\n<meta name=\"robots\" content=\"index, follow, max-snippet:-1, max-image-preview:large, max-video-preview:-1\" \/>\n<link rel=\"canonical\" href=\"https:\/\/hushotellhunge.com\/sv\/verksamheter\/vinter\/\" \/>\n<meta property=\"og:locale\" content=\"sv_SE\" \/>\n<meta property=\"og:type\" content=\"article\" \/>\n<meta property=\"og:title\" content=\"Vinter - Hus Hotell Hunge\" \/>\n<meta property=\"og:description\" content=\"[vc_section full_width=&#8221;stretch_row&#8221; content_placement=&#8221;middle&#8221; css=&#8221;.vc_custom_1643032160694{background-image: url(https:\/\/hushotellhunge.com\/wp-content\/uploads\/2022\/01\/winteractiviteiten-zweden.jpg?id=299) !important;background-position: center !important;background-repeat: no-repeat !important;background-size: cover !important;}&#8221; el_class=&#8221;topfoto bodem&#8221;][vc_row][vc_column el_class=&#8221;titelbloktrans&#8221; offset=&#8221;vc_col-lg-7 vc_col-md-7 vc_col-xs-12&#8243; css=&#8221;.vc_custom_1642686762497{margin-bottom: 20px !important;}&#8221;][vc_column_text] Vinterupplevelser i Hunge Allt-i-ett-paket [\/vc_column_text][vc_column_text el_class=&#8221;introtekst&#8221;]Fr\u00e5n m\u00e5ndagen den 12 december 2022 till l\u00f6rdagen den 25 mars 2023 erbjuder vi dig en 6-dagars Hunge Vinterupplevelse. Njut av ett allt-inkluderat-\u00e4ventyr med sn\u00f6skotertur, hundspann med huskys, isfiske, [&hellip;]\" \/>\n<meta property=\"og:url\" content=\"https:\/\/hushotellhunge.com\/sv\/verksamheter\/vinter\/\" \/>\n<meta property=\"og:site_name\" content=\"Hus Hotell Hunge\" \/>\n<meta property=\"article:modified_time\" content=\"2023-02-05T07:58:13+00:00\" \/>\n<meta name=\"twitter:card\" content=\"summary_large_image\" \/>\n<meta name=\"twitter:label1\" content=\"Ber\u00e4knad l\u00e4stid\" \/>\n\t<meta name=\"twitter:data1\" content=\"4 minuter\" \/>\n<script type=\"application\/ld+json\" class=\"yoast-schema-graph\">{\"@context\":\"https:\/\/schema.org\",\"@graph\":[{\"@type\":\"WebPage\",\"@id\":\"https:\/\/hushotellhunge.com\/sv\/verksamheter\/vinter\/\",\"url\":\"https:\/\/hushotellhunge.com\/sv\/verksamheter\/vinter\/\",\"name\":\"Vinter - Hus Hotell Hunge\",\"isPartOf\":{\"@id\":\"https:\/\/hushotellhunge.com\/sv\/#website\"},\"datePublished\":\"2022-01-20T13:28:38+00:00\",\"dateModified\":\"2023-02-05T07:58:13+00:00\",\"breadcrumb\":{\"@id\":\"https:\/\/hushotellhunge.com\/sv\/verksamheter\/vinter\/#breadcrumb\"},\"inLanguage\":\"sv-SE\",\"potentialAction\":[{\"@type\":\"ReadAction\",\"target\":[\"https:\/\/hushotellhunge.com\/sv\/verksamheter\/vinter\/\"]}]},{\"@type\":\"BreadcrumbList\",\"@id\":\"https:\/\/hushotellhunge.com\/sv\/verksamheter\/vinter\/#breadcrumb\",\"itemListElement\":[{\"@type\":\"ListItem\",\"position\":1,\"name\":\"Home\",\"item\":\"https:\/\/hushotellhunge.com\/sv\/\"},{\"@type\":\"ListItem\",\"position\":2,\"name\":\"Verksamheter\",\"item\":\"https:\/\/hushotellhunge.com\/sv\/verksamheter\/\"},{\"@type\":\"ListItem\",\"position\":3,\"name\":\"Vinter\"}]},{\"@type\":\"WebSite\",\"@id\":\"https:\/\/hushotellhunge.com\/sv\/#website\",\"url\":\"https:\/\/hushotellhunge.com\/sv\/\",\"name\":\"Hus Hotell Hunge\",\"description\":\"Meet &amp; Adventure\",\"publisher\":{\"@id\":\"https:\/\/hushotellhunge.com\/sv\/#organization\"},\"potentialAction\":[{\"@type\":\"SearchAction\",\"target\":{\"@type\":\"EntryPoint\",\"urlTemplate\":\"https:\/\/hushotellhunge.com\/sv\/?s={search_term_string}\"},\"query-input\":{\"@type\":\"PropertyValueSpecification\",\"valueRequired\":true,\"valueName\":\"search_term_string\"}}],\"inLanguage\":\"sv-SE\"},{\"@type\":\"Organization\",\"@id\":\"https:\/\/hushotellhunge.com\/sv\/#organization\",\"name\":\"Hus Hotell Hunge\",\"url\":\"https:\/\/hushotellhunge.com\/sv\/\",\"logo\":{\"@type\":\"ImageObject\",\"inLanguage\":\"sv-SE\",\"@id\":\"https:\/\/hushotellhunge.com\/sv\/#\/schema\/logo\/image\/\",\"url\":\"https:\/\/hushotellhunge.com\/wp-content\/uploads\/2022\/01\/Hus-Hotell-Hunge-logo-header.png\",\"contentUrl\":\"https:\/\/hushotellhunge.com\/wp-content\/uploads\/2022\/01\/Hus-Hotell-Hunge-logo-header.png\",\"width\":482,\"height\":302,\"caption\":\"Hus Hotell Hunge\"},\"image\":{\"@id\":\"https:\/\/hushotellhunge.com\/sv\/#\/schema\/logo\/image\/\"}}]}<\/script>\n<!-- \/ Yoast SEO plugin. -->","yoast_head_json":{"title":"Vinter - Hus Hotell Hunge","robots":{"index":"index","follow":"follow","max-snippet":"max-snippet:-1","max-image-preview":"max-image-preview:large","max-video-preview":"max-video-preview:-1"},"canonical":"https:\/\/hushotellhunge.com\/sv\/verksamheter\/vinter\/","og_locale":"sv_SE","og_type":"article","og_title":"Vinter - Hus Hotell Hunge","og_description":"[vc_section full_width=&#8221;stretch_row&#8221; content_placement=&#8221;middle&#8221; css=&#8221;.vc_custom_1643032160694{background-image: url(https:\/\/hushotellhunge.com\/wp-content\/uploads\/2022\/01\/winteractiviteiten-zweden.jpg?id=299) !important;background-position: center !important;background-repeat: no-repeat !important;background-size: cover !important;}&#8221; el_class=&#8221;topfoto bodem&#8221;][vc_row][vc_column el_class=&#8221;titelbloktrans&#8221; offset=&#8221;vc_col-lg-7 vc_col-md-7 vc_col-xs-12&#8243; css=&#8221;.vc_custom_1642686762497{margin-bottom: 20px !important;}&#8221;][vc_column_text] Vinterupplevelser i Hunge Allt-i-ett-paket [\/vc_column_text][vc_column_text el_class=&#8221;introtekst&#8221;]Fr\u00e5n m\u00e5ndagen den 12 december 2022 till l\u00f6rdagen den 25 mars 2023 erbjuder vi dig en 6-dagars Hunge Vinterupplevelse. Njut av ett allt-inkluderat-\u00e4ventyr med sn\u00f6skotertur, hundspann med huskys, isfiske, [&hellip;]","og_url":"https:\/\/hushotellhunge.com\/sv\/verksamheter\/vinter\/","og_site_name":"Hus Hotell Hunge","article_modified_time":"2023-02-05T07:58:13+00:00","twitter_card":"summary_large_image","twitter_misc":{"Ber\u00e4knad l\u00e4stid":"4 minuter"},"schema":{"@context":"https:\/\/schema.org","@graph":[{"@type":"WebPage","@id":"https:\/\/hushotellhunge.com\/sv\/verksamheter\/vinter\/","url":"https:\/\/hushotellhunge.com\/sv\/verksamheter\/vinter\/","name":"Vinter - Hus Hotell Hunge","isPartOf":{"@id":"https:\/\/hushotellhunge.com\/sv\/#website"},"datePublished":"2022-01-20T13:28:38+00:00","dateModified":"2023-02-05T07:58:13+00:00","breadcrumb":{"@id":"https:\/\/hushotellhunge.com\/sv\/verksamheter\/vinter\/#breadcrumb"},"inLanguage":"sv-SE","potentialAction":[{"@type":"ReadAction","target":["https:\/\/hushotellhunge.com\/sv\/verksamheter\/vinter\/"]}]},{"@type":"BreadcrumbList","@id":"https:\/\/hushotellhunge.com\/sv\/verksamheter\/vinter\/#breadcrumb","itemListElement":[{"@type":"ListItem","position":1,"name":"Home","item":"https:\/\/hushotellhunge.com\/sv\/"},{"@type":"ListItem","position":2,"name":"Verksamheter","item":"https:\/\/hushotellhunge.com\/sv\/verksamheter\/"},{"@type":"ListItem","position":3,"name":"Vinter"}]},{"@type":"WebSite","@id":"https:\/\/hushotellhunge.com\/sv\/#website","url":"https:\/\/hushotellhunge.com\/sv\/","name":"Hus Hotell Hunge","description":"Meet &amp; Adventure","publisher":{"@id":"https:\/\/hushotellhunge.com\/sv\/#organization"},"potentialAction":[{"@type":"SearchAction","target":{"@type":"EntryPoint","urlTemplate":"https:\/\/hushotellhunge.com\/sv\/?s={search_term_string}"},"query-input":{"@type":"PropertyValueSpecification","valueRequired":true,"valueName":"search_term_string"}}],"inLanguage":"sv-SE"},{"@type":"Organization","@id":"https:\/\/hushotellhunge.com\/sv\/#organization","name":"Hus Hotell Hunge","url":"https:\/\/hushotellhunge.com\/sv\/","logo":{"@type":"ImageObject","inLanguage":"sv-SE","@id":"https:\/\/hushotellhunge.com\/sv\/#\/schema\/logo\/image\/","url":"https:\/\/hushotellhunge.com\/wp-content\/uploads\/2022\/01\/Hus-Hotell-Hunge-logo-header.png","contentUrl":"https:\/\/hushotellhunge.com\/wp-content\/uploads\/2022\/01\/Hus-Hotell-Hunge-logo-header.png","width":482,"height":302,"caption":"Hus Hotell Hunge"},"image":{"@id":"https:\/\/hushotellhunge.com\/sv\/#\/schema\/logo\/image\/"}}]}},"_links":{"self":[{"href":"https:\/\/hushotellhunge.com\/sv\/wp-json\/wp\/v2\/pages\/2099","targetHints":{"allow":["GET"]}}],"collection":[{"href":"https:\/\/hushotellhunge.com\/sv\/wp-json\/wp\/v2\/pages"}],"about":[{"href":"https:\/\/hushotellhunge.com\/sv\/wp-json\/wp\/v2\/types\/page"}],"author":[{"embeddable":true,"href":"https:\/\/hushotellhunge.com\/sv\/wp-json\/wp\/v2\/users\/2"}],"replies":[{"embeddable":true,"href":"https:\/\/hushotellhunge.com\/sv\/wp-json\/wp\/v2\/comments?post=2099"}],"version-history":[{"count":11,"href":"https:\/\/hushotellhunge.com\/sv\/wp-json\/wp\/v2\/pages\/2099\/revisions"}],"predecessor-version":[{"id":3341,"href":"https:\/\/hushotellhunge.com\/sv\/wp-json\/wp\/v2\/pages\/2099\/revisions\/3341"}],"up":[{"embeddable":true,"href":"https:\/\/hushotellhunge.com\/sv\/wp-json\/wp\/v2\/pages\/2044"}],"wp:attachment":[{"href":"https:\/\/hushotellhunge.com\/sv\/wp-json\/wp\/v2\/media?parent=2099"}],"curies":[{"name":"wp","href":"https:\/\/api.w.org\/{rel}","templated":true}]}}