{"id":2113,"date":"2022-03-12T12:12:17","date_gmt":"2022-03-12T11:12:17","guid":{"rendered":"https:\/\/hushotellhunge.com\/verksamheter\/zomer\/"},"modified":"2025-03-28T15:10:23","modified_gmt":"2025-03-28T14:10:23","slug":"sommar","status":"publish","type":"page","link":"https:\/\/hushotellhunge.com\/sv\/verksamheter\/sommar\/","title":{"rendered":"Sommar"},"content":{"rendered":"<div class=\"wpb-content-wrapper\"><p>[vc_section full_width=&#8221;stretch_row&#8221; content_placement=&#8221;middle&#8221; css=&#8221;.vc_custom_1647709018133{background-image: url(https:\/\/hushotellhunge.com\/wp-content\/uploads\/2022\/01\/lente-hus-hotell-hunge.jpg?id=172) !important;background-position: center !important;background-repeat: no-repeat !important;background-size: cover !important;}&#8221; el_class=&#8221;topfoto bodem&#8221;][vc_row][vc_column width=&#8221;1\/12&#8243; el_class=&#8221;titelbloktrans&#8221; offset=&#8221;vc_col-lg-7 vc_col-md-7 vc_col-xs-12&#8243; css=&#8221;.vc_custom_1642686762497{margin-bottom: 20px !important;}&#8221;][vc_column_text css=&#8221;&#8221;]<\/p>\n<h1 style=\"text-align: left;\">L\u00e5t sommaren komma&#8230;<\/h1>\n<p>Blunda n\u00e4r som helst p\u00e5 dygnet. Lyssna till vindens sus. Andas in och fyll dina lungor och slappna av helt. Borta \u00e4r dina dagliga bekymmer.<\/p>\n<p>Dagarna \u00e4r extra l\u00e5nga. Runt den 25 juni g\u00e5r solen knappt ner. Den enda timme den g\u00f6r det \u00e4r den bara svagt d\u00e4mpad. Temperaturerna \u00e4r h\u00e4rliga s\u00e5 att du kan njuta av naturen, och extra l\u00e5nga.[\/vc_column_text][\/vc_column][vc_column width=&#8221;4\/12&#8243;][vc_btn title=&#8221;Vandringsleder&#8221; css=&#8221;&#8221; link=&#8221;url:https%3A%2F%2Fhushotellhunge.com%2Fsv%2Fverksamheter%2Fsommar%2Fvandring-i-mellersta-sverige-jamtland%2F|title:Reserveren&#8221;][vc_btn title=&#8221;Hunge Sommarpaket&#8221; css=&#8221;&#8221; link=&#8221;url:https%3A%2F%2Fhushotellhunge.com%2Fsv%2Fverksamheter%2Fsommar%2Ferfarenhet-av-hunge-zomer%2F|title:Erfarenhet%20av%20Hunge%20Zomer&#8221;][\/vc_column][\/vc_row][\/vc_section][vc_section full_width=&#8221;stretch_row&#8221; content_placement=&#8221;middle&#8221; el_class=&#8221;rondfotodonkergroen rondfoto&#8221;][vc_row gap=&#8221;35&#8243; equal_height=&#8221;yes&#8221; rtl_reverse=&#8221;yes&#8221; content_placement=&#8221;middle&#8221;][vc_column width=&#8221;2\/3&#8243;][vc_column_text css=&#8221;&#8221; el_class=&#8221;introtekst&#8221;]<\/p>\n<h3>H\u00e4rlig vandring under alla \u00e5rstider!<\/h3>\n<p>Landskapet i J\u00e4mtland H\u00e4rjedalen inbjuder till att uppt\u00e4ckas. Till fots, till exempel, finns det m\u00e5nga m\u00f6jligheter. H\u00e4r hittar du hundratals kilometer markerade <a href=\"https:\/\/hushotellhunge.com\/sv\/verksamheter\/sommar\/vandring-i-mellersta-sverige-jamtland\/\" target=\"_blank\" rel=\"noopener\">vandringsleder<\/a>: fr\u00e5n lugna dagsturer till utmanande vandringar. Vem vet, du kanske f\u00e5r syn p\u00e5<br \/>\nett av de vilda djuren som \u00e4lg, bj\u00f6rn eller ren. Du hittar m\u00e5nga enkla vandringar h\u00e4r, men \u00e4ven f\u00f6r de mer \u00e4ventyrliga vandrarna finns det mycket att vandra p\u00e5 sommaren.[\/vc_column_text][\/vc_column][vc_column width=&#8221;1\/3&#8243;][vc_single_image image=&#8221;824&#8243; img_size=&#8221;500 x 500&#8243; alignment=&#8221;right&#8221; style=&#8221;vc_box_border_circle&#8221; border_color=&#8221;white&#8221; el_class=&#8221;afbrondrechts&#8221;][\/vc_column][\/vc_row][\/vc_section][vc_section full_width=&#8221;stretch_row&#8221; content_placement=&#8221;middle&#8221; el_class=&#8221;rondfotolichtgroen rondfoto&#8221;][vc_row gap=&#8221;35&#8243; equal_height=&#8221;yes&#8221; content_placement=&#8221;middle&#8221;][vc_column width=&#8221;1\/3&#8243;][vc_single_image image=&#8221;913&#8243; img_size=&#8221;500 x 500&#8243; alignment=&#8221;right&#8221; style=&#8221;vc_box_border_circle&#8221; border_color=&#8221;white&#8221; el_class=&#8221;afbrond&#8221;][\/vc_column][vc_column width=&#8221;2\/3&#8243;][vc_column_text css=&#8221;&#8221; el_class=&#8221;introtekst&#8221;]<\/p>\n<h3>Fantastisk fiskedestination<\/h3>\n<p>Vad kan vara b\u00e4ttre \u00e4n att avnjuta en hemf\u00e5ngad fisk p\u00e5 grillen n\u00e4r dagen \u00e4r slut? I Sverige kan du det. Hungesjon, och de m\u00e5nga andra sj\u00f6arna i n\u00e4rheten, \u00e4r rika p\u00e5 fisk. H\u00e4r kan du bland annat f\u00e5nga \u00f6ring, abborre, m\u00f6rt och g\u00e4dda. Du beh\u00f6ver dock fiskekort och f\u00f6r vissa fiskar g\u00e4ller s\u00e4rskilda regler. Uthyrning av b\u00e5tar och fiskeutrustning 4 km bort mer information <em><strong><a href=\"https:\/\/johnjohns.se\/fiskeflytetyg-uthyres\/\" target=\"_blank\" rel=\"noopener\">h\u00e4r<\/a><\/strong><\/em>.[\/vc_column_text][\/vc_column][\/vc_row][\/vc_section][vc_section full_width=&#8221;stretch_row&#8221; content_placement=&#8221;middle&#8221; el_class=&#8221;rondfotodonkergroen rondfoto&#8221;][vc_row gap=&#8221;35&#8243; equal_height=&#8221;yes&#8221; rtl_reverse=&#8221;yes&#8221; content_placement=&#8221;middle&#8221;][vc_column width=&#8221;2\/3&#8243;][vc_column_text css=&#8221;&#8221; el_class=&#8221;introtekst&#8221;]<\/p>\n<h3>Kanotpaddling eller suppen<\/h3>\n<p>J\u00e4mtlands m\u00e5nga vackra och rofyllda sj\u00f6ar inbjuder till kanotpaddling eller supping. Att fridfullt glida fram \u00f6ver det lugna vattnet, omgiven av vidstr\u00e4ckta skogar och imponerande fj\u00e4llandskap, \u00e4r en upplevelse du sent kommer att gl\u00f6mma. Paddla f\u00f6rbi avl\u00e4gsna \u00f6ar och upplev Sveriges or\u00f6rda natur.<\/p>\n<p data-pm-slice=\"1 1 []\">L\u00e4ngs v\u00e4gen kan du stanna till vid en av de m\u00e5nga traditionella grillstugorna, d\u00e4r du kan njuta av en uts\u00f6kt fika &#8211; den svenska traditionen med en kaffepaus med n\u00e5got s\u00f6tt till. Ta dig tid att koppla av, andas in den friska luften och njuta av lokala delikatesser som kanelbullar. Det lugna vattnet \u00e4r perfekt f\u00f6r b\u00e5de nyb\u00f6rjare och erfarna \u00e4ventyrare. Vad mer kan man \u00f6nska sig?<\/p>\n<p data-pm-slice=\"1 1 []\">Sup hyra (2) p\u00e5 Hus Hotell Hunge. Info kanotuthyrning klicka <em><strong><a href=\"https:\/\/www-brackenasta-se.translate.goog\/se--gora\/aventyr\/bat-kanot-och-flotte?_x_tr_sl=sv&amp;_x_tr_tl=en&amp;_x_tr_hl=sv&amp;_x_tr_pto=nui\" target=\"_blank\" rel=\"noopener\">h\u00e4r!<\/a><\/strong><\/em><\/p>\n<p>[\/vc_column_text][\/vc_column][vc_column width=&#8221;1\/3&#8243;][vc_single_image image=&#8221;62&#8243; img_size=&#8221;500 x 500&#8243; alignment=&#8221;right&#8221; style=&#8221;vc_box_border_circle&#8221; border_color=&#8221;white&#8221; el_class=&#8221;afbrondrechts&#8221;][\/vc_column][\/vc_row][\/vc_section][vc_section full_width=&#8221;stretch_row&#8221; content_placement=&#8221;middle&#8221; el_class=&#8221;rondfotolichtgroen rondfoto&#8221;][vc_row gap=&#8221;35&#8243; equal_height=&#8221;yes&#8221; content_placement=&#8221;middle&#8221;][vc_column width=&#8221;1\/3&#8243;][vc_single_image image=&#8221;152&#8243; img_size=&#8221;500 x 500&#8243; alignment=&#8221;right&#8221; style=&#8221;vc_box_border_circle&#8221; border_color=&#8221;white&#8221; el_class=&#8221;afbrond&#8221;][\/vc_column][vc_column width=&#8221;2\/3&#8243;][vc_column_text css=&#8221;&#8221; el_class=&#8221;introtekst&#8221;]<\/p>\n<h3>Simma i kristallklart vatten<\/h3>\n<p>Det klara vattnet och de m\u00e5nga sm\u00e5 str\u00e4nderna inbjuder till ett uppfriskande dopp p\u00e5 sommaren. M\u00e5nga platser har bryggor och m\u00f6jlighet att bokstavligen ta ett dopp. Cirka 200 meter fr\u00e5n Hus Hotell Hunge kan du g\u00e5 ut i sj\u00f6n p\u00e5 grunt vatten och till slut ta ett svalkande dopp.[\/vc_column_text][\/vc_column][\/vc_row][\/vc_section][vc_section full_width=&#8221;stretch_row&#8221; content_placement=&#8221;middle&#8221; el_class=&#8221;rondfotodonkergroen rondfoto&#8221;][vc_row gap=&#8221;35&#8243; equal_height=&#8221;yes&#8221; rtl_reverse=&#8221;yes&#8221; content_placement=&#8221;middle&#8221;][vc_column width=&#8221;2\/3&#8243;][vc_column_text el_class=&#8221;introtekst&#8221;]<\/p>\n<h3>Uppt\u00e4ckt av vilda djur<\/h3>\n<p>Regionen J\u00e4mtland H\u00e4rjedalen \u00e4r ett walhalla f\u00f6r alla typer av vilda djur p\u00e5 sommaren. N\u00e4r du njuter av naturen \u00e4r det roligt och sp\u00e4nnande att vara extra uppm\u00e4rksam och se dig omkring f\u00f6r att se om du kan f\u00e5 syn p\u00e5 en ren, \u00e4lg, lodjur eller till och med en bj\u00f6rn! S\u00e4rskilt tidigt p\u00e5 morgonen och n\u00e4r kv\u00e4llen faller har du chans att f\u00e5 se ett vilt djur. Om det inte g\u00e5r kan du alltid \u00e5ka till Moose Garden d\u00e4r du kan tr\u00e4ffa \u00e4lgar p\u00e5 n\u00e4ra h\u00e5ll.[\/vc_column_text][\/vc_column][vc_column width=&#8221;1\/3&#8243;][vc_single_image image=&#8221;918&#8243; img_size=&#8221;500 x 500&#8243; alignment=&#8221;right&#8221; style=&#8221;vc_box_border_circle&#8221; border_color=&#8221;white&#8221; el_class=&#8221;afbrondrechts&#8221;][\/vc_column][\/vc_row][\/vc_section][vc_section full_width=&#8221;stretch_row&#8221; content_placement=&#8221;middle&#8221; el_class=&#8221;rondfotolichtgroen rondfoto&#8221;][vc_row gap=&#8221;35&#8243; equal_height=&#8221;yes&#8221; content_placement=&#8221;middle&#8221;][vc_column width=&#8221;1\/3&#8243;][vc_single_image image=&#8221;1251&#8243; img_size=&#8221;500 x 500&#8243; alignment=&#8221;right&#8221; style=&#8221;vc_box_border_circle&#8221; border_color=&#8221;white&#8221; el_class=&#8221;afbrond&#8221;][\/vc_column][vc_column width=&#8221;2\/3&#8243;][vc_column_text css=&#8221;&#8221; el_class=&#8221;introtekst&#8221;]<\/p>\n<h3>Utforska omgivningarna med cykel<\/h3>\n<p>Upplev naturen intensivt p\u00e5 en cykel! Omr\u00e5det runt Hunge erbjuder olika m\u00f6jligheter f\u00f6r b\u00e5de rekreations- och sportcyklister. Omr\u00e5det l\u00e4mpar sig ocks\u00e5 f\u00f6r mer v\u00e5gade mountainbikecyklister. Om du har en egen cykel \u00e4r det ocks\u00e5 v\u00e4rt att g\u00f6ra sightseeing p\u00e5 cykel. Uthyrning av elcykel (1 dam och 1 herr) via Hus Hotell Hunge.[\/vc_column_text][\/vc_column][\/vc_row][\/vc_section]<\/p>\n<\/div>","protected":false},"excerpt":{"rendered":"<p>[vc_section full_width=&#8221;stretch_row&#8221; content_placement=&#8221;middle&#8221; css=&#8221;.vc_custom_1647709018133{background-image: url(https:\/\/hushotellhunge.com\/wp-content\/uploads\/2022\/01\/lente-hus-hotell-hunge.jpg?id=172) !important;background-position: center !important;background-repeat: no-repeat !important;background-size: cover !important;}&#8221; el_class=&#8221;topfoto bodem&#8221;][vc_row][vc_column width=&#8221;1\/12&#8243; el_class=&#8221;titelbloktrans&#8221; offset=&#8221;vc_col-lg-7 vc_col-md-7 vc_col-xs-12&#8243; css=&#8221;.vc_custom_1642686762497{margin-bottom: 20px !important;}&#8221;][vc_column_text css=&#8221;&#8221;] L\u00e5t sommaren komma&#8230; Blunda n\u00e4r som helst p\u00e5 dygnet. Lyssna till vindens sus. Andas in och fyll dina lungor och slappna av helt. Borta \u00e4r dina dagliga bekymmer. Dagarna \u00e4r extra l\u00e5nga. [&hellip;]<\/p>\n","protected":false},"author":1,"featured_media":0,"parent":2044,"menu_order":0,"comment_status":"closed","ping_status":"closed","template":"","meta":{"_acf_changed":false,"footnotes":""},"class_list":["post-2113","page","type-page","status-publish","hentry"],"acf":[],"yoast_head":"<!-- This site is optimized with the Yoast SEO plugin v27.0 - https:\/\/yoast.com\/product\/yoast-seo-wordpress\/ -->\n<title>Sommar - Hus Hotell Hunge<\/title>\n<meta name=\"description\" content=\"Blunda n\u00e4r som helst p\u00e5 dygnet. Andas in och fyll dina lungor och varva ner helt p\u00e5 sommaren.\" \/>\n<meta name=\"robots\" content=\"index, follow, max-snippet:-1, max-image-preview:large, max-video-preview:-1\" \/>\n<link rel=\"canonical\" href=\"https:\/\/hushotellhunge.com\/sv\/verksamheter\/sommar\/\" \/>\n<meta property=\"og:locale\" content=\"sv_SE\" \/>\n<meta property=\"og:type\" content=\"article\" \/>\n<meta property=\"og:title\" content=\"Sommar - Hus Hotell Hunge\" \/>\n<meta property=\"og:description\" content=\"Blunda n\u00e4r som helst p\u00e5 dygnet. Andas in och fyll dina lungor och varva ner helt p\u00e5 sommaren.\" \/>\n<meta property=\"og:url\" content=\"https:\/\/hushotellhunge.com\/sv\/verksamheter\/sommar\/\" \/>\n<meta property=\"og:site_name\" content=\"Hus Hotell Hunge\" \/>\n<meta property=\"article:modified_time\" content=\"2025-03-28T14:10:23+00:00\" \/>\n<meta name=\"twitter:card\" content=\"summary_large_image\" \/>\n<meta name=\"twitter:label1\" content=\"Ber\u00e4knad l\u00e4stid\" \/>\n\t<meta name=\"twitter:data1\" content=\"5 minuter\" \/>\n<script type=\"application\/ld+json\" class=\"yoast-schema-graph\">{\"@context\":\"https:\/\/schema.org\",\"@graph\":[{\"@type\":\"WebPage\",\"@id\":\"https:\/\/hushotellhunge.com\/sv\/verksamheter\/sommar\/\",\"url\":\"https:\/\/hushotellhunge.com\/sv\/verksamheter\/sommar\/\",\"name\":\"Sommar - Hus Hotell Hunge\",\"isPartOf\":{\"@id\":\"https:\/\/hushotellhunge.com\/sv\/#website\"},\"datePublished\":\"2022-03-12T11:12:17+00:00\",\"dateModified\":\"2025-03-28T14:10:23+00:00\",\"description\":\"Blunda n\u00e4r som helst p\u00e5 dygnet. Andas in och fyll dina lungor och varva ner helt p\u00e5 sommaren.\",\"breadcrumb\":{\"@id\":\"https:\/\/hushotellhunge.com\/sv\/verksamheter\/sommar\/#breadcrumb\"},\"inLanguage\":\"sv-SE\",\"potentialAction\":[{\"@type\":\"ReadAction\",\"target\":[\"https:\/\/hushotellhunge.com\/sv\/verksamheter\/sommar\/\"]}]},{\"@type\":\"BreadcrumbList\",\"@id\":\"https:\/\/hushotellhunge.com\/sv\/verksamheter\/sommar\/#breadcrumb\",\"itemListElement\":[{\"@type\":\"ListItem\",\"position\":1,\"name\":\"Home\",\"item\":\"https:\/\/hushotellhunge.com\/sv\/\"},{\"@type\":\"ListItem\",\"position\":2,\"name\":\"Verksamheter\",\"item\":\"https:\/\/hushotellhunge.com\/sv\/verksamheter\/\"},{\"@type\":\"ListItem\",\"position\":3,\"name\":\"Sommar\"}]},{\"@type\":\"WebSite\",\"@id\":\"https:\/\/hushotellhunge.com\/sv\/#website\",\"url\":\"https:\/\/hushotellhunge.com\/sv\/\",\"name\":\"Hus Hotell Hunge\",\"description\":\"Meet &amp; Adventure\",\"publisher\":{\"@id\":\"https:\/\/hushotellhunge.com\/sv\/#organization\"},\"potentialAction\":[{\"@type\":\"SearchAction\",\"target\":{\"@type\":\"EntryPoint\",\"urlTemplate\":\"https:\/\/hushotellhunge.com\/sv\/?s={search_term_string}\"},\"query-input\":{\"@type\":\"PropertyValueSpecification\",\"valueRequired\":true,\"valueName\":\"search_term_string\"}}],\"inLanguage\":\"sv-SE\"},{\"@type\":\"Organization\",\"@id\":\"https:\/\/hushotellhunge.com\/sv\/#organization\",\"name\":\"Hus Hotell Hunge\",\"url\":\"https:\/\/hushotellhunge.com\/sv\/\",\"logo\":{\"@type\":\"ImageObject\",\"inLanguage\":\"sv-SE\",\"@id\":\"https:\/\/hushotellhunge.com\/sv\/#\/schema\/logo\/image\/\",\"url\":\"https:\/\/hushotellhunge.com\/wp-content\/uploads\/2022\/01\/Hus-Hotell-Hunge-logo-header.png\",\"contentUrl\":\"https:\/\/hushotellhunge.com\/wp-content\/uploads\/2022\/01\/Hus-Hotell-Hunge-logo-header.png\",\"width\":482,\"height\":302,\"caption\":\"Hus Hotell Hunge\"},\"image\":{\"@id\":\"https:\/\/hushotellhunge.com\/sv\/#\/schema\/logo\/image\/\"}}]}<\/script>\n<!-- \/ Yoast SEO plugin. -->","yoast_head_json":{"title":"Sommar - Hus Hotell Hunge","description":"Blunda n\u00e4r som helst p\u00e5 dygnet. Andas in och fyll dina lungor och varva ner helt p\u00e5 sommaren.","robots":{"index":"index","follow":"follow","max-snippet":"max-snippet:-1","max-image-preview":"max-image-preview:large","max-video-preview":"max-video-preview:-1"},"canonical":"https:\/\/hushotellhunge.com\/sv\/verksamheter\/sommar\/","og_locale":"sv_SE","og_type":"article","og_title":"Sommar - Hus Hotell Hunge","og_description":"Blunda n\u00e4r som helst p\u00e5 dygnet. Andas in och fyll dina lungor och varva ner helt p\u00e5 sommaren.","og_url":"https:\/\/hushotellhunge.com\/sv\/verksamheter\/sommar\/","og_site_name":"Hus Hotell Hunge","article_modified_time":"2025-03-28T14:10:23+00:00","twitter_card":"summary_large_image","twitter_misc":{"Ber\u00e4knad l\u00e4stid":"5 minuter"},"schema":{"@context":"https:\/\/schema.org","@graph":[{"@type":"WebPage","@id":"https:\/\/hushotellhunge.com\/sv\/verksamheter\/sommar\/","url":"https:\/\/hushotellhunge.com\/sv\/verksamheter\/sommar\/","name":"Sommar - Hus Hotell Hunge","isPartOf":{"@id":"https:\/\/hushotellhunge.com\/sv\/#website"},"datePublished":"2022-03-12T11:12:17+00:00","dateModified":"2025-03-28T14:10:23+00:00","description":"Blunda n\u00e4r som helst p\u00e5 dygnet. Andas in och fyll dina lungor och varva ner helt p\u00e5 sommaren.","breadcrumb":{"@id":"https:\/\/hushotellhunge.com\/sv\/verksamheter\/sommar\/#breadcrumb"},"inLanguage":"sv-SE","potentialAction":[{"@type":"ReadAction","target":["https:\/\/hushotellhunge.com\/sv\/verksamheter\/sommar\/"]}]},{"@type":"BreadcrumbList","@id":"https:\/\/hushotellhunge.com\/sv\/verksamheter\/sommar\/#breadcrumb","itemListElement":[{"@type":"ListItem","position":1,"name":"Home","item":"https:\/\/hushotellhunge.com\/sv\/"},{"@type":"ListItem","position":2,"name":"Verksamheter","item":"https:\/\/hushotellhunge.com\/sv\/verksamheter\/"},{"@type":"ListItem","position":3,"name":"Sommar"}]},{"@type":"WebSite","@id":"https:\/\/hushotellhunge.com\/sv\/#website","url":"https:\/\/hushotellhunge.com\/sv\/","name":"Hus Hotell Hunge","description":"Meet &amp; Adventure","publisher":{"@id":"https:\/\/hushotellhunge.com\/sv\/#organization"},"potentialAction":[{"@type":"SearchAction","target":{"@type":"EntryPoint","urlTemplate":"https:\/\/hushotellhunge.com\/sv\/?s={search_term_string}"},"query-input":{"@type":"PropertyValueSpecification","valueRequired":true,"valueName":"search_term_string"}}],"inLanguage":"sv-SE"},{"@type":"Organization","@id":"https:\/\/hushotellhunge.com\/sv\/#organization","name":"Hus Hotell Hunge","url":"https:\/\/hushotellhunge.com\/sv\/","logo":{"@type":"ImageObject","inLanguage":"sv-SE","@id":"https:\/\/hushotellhunge.com\/sv\/#\/schema\/logo\/image\/","url":"https:\/\/hushotellhunge.com\/wp-content\/uploads\/2022\/01\/Hus-Hotell-Hunge-logo-header.png","contentUrl":"https:\/\/hushotellhunge.com\/wp-content\/uploads\/2022\/01\/Hus-Hotell-Hunge-logo-header.png","width":482,"height":302,"caption":"Hus Hotell Hunge"},"image":{"@id":"https:\/\/hushotellhunge.com\/sv\/#\/schema\/logo\/image\/"}}]}},"_links":{"self":[{"href":"https:\/\/hushotellhunge.com\/sv\/wp-json\/wp\/v2\/pages\/2113","targetHints":{"allow":["GET"]}}],"collection":[{"href":"https:\/\/hushotellhunge.com\/sv\/wp-json\/wp\/v2\/pages"}],"about":[{"href":"https:\/\/hushotellhunge.com\/sv\/wp-json\/wp\/v2\/types\/page"}],"author":[{"embeddable":true,"href":"https:\/\/hushotellhunge.com\/sv\/wp-json\/wp\/v2\/users\/1"}],"replies":[{"embeddable":true,"href":"https:\/\/hushotellhunge.com\/sv\/wp-json\/wp\/v2\/comments?post=2113"}],"version-history":[{"count":32,"href":"https:\/\/hushotellhunge.com\/sv\/wp-json\/wp\/v2\/pages\/2113\/revisions"}],"predecessor-version":[{"id":15575,"href":"https:\/\/hushotellhunge.com\/sv\/wp-json\/wp\/v2\/pages\/2113\/revisions\/15575"}],"up":[{"embeddable":true,"href":"https:\/\/hushotellhunge.com\/sv\/wp-json\/wp\/v2\/pages\/2044"}],"wp:attachment":[{"href":"https:\/\/hushotellhunge.com\/sv\/wp-json\/wp\/v2\/media?parent=2113"}],"curies":[{"name":"wp","href":"https:\/\/api.w.org\/{rel}","templated":true}]}}