{"id":2184,"date":"2022-01-25T11:11:39","date_gmt":"2022-01-25T10:11:39","guid":{"rendered":"https:\/\/hushotellhunge.com\/contact\/"},"modified":"2023-11-08T15:11:33","modified_gmt":"2023-11-08T14:11:33","slug":"kontaktuppgifter","status":"publish","type":"page","link":"https:\/\/hushotellhunge.com\/sv\/kontaktuppgifter\/","title":{"rendered":"Kontaktuppgifter"},"content":{"rendered":"<div class=\"wpb-content-wrapper\"><p>[vc_section full_width=&#8221;stretch_row&#8221; css=&#8221;.vc_custom_1699452684729{background-image: url(https:\/\/hushotellhunge.com\/wp-content\/uploads\/2023\/11\/hoofdfoto-1791&#215;1000-2.png?id=9810) !important;background-position: center !important;background-repeat: no-repeat !important;background-size: cover !important;}&#8221; el_class=&#8221;topfoto smal&#8221;][vc_row gap=&#8221;35&#8243;][vc_column width=&#8221;1\/3&#8243; el_class=&#8221;titelbloktrans&#8221; css=&#8221;.vc_custom_1643105831789{padding-bottom: 20px !important;}&#8221;][vc_column_text]<\/p>\n<h1 style=\"text-align: center;\">Kontaktuppgifter<\/h1>\n<p>[\/vc_column_text][vc_column_text el_class=&#8221;introtekst&#8221;]<\/p>\n<p style=\"text-align: center;\">Titta p\u00e5 v\u00e4gbeskrivningen eller kontakta oss, utan n\u00e5gra f\u00f6rpliktelser.<\/p>\n<p>[\/vc_column_text][\/vc_column][vc_column width=&#8221;1\/3&#8243;][\/vc_column][vc_column width=&#8221;1\/3&#8243;][\/vc_column][\/vc_row][\/vc_section][vc_section full_width=&#8221;stretch_row&#8221; css=&#8221;.vc_custom_1643107486070{padding-bottom: 45px !important;background-color: #efeef2 !important;}&#8221;][vc_row gap=&#8221;35&#8243;][vc_column width=&#8221;1\/2&#8243;][vc_column_text]<\/p>\n<h2>Kontaktformul\u00e4r<\/h2>\n<p>[\/vc_column_text]\n<div class=\"wpcf7 no-js\" id=\"wpcf7-f2110-o1\" lang=\"sv-SE\" dir=\"ltr\" data-wpcf7-id=\"2110\">\n<div class=\"screen-reader-response\"><p role=\"status\" aria-live=\"polite\" aria-atomic=\"true\"><\/p> <ul><\/ul><\/div>\n<form action=\"\/sv\/wp-json\/wp\/v2\/pages\/2184#wpcf7-f2110-o1\" method=\"post\" class=\"wpcf7-form init\" aria-label=\"Kontaktformul\u00e4r\" novalidate=\"novalidate\" data-status=\"init\">\n<fieldset class=\"hidden-fields-container\"><input type=\"hidden\" name=\"_wpcf7\" value=\"2110\" \/><input type=\"hidden\" name=\"_wpcf7_version\" value=\"6.1.5\" \/><input type=\"hidden\" name=\"_wpcf7_locale\" value=\"sv_SE\" \/><input type=\"hidden\" name=\"_wpcf7_unit_tag\" value=\"wpcf7-f2110-o1\" \/><input type=\"hidden\" name=\"_wpcf7_container_post\" value=\"0\" \/><input type=\"hidden\" name=\"_wpcf7_posted_data_hash\" value=\"\" \/><input type=\"hidden\" name=\"_wpcf7_recaptcha_response\" value=\"\" \/>\n<\/fieldset>\n<p><label> Namn:*<br \/>\n<span class=\"wpcf7-form-control-wrap\" data-name=\"your-name\"><input size=\"40\" maxlength=\"400\" class=\"wpcf7-form-control wpcf7-text wpcf7-validates-as-required\" aria-required=\"true\" aria-invalid=\"false\" value=\"\" type=\"text\" name=\"your-name\" \/><\/span> <\/label>\n<\/p>\n<p><label> E-post:*<br \/>\n<span class=\"wpcf7-form-control-wrap\" data-name=\"your-email\"><input size=\"40\" maxlength=\"400\" class=\"wpcf7-form-control wpcf7-email wpcf7-validates-as-required wpcf7-text wpcf7-validates-as-email\" aria-required=\"true\" aria-invalid=\"false\" value=\"\" type=\"email\" name=\"your-email\" \/><\/span> <\/label>\n<\/p>\n<p><label> Telefonnummer:<br \/>\n<span class=\"wpcf7-form-control-wrap\" data-name=\"telefoon\"><input size=\"40\" maxlength=\"400\" class=\"wpcf7-form-control wpcf7-text\" aria-invalid=\"false\" value=\"\" type=\"text\" name=\"telefoon\" \/><\/span> <\/label>\n<\/p>\n<p><label> fr\u00e5ga eller anm\u00e4rkning:<br \/>\n<span class=\"wpcf7-form-control-wrap\" data-name=\"your-message\"><textarea cols=\"40\" rows=\"10\" maxlength=\"2000\" class=\"wpcf7-form-control wpcf7-textarea\" aria-invalid=\"false\" name=\"your-message\"><\/textarea><\/span> <\/label>\n<\/p>\n<p><input class=\"wpcf7-form-control wpcf7-submit has-spinner bd-button\" type=\"submit\" value=\"Att skicka\" \/>\n<\/p><p style=\"display: none !important;\" class=\"akismet-fields-container\" data-prefix=\"_wpcf7_ak_\"><label>&#916;<textarea name=\"_wpcf7_ak_hp_textarea\" cols=\"45\" rows=\"8\" maxlength=\"100\"><\/textarea><\/label><input type=\"hidden\" id=\"ak_js_1\" name=\"_wpcf7_ak_js\" value=\"18\"\/><script type=\"text\/javascript\">\n\/* <![CDATA[ *\/\ndocument.getElementById( \"ak_js_1\" ).setAttribute( \"value\", ( new Date() ).getTime() );\n\/* ]]> *\/\n<\/script>\n<\/p><div class=\"wpcf7-response-output\" aria-hidden=\"true\"><\/div>\n<\/form>\n<\/div>\n[\/vc_column][vc_column width=&#8221;1\/2&#8243;][vc_column_text]<\/p>\n<h2>Kontaktuppgifter<\/h2>\n<p>Hus Hotell Hunge<br \/>\nHunge 515<br \/>\n84391 Br\u00e4cke<br \/>\nSverige<\/p>\n<p>info@hushotellhunge.com<\/p>\n<p>+46(0)72 533 27 17[\/vc_column_text][vc_column_text]Med kollektivtrafik:<\/p>\n<p><a href=\"https:\/\/www.rome2rio.com\/map\/Br%C3%A4cke\/Hunge-Sweden#r\/Line-221-bus\/s\/0\">busslinje 221<\/a>[\/vc_column_text][\/vc_column][\/vc_row][\/vc_section][vc_section full_width=&#8221;stretch_row_content&#8221; css=&#8221;.vc_custom_1643106999203{padding-top: 0px !important;}&#8221;][vc_row full_width=&#8221;stretch_row_content_no_spaces&#8221;][vc_column][vc_gmaps link=&#8221;#E-8_JTNDaWZyYW1lJTIwc3JjJTNEJTIyaHR0cHMlM0ElMkYlMkZ3d3cuZ29vZ2xlLmNvbSUyRm1hcHMlMkZlbWJlZCUzRnBiJTNEJTIxMW0xOCUyMTFtMTIlMjExbTMlMjExZDI5NjE0NzIuOTQ1NDE2ODE3JTIxMmQxMi42ODk2NzU3ODkyNzM2NzIlMjEzZDYyLjgyOTg5NDU2NTk0NTIyNCUyMTJtMyUyMTFmMCUyMTJmMCUyMTNmMCUyMTNtMiUyMTFpMTAyNCUyMTJpNzY4JTIxNGYxMy4xJTIxM20zJTIxMW0yJTIxMXMweDQ2NmY3ODE2ODQzNWY2NzElMjUzQTB4OGE3Yjk2ZDMxNTYyYzJiNCUyMTJzSHVuZ2UlMjUyMDUxNSUyNTJDJTI1MjA4NDAlMjUyMDYwJTI1MjBCciUyNUMzJTI1QTRja2UlMjUyQyUyNTIwWndlZGVuJTIxNWUwJTIxM20yJTIxMXNubCUyMTJzbmwlMjE0djE2NDMxMDY1Mzk3NTklMjE1bTIlMjExc25sJTIxMnNubCUyMiUyMHdpZHRoJTNEJTIyMTAwJTI1JTIyJTIwaGVpZ2h0JTNEJTIyNTAwJTIyJTIwc3R5bGUlM0QlMjJib3JkZXIlM0EwJTNCJTIyJTIwYWxsb3dmdWxsc2NyZWVuJTNEJTIyJTIyJTIwbG9hZGluZyUzRCUyMmxhenklMjIlM0UlM0MlMkZpZnJhbWUlM0U=&#8221; size=&#8221;500px&#8221; css=&#8221;.vc_custom_1643112842491{margin-bottom: 0px !important;}&#8221;][\/vc_column][\/vc_row][\/vc_section][vc_section full_width=&#8221;stretch_row&#8221; content_placement=&#8221;middle&#8221; el_class=&#8221;rondfotolichtergroen rondfoto&#8221;][vc_row gap=&#8221;35&#8243; equal_height=&#8221;yes&#8221; content_placement=&#8221;middle&#8221;][vc_column width=&#8221;1\/3&#8243;][vc_single_image image=&#8221;183&#8243; img_size=&#8221;500 x 500&#8243; alignment=&#8221;right&#8221; style=&#8221;vc_box_border_circle&#8221; border_color=&#8221;white&#8221; el_class=&#8221;afbrond&#8221;][\/vc_column][vc_column width=&#8221;2\/3&#8243;][vc_column_text el_class=&#8221;introtekst&#8221;]<\/p>\n<h3>Dr\u00f6m om det<\/h3>\n<p>Hej hej! Vi, Willem och Ria, har b\u00f6rjade v\u00e5rt stora \u00e4ventyr 2020 med att f\u00f6rverkliga v\u00e5r dr\u00f6m, n\u00e4mligen att emigrera till Sverige. Sommaren 2021 bes\u00f6kte vi den f\u00f6re detta Bostugan och blev genast entusiastiska \u00f6ver hur mysig den var, det unika l\u00e4get och den trevliga atmosf\u00e4ren i byggnaden. I januari 2022 b\u00f6rjade vi entusiastiskt med att starta Hus Hotel Hunge.[\/vc_column_text][vc_column_text]<\/p>\n<h3>Smekm\u00e5nad<\/h3>\n<p>Vi inledde v\u00e5rt \u00e4ktenskap med en smekm\u00e5nad upp genom Sverige till Nordkap och tillbaka genom Norge, utan att veta att vi skulle bo, arbeta och njuta av Sverige 25 \u00e5r senare.<\/p>\n<p><a href=\"https:\/\/hushotellhunge.com\/sv\/om-oss\/\">L\u00e4s hela artikeln&#8230;<\/a>[\/vc_column_text][\/vc_column][\/vc_row][\/vc_section]<\/p>\n<\/div>","protected":false},"excerpt":{"rendered":"<p>[vc_section full_width=&#8221;stretch_row&#8221; css=&#8221;.vc_custom_1699452684729{background-image: url(https:\/\/hushotellhunge.com\/wp-content\/uploads\/2023\/11\/hoofdfoto-1791&#215;1000-2.png?id=9810) !important;background-position: center !important;background-repeat: no-repeat !important;background-size: cover !important;}&#8221; el_class=&#8221;topfoto smal&#8221;][vc_row gap=&#8221;35&#8243;][vc_column width=&#8221;1\/3&#8243; el_class=&#8221;titelbloktrans&#8221; css=&#8221;.vc_custom_1643105831789{padding-bottom: 20px !important;}&#8221;][vc_column_text] Kontaktuppgifter [\/vc_column_text][vc_column_text el_class=&#8221;introtekst&#8221;] Titta p\u00e5 v\u00e4gbeskrivningen eller kontakta oss, utan n\u00e5gra f\u00f6rpliktelser. [\/vc_column_text][\/vc_column][vc_column width=&#8221;1\/3&#8243;][\/vc_column][vc_column width=&#8221;1\/3&#8243;][\/vc_column][\/vc_row][\/vc_section][vc_section full_width=&#8221;stretch_row&#8221; css=&#8221;.vc_custom_1643107486070{padding-bottom: 45px !important;background-color: #efeef2 !important;}&#8221;][vc_row gap=&#8221;35&#8243;][vc_column width=&#8221;1\/2&#8243;][vc_column_text] Kontaktformul\u00e4r [\/vc_column_text][\/vc_column][vc_column width=&#8221;1\/2&#8243;][vc_column_text] Kontaktuppgifter Hus Hotell Hunge Hunge 515 84391 Br\u00e4cke Sverige info@hushotellhunge.com [&hellip;]<\/p>\n","protected":false},"author":2,"featured_media":0,"parent":0,"menu_order":0,"comment_status":"closed","ping_status":"closed","template":"","meta":{"_acf_changed":false,"footnotes":""},"class_list":["post-2184","page","type-page","status-publish","hentry"],"acf":[],"yoast_head":"<!-- This site is optimized with the Yoast SEO plugin v27.0 - https:\/\/yoast.com\/product\/yoast-seo-wordpress\/ -->\n<title>Kontaktuppgifter - Hus Hotell Hunge<\/title>\n<meta name=\"robots\" content=\"index, follow, max-snippet:-1, max-image-preview:large, max-video-preview:-1\" \/>\n<link rel=\"canonical\" href=\"https:\/\/hushotellhunge.com\/sv\/kontaktuppgifter\/\" \/>\n<meta property=\"og:locale\" content=\"sv_SE\" \/>\n<meta property=\"og:type\" content=\"article\" \/>\n<meta property=\"og:title\" content=\"Kontaktuppgifter - Hus Hotell Hunge\" \/>\n<meta property=\"og:description\" content=\"[vc_section full_width=&#8221;stretch_row&#8221; css=&#8221;.vc_custom_1699452684729{background-image: url(https:\/\/hushotellhunge.com\/wp-content\/uploads\/2023\/11\/hoofdfoto-1791&#215;1000-2.png?id=9810) !important;background-position: center !important;background-repeat: no-repeat !important;background-size: cover !important;}&#8221; el_class=&#8221;topfoto smal&#8221;][vc_row gap=&#8221;35&#8243;][vc_column width=&#8221;1\/3&#8243; el_class=&#8221;titelbloktrans&#8221; css=&#8221;.vc_custom_1643105831789{padding-bottom: 20px !important;}&#8221;][vc_column_text] Kontaktuppgifter [\/vc_column_text][vc_column_text el_class=&#8221;introtekst&#8221;] Titta p\u00e5 v\u00e4gbeskrivningen eller kontakta oss, utan n\u00e5gra f\u00f6rpliktelser. [\/vc_column_text][\/vc_column][vc_column width=&#8221;1\/3&#8243;][\/vc_column][vc_column width=&#8221;1\/3&#8243;][\/vc_column][\/vc_row][\/vc_section][vc_section full_width=&#8221;stretch_row&#8221; css=&#8221;.vc_custom_1643107486070{padding-bottom: 45px !important;background-color: #efeef2 !important;}&#8221;][vc_row gap=&#8221;35&#8243;][vc_column width=&#8221;1\/2&#8243;][vc_column_text] Kontaktformul\u00e4r [\/vc_column_text][\/vc_column][vc_column width=&#8221;1\/2&#8243;][vc_column_text] Kontaktuppgifter Hus Hotell Hunge Hunge 515 84391 Br\u00e4cke Sverige info@hushotellhunge.com [&hellip;]\" \/>\n<meta property=\"og:url\" content=\"https:\/\/hushotellhunge.com\/sv\/kontaktuppgifter\/\" \/>\n<meta property=\"og:site_name\" content=\"Hus Hotell Hunge\" \/>\n<meta property=\"article:modified_time\" content=\"2023-11-08T14:11:33+00:00\" \/>\n<meta name=\"twitter:card\" content=\"summary_large_image\" \/>\n<meta name=\"twitter:label1\" content=\"Ber\u00e4knad l\u00e4stid\" \/>\n\t<meta name=\"twitter:data1\" content=\"1 minut\" \/>\n<script type=\"application\/ld+json\" class=\"yoast-schema-graph\">{\"@context\":\"https:\/\/schema.org\",\"@graph\":[{\"@type\":\"WebPage\",\"@id\":\"https:\/\/hushotellhunge.com\/sv\/kontaktuppgifter\/\",\"url\":\"https:\/\/hushotellhunge.com\/sv\/kontaktuppgifter\/\",\"name\":\"Kontaktuppgifter - Hus Hotell Hunge\",\"isPartOf\":{\"@id\":\"https:\/\/hushotellhunge.com\/sv\/#website\"},\"datePublished\":\"2022-01-25T10:11:39+00:00\",\"dateModified\":\"2023-11-08T14:11:33+00:00\",\"breadcrumb\":{\"@id\":\"https:\/\/hushotellhunge.com\/sv\/kontaktuppgifter\/#breadcrumb\"},\"inLanguage\":\"sv-SE\",\"potentialAction\":[{\"@type\":\"ReadAction\",\"target\":[\"https:\/\/hushotellhunge.com\/sv\/kontaktuppgifter\/\"]}]},{\"@type\":\"BreadcrumbList\",\"@id\":\"https:\/\/hushotellhunge.com\/sv\/kontaktuppgifter\/#breadcrumb\",\"itemListElement\":[{\"@type\":\"ListItem\",\"position\":1,\"name\":\"Home\",\"item\":\"https:\/\/hushotellhunge.com\/sv\/\"},{\"@type\":\"ListItem\",\"position\":2,\"name\":\"Kontaktuppgifter\"}]},{\"@type\":\"WebSite\",\"@id\":\"https:\/\/hushotellhunge.com\/sv\/#website\",\"url\":\"https:\/\/hushotellhunge.com\/sv\/\",\"name\":\"Hus Hotell Hunge\",\"description\":\"Meet &amp; Adventure\",\"publisher\":{\"@id\":\"https:\/\/hushotellhunge.com\/sv\/#organization\"},\"potentialAction\":[{\"@type\":\"SearchAction\",\"target\":{\"@type\":\"EntryPoint\",\"urlTemplate\":\"https:\/\/hushotellhunge.com\/sv\/?s={search_term_string}\"},\"query-input\":{\"@type\":\"PropertyValueSpecification\",\"valueRequired\":true,\"valueName\":\"search_term_string\"}}],\"inLanguage\":\"sv-SE\"},{\"@type\":\"Organization\",\"@id\":\"https:\/\/hushotellhunge.com\/sv\/#organization\",\"name\":\"Hus Hotell Hunge\",\"url\":\"https:\/\/hushotellhunge.com\/sv\/\",\"logo\":{\"@type\":\"ImageObject\",\"inLanguage\":\"sv-SE\",\"@id\":\"https:\/\/hushotellhunge.com\/sv\/#\/schema\/logo\/image\/\",\"url\":\"https:\/\/hushotellhunge.com\/wp-content\/uploads\/2022\/01\/Hus-Hotell-Hunge-logo-header.png\",\"contentUrl\":\"https:\/\/hushotellhunge.com\/wp-content\/uploads\/2022\/01\/Hus-Hotell-Hunge-logo-header.png\",\"width\":482,\"height\":302,\"caption\":\"Hus Hotell Hunge\"},\"image\":{\"@id\":\"https:\/\/hushotellhunge.com\/sv\/#\/schema\/logo\/image\/\"}}]}<\/script>\n<!-- \/ Yoast SEO plugin. -->","yoast_head_json":{"title":"Kontaktuppgifter - Hus Hotell Hunge","robots":{"index":"index","follow":"follow","max-snippet":"max-snippet:-1","max-image-preview":"max-image-preview:large","max-video-preview":"max-video-preview:-1"},"canonical":"https:\/\/hushotellhunge.com\/sv\/kontaktuppgifter\/","og_locale":"sv_SE","og_type":"article","og_title":"Kontaktuppgifter - Hus Hotell Hunge","og_description":"[vc_section full_width=&#8221;stretch_row&#8221; css=&#8221;.vc_custom_1699452684729{background-image: url(https:\/\/hushotellhunge.com\/wp-content\/uploads\/2023\/11\/hoofdfoto-1791&#215;1000-2.png?id=9810) !important;background-position: center !important;background-repeat: no-repeat !important;background-size: cover !important;}&#8221; el_class=&#8221;topfoto smal&#8221;][vc_row gap=&#8221;35&#8243;][vc_column width=&#8221;1\/3&#8243; el_class=&#8221;titelbloktrans&#8221; css=&#8221;.vc_custom_1643105831789{padding-bottom: 20px !important;}&#8221;][vc_column_text] Kontaktuppgifter [\/vc_column_text][vc_column_text el_class=&#8221;introtekst&#8221;] Titta p\u00e5 v\u00e4gbeskrivningen eller kontakta oss, utan n\u00e5gra f\u00f6rpliktelser. [\/vc_column_text][\/vc_column][vc_column width=&#8221;1\/3&#8243;][\/vc_column][vc_column width=&#8221;1\/3&#8243;][\/vc_column][\/vc_row][\/vc_section][vc_section full_width=&#8221;stretch_row&#8221; css=&#8221;.vc_custom_1643107486070{padding-bottom: 45px !important;background-color: #efeef2 !important;}&#8221;][vc_row gap=&#8221;35&#8243;][vc_column width=&#8221;1\/2&#8243;][vc_column_text] Kontaktformul\u00e4r [\/vc_column_text][\/vc_column][vc_column width=&#8221;1\/2&#8243;][vc_column_text] Kontaktuppgifter Hus Hotell Hunge Hunge 515 84391 Br\u00e4cke Sverige info@hushotellhunge.com [&hellip;]","og_url":"https:\/\/hushotellhunge.com\/sv\/kontaktuppgifter\/","og_site_name":"Hus Hotell Hunge","article_modified_time":"2023-11-08T14:11:33+00:00","twitter_card":"summary_large_image","twitter_misc":{"Ber\u00e4knad l\u00e4stid":"1 minut"},"schema":{"@context":"https:\/\/schema.org","@graph":[{"@type":"WebPage","@id":"https:\/\/hushotellhunge.com\/sv\/kontaktuppgifter\/","url":"https:\/\/hushotellhunge.com\/sv\/kontaktuppgifter\/","name":"Kontaktuppgifter - Hus Hotell Hunge","isPartOf":{"@id":"https:\/\/hushotellhunge.com\/sv\/#website"},"datePublished":"2022-01-25T10:11:39+00:00","dateModified":"2023-11-08T14:11:33+00:00","breadcrumb":{"@id":"https:\/\/hushotellhunge.com\/sv\/kontaktuppgifter\/#breadcrumb"},"inLanguage":"sv-SE","potentialAction":[{"@type":"ReadAction","target":["https:\/\/hushotellhunge.com\/sv\/kontaktuppgifter\/"]}]},{"@type":"BreadcrumbList","@id":"https:\/\/hushotellhunge.com\/sv\/kontaktuppgifter\/#breadcrumb","itemListElement":[{"@type":"ListItem","position":1,"name":"Home","item":"https:\/\/hushotellhunge.com\/sv\/"},{"@type":"ListItem","position":2,"name":"Kontaktuppgifter"}]},{"@type":"WebSite","@id":"https:\/\/hushotellhunge.com\/sv\/#website","url":"https:\/\/hushotellhunge.com\/sv\/","name":"Hus Hotell Hunge","description":"Meet &amp; Adventure","publisher":{"@id":"https:\/\/hushotellhunge.com\/sv\/#organization"},"potentialAction":[{"@type":"SearchAction","target":{"@type":"EntryPoint","urlTemplate":"https:\/\/hushotellhunge.com\/sv\/?s={search_term_string}"},"query-input":{"@type":"PropertyValueSpecification","valueRequired":true,"valueName":"search_term_string"}}],"inLanguage":"sv-SE"},{"@type":"Organization","@id":"https:\/\/hushotellhunge.com\/sv\/#organization","name":"Hus Hotell Hunge","url":"https:\/\/hushotellhunge.com\/sv\/","logo":{"@type":"ImageObject","inLanguage":"sv-SE","@id":"https:\/\/hushotellhunge.com\/sv\/#\/schema\/logo\/image\/","url":"https:\/\/hushotellhunge.com\/wp-content\/uploads\/2022\/01\/Hus-Hotell-Hunge-logo-header.png","contentUrl":"https:\/\/hushotellhunge.com\/wp-content\/uploads\/2022\/01\/Hus-Hotell-Hunge-logo-header.png","width":482,"height":302,"caption":"Hus Hotell Hunge"},"image":{"@id":"https:\/\/hushotellhunge.com\/sv\/#\/schema\/logo\/image\/"}}]}},"_links":{"self":[{"href":"https:\/\/hushotellhunge.com\/sv\/wp-json\/wp\/v2\/pages\/2184","targetHints":{"allow":["GET"]}}],"collection":[{"href":"https:\/\/hushotellhunge.com\/sv\/wp-json\/wp\/v2\/pages"}],"about":[{"href":"https:\/\/hushotellhunge.com\/sv\/wp-json\/wp\/v2\/types\/page"}],"author":[{"embeddable":true,"href":"https:\/\/hushotellhunge.com\/sv\/wp-json\/wp\/v2\/users\/2"}],"replies":[{"embeddable":true,"href":"https:\/\/hushotellhunge.com\/sv\/wp-json\/wp\/v2\/comments?post=2184"}],"version-history":[{"count":6,"href":"https:\/\/hushotellhunge.com\/sv\/wp-json\/wp\/v2\/pages\/2184\/revisions"}],"predecessor-version":[{"id":9996,"href":"https:\/\/hushotellhunge.com\/sv\/wp-json\/wp\/v2\/pages\/2184\/revisions\/9996"}],"wp:attachment":[{"href":"https:\/\/hushotellhunge.com\/sv\/wp-json\/wp\/v2\/media?parent=2184"}],"curies":[{"name":"wp","href":"https:\/\/api.w.org\/{rel}","templated":true}]}}