{"id":2189,"date":"2022-03-12T12:48:04","date_gmt":"2022-03-12T11:48:04","guid":{"rendered":"https:\/\/hushotellhunge.com\/groepen\/"},"modified":"2022-06-11T12:04:59","modified_gmt":"2022-06-11T10:04:59","slug":"grupper","status":"publish","type":"page","link":"https:\/\/hushotellhunge.com\/sv\/grupper\/","title":{"rendered":"Inkvartering f\u00f6r grupper"},"content":{"rendered":"<div class=\"wpb-content-wrapper\"><p>[vc_section full_width=&#8221;stretch_row&#8221; content_placement=&#8221;middle&#8221; css=&#8221;.vc_custom_1650876496327{background-image: url(https:\/\/hushotellhunge.com\/wp-content\/uploads\/2022\/03\/IMG_0774-scaled.jpg?id=1259) !important;background-position: center !important;background-repeat: no-repeat !important;background-size: cover !important;}&#8221; el_class=&#8221;topfoto bodem&#8221;][vc_row][vc_column width=&#8221;1\/12&#8243;][\/vc_column][vc_column el_class=&#8221;titelbloktrans&#8221; offset=&#8221;vc_col-lg-7 vc_col-md-7 vc_col-xs-12&#8243; css=&#8221;.vc_custom_1642686762497{margin-bottom: 20px !important;}&#8221;][vc_column_text el_class=&#8221;introtekst&#8221;]<\/p>\n<h1>Inkvartering f\u00f6r grupper<\/h1>\n<p>HusHotell Hunge \u00e4r mycket passande f\u00f6r en \u00e5terf\u00f6rening, familjehelg\/vecka, en grupp v\u00e4nner eller en teambuilding\/coachinghelg. Du kan ocks\u00e5 boka hela byggnaden, inklusive centralk\u00f6ket, f\u00f6r cirka 16-24 personer (2-3 per l\u00e4genhet). V\u00e4nligen kontakta oss via e-post eller telefon f\u00f6r att diskutera m\u00f6jligheterna.[\/vc_column_text][\/vc_column][vc_column width=&#8221;1\/12&#8243;][\/vc_column][\/vc_row][\/vc_section][vc_row][vc_column]<div class=\"templatera_shortcode\"><style type=\"text\/css\" data-type=\"vc_shortcodes-custom-css\">.vc_custom_1643028554868{padding-top: 0px !important;background-color: #24342a !important;}.vc_custom_1643028561544{margin-bottom: 0px !important;}<\/style><section data-vc-full-width=\"true\" data-vc-full-width-temp=\"true\" data-vc-full-width-init=\"false\" class=\"vc_section boekstrook vc_custom_1643028554868 vc_section-has-fill vc_section-o-content-middle vc_section-flex\"><div class=\"vc_row wpb_row vc_row-fluid\"><div class=\"wpb_column vc_column_container vc_col-sm-12\"><div class=\"vc_column-inner\"><div class=\"wpb_wrapper\">\n\t<div class=\"wpb_text_column wpb_content_element\" >\n\t\t<div class=\"wpb_wrapper\">\n\t\t\t\n\t\t<\/div>\n\t<\/div>\n\n\t<div class=\"wpb_raw_code wpb_raw_html wpb_content_element vc_custom_1643028561544 smoobustrook\" >\n\t\t<div class=\"wpb_wrapper\">\n\t\t\t<div id=\"apartmentIframeAll\">\n<script type=\"text\/javascript\" src=\"https:\/\/login.smoobu.com\/js\/Settings\/BookingToolIframe.js\"><\/script>\n<script>BookingToolIframe.initialize({\"url\": \"https:\/\/login.smoobu.com\/en\/booking-tool\/iframe\/333814\", \"baseUrl\": \"https:\/\/login.smoobu.com\", \"target\": \"#apartmentIframeAll\"})<\/script>\n<\/div>\n\n\t\t<\/div>\n\t<\/div>\n<\/div><\/div><\/div><\/div><\/section><div class=\"vc_row-full-width vc_clearfix\"><\/div><\/div>[vc_row_inner][vc_column_inner][vc_column_text]<\/p>\n<h4>M\u00f6ten, \u00e4ventyr och naturupplevelser<\/h4>\n<p>[\/vc_column_text][\/vc_column_inner][\/vc_row_inner][\/vc_column][\/vc_row][vc_row][vc_column]\n<div class=\"wpcf7 no-js\" id=\"wpcf7-f2384-o1\" lang=\"sv-SE\" dir=\"ltr\" data-wpcf7-id=\"2384\">\n<div class=\"screen-reader-response\"><p role=\"status\" aria-live=\"polite\" aria-atomic=\"true\"><\/p> <ul><\/ul><\/div>\n<form action=\"\/sv\/wp-json\/wp\/v2\/pages\/2189#wpcf7-f2384-o1\" method=\"post\" class=\"wpcf7-form init\" aria-label=\"Kontaktformul\u00e4r\" novalidate=\"novalidate\" data-status=\"init\">\n<fieldset class=\"hidden-fields-container\"><input type=\"hidden\" name=\"_wpcf7\" value=\"2384\" \/><input type=\"hidden\" name=\"_wpcf7_version\" value=\"6.1.5\" \/><input type=\"hidden\" name=\"_wpcf7_locale\" value=\"sv_SE\" \/><input type=\"hidden\" name=\"_wpcf7_unit_tag\" value=\"wpcf7-f2384-o1\" \/><input type=\"hidden\" name=\"_wpcf7_container_post\" value=\"0\" \/><input type=\"hidden\" name=\"_wpcf7_posted_data_hash\" value=\"\" \/><input type=\"hidden\" name=\"_wpcf7_recaptcha_response\" value=\"\" \/>\n<\/fieldset>\n<p><label> Namn:*<br \/>\n<span class=\"wpcf7-form-control-wrap\" data-name=\"your-name\"><input size=\"40\" maxlength=\"400\" class=\"wpcf7-form-control wpcf7-text wpcf7-validates-as-required\" aria-required=\"true\" aria-invalid=\"false\" value=\"\" type=\"text\" name=\"your-name\" \/><\/span> <\/label>\n<\/p>\n<p><label> E-post:*<br \/>\n<span class=\"wpcf7-form-control-wrap\" data-name=\"your-email\"><input size=\"40\" maxlength=\"400\" class=\"wpcf7-form-control wpcf7-email wpcf7-validates-as-required wpcf7-text wpcf7-validates-as-email\" aria-required=\"true\" aria-invalid=\"false\" value=\"\" type=\"email\" name=\"your-email\" \/><\/span> <\/label>\n<\/p>\n<p><label> Telefonnummer:<br \/>\n<span class=\"wpcf7-form-control-wrap\" data-name=\"telefoon\"><input size=\"40\" maxlength=\"400\" class=\"wpcf7-form-control wpcf7-text\" aria-invalid=\"false\" value=\"\" type=\"text\" name=\"telefoon\" \/><\/span> <\/label>\n<\/p>\n<p><label> fr\u00e5ga eller anm\u00e4rkning:<br \/>\n<span class=\"wpcf7-form-control-wrap\" data-name=\"your-message\"><textarea cols=\"40\" rows=\"10\" maxlength=\"2000\" class=\"wpcf7-form-control wpcf7-textarea\" aria-invalid=\"false\" name=\"your-message\"><\/textarea><\/span> <\/label>\n<\/p>\n<p><input class=\"wpcf7-form-control wpcf7-submit has-spinner bd-button\" type=\"submit\" value=\"Att skicka\" \/>\n<\/p><p style=\"display: none !important;\" class=\"akismet-fields-container\" data-prefix=\"_wpcf7_ak_\"><label>&#916;<textarea name=\"_wpcf7_ak_hp_textarea\" cols=\"45\" rows=\"8\" maxlength=\"100\"><\/textarea><\/label><input type=\"hidden\" id=\"ak_js_1\" name=\"_wpcf7_ak_js\" value=\"6\"\/><script>document.getElementById( \"ak_js_1\" ).setAttribute( \"value\", ( new Date() ).getTime() );<\/script><\/p><div class=\"wpcf7-response-output\" aria-hidden=\"true\"><\/div>\n<\/form>\n<\/div>\n[\/vc_column][\/vc_row]<\/p>\n<\/div>","protected":false},"excerpt":{"rendered":"Inkvartering f\u00f6r grupper HusHotell Hunge \u00e4r mycket passande f\u00f6r en \u00e5terf\u00f6rening, familjehelg\/vecka, en grupp v\u00e4nner eller en teambuilding\/coachinghelg. Du kan ocks\u00e5 boka hela byggnaden, inklusive centralk\u00f6ket, f\u00f6r cirka 16-24 personer (2-3 per l\u00e4genhet). V\u00e4nligen kontakta oss via e-post eller telefon f\u00f6r att diskutera m\u00f6jligheterna. M\u00f6ten, \u00e4ventyr och naturupplevelser Namn:* E-post:* Telefonnummer: fr\u00e5ga eller anm\u00e4rkning: &#916;","protected":false},"author":1,"featured_media":0,"parent":0,"menu_order":0,"comment_status":"closed","ping_status":"closed","template":"","meta":{"_acf_changed":false,"footnotes":""},"class_list":["post-2189","page","type-page","status-publish","hentry"],"acf":[],"yoast_head":"<!-- This site is optimized with the Yoast SEO plugin v27.0 - https:\/\/yoast.com\/product\/yoast-seo-wordpress\/ -->\n<title>Inkvartering f\u00f6r grupper - Hus Hotell Hunge<\/title>\n<meta name=\"robots\" content=\"index, follow, max-snippet:-1, max-image-preview:large, max-video-preview:-1\" \/>\n<link rel=\"canonical\" href=\"https:\/\/hushotellhunge.com\/sv\/grupper\/\" \/>\n<meta property=\"og:locale\" content=\"sv_SE\" \/>\n<meta property=\"og:type\" content=\"article\" \/>\n<meta property=\"og:title\" content=\"Inkvartering f\u00f6r grupper - Hus Hotell Hunge\" \/>\n<meta property=\"og:url\" content=\"https:\/\/hushotellhunge.com\/sv\/grupper\/\" \/>\n<meta property=\"og:site_name\" content=\"Hus Hotell Hunge\" \/>\n<meta property=\"article:modified_time\" content=\"2022-06-11T10:04:59+00:00\" \/>\n<meta name=\"twitter:card\" content=\"summary_large_image\" \/>\n<meta name=\"twitter:label1\" content=\"Ber\u00e4knad l\u00e4stid\" \/>\n\t<meta name=\"twitter:data1\" content=\"1 minut\" \/>\n<script type=\"application\/ld+json\" class=\"yoast-schema-graph\">{\"@context\":\"https:\/\/schema.org\",\"@graph\":[{\"@type\":\"WebPage\",\"@id\":\"https:\/\/hushotellhunge.com\/sv\/grupper\/\",\"url\":\"https:\/\/hushotellhunge.com\/sv\/grupper\/\",\"name\":\"Inkvartering f\u00f6r grupper - Hus Hotell Hunge\",\"isPartOf\":{\"@id\":\"https:\/\/hushotellhunge.com\/sv\/#website\"},\"datePublished\":\"2022-03-12T11:48:04+00:00\",\"dateModified\":\"2022-06-11T10:04:59+00:00\",\"breadcrumb\":{\"@id\":\"https:\/\/hushotellhunge.com\/sv\/grupper\/#breadcrumb\"},\"inLanguage\":\"sv-SE\",\"potentialAction\":[{\"@type\":\"ReadAction\",\"target\":[\"https:\/\/hushotellhunge.com\/sv\/grupper\/\"]}]},{\"@type\":\"BreadcrumbList\",\"@id\":\"https:\/\/hushotellhunge.com\/sv\/grupper\/#breadcrumb\",\"itemListElement\":[{\"@type\":\"ListItem\",\"position\":1,\"name\":\"Home\",\"item\":\"https:\/\/hushotellhunge.com\/sv\/\"},{\"@type\":\"ListItem\",\"position\":2,\"name\":\"Inkvartering f\u00f6r grupper\"}]},{\"@type\":\"WebSite\",\"@id\":\"https:\/\/hushotellhunge.com\/sv\/#website\",\"url\":\"https:\/\/hushotellhunge.com\/sv\/\",\"name\":\"Hus Hotell Hunge\",\"description\":\"Meet &amp; Adventure\",\"publisher\":{\"@id\":\"https:\/\/hushotellhunge.com\/sv\/#organization\"},\"potentialAction\":[{\"@type\":\"SearchAction\",\"target\":{\"@type\":\"EntryPoint\",\"urlTemplate\":\"https:\/\/hushotellhunge.com\/sv\/?s={search_term_string}\"},\"query-input\":{\"@type\":\"PropertyValueSpecification\",\"valueRequired\":true,\"valueName\":\"search_term_string\"}}],\"inLanguage\":\"sv-SE\"},{\"@type\":\"Organization\",\"@id\":\"https:\/\/hushotellhunge.com\/sv\/#organization\",\"name\":\"Hus Hotell Hunge\",\"url\":\"https:\/\/hushotellhunge.com\/sv\/\",\"logo\":{\"@type\":\"ImageObject\",\"inLanguage\":\"sv-SE\",\"@id\":\"https:\/\/hushotellhunge.com\/sv\/#\/schema\/logo\/image\/\",\"url\":\"https:\/\/hushotellhunge.com\/wp-content\/uploads\/2022\/01\/Hus-Hotell-Hunge-logo-header.png\",\"contentUrl\":\"https:\/\/hushotellhunge.com\/wp-content\/uploads\/2022\/01\/Hus-Hotell-Hunge-logo-header.png\",\"width\":482,\"height\":302,\"caption\":\"Hus Hotell Hunge\"},\"image\":{\"@id\":\"https:\/\/hushotellhunge.com\/sv\/#\/schema\/logo\/image\/\"}}]}<\/script>\n<!-- \/ Yoast SEO plugin. -->","yoast_head_json":{"title":"Inkvartering f\u00f6r grupper - Hus Hotell Hunge","robots":{"index":"index","follow":"follow","max-snippet":"max-snippet:-1","max-image-preview":"max-image-preview:large","max-video-preview":"max-video-preview:-1"},"canonical":"https:\/\/hushotellhunge.com\/sv\/grupper\/","og_locale":"sv_SE","og_type":"article","og_title":"Inkvartering f\u00f6r grupper - Hus Hotell Hunge","og_url":"https:\/\/hushotellhunge.com\/sv\/grupper\/","og_site_name":"Hus Hotell Hunge","article_modified_time":"2022-06-11T10:04:59+00:00","twitter_card":"summary_large_image","twitter_misc":{"Ber\u00e4knad l\u00e4stid":"1 minut"},"schema":{"@context":"https:\/\/schema.org","@graph":[{"@type":"WebPage","@id":"https:\/\/hushotellhunge.com\/sv\/grupper\/","url":"https:\/\/hushotellhunge.com\/sv\/grupper\/","name":"Inkvartering f\u00f6r grupper - Hus Hotell Hunge","isPartOf":{"@id":"https:\/\/hushotellhunge.com\/sv\/#website"},"datePublished":"2022-03-12T11:48:04+00:00","dateModified":"2022-06-11T10:04:59+00:00","breadcrumb":{"@id":"https:\/\/hushotellhunge.com\/sv\/grupper\/#breadcrumb"},"inLanguage":"sv-SE","potentialAction":[{"@type":"ReadAction","target":["https:\/\/hushotellhunge.com\/sv\/grupper\/"]}]},{"@type":"BreadcrumbList","@id":"https:\/\/hushotellhunge.com\/sv\/grupper\/#breadcrumb","itemListElement":[{"@type":"ListItem","position":1,"name":"Home","item":"https:\/\/hushotellhunge.com\/sv\/"},{"@type":"ListItem","position":2,"name":"Inkvartering f\u00f6r grupper"}]},{"@type":"WebSite","@id":"https:\/\/hushotellhunge.com\/sv\/#website","url":"https:\/\/hushotellhunge.com\/sv\/","name":"Hus Hotell Hunge","description":"Meet &amp; Adventure","publisher":{"@id":"https:\/\/hushotellhunge.com\/sv\/#organization"},"potentialAction":[{"@type":"SearchAction","target":{"@type":"EntryPoint","urlTemplate":"https:\/\/hushotellhunge.com\/sv\/?s={search_term_string}"},"query-input":{"@type":"PropertyValueSpecification","valueRequired":true,"valueName":"search_term_string"}}],"inLanguage":"sv-SE"},{"@type":"Organization","@id":"https:\/\/hushotellhunge.com\/sv\/#organization","name":"Hus Hotell Hunge","url":"https:\/\/hushotellhunge.com\/sv\/","logo":{"@type":"ImageObject","inLanguage":"sv-SE","@id":"https:\/\/hushotellhunge.com\/sv\/#\/schema\/logo\/image\/","url":"https:\/\/hushotellhunge.com\/wp-content\/uploads\/2022\/01\/Hus-Hotell-Hunge-logo-header.png","contentUrl":"https:\/\/hushotellhunge.com\/wp-content\/uploads\/2022\/01\/Hus-Hotell-Hunge-logo-header.png","width":482,"height":302,"caption":"Hus Hotell Hunge"},"image":{"@id":"https:\/\/hushotellhunge.com\/sv\/#\/schema\/logo\/image\/"}}]}},"_links":{"self":[{"href":"https:\/\/hushotellhunge.com\/sv\/wp-json\/wp\/v2\/pages\/2189","targetHints":{"allow":["GET"]}}],"collection":[{"href":"https:\/\/hushotellhunge.com\/sv\/wp-json\/wp\/v2\/pages"}],"about":[{"href":"https:\/\/hushotellhunge.com\/sv\/wp-json\/wp\/v2\/types\/page"}],"author":[{"embeddable":true,"href":"https:\/\/hushotellhunge.com\/sv\/wp-json\/wp\/v2\/users\/1"}],"replies":[{"embeddable":true,"href":"https:\/\/hushotellhunge.com\/sv\/wp-json\/wp\/v2\/comments?post=2189"}],"version-history":[{"count":5,"href":"https:\/\/hushotellhunge.com\/sv\/wp-json\/wp\/v2\/pages\/2189\/revisions"}],"predecessor-version":[{"id":2386,"href":"https:\/\/hushotellhunge.com\/sv\/wp-json\/wp\/v2\/pages\/2189\/revisions\/2386"}],"wp:attachment":[{"href":"https:\/\/hushotellhunge.com\/sv\/wp-json\/wp\/v2\/media?parent=2189"}],"curies":[{"name":"wp","href":"https:\/\/api.w.org\/{rel}","templated":true}]}}