{"id":2196,"date":"2022-01-27T11:45:22","date_gmt":"2022-01-27T10:45:22","guid":{"rendered":"https:\/\/hushotellhunge.com\/om-oss\/"},"modified":"2023-03-21T16:22:04","modified_gmt":"2023-03-21T15:22:04","slug":"om-oss","status":"publish","type":"page","link":"https:\/\/hushotellhunge.com\/sv\/om-oss\/","title":{"rendered":"Om oss"},"content":{"rendered":"<div class=\"wpb-content-wrapper\"><p>[vc_section full_width=&#8221;stretch_row&#8221; content_placement=&#8221;middle&#8221; css=&#8221;.vc_custom_1649064882326{background-image: url(https:\/\/hushotellhunge.com\/wp-content\/uploads\/2022\/04\/IMG_0742-scaled.jpg?id=1294) !important;background-position: center !important;background-repeat: no-repeat !important;background-size: cover !important;}&#8221; el_class=&#8221;topfoto&#8221;][vc_row css=&#8221;.vc_custom_1649082049442{padding-bottom: 15px !important;}&#8221;][vc_column width=&#8221;2\/5&#8243; el_class=&#8221;titelbloktrans&#8221;][vc_column_text]<\/p>\n<h1>Om oss<\/h1>\n<p>[\/vc_column_text][vc_column_text el_class=&#8221;introtekst&#8221;]M\u00f6ten, \u00e4ventyr och naturupplevelser<\/p>\n<p>Den vackra svenska naturen ger oss frid, vare sig vi vill eller inte. Under alla \u00e5rstider njuter vi av den unika naturen i J\u00e4mtland och de m\u00e5nga aktiviteterna som vandring, hundvandring, cykling, kanotpaddling, fiske, simning, mountainbike, skid\u00e5kning i skidtunnel, isfiske, l\u00e4ngdskid\u00e5kning, hundspann, sn\u00f6skotertur, l\u00e4gereld, och inte att f\u00f6rgl\u00f6mma svenska fikor.<\/p>\n<p>V\u00e5rt motto \u00e4r m\u00f6te och \u00e4ventyr, vilket i Hunge \u00e4r oskiljaktigt fr\u00e5n den intensiva naturupplevelsen. Vi vill v\u00e4lkomna dig och hj\u00e4lpa dig att g\u00f6ra din vistelse p\u00e5 Hus Hotell Hunge till ett speciellt minne.<\/p>\n<p>Hus Hotell Hunge \u00e4r ocks\u00e5 l\u00e4mpligt f\u00f6r funktionshindrade och grupper p\u00e5 upp till 24 personer.[\/vc_column_text][\/vc_column][vc_column width=&#8221;3\/5&#8243; offset=&#8221;vc_col-lg-4 vc_col-md-4 vc_col-xs-12&#8243; css=&#8221;.vc_custom_1649081895375{margin-bottom: 20px !important;}&#8221;][\/vc_column][\/vc_row][\/vc_section][vc_section full_width=&#8221;stretch_row&#8221; el_class=&#8221;tekstafbstrook&#8221;][vc_row gap=&#8221;35&#8243; equal_height=&#8221;yes&#8221; content_placement=&#8221;middle&#8221;][vc_column width=&#8221;1\/2&#8243;][vc_column_text]<\/p>\n<h3>Dream it<\/h3>\n<p>Naturen har alltid fascinerat oss b\u00e5da och vi kan verkligen njuta av den. Tystnaden och den or\u00f6rda naturen \u00e4r dock alltmer s\u00e4llsynt i Nederl\u00e4nderna.<\/p>\n<p>I februari 2020 best\u00e4mde vi oss f\u00f6r att b\u00f6rja utforska hur vi kan b\u00f6rja forma en m\u00f6jlig gemensam dr\u00f6m. Genom att be tillsammans b\u00f6rjade vi g\u00e5 denna uppt\u00e4cktsresa f\u00f6rsiktigt och strukturerat. Vi b\u00f6rjade coacha Dream Place Academy i b\u00f6rjan av 2020 och Joshua &amp; Kaleb v\u00e5ren 2021. P\u00e5 v\u00e4g mot att eventuellt omdefiniera v\u00e5ra liv. Den h\u00e4r uppt\u00e4cktsresan var bara att njuta och v\u00e4xa tillsammans.<\/p>\n<p>Vi b\u00f6rjade v\u00e5rt \u00e4ktenskap med en smekm\u00e5nad via Sverige till Nordkap och tillbaka via Norge. Utan att d\u00e5 veta att vi 25 \u00e5r senare skulle bo, arbeta och njuta av detta vackra land h\u00e4r. \u00c5r 2015, efter att ha bes\u00f6kt emigration och scandinavia fair, tog vi en husbilsresa i s\u00f6dra och mellersta Sverige med v\u00e5ra tv\u00e5 pojkar. Med likas\u00e5 i bakhuvudet fortfarande \u00f6nskan att emigrera. P\u00e5 grund av v\u00e5ra pojkars \u00e5lder beslutade vi sedan att inte ta detta steg \u00e4nnu. I februari 2020 hyrde vi en stuga i n\u00e4rheten av S\u00e4len och upplevde vinter\u00e4ventyr tillsammans. S\u00e5 h\u00e4ftigt det var och bekr\u00e4ftade v\u00e5r emigrationsplan. Det \u00e4r verkligen v\u00e4ldigt vackert i Sverige p\u00e5 vintern. Vi vill uppleva och leva mer av det.[\/vc_column_text][\/vc_column][vc_column width=&#8221;1\/2&#8243;][vc_single_image image=&#8221;183&#8243; img_size=&#8221;full&#8221;][\/vc_column][\/vc_row][\/vc_section][vc_section full_width=&#8221;stretch_row&#8221; content_placement=&#8221;middle&#8221; el_class=&#8221;rondfotolichtgroen rondfoto&#8221;][vc_row gap=&#8221;35&#8243; equal_height=&#8221;yes&#8221; content_placement=&#8221;middle&#8221;][vc_column width=&#8221;1\/3&#8243;][vc_single_image image=&#8221;497&#8243; img_size=&#8221;500 x 500&#8243; alignment=&#8221;right&#8221; style=&#8221;vc_box_border_circle&#8221; border_color=&#8221;white&#8221; el_class=&#8221;afbrond&#8221;][\/vc_column][vc_column width=&#8221;2\/3&#8243;][vc_column_text]<\/p>\n<h3>Build it<\/h3>\n<p>Efter 33 \u00e5rs arbete p\u00e5 ett brandskyddsf\u00f6retag och en utbr\u00e4ndhet 2017 var jag redo f\u00f6r n\u00e5got annat, <strong>n\u00e5got nytt<\/strong>. Jag hade fortfarande lite tid kvar innan jag skulle g\u00e5 i pension och tillsammans b\u00f6rjade vi st\u00e4lla oss fr\u00e5gan allt oftare: Kommer vi att <strong>\u00e4ndra kurs<\/strong>? Nu eller aldrig?<\/p>\n<p>Min <strong>passion <\/strong>\u00e4r teknik och facilitering. En bra kombination f\u00f6r att driva ett pensionat.<\/p>\n<p>Det h\u00e4r \u00e4r ett \u00e4ventyr som vi har gett oss ut p\u00e5 tillsammans, med m\u00e5nga utmaningar!<\/p>\n<h3><\/h3>\n<p>[\/vc_column_text][\/vc_column][\/vc_row][\/vc_section][vc_section full_width=&#8221;stretch_row&#8221; content_placement=&#8221;middle&#8221; el_class=&#8221;rondfotodonkergroen rondfoto&#8221;][vc_row gap=&#8221;35&#8243; equal_height=&#8221;yes&#8221; rtl_reverse=&#8221;yes&#8221; content_placement=&#8221;middle&#8221;][vc_column width=&#8221;2\/3&#8243;][vc_column_text]<\/p>\n<h3>Grow it<\/h3>\n<p>Som ung flicka trodde jag att det skulle vara fantastiskt att driva en campingplats. Jag var alltid upptagen av semestergl\u00e4dje och lycka, men det blev aldrig av.<\/p>\n<p>Efter 27 \u00e5rs arbete p\u00e5 kommunen i olika befattningar bubblade min \u00f6nskan om att driva en campingplats\/g\u00e4stebostad upp f\u00f6r femtioelfte g\u00e5ngen. Vi best\u00e4mmer oss f\u00f6r att p\u00e5b\u00f6rja denna resa tillsammans. Kanske utan att \u00e4nnu veta vad vi alla skulle l\u00e4mna bakom oss. Men \u00e4ven det \u00e4r en del av \u00e4ventyret.<\/p>\n<p>V\u00e5r gemensamma \u00f6nskan \u00e4r att driva ett g\u00e4sthus f\u00f6r <strong>aktiva vilos\u00f6kare<\/strong>, <strong>familjer<\/strong> och<strong> temaveckor med likasinnade<\/strong>. Det st\u00e5r klart f\u00f6r oss b\u00e5da \u00e5r 2021: <strong>Ja, vi k\u00f6r!<\/strong>[\/vc_column_text][\/vc_column][vc_column width=&#8221;1\/3&#8243;][vc_single_image image=&#8221;493&#8243; img_size=&#8221;500 x 500&#8243; alignment=&#8221;right&#8221; style=&#8221;vc_box_border_circle&#8221; border_color=&#8221;white&#8221; el_class=&#8221;afbrondrechts&#8221;][\/vc_column][\/vc_row][\/vc_section]<\/p>\n<\/div>","protected":false},"excerpt":{"rendered":"<p>[vc_section full_width=&#8221;stretch_row&#8221; content_placement=&#8221;middle&#8221; css=&#8221;.vc_custom_1649064882326{background-image: url(https:\/\/hushotellhunge.com\/wp-content\/uploads\/2022\/04\/IMG_0742-scaled.jpg?id=1294) !important;background-position: center !important;background-repeat: no-repeat !important;background-size: cover !important;}&#8221; el_class=&#8221;topfoto&#8221;][vc_row css=&#8221;.vc_custom_1649082049442{padding-bottom: 15px !important;}&#8221;][vc_column width=&#8221;2\/5&#8243; el_class=&#8221;titelbloktrans&#8221;][vc_column_text] Om oss [\/vc_column_text][vc_column_text el_class=&#8221;introtekst&#8221;]M\u00f6ten, \u00e4ventyr och naturupplevelser Den vackra svenska naturen ger oss frid, vare sig vi vill eller inte. Under alla \u00e5rstider njuter vi av den unika naturen i J\u00e4mtland och de m\u00e5nga aktiviteterna som vandring, [&hellip;]<\/p>\n","protected":false},"author":2,"featured_media":0,"parent":0,"menu_order":0,"comment_status":"closed","ping_status":"closed","template":"","meta":{"_acf_changed":false,"footnotes":""},"class_list":["post-2196","page","type-page","status-publish","hentry"],"acf":[],"yoast_head":"<!-- This site is optimized with the Yoast SEO plugin v27.0 - https:\/\/yoast.com\/product\/yoast-seo-wordpress\/ -->\n<title>Om oss - Hus Hotell Hunge<\/title>\n<meta name=\"robots\" content=\"index, follow, max-snippet:-1, max-image-preview:large, max-video-preview:-1\" \/>\n<link rel=\"canonical\" href=\"https:\/\/hushotellhunge.com\/sv\/om-oss\/\" \/>\n<meta property=\"og:locale\" content=\"sv_SE\" \/>\n<meta property=\"og:type\" content=\"article\" \/>\n<meta property=\"og:title\" content=\"Om oss - Hus Hotell Hunge\" \/>\n<meta property=\"og:description\" content=\"[vc_section full_width=&#8221;stretch_row&#8221; content_placement=&#8221;middle&#8221; css=&#8221;.vc_custom_1649064882326{background-image: url(https:\/\/hushotellhunge.com\/wp-content\/uploads\/2022\/04\/IMG_0742-scaled.jpg?id=1294) !important;background-position: center !important;background-repeat: no-repeat !important;background-size: cover !important;}&#8221; el_class=&#8221;topfoto&#8221;][vc_row css=&#8221;.vc_custom_1649082049442{padding-bottom: 15px !important;}&#8221;][vc_column width=&#8221;2\/5&#8243; el_class=&#8221;titelbloktrans&#8221;][vc_column_text] Om oss [\/vc_column_text][vc_column_text el_class=&#8221;introtekst&#8221;]M\u00f6ten, \u00e4ventyr och naturupplevelser Den vackra svenska naturen ger oss frid, vare sig vi vill eller inte. Under alla \u00e5rstider njuter vi av den unika naturen i J\u00e4mtland och de m\u00e5nga aktiviteterna som vandring, [&hellip;]\" \/>\n<meta property=\"og:url\" content=\"https:\/\/hushotellhunge.com\/sv\/om-oss\/\" \/>\n<meta property=\"og:site_name\" content=\"Hus Hotell Hunge\" \/>\n<meta property=\"article:modified_time\" content=\"2023-03-21T15:22:04+00:00\" \/>\n<meta name=\"twitter:card\" content=\"summary_large_image\" \/>\n<meta name=\"twitter:label1\" content=\"Ber\u00e4knad l\u00e4stid\" \/>\n\t<meta name=\"twitter:data1\" content=\"3 minuter\" \/>\n<script type=\"application\/ld+json\" class=\"yoast-schema-graph\">{\"@context\":\"https:\/\/schema.org\",\"@graph\":[{\"@type\":\"WebPage\",\"@id\":\"https:\/\/hushotellhunge.com\/sv\/om-oss\/\",\"url\":\"https:\/\/hushotellhunge.com\/sv\/om-oss\/\",\"name\":\"Om oss - Hus Hotell Hunge\",\"isPartOf\":{\"@id\":\"https:\/\/hushotellhunge.com\/sv\/#website\"},\"datePublished\":\"2022-01-27T10:45:22+00:00\",\"dateModified\":\"2023-03-21T15:22:04+00:00\",\"breadcrumb\":{\"@id\":\"https:\/\/hushotellhunge.com\/sv\/om-oss\/#breadcrumb\"},\"inLanguage\":\"sv-SE\",\"potentialAction\":[{\"@type\":\"ReadAction\",\"target\":[\"https:\/\/hushotellhunge.com\/sv\/om-oss\/\"]}]},{\"@type\":\"BreadcrumbList\",\"@id\":\"https:\/\/hushotellhunge.com\/sv\/om-oss\/#breadcrumb\",\"itemListElement\":[{\"@type\":\"ListItem\",\"position\":1,\"name\":\"Home\",\"item\":\"https:\/\/hushotellhunge.com\/sv\/\"},{\"@type\":\"ListItem\",\"position\":2,\"name\":\"Om oss\"}]},{\"@type\":\"WebSite\",\"@id\":\"https:\/\/hushotellhunge.com\/sv\/#website\",\"url\":\"https:\/\/hushotellhunge.com\/sv\/\",\"name\":\"Hus Hotell Hunge\",\"description\":\"Meet &amp; Adventure\",\"publisher\":{\"@id\":\"https:\/\/hushotellhunge.com\/sv\/#organization\"},\"potentialAction\":[{\"@type\":\"SearchAction\",\"target\":{\"@type\":\"EntryPoint\",\"urlTemplate\":\"https:\/\/hushotellhunge.com\/sv\/?s={search_term_string}\"},\"query-input\":{\"@type\":\"PropertyValueSpecification\",\"valueRequired\":true,\"valueName\":\"search_term_string\"}}],\"inLanguage\":\"sv-SE\"},{\"@type\":\"Organization\",\"@id\":\"https:\/\/hushotellhunge.com\/sv\/#organization\",\"name\":\"Hus Hotell Hunge\",\"url\":\"https:\/\/hushotellhunge.com\/sv\/\",\"logo\":{\"@type\":\"ImageObject\",\"inLanguage\":\"sv-SE\",\"@id\":\"https:\/\/hushotellhunge.com\/sv\/#\/schema\/logo\/image\/\",\"url\":\"https:\/\/hushotellhunge.com\/wp-content\/uploads\/2022\/01\/Hus-Hotell-Hunge-logo-header.png\",\"contentUrl\":\"https:\/\/hushotellhunge.com\/wp-content\/uploads\/2022\/01\/Hus-Hotell-Hunge-logo-header.png\",\"width\":482,\"height\":302,\"caption\":\"Hus Hotell Hunge\"},\"image\":{\"@id\":\"https:\/\/hushotellhunge.com\/sv\/#\/schema\/logo\/image\/\"}}]}<\/script>\n<!-- \/ Yoast SEO plugin. -->","yoast_head_json":{"title":"Om oss - Hus Hotell Hunge","robots":{"index":"index","follow":"follow","max-snippet":"max-snippet:-1","max-image-preview":"max-image-preview:large","max-video-preview":"max-video-preview:-1"},"canonical":"https:\/\/hushotellhunge.com\/sv\/om-oss\/","og_locale":"sv_SE","og_type":"article","og_title":"Om oss - Hus Hotell Hunge","og_description":"[vc_section full_width=&#8221;stretch_row&#8221; content_placement=&#8221;middle&#8221; css=&#8221;.vc_custom_1649064882326{background-image: url(https:\/\/hushotellhunge.com\/wp-content\/uploads\/2022\/04\/IMG_0742-scaled.jpg?id=1294) !important;background-position: center !important;background-repeat: no-repeat !important;background-size: cover !important;}&#8221; el_class=&#8221;topfoto&#8221;][vc_row css=&#8221;.vc_custom_1649082049442{padding-bottom: 15px !important;}&#8221;][vc_column width=&#8221;2\/5&#8243; el_class=&#8221;titelbloktrans&#8221;][vc_column_text] Om oss [\/vc_column_text][vc_column_text el_class=&#8221;introtekst&#8221;]M\u00f6ten, \u00e4ventyr och naturupplevelser Den vackra svenska naturen ger oss frid, vare sig vi vill eller inte. Under alla \u00e5rstider njuter vi av den unika naturen i J\u00e4mtland och de m\u00e5nga aktiviteterna som vandring, [&hellip;]","og_url":"https:\/\/hushotellhunge.com\/sv\/om-oss\/","og_site_name":"Hus Hotell Hunge","article_modified_time":"2023-03-21T15:22:04+00:00","twitter_card":"summary_large_image","twitter_misc":{"Ber\u00e4knad l\u00e4stid":"3 minuter"},"schema":{"@context":"https:\/\/schema.org","@graph":[{"@type":"WebPage","@id":"https:\/\/hushotellhunge.com\/sv\/om-oss\/","url":"https:\/\/hushotellhunge.com\/sv\/om-oss\/","name":"Om oss - Hus Hotell Hunge","isPartOf":{"@id":"https:\/\/hushotellhunge.com\/sv\/#website"},"datePublished":"2022-01-27T10:45:22+00:00","dateModified":"2023-03-21T15:22:04+00:00","breadcrumb":{"@id":"https:\/\/hushotellhunge.com\/sv\/om-oss\/#breadcrumb"},"inLanguage":"sv-SE","potentialAction":[{"@type":"ReadAction","target":["https:\/\/hushotellhunge.com\/sv\/om-oss\/"]}]},{"@type":"BreadcrumbList","@id":"https:\/\/hushotellhunge.com\/sv\/om-oss\/#breadcrumb","itemListElement":[{"@type":"ListItem","position":1,"name":"Home","item":"https:\/\/hushotellhunge.com\/sv\/"},{"@type":"ListItem","position":2,"name":"Om oss"}]},{"@type":"WebSite","@id":"https:\/\/hushotellhunge.com\/sv\/#website","url":"https:\/\/hushotellhunge.com\/sv\/","name":"Hus Hotell Hunge","description":"Meet &amp; Adventure","publisher":{"@id":"https:\/\/hushotellhunge.com\/sv\/#organization"},"potentialAction":[{"@type":"SearchAction","target":{"@type":"EntryPoint","urlTemplate":"https:\/\/hushotellhunge.com\/sv\/?s={search_term_string}"},"query-input":{"@type":"PropertyValueSpecification","valueRequired":true,"valueName":"search_term_string"}}],"inLanguage":"sv-SE"},{"@type":"Organization","@id":"https:\/\/hushotellhunge.com\/sv\/#organization","name":"Hus Hotell Hunge","url":"https:\/\/hushotellhunge.com\/sv\/","logo":{"@type":"ImageObject","inLanguage":"sv-SE","@id":"https:\/\/hushotellhunge.com\/sv\/#\/schema\/logo\/image\/","url":"https:\/\/hushotellhunge.com\/wp-content\/uploads\/2022\/01\/Hus-Hotell-Hunge-logo-header.png","contentUrl":"https:\/\/hushotellhunge.com\/wp-content\/uploads\/2022\/01\/Hus-Hotell-Hunge-logo-header.png","width":482,"height":302,"caption":"Hus Hotell Hunge"},"image":{"@id":"https:\/\/hushotellhunge.com\/sv\/#\/schema\/logo\/image\/"}}]}},"_links":{"self":[{"href":"https:\/\/hushotellhunge.com\/sv\/wp-json\/wp\/v2\/pages\/2196","targetHints":{"allow":["GET"]}}],"collection":[{"href":"https:\/\/hushotellhunge.com\/sv\/wp-json\/wp\/v2\/pages"}],"about":[{"href":"https:\/\/hushotellhunge.com\/sv\/wp-json\/wp\/v2\/types\/page"}],"author":[{"embeddable":true,"href":"https:\/\/hushotellhunge.com\/sv\/wp-json\/wp\/v2\/users\/2"}],"replies":[{"embeddable":true,"href":"https:\/\/hushotellhunge.com\/sv\/wp-json\/wp\/v2\/comments?post=2196"}],"version-history":[{"count":9,"href":"https:\/\/hushotellhunge.com\/sv\/wp-json\/wp\/v2\/pages\/2196\/revisions"}],"predecessor-version":[{"id":3878,"href":"https:\/\/hushotellhunge.com\/sv\/wp-json\/wp\/v2\/pages\/2196\/revisions\/3878"}],"wp:attachment":[{"href":"https:\/\/hushotellhunge.com\/sv\/wp-json\/wp\/v2\/media?parent=2196"}],"curies":[{"name":"wp","href":"https:\/\/api.w.org\/{rel}","templated":true}]}}