{"id":2743,"date":"2023-02-04T22:07:24","date_gmt":"2023-02-04T21:07:24","guid":{"rendered":"https:\/\/hushotellhunge.com\/?page_id=2743"},"modified":"2025-01-14T15:02:03","modified_gmt":"2025-01-14T14:02:03","slug":"hunge-winter-experience","status":"publish","type":"page","link":"https:\/\/hushotellhunge.com\/sv\/verksamheter\/hunge-winter-experience\/","title":{"rendered":"Hunge Winter Experience"},"content":{"rendered":"<div class=\"wpb-content-wrapper\"><p>[vc_section full_width=&#8221;stretch_row&#8221; content_placement=&#8221;middle&#8221; css=&#8221;.vc_custom_1699361175273{background-image: url(https:\/\/hushotellhunge.com\/wp-content\/uploads\/2023\/10\/IMG_0392-scaled.jpg?id=9374) !important;background-position: center !important;background-repeat: no-repeat !important;background-size: cover !important;}&#8221; el_class=&#8221;topfoto bodem&#8221;][vc_row][vc_column width=&#8221;1\/2&#8243; el_class=&#8221;titelbloktrans&#8221;][vc_column_text]<\/p>\n<h1>Hunge Winter Experience<\/h1>\n<p>Sl\u00e4dhundar, sn\u00f6skotrar, ett fruset landskap och naturligtvis norrsken \u00e4r saker som st\u00e5r h\u00f6gt upp p\u00e5 m\u00e5ngas \u00f6nskelista, och det med r\u00e4tta![\/vc_column_text][\/vc_column][vc_column width=&#8221;1\/2&#8243;][vc_btn title=&#8221;Anm\u00e4l dig&#8221; css=&#8221;&#8221; link=&#8221;url:%23Row_winter_programma_NL|&#8221;][\/vc_column][\/vc_row][\/vc_section][vc_row][vc_column][vc_empty_space height=&#8221;64px&#8221;][\/vc_column][\/vc_row][vc_row][vc_column][vc_video link=&#8221;https:\/\/www.youtube.com\/watch?v=0ssVcntpRSM&#8221;][\/vc_column][\/vc_row][vc_section full_width=&#8221;stretch_row&#8221; content_placement=&#8221;middle&#8221; el_class=&#8221;rondfotolichtgroen rondfoto kleurdoorlopend&#8221;][vc_row gap=&#8221;35&#8243; equal_height=&#8221;yes&#8221; content_placement=&#8221;middle&#8221;][vc_column width=&#8221;4\/12&#8243;][vc_column_text css=&#8221;&#8221; el_class=&#8221;introtekst&#8221;]<\/p>\n<h3>6-dagars paket inkl.<\/h3>\n<p>4-12 deltagare<\/p>\n<ul>\n<li>\u00d6vernattning<\/li>\n<li>Sn\u00f6skotertur med guide, halvdag<\/li>\n<li>Hundsl\u00e4destur 2,5 timmar inklusive fika<\/li>\n<li>Isfiske en g\u00e5ng, inklusive utrustning<\/li>\n<li>Kv\u00e4llspromenad med facklor<\/li>\n<li>Anv\u00e4nd spark och sn\u00f6skor<\/li>\n<li>Alla m\u00e5ltider<\/li>\n<\/ul>\n<div class=\"wpb_text_column wpb_content_element \">\n<div class=\"wpb_wrapper\">\n<h3>Val av alternativ dag ing\u00e5r inte:<\/h3>\n<ul>\n<li>Aktiviteter enligt \u00f6verenskommelse<\/li>\n<\/ul>\n<\/div>\n<\/div>\n<p>[\/vc_column_text][\/vc_column][vc_column width=&#8221;5\/12&#8243;][vc_column_text]<\/p>\n<h3>Exklusivt:<\/h3>\n<ul>\n<li>Ta sig till och fr\u00e5n Hus Hotell Hunge<\/li>\n<li>Kl\u00e4der<\/li>\n<li>Alkoholhaltiga drycker<\/li>\n<li>Garanti f\u00f6r norrsken<\/li>\n<li>Sn\u00f6skotrar mer \u00e4n 10 000 SEK<\/li>\n<\/ul>\n<p>[\/vc_column_text][acf_vc_integrator get_field_data_from=&#8221;&#8221; field_group=&#8221;8549&#8243; field_from_8549=&#8221;field_64d373f157ce5&#8243; show_label=&#8221;custom_label_yes_no&#8221; align=&#8221;default&#8221; gallery_columns=&#8221;1&#8243; gm_show_placecard=&#8221;default&#8221; gm_map_type_control=&#8221;default&#8221; gm_fullscreen_control=&#8221;default&#8221; gm_street_view_control=&#8221;default&#8221; gm_zoom_control=&#8221;default&#8221; gm_scale=&#8221;default&#8221; field_from_8807=&#8221;field_64df274711db7&#8243; hidden_field_name=&#8221;Prijs_6_daagse_SEK&#8221; custom_label=&#8221;<\/p>\n<h2>&#8221;][acf_vc_integrator get_field_data_from=&#8221;&#8221; field_group=&#8221;8549&#8243; field_from_8549=&#8221;field_64df3278861ea&#8221; show_label=&#8221;custom_label_yes_no&#8221; align=&#8221;default&#8221; gallery_columns=&#8221;1&#8243; gm_show_placecard=&#8221;default&#8221; gm_map_type_control=&#8221;default&#8221; gm_fullscreen_control=&#8221;default&#8221; gm_street_view_control=&#8221;default&#8221; gm_zoom_control=&#8221;default&#8221; gm_scale=&#8221;default&#8221; hidden_field_name=&#8221;Prijs_6_daagse_Euro&#8221; custom_label=&#8221;<\/h2>\n<h3>&#8221;][vc_column_text css=&#8221;&#8221;](g\u00e4ller endast f\u00f6r bokningar under perioden 5-1-2025 till 30-3-2025)[\/vc_column_text][\/vc_column][vc_column width=&#8221;3\/12&#8243;][vc_single_image image=&#8221;10572&#8243; img_size=&#8221;500 x 500&#8243; alignment=&#8221;right&#8221; style=&#8221;vc_box_border_circle&#8221; border_color=&#8221;white&#8221; css=&#8221;&#8221; el_class=&#8221;afbrondrechts&#8221;][\/vc_column][\/vc_row][\/vc_section][vc_section full_width=&#8221;stretch_row&#8221; content_placement=&#8221;middle&#8221; el_class=&#8221;rondfotolichtgroen rondfoto&#8221;][vc_row gap=&#8221;35&#8243; equal_height=&#8221;yes&#8221; content_placement=&#8221;middle&#8221;][vc_column width=&#8221;4\/12&#8243;][vc_single_image image=&#8221;11193&#8243; img_size=&#8221;500 x 500&#8243; alignment=&#8221;right&#8221; style=&#8221;vc_box_border_circle&#8221; border_color=&#8221;white&#8221; css=&#8221;&#8221; el_class=&#8221;afbrond&#8221;][\/vc_column][vc_column width=&#8221;4\/12&#8243;][vc_column_text css=&#8221;&#8221; el_class=&#8221;introtekst&#8221;]<\/h3>\n<h3>8-dagars paket<\/h3>\n<p>4-12 deltagare<\/p>\n<ul>\n<li>\u00d6vernattning<\/li>\n<li>Sn\u00f6skotertur 2x halvdag med guide<\/li>\n<li>Hundsl\u00e4destur 2,5 timmar inklusive fika<\/li>\n<li>Isfiske, inklusive utrustning<\/li>\n<li>Kv\u00e4llspromenad med facklor<\/li>\n<li>Anv\u00e4ndning av gnistor och sn\u00f6skor<\/li>\n<li>Alla m\u00e5ltider<\/li>\n<\/ul>\n<div class=\"wpb_text_column wpb_content_element \">\n<div class=\"wpb_wrapper\">\n<h3>Valm\u00f6jligheter dag (ing\u00e5r inte):<\/h3>\n<ul>\n<li>Aktiviteter enligt \u00f6verenskommelse<\/li>\n<\/ul>\n<\/div>\n<\/div>\n<p>[\/vc_column_text][\/vc_column][vc_column width=&#8221;4\/12&#8243;][vc_column_text el_class=&#8221;introtekst&#8221;]<\/p>\n<h3>Exklusivt:<\/h3>\n<ul>\n<li>Ta sig till och fr\u00e5n Hus Hotell Hunge<\/li>\n<li>Kl\u00e4der<\/li>\n<li>Alkoholhaltiga drycker<\/li>\n<li>Garanti f\u00f6r norrsken<\/li>\n<li>Sn\u00f6skotrar mer \u00e4n 10 000 SEK<\/li>\n<\/ul>\n<p>[\/vc_column_text][acf_vc_integrator get_field_data_from=&#8221;&#8221; field_group=&#8221;8549&#8243; field_from_8549=&#8221;field_64df346fbce5f&#8221; show_label=&#8221;custom_label_yes_no&#8221; align=&#8221;default&#8221; gallery_columns=&#8221;1&#8243; gm_show_placecard=&#8221;default&#8221; gm_map_type_control=&#8221;default&#8221; gm_fullscreen_control=&#8221;default&#8221; gm_street_view_control=&#8221;default&#8221; gm_zoom_control=&#8221;default&#8221; gm_scale=&#8221;default&#8221; hidden_field_name=&#8221;Prijs_8_daagse_SEK&#8221; custom_label=&#8221;<\/p>\n<h2>&#8221;][acf_vc_integrator get_field_data_from=&#8221;&#8221; field_group=&#8221;8549&#8243; field_from_8549=&#8221;field_64df365241f46&#8243; show_label=&#8221;custom_label&#8221; align=&#8221;default&#8221; gallery_columns=&#8221;1&#8243; gm_show_placecard=&#8221;default&#8221; gm_map_type_control=&#8221;default&#8221; gm_fullscreen_control=&#8221;default&#8221; gm_street_view_control=&#8221;default&#8221; gm_zoom_control=&#8221;default&#8221; gm_scale=&#8221;default&#8221; hidden_field_name=&#8221;Prijs_8_daagse_Euro&#8221; el_class=&#8221;<\/h2>\n<h3>&#8221; custom_label=&#8221;<\/h3>\n<h3>&#8221;][vc_column_text css=&#8221;&#8221;](g\u00e4ller endast f\u00f6r bokningar under perioden 5-1-2025 till 30-3-2025)[\/vc_column_text][\/vc_column][\/vc_row][\/vc_section][vc_row][vc_column width=&#8221;2\/3&#8243;][vc_column_text]<\/h3>\n<h3 id=\"h-ViharordnatresegarantihosKammarkollegiet\" class=\"kam-h2\">Hus Hotell Hunge AB:s resegarantifond hanteras av Visita<\/h3>\n<p class=\"kam-p\"><a href=\"https:\/\/www.kammarkollegiet.se\/engelska\/start\/all-services\/travel-guarantees\/search-travel-guarantees?sv.target=12.1d1e2ffc1677d3e44b9208d8&amp;sv.12.1d1e2ffc1677d3e44b9208d8.route=\/&amp;query=Hus%20hotell%20Hunge&amp;page=0\" target=\"_blank\" rel=\"external noopener\">Kontrollera v\u00e5r resegaranti<\/a><\/p>\n<p class=\"kam-p\"><a href=\"https:\/\/www.kammarkollegiet.se\/4.5c302a991828ff8c1c613f22.html\" target=\"_blank\" rel=\"external noopener\">Beg\u00e4r resegaranti <\/a><\/p>\n<p>[\/vc_column_text][\/vc_column][vc_column width=&#8221;1\/3&#8243;][vc_single_image image=&#8221;3298&#8243; onclick=&#8221;custom_link&#8221; img_link_target=&#8221;_blank&#8221; link=&#8221;https:\/\/visita.se\/&#8221;][\/vc_column][\/vc_row][vc_section full_width=&#8221;stretch_row&#8221; css=&#8221;.vc_custom_1660653724053{margin-bottom: 60px !important;background-image: url(https:\/\/hushotellhunge.com\/wp-content\/uploads\/2022\/08\/Winter-arrangement.jpg?id=2756) !important;background-position: center !important;background-repeat: no-repeat !important;background-size: cover !important;}&#8221;][vc_row el_id=&#8221;Row_winter_programma_NL&#8221;][vc_column][vc_empty_space height=&#8221;64px&#8221;][\/vc_column][\/vc_row][vc_row][vc_column width=&#8221;1\/4&#8243;][\/vc_column][vc_column width=&#8221;1\/2&#8243; el_class=&#8221;titelbloktrans&#8221;][vc_column_text]<\/p>\n<h3>Paket med kontaktformul\u00e4r<\/h3>\n<p>[\/vc_column_text]\n<div class=\"wpcf7 no-js\" id=\"wpcf7-f3336-o1\" lang=\"sv-SE\" dir=\"ltr\" data-wpcf7-id=\"3336\">\n<div class=\"screen-reader-response\"><p role=\"status\" aria-live=\"polite\" aria-atomic=\"true\"><\/p> <ul><\/ul><\/div>\n<form action=\"\/sv\/wp-json\/wp\/v2\/pages\/2743#wpcf7-f3336-o1\" method=\"post\" class=\"wpcf7-form init\" aria-label=\"Kontaktformul\u00e4r\" novalidate=\"novalidate\" data-status=\"init\">\n<fieldset class=\"hidden-fields-container\"><input type=\"hidden\" name=\"_wpcf7\" value=\"3336\" \/><input type=\"hidden\" name=\"_wpcf7_version\" value=\"6.1.5\" \/><input type=\"hidden\" name=\"_wpcf7_locale\" value=\"sv_SE\" \/><input type=\"hidden\" name=\"_wpcf7_unit_tag\" value=\"wpcf7-f3336-o1\" \/><input type=\"hidden\" name=\"_wpcf7_container_post\" value=\"0\" \/><input type=\"hidden\" name=\"_wpcf7_posted_data_hash\" value=\"\" \/><input type=\"hidden\" name=\"_wpcf7_recaptcha_response\" value=\"\" \/>\n<\/fieldset>\n<p>Paket efter eget val:<br \/>\n<span class=\"wpcf7-form-control-wrap\" data-name=\"Arrangement\"><span class=\"wpcf7-form-control wpcf7-radio\"><span class=\"wpcf7-list-item first\"><label><input type=\"radio\" name=\"Arrangement\" value=\"6-dagars\" checked=\"checked\" \/><span class=\"wpcf7-list-item-label\">6-dagars<\/span><\/label><\/span><span class=\"wpcf7-list-item last\"><label><input type=\"radio\" name=\"Arrangement\" value=\"8 dagar\" \/><span class=\"wpcf7-list-item-label\">8 dagar<\/span><\/label><\/span><\/span><\/span>\n<\/p>\n<p>Antal personer (max 12)<br \/>\n<span class=\"wpcf7-form-control-wrap\" data-name=\"Aantal_Personen\"><input class=\"wpcf7-form-control wpcf7-number wpcf7-validates-as-required wpcf7-validates-as-number\" min=\"1\" max=\"12\" aria-required=\"true\" aria-invalid=\"false\" value=\"1\" type=\"number\" name=\"Aantal_Personen\" \/><\/span>\n<\/p>\n<p>Alternativ:<br \/>\n<span class=\"wpcf7-form-control-wrap\" data-name=\"AanvullendeOpties\"><span class=\"wpcf7-form-control wpcf7-checkbox\"><span class=\"wpcf7-list-item first\"><label><input type=\"checkbox\" name=\"AanvullendeOpties[]\" value=\"\u00d6verf\u00f6ringsstation Br\u00e4cke naar Hus Hotell Hunge\" \/><span class=\"wpcf7-list-item-label\">\u00d6verf\u00f6ringsstation Br\u00e4cke naar Hus Hotell Hunge<\/span><\/label><\/span><span class=\"wpcf7-list-item\"><label><input type=\"checkbox\" name=\"AanvullendeOpties[]\" value=\"Transfer Airport \u00c5re \u00d6stersund to Hus Hotell Hunge\" \/><span class=\"wpcf7-list-item-label\">Transfer Airport \u00c5re \u00d6stersund to Hus Hotell Hunge<\/span><\/label><\/span><span class=\"wpcf7-list-item\"><label><input type=\"checkbox\" name=\"AanvullendeOpties[]\" value=\"Sn\u00f6skoter hela dagen\" \/><span class=\"wpcf7-list-item-label\">Sn\u00f6skoter hela dagen<\/span><\/label><\/span><span class=\"wpcf7-list-item last\"><label><input type=\"checkbox\" name=\"AanvullendeOpties[]\" value=\"Aktiviteter enligt \u00f6verenskommelse\" \/><span class=\"wpcf7-list-item-label\">Aktiviteter enligt \u00f6verenskommelse<\/span><\/label><\/span><\/span><\/span>\n<\/p>\n<p><label> Namn:*<br \/>\n<span class=\"wpcf7-form-control-wrap\" data-name=\"your-name\"><input size=\"40\" maxlength=\"400\" class=\"wpcf7-form-control wpcf7-text wpcf7-validates-as-required\" aria-required=\"true\" aria-invalid=\"false\" value=\"\" type=\"text\" name=\"your-name\" \/><\/span> <\/label>\n<\/p>\n<p><label> E-post:*<br \/>\n<span class=\"wpcf7-form-control-wrap\" data-name=\"your-email\"><input size=\"40\" maxlength=\"400\" class=\"wpcf7-form-control wpcf7-email wpcf7-validates-as-required wpcf7-text wpcf7-validates-as-email\" aria-required=\"true\" aria-invalid=\"false\" value=\"\" type=\"email\" name=\"your-email\" \/><\/span> <\/label>\n<\/p>\n<p><label> Telefonnummer:<br \/>\n<span class=\"wpcf7-form-control-wrap\" data-name=\"telefoon\"><input size=\"40\" maxlength=\"400\" class=\"wpcf7-form-control wpcf7-text\" aria-invalid=\"false\" value=\"\" type=\"text\" name=\"telefoon\" \/><\/span> <\/label>\n<\/p>\n<p><label> Fr\u00e5ga eller kommentar:<br \/>\n<span class=\"wpcf7-form-control-wrap\" data-name=\"your-message\"><textarea cols=\"40\" rows=\"10\" maxlength=\"2000\" class=\"wpcf7-form-control wpcf7-textarea\" aria-invalid=\"false\" name=\"your-message\"><\/textarea><\/span> <\/label>\n<\/p>\n<p><input class=\"wpcf7-form-control wpcf7-submit has-spinner bd-button\" type=\"submit\" value=\"skicka\" \/>\n<\/p><p style=\"display: none !important;\" class=\"akismet-fields-container\" data-prefix=\"_wpcf7_ak_\"><label>&#916;<textarea name=\"_wpcf7_ak_hp_textarea\" cols=\"45\" rows=\"8\" maxlength=\"100\"><\/textarea><\/label><input type=\"hidden\" id=\"ak_js_1\" name=\"_wpcf7_ak_js\" value=\"99\"\/><script>document.getElementById( \"ak_js_1\" ).setAttribute( \"value\", ( new Date() ).getTime() );<\/script><\/p><div class=\"wpcf7-response-output\" aria-hidden=\"true\"><\/div>\n<\/form>\n<\/div>\n[\/vc_column][vc_column width=&#8221;1\/4&#8243;][\/vc_column][\/vc_row][vc_row][vc_column][vc_empty_space height=&#8221;64px&#8221;][\/vc_column][\/vc_row][\/vc_section]<\/p>\n<\/div>","protected":false},"excerpt":{"rendered":"<p>[vc_section full_width=&#8221;stretch_row&#8221; content_placement=&#8221;middle&#8221; css=&#8221;.vc_custom_1699361175273{background-image: url(https:\/\/hushotellhunge.com\/wp-content\/uploads\/2023\/10\/IMG_0392-scaled.jpg?id=9374) !important;background-position: center !important;background-repeat: no-repeat !important;background-size: cover !important;}&#8221; el_class=&#8221;topfoto bodem&#8221;][vc_row][vc_column width=&#8221;1\/2&#8243; el_class=&#8221;titelbloktrans&#8221;][vc_column_text] Hunge Winter Experience Sl\u00e4dhundar, sn\u00f6skotrar, ett fruset landskap och naturligtvis norrsken \u00e4r saker som st\u00e5r h\u00f6gt upp p\u00e5 m\u00e5ngas \u00f6nskelista, och det med r\u00e4tta![\/vc_column_text][\/vc_column][vc_column width=&#8221;1\/2&#8243;][vc_btn title=&#8221;Anm\u00e4l dig&#8221; css=&#8221;&#8221; link=&#8221;url:%23Row_winter_programma_NL|&#8221;][\/vc_column][\/vc_row][\/vc_section][vc_row][vc_column][vc_empty_space height=&#8221;64px&#8221;][\/vc_column][\/vc_row][vc_row][vc_column][vc_video link=&#8221;https:\/\/www.youtube.com\/watch?v=0ssVcntpRSM&#8221;][\/vc_column][\/vc_row][vc_section full_width=&#8221;stretch_row&#8221; content_placement=&#8221;middle&#8221; el_class=&#8221;rondfotolichtgroen rondfoto kleurdoorlopend&#8221;][vc_row gap=&#8221;35&#8243; equal_height=&#8221;yes&#8221; content_placement=&#8221;middle&#8221;][vc_column [&hellip;]<\/p>\n","protected":false},"author":1,"featured_media":0,"parent":2044,"menu_order":0,"comment_status":"closed","ping_status":"closed","template":"","meta":{"_acf_changed":false,"footnotes":""},"class_list":["post-2743","page","type-page","status-publish","hentry"],"acf":[],"yoast_head":"<!-- This site is optimized with the Yoast SEO plugin v27.0 - https:\/\/yoast.com\/product\/yoast-seo-wordpress\/ -->\n<title>Hunge Winter Experience - Hus Hotell Hunge<\/title>\n<meta name=\"description\" content=\"Hunge Winter Experience med sl\u00e4dhundstur, sn\u00f6skotersafari, isfiske och kanske norrsken. V\u00e4rd att ta med p\u00e5 listan!\" \/>\n<meta name=\"robots\" content=\"index, follow, max-snippet:-1, max-image-preview:large, max-video-preview:-1\" \/>\n<link rel=\"canonical\" href=\"https:\/\/hushotellhunge.com\/sv\/verksamheter\/hunge-winter-experience\/\" \/>\n<meta property=\"og:locale\" content=\"sv_SE\" \/>\n<meta property=\"og:type\" content=\"article\" \/>\n<meta property=\"og:title\" content=\"Hunge Winter Experience - Hus Hotell Hunge\" \/>\n<meta property=\"og:description\" content=\"Hunge Winter Experience med sl\u00e4dhundstur, sn\u00f6skotersafari, isfiske och kanske norrsken. V\u00e4rd att ta med p\u00e5 listan!\" \/>\n<meta property=\"og:url\" content=\"https:\/\/hushotellhunge.com\/sv\/verksamheter\/hunge-winter-experience\/\" \/>\n<meta property=\"og:site_name\" content=\"Hus Hotell Hunge\" \/>\n<meta property=\"article:modified_time\" content=\"2025-01-14T14:02:03+00:00\" \/>\n<meta name=\"twitter:card\" content=\"summary_large_image\" \/>\n<meta name=\"twitter:label1\" content=\"Ber\u00e4knad l\u00e4stid\" \/>\n\t<meta name=\"twitter:data1\" content=\"2 minuter\" \/>\n<script type=\"application\/ld+json\" class=\"yoast-schema-graph\">{\"@context\":\"https:\/\/schema.org\",\"@graph\":[{\"@type\":\"WebPage\",\"@id\":\"https:\/\/hushotellhunge.com\/sv\/verksamheter\/hunge-winter-experience\/\",\"url\":\"https:\/\/hushotellhunge.com\/sv\/verksamheter\/hunge-winter-experience\/\",\"name\":\"Hunge Winter Experience - Hus Hotell Hunge\",\"isPartOf\":{\"@id\":\"https:\/\/hushotellhunge.com\/sv\/#website\"},\"datePublished\":\"2023-02-04T21:07:24+00:00\",\"dateModified\":\"2025-01-14T14:02:03+00:00\",\"description\":\"Hunge Winter Experience med sl\u00e4dhundstur, sn\u00f6skotersafari, isfiske och kanske norrsken. V\u00e4rd att ta med p\u00e5 listan!\",\"breadcrumb\":{\"@id\":\"https:\/\/hushotellhunge.com\/sv\/verksamheter\/hunge-winter-experience\/#breadcrumb\"},\"inLanguage\":\"sv-SE\",\"potentialAction\":[{\"@type\":\"ReadAction\",\"target\":[\"https:\/\/hushotellhunge.com\/sv\/verksamheter\/hunge-winter-experience\/\"]}]},{\"@type\":\"BreadcrumbList\",\"@id\":\"https:\/\/hushotellhunge.com\/sv\/verksamheter\/hunge-winter-experience\/#breadcrumb\",\"itemListElement\":[{\"@type\":\"ListItem\",\"position\":1,\"name\":\"Home\",\"item\":\"https:\/\/hushotellhunge.com\/sv\/\"},{\"@type\":\"ListItem\",\"position\":2,\"name\":\"Verksamheter\",\"item\":\"https:\/\/hushotellhunge.com\/sv\/verksamheter\/\"},{\"@type\":\"ListItem\",\"position\":3,\"name\":\"Hunge Winter Experience\"}]},{\"@type\":\"WebSite\",\"@id\":\"https:\/\/hushotellhunge.com\/sv\/#website\",\"url\":\"https:\/\/hushotellhunge.com\/sv\/\",\"name\":\"Hus Hotell Hunge\",\"description\":\"Meet &amp; Adventure\",\"publisher\":{\"@id\":\"https:\/\/hushotellhunge.com\/sv\/#organization\"},\"potentialAction\":[{\"@type\":\"SearchAction\",\"target\":{\"@type\":\"EntryPoint\",\"urlTemplate\":\"https:\/\/hushotellhunge.com\/sv\/?s={search_term_string}\"},\"query-input\":{\"@type\":\"PropertyValueSpecification\",\"valueRequired\":true,\"valueName\":\"search_term_string\"}}],\"inLanguage\":\"sv-SE\"},{\"@type\":\"Organization\",\"@id\":\"https:\/\/hushotellhunge.com\/sv\/#organization\",\"name\":\"Hus Hotell Hunge\",\"url\":\"https:\/\/hushotellhunge.com\/sv\/\",\"logo\":{\"@type\":\"ImageObject\",\"inLanguage\":\"sv-SE\",\"@id\":\"https:\/\/hushotellhunge.com\/sv\/#\/schema\/logo\/image\/\",\"url\":\"https:\/\/hushotellhunge.com\/wp-content\/uploads\/2022\/01\/Hus-Hotell-Hunge-logo-header.png\",\"contentUrl\":\"https:\/\/hushotellhunge.com\/wp-content\/uploads\/2022\/01\/Hus-Hotell-Hunge-logo-header.png\",\"width\":482,\"height\":302,\"caption\":\"Hus Hotell Hunge\"},\"image\":{\"@id\":\"https:\/\/hushotellhunge.com\/sv\/#\/schema\/logo\/image\/\"}}]}<\/script>\n<!-- \/ Yoast SEO plugin. -->","yoast_head_json":{"title":"Hunge Winter Experience - Hus Hotell Hunge","description":"Hunge Winter Experience med sl\u00e4dhundstur, sn\u00f6skotersafari, isfiske och kanske norrsken. V\u00e4rd att ta med p\u00e5 listan!","robots":{"index":"index","follow":"follow","max-snippet":"max-snippet:-1","max-image-preview":"max-image-preview:large","max-video-preview":"max-video-preview:-1"},"canonical":"https:\/\/hushotellhunge.com\/sv\/verksamheter\/hunge-winter-experience\/","og_locale":"sv_SE","og_type":"article","og_title":"Hunge Winter Experience - Hus Hotell Hunge","og_description":"Hunge Winter Experience med sl\u00e4dhundstur, sn\u00f6skotersafari, isfiske och kanske norrsken. V\u00e4rd att ta med p\u00e5 listan!","og_url":"https:\/\/hushotellhunge.com\/sv\/verksamheter\/hunge-winter-experience\/","og_site_name":"Hus Hotell Hunge","article_modified_time":"2025-01-14T14:02:03+00:00","twitter_card":"summary_large_image","twitter_misc":{"Ber\u00e4knad l\u00e4stid":"2 minuter"},"schema":{"@context":"https:\/\/schema.org","@graph":[{"@type":"WebPage","@id":"https:\/\/hushotellhunge.com\/sv\/verksamheter\/hunge-winter-experience\/","url":"https:\/\/hushotellhunge.com\/sv\/verksamheter\/hunge-winter-experience\/","name":"Hunge Winter Experience - Hus Hotell Hunge","isPartOf":{"@id":"https:\/\/hushotellhunge.com\/sv\/#website"},"datePublished":"2023-02-04T21:07:24+00:00","dateModified":"2025-01-14T14:02:03+00:00","description":"Hunge Winter Experience med sl\u00e4dhundstur, sn\u00f6skotersafari, isfiske och kanske norrsken. V\u00e4rd att ta med p\u00e5 listan!","breadcrumb":{"@id":"https:\/\/hushotellhunge.com\/sv\/verksamheter\/hunge-winter-experience\/#breadcrumb"},"inLanguage":"sv-SE","potentialAction":[{"@type":"ReadAction","target":["https:\/\/hushotellhunge.com\/sv\/verksamheter\/hunge-winter-experience\/"]}]},{"@type":"BreadcrumbList","@id":"https:\/\/hushotellhunge.com\/sv\/verksamheter\/hunge-winter-experience\/#breadcrumb","itemListElement":[{"@type":"ListItem","position":1,"name":"Home","item":"https:\/\/hushotellhunge.com\/sv\/"},{"@type":"ListItem","position":2,"name":"Verksamheter","item":"https:\/\/hushotellhunge.com\/sv\/verksamheter\/"},{"@type":"ListItem","position":3,"name":"Hunge Winter Experience"}]},{"@type":"WebSite","@id":"https:\/\/hushotellhunge.com\/sv\/#website","url":"https:\/\/hushotellhunge.com\/sv\/","name":"Hus Hotell Hunge","description":"Meet &amp; Adventure","publisher":{"@id":"https:\/\/hushotellhunge.com\/sv\/#organization"},"potentialAction":[{"@type":"SearchAction","target":{"@type":"EntryPoint","urlTemplate":"https:\/\/hushotellhunge.com\/sv\/?s={search_term_string}"},"query-input":{"@type":"PropertyValueSpecification","valueRequired":true,"valueName":"search_term_string"}}],"inLanguage":"sv-SE"},{"@type":"Organization","@id":"https:\/\/hushotellhunge.com\/sv\/#organization","name":"Hus Hotell Hunge","url":"https:\/\/hushotellhunge.com\/sv\/","logo":{"@type":"ImageObject","inLanguage":"sv-SE","@id":"https:\/\/hushotellhunge.com\/sv\/#\/schema\/logo\/image\/","url":"https:\/\/hushotellhunge.com\/wp-content\/uploads\/2022\/01\/Hus-Hotell-Hunge-logo-header.png","contentUrl":"https:\/\/hushotellhunge.com\/wp-content\/uploads\/2022\/01\/Hus-Hotell-Hunge-logo-header.png","width":482,"height":302,"caption":"Hus Hotell Hunge"},"image":{"@id":"https:\/\/hushotellhunge.com\/sv\/#\/schema\/logo\/image\/"}}]}},"_links":{"self":[{"href":"https:\/\/hushotellhunge.com\/sv\/wp-json\/wp\/v2\/pages\/2743","targetHints":{"allow":["GET"]}}],"collection":[{"href":"https:\/\/hushotellhunge.com\/sv\/wp-json\/wp\/v2\/pages"}],"about":[{"href":"https:\/\/hushotellhunge.com\/sv\/wp-json\/wp\/v2\/types\/page"}],"author":[{"embeddable":true,"href":"https:\/\/hushotellhunge.com\/sv\/wp-json\/wp\/v2\/users\/1"}],"replies":[{"embeddable":true,"href":"https:\/\/hushotellhunge.com\/sv\/wp-json\/wp\/v2\/comments?post=2743"}],"version-history":[{"count":50,"href":"https:\/\/hushotellhunge.com\/sv\/wp-json\/wp\/v2\/pages\/2743\/revisions"}],"predecessor-version":[{"id":14282,"href":"https:\/\/hushotellhunge.com\/sv\/wp-json\/wp\/v2\/pages\/2743\/revisions\/14282"}],"up":[{"embeddable":true,"href":"https:\/\/hushotellhunge.com\/sv\/wp-json\/wp\/v2\/pages\/2044"}],"wp:attachment":[{"href":"https:\/\/hushotellhunge.com\/sv\/wp-json\/wp\/v2\/media?parent=2743"}],"curies":[{"name":"wp","href":"https:\/\/api.w.org\/{rel}","templated":true}]}}