{"id":3475,"date":"2023-03-20T07:52:57","date_gmt":"2023-03-20T06:52:57","guid":{"rendered":"https:\/\/hushotellhunge.com\/?page_id=3475"},"modified":"2025-03-28T15:06:02","modified_gmt":"2025-03-28T14:06:02","slug":"erfarenhet-av-hunge-zomer","status":"publish","type":"page","link":"https:\/\/hushotellhunge.com\/sv\/verksamheter\/sommar\/erfarenhet-av-hunge-zomer\/","title":{"rendered":"Hunge Sommarpaket"},"content":{"rendered":"<div class=\"wpb-content-wrapper\"><p>[vc_section full_width=&#8221;stretch_row&#8221; content_placement=&#8221;middle&#8221; css=&#8221;.vc_custom_1678538143832{background-image: url(https:\/\/hushotellhunge.com\/wp-content\/uploads\/2023\/03\/hoofdfoto-1791&#215;1000-1.png?id=3676) !important;background-position: center !important;background-repeat: no-repeat !important;background-size: cover !important;}&#8221; el_class=&#8221;topfoto bodem&#8221;][vc_row][vc_column width=&#8221;5\/6&#8243; el_class=&#8221;titelbloktrans&#8221; offset=&#8221;vc_col-lg-7 vc_col-md-7 vc_col-xs-12&#8243;][vc_column_text]<\/p>\n<h1><\/h1>\n<h1 style=\"text-align: center;\">Hunge Sommarpaket<\/h1>\n<p style=\"text-align: center;\">Njut av J\u00e4mtland, mellersta Sverige<\/p>\n<p style=\"text-align: center;\">7-dagars sommarpaket<\/p>\n<h2 style=\"text-align: center;\">fr\u00e5n 3119 SEK per person<\/h2>\n<p style=\"text-align: center;\"><strong>p\u00e5 4 personer<\/strong><\/p>\n<p>[\/vc_column_text][\/vc_column][vc_column width=&#8221;1\/6&#8243;][vc_btn title=&#8221;Vandringsleder&#8221; css=&#8221;&#8221; link=&#8221;url:https%3A%2F%2Fhushotellhunge.com%2Fsv%2Fverksamheter%2Fsommar%2Fvandring-i-mellersta-sverige-jamtland%2F|title:Vandring%20i%20Mellansverige%20J%C3%A4mtland&#8221;][vc_btn title=&#8221;Verksamhet&#8221; link=&#8221;url:https%3A%2F%2Fhushotellhunge.com%2Fsv%2Fverksamheter%2Fsommar%2F|&#8221;][\/vc_column][\/vc_row][\/vc_section][vc_section full_width=&#8221;stretch_row&#8221; content_placement=&#8221;middle&#8221; el_class=&#8221;rondfotolichtgroen rondfoto&#8221;][vc_row gap=&#8221;35&#8243; equal_height=&#8221;yes&#8221; content_placement=&#8221;middle&#8221;][vc_column width=&#8221;1\/3&#8243;][vc_single_image image=&#8221;3684&#8243; img_size=&#8221;500 x 500&#8243; alignment=&#8221;right&#8221; style=&#8221;vc_box_border_circle&#8221; border_color=&#8221;white&#8221; el_class=&#8221;afbrond&#8221;][\/vc_column][vc_column width=&#8221;2\/3&#8243;][vc_column_text el_class=&#8221;introtekst&#8221;]<\/p>\n<h2>\u00c4ventyr, f\u00f6rundran och m\u00f6ten<\/h2>\n<p>[\/vc_column_text][vc_column_text css=&#8221;&#8221;]Upplev J\u00e4mtland med sina majest\u00e4tiska landskap, kristallklara sj\u00f6ar, \u00e4ndl\u00f6sa skogar, lugn och rymd. Det \u00e4r ett paradis f\u00f6r vandrare och cyklister, fiskare och kanotister och det finns chans att se vilda djur. Den genomsnittliga sommartemperaturen p\u00e5 20 \u00b0C \u00e4r perfekt f\u00f6r alla dessa aktiviteter.[\/vc_column_text][\/vc_column][\/vc_row][\/vc_section][vc_section full_width=&#8221;stretch_row&#8221; content_placement=&#8221;middle&#8221; el_class=&#8221;rondfotodonkergroen rondfoto&#8221;][vc_row gap=&#8221;35&#8243; equal_height=&#8221;yes&#8221; rtl_reverse=&#8221;yes&#8221; content_placement=&#8221;middle&#8221;][vc_column width=&#8221;2\/3&#8243;][vc_column_text css=&#8221;&#8221; el_class=&#8221;introtekst&#8221;]<\/p>\n<h3>7-dagars Hunge sommarpaket<\/h3>\n<p>Du kommer att njuta av hotellets komfort och vi kommer att reservera<\/p>\n<p>de speciella aktiviteterna f\u00f6r dig!<\/p>\n<p>Du kommer att bo 6 n\u00e4tter i en av de 7 rymliga l\u00e4genheterna i det mysiga <a href=\"https:\/\/hushotellhunge.com\/sv\/\">Hus Hotell Hunge<\/a> . Din l\u00e4genhet \u00e4r utrustad med alla bekv\u00e4mligheter som ett privat badrum, tv\u00e5 enkels\u00e4ngar (1 eller 2 extras\u00e4ngar m\u00f6jliga) och privat pentry. Det stora vardagsrummet \u00e4r en mysig m\u00f6tesplats, liksom grillplatsen. Fr\u00e5n hotellet har du utsikt \u00f6ver Hungesj\u00f6n och de gr\u00f6na kullarna.<\/p>\n<p><strong>Tips: <\/strong><\/p>\n<p><strong>Boka dina aktiviteter via <a href=\"#Row_Aanmeld_formulier_zomer\"><em>kontaktformul\u00e4ret<\/em><\/a> s\u00e5 reserverar vi dem g\u00e4rna \u00e5t dig! Du kommer att f\u00e5 en bekr\u00e4ftelse via e-post efter detta.<\/strong>[\/vc_column_text][\/vc_column][vc_column width=&#8221;1\/3&#8243;][vc_single_image image=&#8221;3694&#8243; img_size=&#8221;500 x 500&#8243; alignment=&#8221;right&#8221; style=&#8221;vc_box_border_circle&#8221; border_color=&#8221;white&#8221; el_class=&#8221;afbrondrechts&#8221;][\/vc_column][\/vc_row][\/vc_section][vc_section full_width=&#8221;stretch_row&#8221; content_placement=&#8221;middle&#8221; el_class=&#8221;rondfotolichtgroen rondfoto&#8221;][vc_row gap=&#8221;35&#8243; equal_height=&#8221;yes&#8221; content_placement=&#8221;middle&#8221;][vc_column width=&#8221;1\/3&#8243;][vc_single_image image=&#8221;3748&#8243; img_size=&#8221;500 x 500&#8243; alignment=&#8221;right&#8221; style=&#8221;vc_box_border_circle&#8221; border_color=&#8221;white&#8221; el_class=&#8221;afbrond&#8221;][\/vc_column][vc_column width=&#8221;2\/3&#8243;][vc_column_text css=&#8221;&#8221; el_class=&#8221;introtekst&#8221;]<\/p>\n<h3>Hunge Sommarpaket<\/h3>\n<ul>\n<li><a href=\"https:\/\/hushotellhunge.com\/sv\/lagenhet\/\">6 n\u00e4tter<\/a><\/li>\n<li>ankomstdag soppa med sm\u00f6rg\u00e5sar<\/li>\n<li>2 m\u00e5ltider: gemensam pizza och grillkv\u00e4ll<\/li>\n<li>6 x kontinental frukost<\/li>\n<li>s\u00e4ngkl\u00e4der och handdukar<\/li>\n<li>Slutst\u00e4dning.<\/li>\n<\/ul>\n<p>[\/vc_column_text][\/vc_column][\/vc_row][\/vc_section][vc_section full_width=&#8221;stretch_row&#8221; content_placement=&#8221;middle&#8221; el_class=&#8221;rondfotodonkergroen rondfoto&#8221;][vc_row gap=&#8221;35&#8243; equal_height=&#8221;yes&#8221; rtl_reverse=&#8221;yes&#8221; content_placement=&#8221;middle&#8221;][vc_column width=&#8221;1\/3&#8243;][vc_column_text css=&#8221;&#8221; el_class=&#8221;introtekst&#8221;]<\/p>\n<h3>Rabatt vid tidig bokning SEK<\/h3>\n<h3 style=\"text-align: left;\">Till 01-03<\/h3>\n<p>Max 4 pers. per l\u00e4genhet<\/p>\n<p>1 person 5198<\/p>\n<p>2 personer 3173 p.p.<\/p>\n<p>3 personer 2948 p.p.<\/p>\n<p>4 personer 3119 p.p.[\/vc_column_text][\/vc_column][vc_column width=&#8221;1\/3&#8243;][vc_column_text css=&#8221;&#8221; el_class=&#8221;introtekst&#8221;]<\/p>\n<h3>Sommarrabatt SEK<\/h3>\n<h3>Fr\u00e5n 01-03<\/h3>\n<p>Max. 4 pers. per l\u00e4genhet<\/p>\n<p>1 person fr\u00e5n 6675 till 5775<\/p>\n<p>2 personer fr\u00e5n 3975 f\u00f6r 3525 p.p.<\/p>\n<p>3 personer fr\u00e5n 3575 f\u00f6r 3275 p.p.<\/p>\n<p>4 personer fr\u00e5n 3375 f\u00f6r 3150 p.p.[\/vc_column_text][\/vc_column][vc_column width=&#8221;1\/3&#8243;][vc_single_image image=&#8221;2492&#8243; img_size=&#8221;500 x 500&#8243; alignment=&#8221;right&#8221; style=&#8221;vc_box_border_circle&#8221; border_color=&#8221;white&#8221; el_class=&#8221;afbrondrechts&#8221;][\/vc_column][\/vc_row][\/vc_section][vc_section full_width=&#8221;stretch_row&#8221; content_placement=&#8221;middle&#8221; el_class=&#8221;rondfotolichtgroen rondfoto&#8221;][vc_row gap=&#8221;35&#8243; equal_height=&#8221;yes&#8221; content_placement=&#8221;middle&#8221;][vc_column width=&#8221;1\/3&#8243;][vc_single_image image=&#8221;3743&#8243; img_size=&#8221;500 x 500&#8243; alignment=&#8221;right&#8221; style=&#8221;vc_box_border_circle&#8221; border_color=&#8221;white&#8221; el_class=&#8221;afbrond&#8221;][\/vc_column][vc_column width=&#8221;2\/3&#8243;][vc_column_text css=&#8221;&#8221; el_class=&#8221;introtekst&#8221;]<\/p>\n<h3>Sommaraktiviteter i Hunge (exklusiva)<\/h3>\n<ul>\n<li><strong>B\u00e5tliv<\/strong>, 6 hk b\u00e5t (max 3 pers.)<\/li>\n<li><strong>guidat fiske<\/strong> inklusive utrustning och fiskelicens<\/li>\n<li><strong>cyklar (elektriska)<\/strong> (max 2)<\/li>\n<li><strong>Kanotpaddling<\/strong> (max 4)<\/li>\n<li><strong>Suppen<\/strong> (max 2)<\/li>\n<\/ul>\n<h3>H\u00e4mtning 15 SEK per km, max. 4 personer<\/h3>\n<ul>\n<li>Br\u00e4cke station, return 50 km<\/li>\n<li>B\u00f6rja vandringsleden &#8221;forsaleden&#8221;, retur 25 km<\/li>\n<li>Stormarknad, retur 9 km<\/li>\n<\/ul>\n<p>[\/vc_column_text][\/vc_column][\/vc_row][\/vc_section][vc_row][vc_column width=&#8221;2\/3&#8243;][vc_column_text]<\/p>\n<h3 id=\"h-ViharordnatresegarantihosKammarkollegiet\" class=\"kam-h2\">Hus Hotell Hunge AB:s resegarantifond f\u00f6rvaltas av Visita.<\/h3>\n<p class=\"kam-p\"><a href=\"https:\/\/www.kammarkollegiet.se\/engelska\/start\/all-services\/travel-guarantees\/search-travel-guarantees?sv.target=12.1d1e2ffc1677d3e44b9208d8&amp;sv.12.1d1e2ffc1677d3e44b9208d8.route=\/&amp;query=Hus%20hotell%20Hunge&amp;page=0\" target=\"_blank\" rel=\"external noopener\"><em>Kontrollera<\/em><\/a> och <a href=\"https:\/\/www.kammarkollegiet.se\/4.5c302a991828ff8c1c613f22.html\" target=\"_blank\" rel=\"external noopener\"><em>Information<\/em><\/a><\/p>\n<p>[\/vc_column_text][\/vc_column][vc_column width=&#8221;1\/3&#8243;][vc_single_image image=&#8221;3298&#8243; onclick=&#8221;custom_link&#8221; img_link_target=&#8221;_blank&#8221; link=&#8221;https:\/\/visita.se\/&#8221;][\/vc_column][\/vc_row][vc_section full_width=&#8221;stretch_row&#8221; css=&#8221;.vc_custom_1743001944909{margin-bottom: 60px !important;background-image: url(https:\/\/hushotellhunge.com\/wp-content\/uploads\/2023\/03\/hoofdfoto-1791&#215;1000-1-2.png?id=3705) !important;background-position: center !important;background-repeat: no-repeat !important;background-size: cover !important;}&#8221; el_id=&#8221;Row_Aanmeld_formulier_zomer&#8221;][vc_row][vc_column width=&#8221;1\/4&#8243;][\/vc_column][vc_column width=&#8221;1\/2&#8243; el_class=&#8221;titelbloktrans&#8221;][vc_column_text]<\/p>\n<h3>Paketet med kontaktformul\u00e4r och aktiviteter<\/h3>\n<p>[\/vc_column_text]\n<div class=\"wpcf7 no-js\" id=\"wpcf7-f10766-o1\" lang=\"nl-NL\" dir=\"ltr\" data-wpcf7-id=\"10766\">\n<div class=\"screen-reader-response\"><p role=\"status\" aria-live=\"polite\" aria-atomic=\"true\"><\/p> <ul><\/ul><\/div>\n<form action=\"\/sv\/wp-json\/wp\/v2\/pages\/3475#wpcf7-f10766-o1\" method=\"post\" class=\"wpcf7-form init\" aria-label=\"Contactformulier\" novalidate=\"novalidate\" data-status=\"init\">\n<fieldset class=\"hidden-fields-container\"><input type=\"hidden\" name=\"_wpcf7\" value=\"10766\" \/><input type=\"hidden\" name=\"_wpcf7_version\" value=\"6.1.5\" \/><input type=\"hidden\" name=\"_wpcf7_locale\" value=\"nl_NL\" \/><input type=\"hidden\" name=\"_wpcf7_unit_tag\" value=\"wpcf7-f10766-o1\" \/><input type=\"hidden\" name=\"_wpcf7_container_post\" value=\"0\" \/><input type=\"hidden\" name=\"_wpcf7_posted_data_hash\" value=\"\" \/><input type=\"hidden\" name=\"_wpcf7_recaptcha_response\" value=\"\" \/>\n<\/fieldset>\n<p><label> Naam:*<br \/>\n<span class=\"wpcf7-form-control-wrap\" data-name=\"your-name\"><input size=\"40\" maxlength=\"400\" class=\"wpcf7-form-control wpcf7-text wpcf7-validates-as-required\" aria-required=\"true\" aria-invalid=\"false\" value=\"\" type=\"text\" name=\"your-name\" \/><\/span> <\/label>\n<\/p>\n<p><label> E-mail:*<br \/>\n<span class=\"wpcf7-form-control-wrap\" data-name=\"your-email\"><input size=\"40\" maxlength=\"400\" class=\"wpcf7-form-control wpcf7-email wpcf7-validates-as-required wpcf7-text wpcf7-validates-as-email\" aria-required=\"true\" aria-invalid=\"false\" value=\"\" type=\"email\" name=\"your-email\" \/><\/span> <\/label>\n<\/p>\n<p><label> Telefoonnummer:<br \/>\n<span class=\"wpcf7-form-control-wrap\" data-name=\"telefoon\"><input size=\"40\" maxlength=\"400\" class=\"wpcf7-form-control wpcf7-text\" aria-invalid=\"false\" value=\"\" type=\"text\" name=\"telefoon\" \/><\/span> <\/label>\n<\/p>\n<p><label> Vraag of opmerking:<br \/>\n<span class=\"wpcf7-form-control-wrap\" data-name=\"your-message\"><textarea cols=\"40\" rows=\"10\" maxlength=\"2000\" class=\"wpcf7-form-control wpcf7-textarea\" aria-invalid=\"false\" name=\"your-message\"><\/textarea><\/span> <\/label>\n<\/p>\n<p><input class=\"wpcf7-form-control wpcf7-submit has-spinner bd-button\" type=\"submit\" value=\"Verzenden\" \/>\n<\/p><p style=\"display: none !important;\" class=\"akismet-fields-container\" data-prefix=\"_wpcf7_ak_\"><label>&#916;<textarea name=\"_wpcf7_ak_hp_textarea\" cols=\"45\" rows=\"8\" maxlength=\"100\"><\/textarea><\/label><input type=\"hidden\" id=\"ak_js_1\" name=\"_wpcf7_ak_js\" value=\"185\"\/><script type=\"text\/javascript\">\n\/* <![CDATA[ *\/\ndocument.getElementById( \"ak_js_1\" ).setAttribute( \"value\", ( new Date() ).getTime() );\n\/* ]]> *\/\n<\/script>\n<\/p><div class=\"wpcf7-response-output\" aria-hidden=\"true\"><\/div>\n<\/form>\n<\/div>\n[\/vc_column][vc_column width=&#8221;1\/4&#8243;][\/vc_column][\/vc_row][\/vc_section]<\/p>\n<\/div>","protected":false},"excerpt":{"rendered":"<p>[vc_section full_width=&#8221;stretch_row&#8221; content_placement=&#8221;middle&#8221; css=&#8221;.vc_custom_1678538143832{background-image: url(https:\/\/hushotellhunge.com\/wp-content\/uploads\/2023\/03\/hoofdfoto-1791&#215;1000-1.png?id=3676) !important;background-position: center !important;background-repeat: no-repeat !important;background-size: cover !important;}&#8221; el_class=&#8221;topfoto bodem&#8221;][vc_row][vc_column width=&#8221;5\/6&#8243; el_class=&#8221;titelbloktrans&#8221; offset=&#8221;vc_col-lg-7 vc_col-md-7 vc_col-xs-12&#8243;][vc_column_text] Hunge Sommarpaket Njut av J\u00e4mtland, mellersta Sverige 7-dagars sommarpaket fr\u00e5n 3119 SEK per person p\u00e5 4 personer [\/vc_column_text][\/vc_column][vc_column width=&#8221;1\/6&#8243;][vc_btn title=&#8221;Vandringsleder&#8221; css=&#8221;&#8221; link=&#8221;url:https%3A%2F%2Fhushotellhunge.com%2Fsv%2Fverksamheter%2Fsommar%2Fvandring-i-mellersta-sverige-jamtland%2F|title:Vandring%20i%20Mellansverige%20J%C3%A4mtland&#8221;][vc_btn title=&#8221;Verksamhet&#8221; link=&#8221;url:https%3A%2F%2Fhushotellhunge.com%2Fsv%2Fverksamheter%2Fsommar%2F|&#8221;][\/vc_column][\/vc_row][\/vc_section][vc_section full_width=&#8221;stretch_row&#8221; content_placement=&#8221;middle&#8221; el_class=&#8221;rondfotolichtgroen rondfoto&#8221;][vc_row gap=&#8221;35&#8243; equal_height=&#8221;yes&#8221; content_placement=&#8221;middle&#8221;][vc_column width=&#8221;1\/3&#8243;][vc_single_image image=&#8221;3684&#8243; img_size=&#8221;500 x 500&#8243; [&hellip;]<\/p>\n","protected":false},"author":1,"featured_media":0,"parent":2113,"menu_order":0,"comment_status":"closed","ping_status":"closed","template":"","meta":{"_acf_changed":false,"footnotes":""},"class_list":["post-3475","page","type-page","status-publish","hentry"],"acf":[],"yoast_head":"<!-- This site is optimized with the Yoast SEO plugin v27.0 - https:\/\/yoast.com\/product\/yoast-seo-wordpress\/ -->\n<title>Hunge Sommarpaket - Hus Hotell Hunge<\/title>\n<meta name=\"description\" content=\"Njut av hotellets bekv\u00e4mlighet + bokning av olika aktiviteter. 7-dagars Hunge Summer Package, J\u00e4mtland, Mellansverige.\" \/>\n<meta name=\"robots\" content=\"index, follow, max-snippet:-1, max-image-preview:large, max-video-preview:-1\" \/>\n<link rel=\"canonical\" href=\"https:\/\/hushotellhunge.com\/sv\/verksamheter\/sommar\/erfarenhet-av-hunge-zomer\/\" \/>\n<meta property=\"og:locale\" content=\"sv_SE\" \/>\n<meta property=\"og:type\" content=\"article\" \/>\n<meta property=\"og:title\" content=\"Hunge Sommarpaket - Hus Hotell Hunge\" \/>\n<meta property=\"og:description\" content=\"Njut av hotellets bekv\u00e4mlighet + bokning av olika aktiviteter. 7-dagars Hunge Summer Package, J\u00e4mtland, Mellansverige.\" \/>\n<meta property=\"og:url\" content=\"https:\/\/hushotellhunge.com\/sv\/verksamheter\/sommar\/erfarenhet-av-hunge-zomer\/\" \/>\n<meta property=\"og:site_name\" content=\"Hus Hotell Hunge\" \/>\n<meta property=\"article:modified_time\" content=\"2025-03-28T14:06:02+00:00\" \/>\n<meta name=\"twitter:card\" content=\"summary_large_image\" \/>\n<meta name=\"twitter:label1\" content=\"Ber\u00e4knad l\u00e4stid\" \/>\n\t<meta name=\"twitter:data1\" content=\"3 minuter\" \/>\n<script type=\"application\/ld+json\" class=\"yoast-schema-graph\">{\"@context\":\"https:\/\/schema.org\",\"@graph\":[{\"@type\":\"WebPage\",\"@id\":\"https:\/\/hushotellhunge.com\/sv\/verksamheter\/sommar\/erfarenhet-av-hunge-zomer\/\",\"url\":\"https:\/\/hushotellhunge.com\/sv\/verksamheter\/sommar\/erfarenhet-av-hunge-zomer\/\",\"name\":\"Hunge Sommarpaket - Hus Hotell Hunge\",\"isPartOf\":{\"@id\":\"https:\/\/hushotellhunge.com\/sv\/#website\"},\"datePublished\":\"2023-03-20T06:52:57+00:00\",\"dateModified\":\"2025-03-28T14:06:02+00:00\",\"description\":\"Njut av hotellets bekv\u00e4mlighet + bokning av olika aktiviteter. 7-dagars Hunge Summer Package, J\u00e4mtland, Mellansverige.\",\"breadcrumb\":{\"@id\":\"https:\/\/hushotellhunge.com\/sv\/verksamheter\/sommar\/erfarenhet-av-hunge-zomer\/#breadcrumb\"},\"inLanguage\":\"sv-SE\",\"potentialAction\":[{\"@type\":\"ReadAction\",\"target\":[\"https:\/\/hushotellhunge.com\/sv\/verksamheter\/sommar\/erfarenhet-av-hunge-zomer\/\"]}]},{\"@type\":\"BreadcrumbList\",\"@id\":\"https:\/\/hushotellhunge.com\/sv\/verksamheter\/sommar\/erfarenhet-av-hunge-zomer\/#breadcrumb\",\"itemListElement\":[{\"@type\":\"ListItem\",\"position\":1,\"name\":\"Home\",\"item\":\"https:\/\/hushotellhunge.com\/sv\/\"},{\"@type\":\"ListItem\",\"position\":2,\"name\":\"Verksamheter\",\"item\":\"https:\/\/hushotellhunge.com\/sv\/verksamheter\/\"},{\"@type\":\"ListItem\",\"position\":3,\"name\":\"Sommar\",\"item\":\"https:\/\/hushotellhunge.com\/sv\/verksamheter\/sommar\/\"},{\"@type\":\"ListItem\",\"position\":4,\"name\":\"Hunge Sommarpaket\"}]},{\"@type\":\"WebSite\",\"@id\":\"https:\/\/hushotellhunge.com\/sv\/#website\",\"url\":\"https:\/\/hushotellhunge.com\/sv\/\",\"name\":\"Hus Hotell Hunge\",\"description\":\"Meet &amp; Adventure\",\"publisher\":{\"@id\":\"https:\/\/hushotellhunge.com\/sv\/#organization\"},\"potentialAction\":[{\"@type\":\"SearchAction\",\"target\":{\"@type\":\"EntryPoint\",\"urlTemplate\":\"https:\/\/hushotellhunge.com\/sv\/?s={search_term_string}\"},\"query-input\":{\"@type\":\"PropertyValueSpecification\",\"valueRequired\":true,\"valueName\":\"search_term_string\"}}],\"inLanguage\":\"sv-SE\"},{\"@type\":\"Organization\",\"@id\":\"https:\/\/hushotellhunge.com\/sv\/#organization\",\"name\":\"Hus Hotell Hunge\",\"url\":\"https:\/\/hushotellhunge.com\/sv\/\",\"logo\":{\"@type\":\"ImageObject\",\"inLanguage\":\"sv-SE\",\"@id\":\"https:\/\/hushotellhunge.com\/sv\/#\/schema\/logo\/image\/\",\"url\":\"https:\/\/hushotellhunge.com\/wp-content\/uploads\/2022\/01\/Hus-Hotell-Hunge-logo-header.png\",\"contentUrl\":\"https:\/\/hushotellhunge.com\/wp-content\/uploads\/2022\/01\/Hus-Hotell-Hunge-logo-header.png\",\"width\":482,\"height\":302,\"caption\":\"Hus Hotell Hunge\"},\"image\":{\"@id\":\"https:\/\/hushotellhunge.com\/sv\/#\/schema\/logo\/image\/\"}}]}<\/script>\n<!-- \/ Yoast SEO plugin. -->","yoast_head_json":{"title":"Hunge Sommarpaket - Hus Hotell Hunge","description":"Njut av hotellets bekv\u00e4mlighet + bokning av olika aktiviteter. 7-dagars Hunge Summer Package, J\u00e4mtland, Mellansverige.","robots":{"index":"index","follow":"follow","max-snippet":"max-snippet:-1","max-image-preview":"max-image-preview:large","max-video-preview":"max-video-preview:-1"},"canonical":"https:\/\/hushotellhunge.com\/sv\/verksamheter\/sommar\/erfarenhet-av-hunge-zomer\/","og_locale":"sv_SE","og_type":"article","og_title":"Hunge Sommarpaket - Hus Hotell Hunge","og_description":"Njut av hotellets bekv\u00e4mlighet + bokning av olika aktiviteter. 7-dagars Hunge Summer Package, J\u00e4mtland, Mellansverige.","og_url":"https:\/\/hushotellhunge.com\/sv\/verksamheter\/sommar\/erfarenhet-av-hunge-zomer\/","og_site_name":"Hus Hotell Hunge","article_modified_time":"2025-03-28T14:06:02+00:00","twitter_card":"summary_large_image","twitter_misc":{"Ber\u00e4knad l\u00e4stid":"3 minuter"},"schema":{"@context":"https:\/\/schema.org","@graph":[{"@type":"WebPage","@id":"https:\/\/hushotellhunge.com\/sv\/verksamheter\/sommar\/erfarenhet-av-hunge-zomer\/","url":"https:\/\/hushotellhunge.com\/sv\/verksamheter\/sommar\/erfarenhet-av-hunge-zomer\/","name":"Hunge Sommarpaket - Hus Hotell Hunge","isPartOf":{"@id":"https:\/\/hushotellhunge.com\/sv\/#website"},"datePublished":"2023-03-20T06:52:57+00:00","dateModified":"2025-03-28T14:06:02+00:00","description":"Njut av hotellets bekv\u00e4mlighet + bokning av olika aktiviteter. 7-dagars Hunge Summer Package, J\u00e4mtland, Mellansverige.","breadcrumb":{"@id":"https:\/\/hushotellhunge.com\/sv\/verksamheter\/sommar\/erfarenhet-av-hunge-zomer\/#breadcrumb"},"inLanguage":"sv-SE","potentialAction":[{"@type":"ReadAction","target":["https:\/\/hushotellhunge.com\/sv\/verksamheter\/sommar\/erfarenhet-av-hunge-zomer\/"]}]},{"@type":"BreadcrumbList","@id":"https:\/\/hushotellhunge.com\/sv\/verksamheter\/sommar\/erfarenhet-av-hunge-zomer\/#breadcrumb","itemListElement":[{"@type":"ListItem","position":1,"name":"Home","item":"https:\/\/hushotellhunge.com\/sv\/"},{"@type":"ListItem","position":2,"name":"Verksamheter","item":"https:\/\/hushotellhunge.com\/sv\/verksamheter\/"},{"@type":"ListItem","position":3,"name":"Sommar","item":"https:\/\/hushotellhunge.com\/sv\/verksamheter\/sommar\/"},{"@type":"ListItem","position":4,"name":"Hunge Sommarpaket"}]},{"@type":"WebSite","@id":"https:\/\/hushotellhunge.com\/sv\/#website","url":"https:\/\/hushotellhunge.com\/sv\/","name":"Hus Hotell Hunge","description":"Meet &amp; Adventure","publisher":{"@id":"https:\/\/hushotellhunge.com\/sv\/#organization"},"potentialAction":[{"@type":"SearchAction","target":{"@type":"EntryPoint","urlTemplate":"https:\/\/hushotellhunge.com\/sv\/?s={search_term_string}"},"query-input":{"@type":"PropertyValueSpecification","valueRequired":true,"valueName":"search_term_string"}}],"inLanguage":"sv-SE"},{"@type":"Organization","@id":"https:\/\/hushotellhunge.com\/sv\/#organization","name":"Hus Hotell Hunge","url":"https:\/\/hushotellhunge.com\/sv\/","logo":{"@type":"ImageObject","inLanguage":"sv-SE","@id":"https:\/\/hushotellhunge.com\/sv\/#\/schema\/logo\/image\/","url":"https:\/\/hushotellhunge.com\/wp-content\/uploads\/2022\/01\/Hus-Hotell-Hunge-logo-header.png","contentUrl":"https:\/\/hushotellhunge.com\/wp-content\/uploads\/2022\/01\/Hus-Hotell-Hunge-logo-header.png","width":482,"height":302,"caption":"Hus Hotell Hunge"},"image":{"@id":"https:\/\/hushotellhunge.com\/sv\/#\/schema\/logo\/image\/"}}]}},"_links":{"self":[{"href":"https:\/\/hushotellhunge.com\/sv\/wp-json\/wp\/v2\/pages\/3475","targetHints":{"allow":["GET"]}}],"collection":[{"href":"https:\/\/hushotellhunge.com\/sv\/wp-json\/wp\/v2\/pages"}],"about":[{"href":"https:\/\/hushotellhunge.com\/sv\/wp-json\/wp\/v2\/types\/page"}],"author":[{"embeddable":true,"href":"https:\/\/hushotellhunge.com\/sv\/wp-json\/wp\/v2\/users\/1"}],"replies":[{"embeddable":true,"href":"https:\/\/hushotellhunge.com\/sv\/wp-json\/wp\/v2\/comments?post=3475"}],"version-history":[{"count":40,"href":"https:\/\/hushotellhunge.com\/sv\/wp-json\/wp\/v2\/pages\/3475\/revisions"}],"predecessor-version":[{"id":15574,"href":"https:\/\/hushotellhunge.com\/sv\/wp-json\/wp\/v2\/pages\/3475\/revisions\/15574"}],"up":[{"embeddable":true,"href":"https:\/\/hushotellhunge.com\/sv\/wp-json\/wp\/v2\/pages\/2113"}],"wp:attachment":[{"href":"https:\/\/hushotellhunge.com\/sv\/wp-json\/wp\/v2\/media?parent=3475"}],"curies":[{"name":"wp","href":"https:\/\/api.w.org\/{rel}","templated":true}]}}