{"id":3995,"date":"2023-04-17T12:11:03","date_gmt":"2023-04-17T10:11:03","guid":{"rendered":"https:\/\/hushotellhunge.com\/?page_id=3995"},"modified":"2023-04-17T12:30:21","modified_gmt":"2023-04-17T10:30:21","slug":"fiske-i-sverige","status":"publish","type":"page","link":"https:\/\/hushotellhunge.com\/sv\/fiske-i-sverige\/","title":{"rendered":"Fiske i Sverige"},"content":{"rendered":"<div class=\"wpb-content-wrapper\"><p>[vc_section full_width=&#8221;stretch_row&#8221; css=&#8221;.vc_custom_1681474702715{background-image: url(https:\/\/hushotellhunge.com\/wp-content\/uploads\/2023\/04\/IMG_6763.jpg?id=4044) !important;background-position: center !important;background-repeat: no-repeat !important;background-size: cover !important;}&#8221; el_class=&#8221;topfoto smal&#8221;][vc_row gap=&#8221;35&#8243;][vc_column width=&#8221;1\/2&#8243; el_class=&#8221;titelbloktrans&#8221; css=&#8221;.vc_custom_1643105831789{padding-bottom: 20px !important;}&#8221;][vc_column_text]<\/p>\n<h1 style=\"text-align: center;\">Fiske i Sverige<\/h1>\n<p>[\/vc_column_text][vc_column_text el_class=&#8221;introtekst&#8221;]<\/p>\n<p style=\"text-align: center;\"><strong>Fiske i Sverige\u00a0<\/strong>| Uppt\u00e4ck Sveriges vackra fiskesj\u00f6ar och \u00f6vernatta p\u00e5 det st\u00e4mningsfulla Hus Hotell Hunge<\/p>\n<p>[\/vc_column_text][\/vc_column][vc_column width=&#8221;1\/2&#8243;][\/vc_column][\/vc_row][\/vc_section][vc_section full_width=&#8221;stretch_row&#8221;][vc_row gap=&#8221;35&#8243; equal_height=&#8221;yes&#8221; content_placement=&#8221;middle&#8221;][vc_column width=&#8221;2\/3&#8243;][vc_column_text]<\/p>\n<h2>Vill du ha en of\u00f6rgl\u00f6mlig (flug)fiskeupplevelse?<\/h2>\n<p>Kom till J\u00e4mtland i Sverige och upplev en of\u00f6rgl\u00f6mlig (flug)fiskeupplevelse.Vi garanterar att du inte blir besviken!<\/p>\n<p>Flugfiskare fr\u00e5n hela Europa kommer till Gim\u00e5n, Herrevadsstr\u00f6mmen och Bodsj\u00f6bygden.[\/vc_column_text][\/vc_column][vc_column width=&#8221;1\/3&#8243;][vc_btn title=&#8221;Kontrollera tillg\u00e4ngligheten&#8221; align=&#8221;center&#8221; link=&#8221;url:https%3A%2F%2Fhushotellhunge.com%2Fsv%2Freservera%2F&#8221;][\/vc_column][\/vc_row][\/vc_section][vc_section full_width=&#8221;stretch_row&#8221; content_placement=&#8221;middle&#8221; el_class=&#8221;rondfotolichtgroen rondfoto&#8221;][vc_row gap=&#8221;35&#8243; equal_height=&#8221;yes&#8221; content_placement=&#8221;middle&#8221;][vc_column width=&#8221;1\/3&#8243;][vc_single_image image=&#8221;4020&#8243; img_size=&#8221;500 x 500&#8243; alignment=&#8221;right&#8221; style=&#8221;vc_box_border_circle&#8221; border_color=&#8221;white&#8221; el_class=&#8221;afbrond&#8221;][\/vc_column][vc_column width=&#8221;2\/3&#8243;][vc_column_text el_class=&#8221;introtekst&#8221;]<\/p>\n<h3>Obefl\u00e4ckad p\u00e4rla&#8230;<\/h3>\n<p>Maj och juni \u00e4r den b\u00e4sta tiden f\u00f6r flugfiske i J\u00e4mtland. Vattentemperaturen \u00e4r idealisk d\u00e5 och fisken \u00e4r aktiv. Dessutom \u00e4r det fortfarande lugnt i omr\u00e5det d\u00e5, vilket g\u00f6r att du kan njuta fullt ut av din flugfiskeupplevelse.[\/vc_column_text][\/vc_column][\/vc_row][\/vc_section][vc_section full_width=&#8221;stretch_row&#8221; content_placement=&#8221;middle&#8221; el_class=&#8221;rondfotodonkergroen rondfoto&#8221;][vc_row gap=&#8221;35&#8243; equal_height=&#8221;yes&#8221; rtl_reverse=&#8221;yes&#8221; content_placement=&#8221;middle&#8221;][vc_column width=&#8221;2\/3&#8243;][vc_column_text el_class=&#8221;introtekst&#8221;]<\/p>\n<h3>Fiske efter \u00f6ring, lax, abborre och g\u00e4dda i Sverige<\/h3>\n<p>\u00d6ring, harr, abborre och g\u00e4dda v\u00e4ntar i Bodsj\u00f6bygdens str\u00f6mmande vatten och sj\u00f6ar. Flugfiskare fr\u00e5n hela Europa kommer till<a href=\"https:\/\/www.ifiske.se\/fiske-ovre-giman.htm\">\u00a0<strong>Gim\u00e5n<\/strong><\/a>, ett av J\u00e4mtlands b\u00e4sta \u00f6ringvatten, men det finns ocks\u00e5 goda chanser att f\u00e5nga b\u00e5de harr och \u00f6ring i mindre str\u00f6mmande vatten som <a href=\"https:\/\/dromfiske.com\/bodsjons-fvo\/\"><strong>Herrevadsstr\u00f6mmen<\/strong> <\/a>\u00a0i Bodsj\u00f6bygden. I Bodsj\u00f6bygden finns ett 30-tal sj\u00f6ar och reservoarer d\u00e4r det \u00e4r mycket bra fiske efter abborre och g\u00e4dda. I vissa mindre sj\u00f6ar, som <a href=\"https:\/\/www.ifiske.se\/fiske-hungesjons-fvof.htm\"><strong>Hungesj\u00f6n<\/strong><\/a>, finns det \u00e4ven goda chanser till \u00f6ring.[\/vc_column_text][\/vc_column][vc_column width=&#8221;1\/3&#8243;][vc_single_image image=&#8221;4004&#8243; img_size=&#8221;500 x 500&#8243; alignment=&#8221;right&#8221; style=&#8221;vc_box_border_circle&#8221; border_color=&#8221;white&#8221; el_class=&#8221;afbrondrechts&#8221;][\/vc_column][\/vc_row][\/vc_section][vc_section full_width=&#8221;stretch_row&#8221; content_placement=&#8221;middle&#8221; el_class=&#8221;rondfotolichtgroen rondfoto&#8221;][vc_row gap=&#8221;35&#8243; equal_height=&#8221;yes&#8221; content_placement=&#8221;middle&#8221;][vc_column width=&#8221;1\/3&#8243;][vc_single_image image=&#8221;4076&#8243; img_size=&#8221;500 x 500&#8243; alignment=&#8221;right&#8221; style=&#8221;vc_box_border_circle&#8221; border_color=&#8221;white&#8221; el_class=&#8221;afbrond&#8221;][\/vc_column][vc_column width=&#8221;2\/3&#8243;][vc_column_text el_class=&#8221;introtekst&#8221;]<\/p>\n<h3>Fiskekartor, b\u00e5tar, fiskeredskap, guide<\/h3>\n<p>F\u00f6r att g\u00f6ra fisket s\u00e5 enkelt som m\u00f6jligt erbjuder vi en gratis kartguide. F\u00f6r att maximera dina chanser kan du hyra b\u00e5tar, kajaker och fiskeutrustning. Det \u00e4r ocks\u00e5 m\u00f6jligt att ordna guidade fisketurer.[\/vc_column_text][\/vc_column][\/vc_row][\/vc_section][vc_section full_width=&#8221;stretch_row&#8221; content_placement=&#8221;middle&#8221; el_class=&#8221;rondfotodonkergroen rondfoto&#8221;][vc_row gap=&#8221;35&#8243; equal_height=&#8221;yes&#8221; rtl_reverse=&#8221;yes&#8221; content_placement=&#8221;middle&#8221;][vc_column width=&#8221;2\/3&#8243;][vc_column_text el_class=&#8221;introtekst&#8221;]<\/p>\n<h3>Fiska i Sverige och bo p\u00e5 ett mysigt hotell och B&amp;B<\/h3>\n<p>Efter en intensiv fiskedag kan du koppla av och njuta av den mysiga och varma atmosf\u00e4ren p\u00e5 Hus Hotell Hunge. Du bor i en attraktiv, lugn scandic l\u00e4genhet med alla bekv\u00e4mligheter d\u00e4r du kan \u00e5terh\u00e4mta dig fr\u00e5n alla dina anstr\u00e4ngningar och intryck. Din l\u00e4genhet \u00e4r utrustad med pentry, eget badrum, sovrum-vardagsrum.<br \/>\nS\u00e5 ska du \u00e5ka p\u00e5 flugfiske i Sverige?<a href=\"https:\/\/hushotellhunge.com\/\"> Hus Hotell Hunge<\/a> \u00e4r r\u00e4tt destination f\u00f6r alla som vill vara aktiva och njuta av lugn, rymd och natur![\/vc_column_text][vc_btn title=&#8221;Boka h\u00e4r&#8221; align=&#8221;center&#8221; link=&#8221;url:https%3A%2F%2Fhushotellhunge.com%2Fsv%2Freservera%2F&#8221;][\/vc_column][vc_column width=&#8221;1\/3&#8243;][vc_single_image image=&#8221;3982&#8243; img_size=&#8221;500 x 500&#8243; alignment=&#8221;right&#8221; style=&#8221;vc_box_border_circle&#8221; border_color=&#8221;white&#8221; el_class=&#8221;afbrondrechts&#8221;][\/vc_column][\/vc_row][\/vc_section][vc_row][vc_column][vc_raw_html]JTNDaWZyYW1lJTIwc3JjJTNEJTIyaHR0cHMlM0ElMkYlMkZ3d3cuZ29vZ2xlLmNvbSUyRm1hcHMlMkZkJTJGdSUyRjElMkZlbWJlZCUzRm1pZCUzRDFjNVVteklkbXZsTjhVWWRqRVdsYmp1MnVOa1JRRHhNJTI2ZWhiYyUzRDJFMzEyRiUyMiUyMHdpZHRoJTNEJTIyODAwJTIyJTIwaGVpZ2h0JTNEJTIyNjAwJTIyJTNFJTNDJTJGaWZyYW1lJTNF[\/vc_raw_html][\/vc_column][\/vc_row]<\/p>\n<\/div>","protected":false},"excerpt":{"rendered":"<p>[vc_section full_width=&#8221;stretch_row&#8221; css=&#8221;.vc_custom_1681474702715{background-image: url(https:\/\/hushotellhunge.com\/wp-content\/uploads\/2023\/04\/IMG_6763.jpg?id=4044) !important;background-position: center !important;background-repeat: no-repeat !important;background-size: cover !important;}&#8221; el_class=&#8221;topfoto smal&#8221;][vc_row gap=&#8221;35&#8243;][vc_column width=&#8221;1\/2&#8243; el_class=&#8221;titelbloktrans&#8221; css=&#8221;.vc_custom_1643105831789{padding-bottom: 20px !important;}&#8221;][vc_column_text] Fiske i Sverige [\/vc_column_text][vc_column_text el_class=&#8221;introtekst&#8221;] Fiske i Sverige\u00a0| Uppt\u00e4ck Sveriges vackra fiskesj\u00f6ar och \u00f6vernatta p\u00e5 det st\u00e4mningsfulla Hus Hotell Hunge [\/vc_column_text][\/vc_column][vc_column width=&#8221;1\/2&#8243;][\/vc_column][\/vc_row][\/vc_section][vc_section full_width=&#8221;stretch_row&#8221;][vc_row gap=&#8221;35&#8243; equal_height=&#8221;yes&#8221; content_placement=&#8221;middle&#8221;][vc_column width=&#8221;2\/3&#8243;][vc_column_text] Vill du ha en of\u00f6rgl\u00f6mlig (flug)fiskeupplevelse? Kom till J\u00e4mtland [&hellip;]<\/p>\n","protected":false},"author":1,"featured_media":0,"parent":0,"menu_order":0,"comment_status":"closed","ping_status":"closed","template":"","meta":{"_acf_changed":false,"footnotes":""},"class_list":["post-3995","page","type-page","status-publish","hentry"],"acf":[],"yoast_head":"<!-- This site is optimized with the Yoast SEO plugin v27.0 - https:\/\/yoast.com\/product\/yoast-seo-wordpress\/ -->\n<title>Fiske i Sverige - Hus Hotell Hunge<\/title>\n<meta name=\"robots\" content=\"index, follow, max-snippet:-1, max-image-preview:large, max-video-preview:-1\" \/>\n<link rel=\"canonical\" href=\"https:\/\/hushotellhunge.com\/sv\/fiske-i-sverige\/\" \/>\n<meta property=\"og:locale\" content=\"sv_SE\" \/>\n<meta property=\"og:type\" content=\"article\" \/>\n<meta property=\"og:title\" content=\"Fiske i Sverige - Hus Hotell Hunge\" \/>\n<meta property=\"og:description\" content=\"[vc_section full_width=&#8221;stretch_row&#8221; css=&#8221;.vc_custom_1681474702715{background-image: url(https:\/\/hushotellhunge.com\/wp-content\/uploads\/2023\/04\/IMG_6763.jpg?id=4044) !important;background-position: center !important;background-repeat: no-repeat !important;background-size: cover !important;}&#8221; el_class=&#8221;topfoto smal&#8221;][vc_row gap=&#8221;35&#8243;][vc_column width=&#8221;1\/2&#8243; el_class=&#8221;titelbloktrans&#8221; css=&#8221;.vc_custom_1643105831789{padding-bottom: 20px !important;}&#8221;][vc_column_text] Fiske i Sverige [\/vc_column_text][vc_column_text el_class=&#8221;introtekst&#8221;] Fiske i Sverige\u00a0| Uppt\u00e4ck Sveriges vackra fiskesj\u00f6ar och \u00f6vernatta p\u00e5 det st\u00e4mningsfulla Hus Hotell Hunge [\/vc_column_text][\/vc_column][vc_column width=&#8221;1\/2&#8243;][\/vc_column][\/vc_row][\/vc_section][vc_section full_width=&#8221;stretch_row&#8221;][vc_row gap=&#8221;35&#8243; equal_height=&#8221;yes&#8221; content_placement=&#8221;middle&#8221;][vc_column width=&#8221;2\/3&#8243;][vc_column_text] Vill du ha en of\u00f6rgl\u00f6mlig (flug)fiskeupplevelse? Kom till J\u00e4mtland [&hellip;]\" \/>\n<meta property=\"og:url\" content=\"https:\/\/hushotellhunge.com\/sv\/fiske-i-sverige\/\" \/>\n<meta property=\"og:site_name\" content=\"Hus Hotell Hunge\" \/>\n<meta property=\"article:modified_time\" content=\"2023-04-17T10:30:21+00:00\" \/>\n<meta name=\"twitter:card\" content=\"summary_large_image\" \/>\n<meta name=\"twitter:label1\" content=\"Ber\u00e4knad l\u00e4stid\" \/>\n\t<meta name=\"twitter:data1\" content=\"3 minuter\" \/>\n<script type=\"application\/ld+json\" class=\"yoast-schema-graph\">{\"@context\":\"https:\/\/schema.org\",\"@graph\":[{\"@type\":\"WebPage\",\"@id\":\"https:\/\/hushotellhunge.com\/sv\/fiske-i-sverige\/\",\"url\":\"https:\/\/hushotellhunge.com\/sv\/fiske-i-sverige\/\",\"name\":\"Fiske i Sverige - Hus Hotell Hunge\",\"isPartOf\":{\"@id\":\"https:\/\/hushotellhunge.com\/sv\/#website\"},\"datePublished\":\"2023-04-17T10:11:03+00:00\",\"dateModified\":\"2023-04-17T10:30:21+00:00\",\"breadcrumb\":{\"@id\":\"https:\/\/hushotellhunge.com\/sv\/fiske-i-sverige\/#breadcrumb\"},\"inLanguage\":\"sv-SE\",\"potentialAction\":[{\"@type\":\"ReadAction\",\"target\":[\"https:\/\/hushotellhunge.com\/sv\/fiske-i-sverige\/\"]}]},{\"@type\":\"BreadcrumbList\",\"@id\":\"https:\/\/hushotellhunge.com\/sv\/fiske-i-sverige\/#breadcrumb\",\"itemListElement\":[{\"@type\":\"ListItem\",\"position\":1,\"name\":\"Home\",\"item\":\"https:\/\/hushotellhunge.com\/sv\/\"},{\"@type\":\"ListItem\",\"position\":2,\"name\":\"Fiske i Sverige\"}]},{\"@type\":\"WebSite\",\"@id\":\"https:\/\/hushotellhunge.com\/sv\/#website\",\"url\":\"https:\/\/hushotellhunge.com\/sv\/\",\"name\":\"Hus Hotell Hunge\",\"description\":\"Meet &amp; Adventure\",\"publisher\":{\"@id\":\"https:\/\/hushotellhunge.com\/sv\/#organization\"},\"potentialAction\":[{\"@type\":\"SearchAction\",\"target\":{\"@type\":\"EntryPoint\",\"urlTemplate\":\"https:\/\/hushotellhunge.com\/sv\/?s={search_term_string}\"},\"query-input\":{\"@type\":\"PropertyValueSpecification\",\"valueRequired\":true,\"valueName\":\"search_term_string\"}}],\"inLanguage\":\"sv-SE\"},{\"@type\":\"Organization\",\"@id\":\"https:\/\/hushotellhunge.com\/sv\/#organization\",\"name\":\"Hus Hotell Hunge\",\"url\":\"https:\/\/hushotellhunge.com\/sv\/\",\"logo\":{\"@type\":\"ImageObject\",\"inLanguage\":\"sv-SE\",\"@id\":\"https:\/\/hushotellhunge.com\/sv\/#\/schema\/logo\/image\/\",\"url\":\"https:\/\/hushotellhunge.com\/wp-content\/uploads\/2022\/01\/Hus-Hotell-Hunge-logo-header.png\",\"contentUrl\":\"https:\/\/hushotellhunge.com\/wp-content\/uploads\/2022\/01\/Hus-Hotell-Hunge-logo-header.png\",\"width\":482,\"height\":302,\"caption\":\"Hus Hotell Hunge\"},\"image\":{\"@id\":\"https:\/\/hushotellhunge.com\/sv\/#\/schema\/logo\/image\/\"}}]}<\/script>\n<!-- \/ Yoast SEO plugin. -->","yoast_head_json":{"title":"Fiske i Sverige - Hus Hotell Hunge","robots":{"index":"index","follow":"follow","max-snippet":"max-snippet:-1","max-image-preview":"max-image-preview:large","max-video-preview":"max-video-preview:-1"},"canonical":"https:\/\/hushotellhunge.com\/sv\/fiske-i-sverige\/","og_locale":"sv_SE","og_type":"article","og_title":"Fiske i Sverige - Hus Hotell Hunge","og_description":"[vc_section full_width=&#8221;stretch_row&#8221; css=&#8221;.vc_custom_1681474702715{background-image: url(https:\/\/hushotellhunge.com\/wp-content\/uploads\/2023\/04\/IMG_6763.jpg?id=4044) !important;background-position: center !important;background-repeat: no-repeat !important;background-size: cover !important;}&#8221; el_class=&#8221;topfoto smal&#8221;][vc_row gap=&#8221;35&#8243;][vc_column width=&#8221;1\/2&#8243; el_class=&#8221;titelbloktrans&#8221; css=&#8221;.vc_custom_1643105831789{padding-bottom: 20px !important;}&#8221;][vc_column_text] Fiske i Sverige [\/vc_column_text][vc_column_text el_class=&#8221;introtekst&#8221;] Fiske i Sverige\u00a0| Uppt\u00e4ck Sveriges vackra fiskesj\u00f6ar och \u00f6vernatta p\u00e5 det st\u00e4mningsfulla Hus Hotell Hunge [\/vc_column_text][\/vc_column][vc_column width=&#8221;1\/2&#8243;][\/vc_column][\/vc_row][\/vc_section][vc_section full_width=&#8221;stretch_row&#8221;][vc_row gap=&#8221;35&#8243; equal_height=&#8221;yes&#8221; content_placement=&#8221;middle&#8221;][vc_column width=&#8221;2\/3&#8243;][vc_column_text] Vill du ha en of\u00f6rgl\u00f6mlig (flug)fiskeupplevelse? Kom till J\u00e4mtland [&hellip;]","og_url":"https:\/\/hushotellhunge.com\/sv\/fiske-i-sverige\/","og_site_name":"Hus Hotell Hunge","article_modified_time":"2023-04-17T10:30:21+00:00","twitter_card":"summary_large_image","twitter_misc":{"Ber\u00e4knad l\u00e4stid":"3 minuter"},"schema":{"@context":"https:\/\/schema.org","@graph":[{"@type":"WebPage","@id":"https:\/\/hushotellhunge.com\/sv\/fiske-i-sverige\/","url":"https:\/\/hushotellhunge.com\/sv\/fiske-i-sverige\/","name":"Fiske i Sverige - Hus Hotell Hunge","isPartOf":{"@id":"https:\/\/hushotellhunge.com\/sv\/#website"},"datePublished":"2023-04-17T10:11:03+00:00","dateModified":"2023-04-17T10:30:21+00:00","breadcrumb":{"@id":"https:\/\/hushotellhunge.com\/sv\/fiske-i-sverige\/#breadcrumb"},"inLanguage":"sv-SE","potentialAction":[{"@type":"ReadAction","target":["https:\/\/hushotellhunge.com\/sv\/fiske-i-sverige\/"]}]},{"@type":"BreadcrumbList","@id":"https:\/\/hushotellhunge.com\/sv\/fiske-i-sverige\/#breadcrumb","itemListElement":[{"@type":"ListItem","position":1,"name":"Home","item":"https:\/\/hushotellhunge.com\/sv\/"},{"@type":"ListItem","position":2,"name":"Fiske i Sverige"}]},{"@type":"WebSite","@id":"https:\/\/hushotellhunge.com\/sv\/#website","url":"https:\/\/hushotellhunge.com\/sv\/","name":"Hus Hotell Hunge","description":"Meet &amp; Adventure","publisher":{"@id":"https:\/\/hushotellhunge.com\/sv\/#organization"},"potentialAction":[{"@type":"SearchAction","target":{"@type":"EntryPoint","urlTemplate":"https:\/\/hushotellhunge.com\/sv\/?s={search_term_string}"},"query-input":{"@type":"PropertyValueSpecification","valueRequired":true,"valueName":"search_term_string"}}],"inLanguage":"sv-SE"},{"@type":"Organization","@id":"https:\/\/hushotellhunge.com\/sv\/#organization","name":"Hus Hotell Hunge","url":"https:\/\/hushotellhunge.com\/sv\/","logo":{"@type":"ImageObject","inLanguage":"sv-SE","@id":"https:\/\/hushotellhunge.com\/sv\/#\/schema\/logo\/image\/","url":"https:\/\/hushotellhunge.com\/wp-content\/uploads\/2022\/01\/Hus-Hotell-Hunge-logo-header.png","contentUrl":"https:\/\/hushotellhunge.com\/wp-content\/uploads\/2022\/01\/Hus-Hotell-Hunge-logo-header.png","width":482,"height":302,"caption":"Hus Hotell Hunge"},"image":{"@id":"https:\/\/hushotellhunge.com\/sv\/#\/schema\/logo\/image\/"}}]}},"_links":{"self":[{"href":"https:\/\/hushotellhunge.com\/sv\/wp-json\/wp\/v2\/pages\/3995","targetHints":{"allow":["GET"]}}],"collection":[{"href":"https:\/\/hushotellhunge.com\/sv\/wp-json\/wp\/v2\/pages"}],"about":[{"href":"https:\/\/hushotellhunge.com\/sv\/wp-json\/wp\/v2\/types\/page"}],"author":[{"embeddable":true,"href":"https:\/\/hushotellhunge.com\/sv\/wp-json\/wp\/v2\/users\/1"}],"replies":[{"embeddable":true,"href":"https:\/\/hushotellhunge.com\/sv\/wp-json\/wp\/v2\/comments?post=3995"}],"version-history":[{"count":23,"href":"https:\/\/hushotellhunge.com\/sv\/wp-json\/wp\/v2\/pages\/3995\/revisions"}],"predecessor-version":[{"id":4106,"href":"https:\/\/hushotellhunge.com\/sv\/wp-json\/wp\/v2\/pages\/3995\/revisions\/4106"}],"wp:attachment":[{"href":"https:\/\/hushotellhunge.com\/sv\/wp-json\/wp\/v2\/media?parent=3995"}],"curies":[{"name":"wp","href":"https:\/\/api.w.org\/{rel}","templated":true}]}}